{"id":14164,"date":"2023-06-26T11:26:02","date_gmt":"2023-06-26T09:26:02","guid":{"rendered":"https:\/\/pre.madridemprende.anovagroup.es\/?page_id=14164"},"modified":"2023-06-27T09:18:49","modified_gmt":"2023-06-27T07:18:49","slug":"reto-madrid-food-innovation-hub","status":"publish","type":"page","link":"https:\/\/test.madridemprende.anovagroup.es\/en\/reto-madrid-food-innovation-hub\/","title":{"rendered":"Madrid Food Innovation Hub Challenge"},"content":{"rendered":"<div data-elementor-type=\"wp-page\" data-elementor-id=\"14164\" class=\"elementor elementor-14164\" data-elementor-post-type=\"page\">\n\t\t\t\t\t\t<section class=\"elementor-section elementor-top-section elementor-element elementor-element-99f4efc elementor-section-boxed elementor-section-height-default elementor-section-height-default\" data-id=\"99f4efc\" data-element_type=\"section\" data-e-type=\"section\">\n\t\t\t\t\t\t<div class=\"elementor-container elementor-column-gap-default\">\n\t\t\t\t\t<div class=\"elementor-column elementor-col-100 elementor-top-column elementor-element elementor-element-02135a5\" data-id=\"02135a5\" data-element_type=\"column\" data-e-type=\"column\">\n\t\t\t<div class=\"elementor-widget-wrap elementor-element-populated\">\n\t\t\t\t\t\t<div class=\"elementor-element elementor-element-ba2d3e6 elementor-widget elementor-widget-heading\" data-id=\"ba2d3e6\" data-element_type=\"widget\" data-e-type=\"widget\" data-widget_type=\"heading.default\">\n\t\t\t\t<div class=\"elementor-widget-container\">\n\t\t\t\t\t<h1 class=\"elementor-heading-title elementor-size-default\">Madrid Food Innovation Hub launches its second challenge to citizens: Madrid From the Root<\/h1>\t\t\t\t<\/div>\n\t\t\t\t<\/div>\n\t\t\t\t<div class=\"elementor-element elementor-element-5c38d34 elementor-widget elementor-widget-theme-post-featured-image elementor-widget-image\" data-id=\"5c38d34\" data-element_type=\"widget\" data-e-type=\"widget\" data-widget_type=\"theme-post-featured-image.default\">\n\t\t\t\t<div class=\"elementor-widget-container\">\n\t\t\t\t\t\t\t\t\t\t\t\t\t\t\t<img fetchpriority=\"high\" decoding=\"async\" width=\"800\" height=\"396\" src=\"https:\/\/test.madridemprende.anovagroup.es\/wp-content\/uploads\/2023\/06\/News-Blog-MFIH-1024x507.png\" class=\"attachment-large size-large wp-image-14169\" alt=\"Reto MFIH\" srcset=\"https:\/\/test.madridemprende.anovagroup.es\/wp-content\/uploads\/2023\/06\/News-Blog-MFIH-1024x507.png 1024w, https:\/\/test.madridemprende.anovagroup.es\/wp-content\/uploads\/2023\/06\/News-Blog-MFIH-300x149.png 300w, https:\/\/test.madridemprende.anovagroup.es\/wp-content\/uploads\/2023\/06\/News-Blog-MFIH-768x380.png 768w, https:\/\/test.madridemprende.anovagroup.es\/wp-content\/uploads\/2023\/06\/News-Blog-MFIH-18x9.png 18w, https:\/\/test.madridemprende.anovagroup.es\/wp-content\/uploads\/2023\/06\/News-Blog-MFIH.png 1288w\" sizes=\"(max-width: 800px) 100vw, 800px\" \/>\t\t\t\t\t\t\t\t\t\t\t\t\t\t\t<\/div>\n\t\t\t\t<\/div>\n\t\t\t\t<div class=\"elementor-element elementor-element-7217f1b elementor-widget elementor-widget-text-editor\" data-id=\"7217f1b\" data-element_type=\"widget\" data-e-type=\"widget\" data-widget_type=\"text-editor.default\">\n\t\t\t\t<div class=\"elementor-widget-container\">\n\t\t\t\t\t\t\t\t\t<ul><li><strong>Madrid from the Root, seeks to link food production to the city of Madrid in an innovative way and thanks to the use of new technologies<\/strong><\/li><li><strong>Citizens will be able to join this new challenge by contributing their ideas to integrate into the city new production methods and ingredients, logistics solutions and sustainable transport or innovative proposals to bring agriculture and livestock closer to Madrid<\/strong><\/li><li><strong>The selected proposals will have the support of the Madrid Food Innovation Hub team to refine the ideas and present an actionable plan to the jury<\/strong><\/li><\/ul>\t\t\t\t\t\t\t\t<\/div>\n\t\t\t\t<\/div>\n\t\t\t\t<div class=\"elementor-element elementor-element-fdfc8f7 elementor-widget elementor-widget-text-editor\" data-id=\"fdfc8f7\" data-element_type=\"widget\" data-e-type=\"widget\" data-widget_type=\"text-editor.default\">\n\t\t\t\t<div class=\"elementor-widget-container\">\n\t\t\t\t\t\t\t\t\t<p>From <a href=\"https:\/\/madridfoodinnovationhub.com\/\" target=\"_blank\" rel=\"noopener\"><strong>Madrid Food Innovation Hub<\/strong><\/a> We launch our second challenge to the citizens of Madrid. With this initiative we want to promote citizen collaboration to seek innovative proposals in the field of the food sector with a clear objective: <strong>bring food production closer to the city<\/strong> to innovatively address the demographic and environmental challenges facing the industry on a local and global scale.<\/p>\n<p>According to World Bank data, around 56 % of the world&#039;s population currently lives in cities and this trend is expected to continue, as the urban population will more than double by 2050, by which time almost 7 out of 10 people will live in cities. Since more than 80 % of the world&#039;s gross domestic product (GDP) is generated in cities, if managed properly, urbanization can contribute to sustainable growth through increased productivity and innovation.<\/p>\n<p>Furthermore, according to estimates compiled by the Food and Agriculture Organization of the United Nations (FAO), by the year 2050 we will need to produce 60% more food to feed a world population of 9.3 billion people.<\/p>\n<p>In response to this challenging context, Madrid Food Innovation Hub joins as a key actor in the search for innovative solutions, proposing a new initiative. Under the name &quot;<a href=\"http:\/\/www.mfih-reto.com\/\" target=\"_blank\" rel=\"noopener\"><strong>Madrid from the Root<\/strong><\/a>\u201d, this new citizen challenge seeks to bring food production closer to the city of Madrid in an innovative way and thanks to the use of new technologies.&nbsp;<\/p>\n<p>Interested persons may present their proposals in the following areas:&nbsp;<\/p><p><ul><li>new production methods and new ingredients within Madrid<\/li><li>logistics and sustainable transport<\/li><li>agriculture and livestock in the city&nbsp;<\/li><li>Other ideas that provide a creative and innovative approach to these problems<\/li><\/ul><\/p>\t\t\t\t\t\t\t\t<\/div>\n\t\t\t\t<\/div>\n\t\t\t\t<div class=\"elementor-element elementor-element-67a9b62 elementor-widget elementor-widget-heading\" data-id=\"67a9b62\" data-element_type=\"widget\" data-e-type=\"widget\" data-widget_type=\"heading.default\">\n\t\t\t\t<div class=\"elementor-widget-container\">\n\t\t\t\t\t<h2 class=\"elementor-heading-title elementor-size-default\">How to participate in the Madrid from the Root challenge<\/h2>\t\t\t\t<\/div>\n\t\t\t\t<\/div>\n\t\t\t\t<div class=\"elementor-element elementor-element-d214c92 elementor-widget elementor-widget-text-editor\" data-id=\"d214c92\" data-element_type=\"widget\" data-e-type=\"widget\" data-widget_type=\"text-editor.default\">\n\t\t\t\t<div class=\"elementor-widget-container\">\n\t\t\t\t\t\t\t\t\t<p>All interested persons may participate by sending their proposal, through the website <a href=\"http:\/\/www.mfih-reto.com\/\" target=\"_blank\" rel=\"noopener\"><strong>www.mfih-challenge.com<\/strong><\/a>,\u00a0 <b>Until 15 September.<\/b><\/p><p>Once the registration period has ended, the best ideas will be selected from among all those received, according to the established criteria, and an advisory session will be held for the development of their idea.<\/p>\t\t\t\t\t\t\t\t<\/div>\n\t\t\t\t<\/div>\n\t\t\t\t<div class=\"elementor-element elementor-element-97fac7c elementor-align-center elementor-widget elementor-widget-button\" data-id=\"97fac7c\" data-element_type=\"widget\" data-e-type=\"widget\" data-widget_type=\"button.default\">\n\t\t\t\t<div class=\"elementor-widget-container\">\n\t\t\t\t\t\t\t\t\t<div class=\"elementor-button-wrapper\">\n\t\t\t\t\t<a class=\"elementor-button elementor-button-link elementor-size-lg\" href=\"https:\/\/pre.madridemprende.anovagroup.es\/wp-content\/uploads\/2023\/06\/20230626-BASES-DE-PARTICIPACION-RETO-2023-MADRID-DESDE-LA-RAIZ.pdf\" target=\"_blank\">\n\t\t\t\t\t\t<span class=\"elementor-button-content-wrapper\">\n\t\t\t\t\t\t\t\t\t<span class=\"elementor-button-text\">Check the bases<\/span>\n\t\t\t\t\t<\/span>\n\t\t\t\t\t<\/a>\n\t\t\t\t<\/div>\n\t\t\t\t\t\t\t\t<\/div>\n\t\t\t\t<\/div>\n\t\t\t\t\t<\/div>\n\t\t<\/div>\n\t\t\t\t\t<\/div>\n\t\t<\/section>\n\t\t\t\t<\/div>","protected":false},"excerpt":{"rendered":"<p>Madrid Food Innovation Hub lanza su segundo reto a la ciudadan\u00eda: Madrid Desde la Ra\u00edz Madrid desde la Ra\u00edz, busca vincular la producci\u00f3n alimentaria a la ciudad de Madrid de manera innovadora y gracias al uso de las nuevas tecnolog\u00edas La ciudadan\u00eda podr\u00e1 sumarse a este nuevo reto aportando sus ideas para integrar en la [&hellip;]<\/p>\n","protected":false},"author":24,"featured_media":14169,"parent":0,"menu_order":0,"comment_status":"closed","ping_status":"closed","template":"","meta":{"_acf_changed":false,"footnotes":""},"paginas_cat":[],"class_list":["post-14164","page","type-page","status-publish","has-post-thumbnail","hentry"],"acf":[],"_links":{"self":[{"href":"https:\/\/test.madridemprende.anovagroup.es\/en\/wp-json\/wp\/v2\/pages\/14164","targetHints":{"allow":["GET"]}}],"collection":[{"href":"https:\/\/test.madridemprende.anovagroup.es\/en\/wp-json\/wp\/v2\/pages"}],"about":[{"href":"https:\/\/test.madridemprende.anovagroup.es\/en\/wp-json\/wp\/v2\/types\/page"}],"author":[{"embeddable":true,"href":"https:\/\/test.madridemprende.anovagroup.es\/en\/wp-json\/wp\/v2\/users\/24"}],"replies":[{"embeddable":true,"href":"https:\/\/test.madridemprende.anovagroup.es\/en\/wp-json\/wp\/v2\/comments?post=14164"}],"version-history":[{"count":0,"href":"https:\/\/test.madridemprende.anovagroup.es\/en\/wp-json\/wp\/v2\/pages\/14164\/revisions"}],"wp:featuredmedia":[{"embeddable":true,"href":"https:\/\/test.madridemprende.anovagroup.es\/en\/wp-json\/wp\/v2\/media\/14169"}],"wp:attachment":[{"href":"https:\/\/test.madridemprende.anovagroup.es\/en\/wp-json\/wp\/v2\/media?parent=14164"}],"wp:term":[{"taxonomy":"paginas_cat","embeddable":true,"href":"https:\/\/test.madridemprende.anovagroup.es\/en\/wp-json\/wp\/v2\/paginas_cat?post=14164"}],"curies":[{"name":"wp","href":"https:\/\/api.w.org\/{rel}","templated":true}]}}