{"id":16144,"date":"2025-06-03T17:41:22","date_gmt":"2025-06-03T15:41:22","guid":{"rendered":"https:\/\/test.madridemprende.anovagroup.es\/?page_id=16144"},"modified":"2025-06-03T17:52:12","modified_gmt":"2025-06-03T15:52:12","slug":"conoce-a-nuestra-red-de-mentores","status":"publish","type":"page","link":"https:\/\/test.madridemprende.anovagroup.es\/en\/conoce-a-nuestra-red-de-mentores\/","title":{"rendered":"Conoce a nuestra red de mentores"},"content":{"rendered":"<div data-elementor-type=\"wp-page\" data-elementor-id=\"16144\" class=\"elementor elementor-16144\" data-elementor-post-type=\"page\">\n\t\t\t\t\t\t<section class=\"elementor-section elementor-top-section elementor-element elementor-element-fa82c2a elementor-section-boxed elementor-section-height-default elementor-section-height-default\" data-id=\"fa82c2a\" data-element_type=\"section\" data-e-type=\"section\">\n\t\t\t\t\t\t<div class=\"elementor-container elementor-column-gap-default\">\n\t\t\t\t\t<div class=\"elementor-column elementor-col-100 elementor-top-column elementor-element elementor-element-e22b470\" data-id=\"e22b470\" data-element_type=\"column\" data-e-type=\"column\">\n\t\t\t<div class=\"elementor-widget-wrap elementor-element-populated\">\n\t\t\t\t\t\t<div class=\"elementor-element elementor-element-b250db9 elementor-widget elementor-widget-heading\" data-id=\"b250db9\" data-element_type=\"widget\" data-e-type=\"widget\" data-widget_type=\"heading.default\">\n\t\t\t\t<div class=\"elementor-widget-container\">\n\t\t\t\t\t<h1 class=\"elementor-heading-title elementor-size-default\">Conoce a nuestra red de mentores<\/h1>\t\t\t\t<\/div>\n\t\t\t\t<\/div>\n\t\t\t\t<div class=\"elementor-element elementor-element-0a924ce elementor-widget elementor-widget-text-editor\" data-id=\"0a924ce\" data-element_type=\"widget\" data-e-type=\"widget\" data-widget_type=\"text-editor.default\">\n\t\t\t\t<div class=\"elementor-widget-container\">\n\t\t\t\t\t\t\t\t\t<p>The\u00a0<strong>Red de Mentores de Madrid Emprende<\/strong>\u00a0es una iniciativa \u00fanica dise\u00f1ada para conectar a l\u00edderes y expertos con el talento emprendedor de nuestra ciudad. Creemos que el conocimiento compartido es la clave para transformar ideas en proyectos exitosos y sostenibles, por eso te invitamos a formar parte de esta red que est\u00e1 cambiando el ecosistema empresarial de la ciudad de Madrid.<\/p><p>Aqu\u00ed podr\u00e1s buscar y conocer las personas que se han ofrecido a dar mentor\u00eda.<\/p>\t\t\t\t\t\t\t\t<\/div>\n\t\t\t\t<\/div>\n\t\t<!-- dce invisible element 4021601 -->\t\t<section class=\"elementor-section elementor-inner-section elementor-element elementor-element-99bbf16 elementor-section-boxed elementor-section-height-default elementor-section-height-default\" data-id=\"99bbf16\" data-element_type=\"section\" data-e-type=\"section\">\n\t\t\t\t\t\t<div class=\"elementor-container elementor-column-gap-default\">\n\t\t\t\t\t<div class=\"elementor-column elementor-col-50 elementor-inner-column elementor-element elementor-element-d930a23\" data-id=\"d930a23\" data-element_type=\"column\" data-e-type=\"column\">\n\t\t\t<div class=\"elementor-widget-wrap\">\n\t\t\t\t\t\t\t<\/div>\n\t\t<\/div>\n\t\t\t\t<div class=\"elementor-column elementor-col-50 elementor-inner-column elementor-element elementor-element-25cbccb\" data-id=\"25cbccb\" data-element_type=\"column\" data-e-type=\"column\">\n\t\t\t<div class=\"elementor-widget-wrap elementor-element-populated\">\n\t\t\t\t\t\t<div class=\"elementor-element elementor-element-5f538a9 elementor-grid-2 elementor-posts--thumbnail-top elementor-grid-tablet-2 elementor-grid-mobile-1 elementor-widget elementor-widget-posts\" data-id=\"5f538a9\" data-element_type=\"widget\" data-e-type=\"widget\" data-settings=\"{&quot;custom_columns&quot;:&quot;2&quot;,&quot;custom_columns_tablet&quot;:&quot;2&quot;,&quot;custom_columns_mobile&quot;:&quot;1&quot;,&quot;custom_row_gap&quot;:{&quot;unit&quot;:&quot;px&quot;,&quot;size&quot;:35,&quot;sizes&quot;:[]},&quot;custom_row_gap_tablet&quot;:{&quot;unit&quot;:&quot;px&quot;,&quot;size&quot;:&quot;&quot;,&quot;sizes&quot;:[]},&quot;custom_row_gap_mobile&quot;:{&quot;unit&quot;:&quot;px&quot;,&quot;size&quot;:&quot;&quot;,&quot;sizes&quot;:[]}}\" data-widget_type=\"posts.custom\">\n\t\t\t\t<div class=\"elementor-widget-container\">\n\t\t\t\t\t      <div class=\"ecs-posts elementor-posts-container elementor-posts   elementor-grid elementor-posts--skin-custom\" data-settings=\"{&quot;current_page&quot;:1,&quot;max_num_pages&quot;:1,&quot;load_method&quot;:&quot;&quot;,&quot;widget_id&quot;:&quot;5f538a9&quot;,&quot;post_id&quot;:16144,&quot;theme_id&quot;:16144,&quot;change_url&quot;:false,&quot;reinit_js&quot;:false}\">\n      \t\t<article id=\"post-16093\" class=\"elementor-post elementor-grid-item ecs-post-loop post-16093 mentoria type-mentoria status-publish has-post-thumbnail hentry\">\n\t\t\t\t<div data-elementor-type=\"loop\" data-elementor-id=\"16130\" class=\"elementor elementor-16130 post-16093 mentoria type-mentoria status-publish has-post-thumbnail hentry\" data-elementor-post-type=\"elementor_library\">\n\t\t\t\t\t<section class=\"elementor-section elementor-top-section elementor-element elementor-element-9c83cbd elementor-section-boxed elementor-section-height-default elementor-section-height-default\" data-id=\"9c83cbd\" data-element_type=\"section\" data-e-type=\"section\">\n\t\t\t\t\t\t<div class=\"elementor-container elementor-column-gap-default\">\n\t\t\t\t\t<div class=\"elementor-column elementor-col-100 elementor-top-column elementor-element elementor-element-c6e8014\" data-id=\"c6e8014\" data-element_type=\"column\" data-e-type=\"column\">\n\t\t\t<div class=\"elementor-widget-wrap elementor-element-populated\">\n\t\t\t\t\t\t<section class=\"elementor-section elementor-inner-section elementor-element elementor-element-1305238 elementor-section-boxed elementor-section-height-default elementor-section-height-default\" data-id=\"1305238\" data-element_type=\"section\" data-e-type=\"section\" data-settings=\"{&quot;background_background&quot;:&quot;classic&quot;}\">\n\t\t\t\t\t\t<div class=\"elementor-container elementor-column-gap-default\">\n\t\t\t\t\t<div class=\"elementor-column elementor-col-100 elementor-inner-column elementor-element elementor-element-969eb22\" data-id=\"969eb22\" data-element_type=\"column\" data-e-type=\"column\" data-settings=\"{&quot;background_background&quot;:&quot;classic&quot;}\">\n\t\t\t<div class=\"elementor-widget-wrap elementor-element-populated\">\n\t\t\t\t\t\t<div class=\"elementor-element elementor-element-e086252 elementor-view-default elementor-widget elementor-widget-icon\" data-id=\"e086252\" data-element_type=\"widget\" data-e-type=\"widget\" data-widget_type=\"icon.default\">\n\t\t\t\t<div class=\"elementor-widget-container\">\n\t\t\t\t\t\t\t<div class=\"elementor-icon-wrapper\">\n\t\t\t<a class=\"elementor-icon\" href=\"http:\/\/Prueba\">\n\t\t\t<i aria-hidden=\"true\" class=\"fab fa-linkedin-in\"><\/i>\t\t\t<\/a>\n\t\t<\/div>\n\t\t\t\t\t\t<\/div>\n\t\t\t\t<\/div>\n\t\t\t\t\t<\/div>\n\t\t<\/div>\n\t\t\t\t\t<\/div>\n\t\t<\/section>\n\t\t<div class=\"elementor-element elementor-element-1dca46b e-con-full e-flex e-con e-parent\" data-id=\"1dca46b\" data-element_type=\"container\" data-e-type=\"container\" data-settings=\"{&quot;background_background&quot;:&quot;classic&quot;}\">\n\t\t<div class=\"elementor-element elementor-element-18c2215 e-con-full e-flex e-con e-child\" data-id=\"18c2215\" data-element_type=\"container\" data-e-type=\"container\" data-settings=\"{&quot;background_background&quot;:&quot;classic&quot;}\">\n\t\t\t\t<div class=\"elementor-element elementor-element-a974c8b elementor-widget elementor-widget-theme-post-featured-image elementor-widget-image\" data-id=\"a974c8b\" data-element_type=\"widget\" data-e-type=\"widget\" data-widget_type=\"theme-post-featured-image.default\">\n\t\t\t\t<div class=\"elementor-widget-container\">\n\t\t\t\t\t\t\t\t\t\t\t\t\t\t\t<img fetchpriority=\"high\" decoding=\"async\" width=\"800\" height=\"571\" src=\"https:\/\/test.madridemprende.anovagroup.es\/wp-content\/uploads\/2024\/12\/joven-expresion-triste-1024x731.jpg\" class=\"attachment-large size-large wp-image-16135\" alt=\"\" srcset=\"https:\/\/test.madridemprende.anovagroup.es\/wp-content\/uploads\/2024\/12\/joven-expresion-triste-1024x731.jpg 1024w, https:\/\/test.madridemprende.anovagroup.es\/wp-content\/uploads\/2024\/12\/joven-expresion-triste-300x214.jpg 300w, https:\/\/test.madridemprende.anovagroup.es\/wp-content\/uploads\/2024\/12\/joven-expresion-triste-768x549.jpg 768w, https:\/\/test.madridemprende.anovagroup.es\/wp-content\/uploads\/2024\/12\/joven-expresion-triste-1536x1097.jpg 1536w, https:\/\/test.madridemprende.anovagroup.es\/wp-content\/uploads\/2024\/12\/joven-expresion-triste-2048x1463.jpg 2048w, https:\/\/test.madridemprende.anovagroup.es\/wp-content\/uploads\/2024\/12\/joven-expresion-triste-18x12.jpg 18w\" sizes=\"(max-width: 800px) 100vw, 800px\" \/>\t\t\t\t\t\t\t\t\t\t\t\t\t\t\t<\/div>\n\t\t\t\t<\/div>\n\t\t\t\t<\/div>\n\t\t\t\t<\/div>\n\t\t\t\t<div class=\"elementor-element elementor-element-bbc7f41 elementor-widget elementor-widget-heading\" data-id=\"bbc7f41\" data-element_type=\"widget\" data-e-type=\"widget\" data-widget_type=\"heading.default\">\n\t\t\t\t<div class=\"elementor-widget-container\">\n\t\t\t\t\t<h2 class=\"elementor-heading-title elementor-size-default\">Proof<\/h2>\t\t\t\t<\/div>\n\t\t\t\t<\/div>\n\t\t\t\t\t<\/div>\n\t\t<\/div>\n\t\t\t\t\t<\/div>\n\t\t<\/section>\n\t\t\t\t<\/div>\n\t\t\t\t<\/article>\n\t\t\t\t<article id=\"post-16090\" class=\"elementor-post elementor-grid-item ecs-post-loop post-16090 mentoria type-mentoria status-publish hentry\">\n\t\t\t\t<div data-elementor-type=\"loop\" data-elementor-id=\"16130\" class=\"elementor elementor-16130 post-16090 mentoria type-mentoria status-publish hentry\" data-elementor-post-type=\"elementor_library\">\n\t\t\t\t\t<section class=\"elementor-section elementor-top-section elementor-element elementor-element-9c83cbd elementor-section-boxed elementor-section-height-default elementor-section-height-default\" data-id=\"9c83cbd\" data-element_type=\"section\" data-e-type=\"section\">\n\t\t\t\t\t\t<div class=\"elementor-container elementor-column-gap-default\">\n\t\t\t\t\t<div class=\"elementor-column elementor-col-100 elementor-top-column elementor-element elementor-element-c6e8014\" data-id=\"c6e8014\" data-element_type=\"column\" data-e-type=\"column\">\n\t\t\t<div class=\"elementor-widget-wrap elementor-element-populated\">\n\t\t\t\t\t\t<section class=\"elementor-section elementor-inner-section elementor-element elementor-element-1305238 elementor-section-boxed elementor-section-height-default elementor-section-height-default\" data-id=\"1305238\" data-element_type=\"section\" data-e-type=\"section\" data-settings=\"{&quot;background_background&quot;:&quot;classic&quot;}\">\n\t\t\t\t\t\t<div class=\"elementor-container elementor-column-gap-default\">\n\t\t\t\t\t<div class=\"elementor-column elementor-col-100 elementor-inner-column elementor-element elementor-element-969eb22\" data-id=\"969eb22\" data-element_type=\"column\" data-e-type=\"column\" data-settings=\"{&quot;background_background&quot;:&quot;classic&quot;}\">\n\t\t\t<div class=\"elementor-widget-wrap elementor-element-populated\">\n\t\t\t\t\t\t<div class=\"elementor-element elementor-element-e086252 elementor-view-default elementor-widget elementor-widget-icon\" data-id=\"e086252\" data-element_type=\"widget\" data-e-type=\"widget\" data-widget_type=\"icon.default\">\n\t\t\t\t<div class=\"elementor-widget-container\">\n\t\t\t\t\t\t\t<div class=\"elementor-icon-wrapper\">\n\t\t\t<a class=\"elementor-icon\" href=\"http:\/\/Prueba%201\">\n\t\t\t<i aria-hidden=\"true\" class=\"fab fa-linkedin-in\"><\/i>\t\t\t<\/a>\n\t\t<\/div>\n\t\t\t\t\t\t<\/div>\n\t\t\t\t<\/div>\n\t\t\t\t\t<\/div>\n\t\t<\/div>\n\t\t\t\t\t<\/div>\n\t\t<\/section>\n\t\t<div class=\"elementor-element elementor-element-1dca46b e-con-full e-flex e-con e-parent\" data-id=\"1dca46b\" data-element_type=\"container\" data-e-type=\"container\" data-settings=\"{&quot;background_background&quot;:&quot;classic&quot;}\">\n\t\t<div class=\"elementor-element elementor-element-18c2215 e-con-full e-flex e-con e-child\" data-id=\"18c2215\" data-element_type=\"container\" data-e-type=\"container\" data-settings=\"{&quot;background_background&quot;:&quot;classic&quot;}\">\n\t\t\t\t<\/div>\n\t\t\t\t<\/div>\n\t\t\t\t<div class=\"elementor-element elementor-element-bbc7f41 elementor-widget elementor-widget-heading\" data-id=\"bbc7f41\" data-element_type=\"widget\" data-e-type=\"widget\" data-widget_type=\"heading.default\">\n\t\t\t\t<div class=\"elementor-widget-container\">\n\t\t\t\t\t<h2 class=\"elementor-heading-title elementor-size-default\">Mentor<\/h2>\t\t\t\t<\/div>\n\t\t\t\t<\/div>\n\t\t\t\t\t<\/div>\n\t\t<\/div>\n\t\t\t\t\t<\/div>\n\t\t<\/section>\n\t\t\t\t<\/div>\n\t\t\t\t<\/article>\n\t\t\t\t<\/div>\n\t\t\t\t\t\t<\/div>\n\t\t\t\t<\/div>\n\t\t\t\t\t<\/div>\n\t\t<\/div>\n\t\t\t\t\t<\/div>\n\t\t<\/section>\n\t\t\t\t\t<\/div>\n\t\t<\/div>\n\t\t\t\t\t<\/div>\n\t\t<\/section>\n\t\t\t\t<\/div>","protected":false},"excerpt":{"rendered":"<p>La\u00a0Red de Mentores de Madrid Emprende\u00a0es una iniciativa \u00fanica dise\u00f1ada para conectar a l\u00edderes y expertos con el talento emprendedor de nuestra ciudad. Creemos que el conocimiento compartido es la clave para transformar ideas en proyectos exitosos y sostenibles, por eso te invitamos a formar parte de esta red que est\u00e1 cambiando el ecosistema empresarial [&hellip;]<\/p>\n","protected":false},"author":24,"featured_media":0,"parent":0,"menu_order":0,"comment_status":"closed","ping_status":"closed","template":"","meta":{"_acf_changed":false,"footnotes":""},"paginas_cat":[],"class_list":["post-16144","page","type-page","status-publish","hentry"],"acf":[],"yoast_head":"<!-- This site is optimized with the Yoast SEO plugin v27.3 - https:\/\/yoast.com\/product\/yoast-seo-wordpress\/ -->\n<title>Conoce a nuestra red de mentores - Plataforma Madrid Emprende<\/title>\n<meta name=\"description\" content=\"Conoce a nuestra red de mentores\" \/>\n<meta name=\"robots\" content=\"index, follow, max-snippet:-1, max-image-preview:large, max-video-preview:-1\" \/>\n<link rel=\"canonical\" href=\"https:\/\/test.madridemprende.anovagroup.es\/en\/conoce-a-nuestra-red-de-mentores\/\" \/>\n<meta property=\"og:locale\" content=\"en_GB\" \/>\n<meta property=\"og:type\" content=\"article\" \/>\n<meta property=\"og:title\" content=\"Conoce a nuestra red de mentores - Plataforma Madrid Emprende\" \/>\n<meta property=\"og:description\" content=\"Conoce a nuestra red de mentores\" \/>\n<meta property=\"og:url\" content=\"https:\/\/test.madridemprende.anovagroup.es\/en\/conoce-a-nuestra-red-de-mentores\/\" \/>\n<meta property=\"og:site_name\" content=\"Plataforma Madrid Emprende\" \/>\n<meta property=\"article:publisher\" content=\"http:\/\/www.facebook.com\/MadridEmprende\" \/>\n<meta property=\"article:modified_time\" content=\"2025-06-03T15:52:12+00:00\" \/>\n<meta name=\"twitter:card\" content=\"summary_large_image\" \/>\n<meta name=\"twitter:site\" content=\"@MadridEmprende\" \/>\n<meta name=\"twitter:label1\" content=\"Estimated reading time\" \/>\n\t<meta name=\"twitter:data1\" content=\"1 minute\" \/>\n<script type=\"application\/ld+json\" class=\"yoast-schema-graph\">{\"@context\":\"https:\\\/\\\/schema.org\",\"@graph\":[{\"@type\":\"WebPage\",\"@id\":\"https:\\\/\\\/test.madridemprende.anovagroup.es\\\/conoce-a-nuestra-red-de-mentores\\\/\",\"url\":\"https:\\\/\\\/test.madridemprende.anovagroup.es\\\/conoce-a-nuestra-red-de-mentores\\\/\",\"name\":\"Conoce a nuestra red de mentores - Plataforma Madrid Emprende\",\"isPartOf\":{\"@id\":\"https:\\\/\\\/test.madridemprende.anovagroup.es\\\/#website\"},\"datePublished\":\"2025-06-03T15:41:22+00:00\",\"dateModified\":\"2025-06-03T15:52:12+00:00\",\"description\":\"Conoce a nuestra red de mentores\",\"breadcrumb\":{\"@id\":\"https:\\\/\\\/test.madridemprende.anovagroup.es\\\/conoce-a-nuestra-red-de-mentores\\\/#breadcrumb\"},\"inLanguage\":\"en-GB\",\"potentialAction\":[{\"@type\":\"ReadAction\",\"target\":[\"https:\\\/\\\/test.madridemprende.anovagroup.es\\\/conoce-a-nuestra-red-de-mentores\\\/\"]}]},{\"@type\":\"BreadcrumbList\",\"@id\":\"https:\\\/\\\/test.madridemprende.anovagroup.es\\\/conoce-a-nuestra-red-de-mentores\\\/#breadcrumb\",\"itemListElement\":[{\"@type\":\"ListItem\",\"position\":1,\"name\":\"Portada\",\"item\":\"https:\\\/\\\/test.madridemprende.anovagroup.es\\\/\"},{\"@type\":\"ListItem\",\"position\":2,\"name\":\"Conoce a nuestra red de mentores\"}]},{\"@type\":\"WebSite\",\"@id\":\"https:\\\/\\\/test.madridemprende.anovagroup.es\\\/#website\",\"url\":\"https:\\\/\\\/test.madridemprende.anovagroup.es\\\/\",\"name\":\"Plataforma Madrid Emprende\",\"description\":\"Plataforma Madrid Emprende\",\"publisher\":{\"@id\":\"https:\\\/\\\/test.madridemprende.anovagroup.es\\\/#organization\"},\"potentialAction\":[{\"@type\":\"SearchAction\",\"target\":{\"@type\":\"EntryPoint\",\"urlTemplate\":\"https:\\\/\\\/test.madridemprende.anovagroup.es\\\/?s={search_term_string}\"},\"query-input\":{\"@type\":\"PropertyValueSpecification\",\"valueRequired\":true,\"valueName\":\"search_term_string\"}}],\"inLanguage\":\"en-GB\"},{\"@type\":\"Organization\",\"@id\":\"https:\\\/\\\/test.madridemprende.anovagroup.es\\\/#organization\",\"name\":\"Madrid Emprende\",\"url\":\"https:\\\/\\\/test.madridemprende.anovagroup.es\\\/\",\"logo\":{\"@type\":\"ImageObject\",\"inLanguage\":\"en-GB\",\"@id\":\"https:\\\/\\\/test.madridemprende.anovagroup.es\\\/#\\\/schema\\\/logo\\\/image\\\/\",\"url\":\"\",\"contentUrl\":\"\",\"caption\":\"Madrid Emprende\"},\"image\":{\"@id\":\"https:\\\/\\\/test.madridemprende.anovagroup.es\\\/#\\\/schema\\\/logo\\\/image\\\/\"},\"sameAs\":[\"http:\\\/\\\/www.facebook.com\\\/MadridEmprende\",\"https:\\\/\\\/x.com\\\/MadridEmprende\",\"https:\\\/\\\/www.instagram.com\\\/madrid_emprende\",\"https:\\\/\\\/es.linkedin.com\\\/company\\\/madrid-emprende\",\"https:\\\/\\\/www.youtube.com\\\/channel\\\/UCIzsg4s7yzE-k6uNobQ1SuQ\"]}]}<\/script>\n<!-- \/ Yoast SEO plugin. -->","yoast_head_json":{"title":"Conoce a nuestra red de mentores - Plataforma Madrid Emprende","description":"Conoce a nuestra red de mentores","robots":{"index":"index","follow":"follow","max-snippet":"max-snippet:-1","max-image-preview":"max-image-preview:large","max-video-preview":"max-video-preview:-1"},"canonical":"https:\/\/test.madridemprende.anovagroup.es\/en\/conoce-a-nuestra-red-de-mentores\/","og_locale":"en_GB","og_type":"article","og_title":"Conoce a nuestra red de mentores - Plataforma Madrid Emprende","og_description":"Conoce a nuestra red de mentores","og_url":"https:\/\/test.madridemprende.anovagroup.es\/en\/conoce-a-nuestra-red-de-mentores\/","og_site_name":"Plataforma Madrid Emprende","article_publisher":"http:\/\/www.facebook.com\/MadridEmprende","article_modified_time":"2025-06-03T15:52:12+00:00","twitter_card":"summary_large_image","twitter_site":"@MadridEmprende","twitter_misc":{"Estimated reading time":"1 minute"},"schema":{"@context":"https:\/\/schema.org","@graph":[{"@type":"WebPage","@id":"https:\/\/test.madridemprende.anovagroup.es\/conoce-a-nuestra-red-de-mentores\/","url":"https:\/\/test.madridemprende.anovagroup.es\/conoce-a-nuestra-red-de-mentores\/","name":"Conoce a nuestra red de mentores - Plataforma Madrid Emprende","isPartOf":{"@id":"https:\/\/test.madridemprende.anovagroup.es\/#website"},"datePublished":"2025-06-03T15:41:22+00:00","dateModified":"2025-06-03T15:52:12+00:00","description":"Conoce a nuestra red de mentores","breadcrumb":{"@id":"https:\/\/test.madridemprende.anovagroup.es\/conoce-a-nuestra-red-de-mentores\/#breadcrumb"},"inLanguage":"en-GB","potentialAction":[{"@type":"ReadAction","target":["https:\/\/test.madridemprende.anovagroup.es\/conoce-a-nuestra-red-de-mentores\/"]}]},{"@type":"BreadcrumbList","@id":"https:\/\/test.madridemprende.anovagroup.es\/conoce-a-nuestra-red-de-mentores\/#breadcrumb","itemListElement":[{"@type":"ListItem","position":1,"name":"Portada","item":"https:\/\/test.madridemprende.anovagroup.es\/"},{"@type":"ListItem","position":2,"name":"Conoce a nuestra red de mentores"}]},{"@type":"WebSite","@id":"https:\/\/test.madridemprende.anovagroup.es\/#website","url":"https:\/\/test.madridemprende.anovagroup.es\/","name":"Madrid Undertakes Platform","description":"Madrid Undertakes Platform","publisher":{"@id":"https:\/\/test.madridemprende.anovagroup.es\/#organization"},"potentialAction":[{"@type":"SearchAction","target":{"@type":"EntryPoint","urlTemplate":"https:\/\/test.madridemprende.anovagroup.es\/?s={search_term_string}"},"query-input":{"@type":"PropertyValueSpecification","valueRequired":true,"valueName":"search_term_string"}}],"inLanguage":"en-GB"},{"@type":"Organization","@id":"https:\/\/test.madridemprende.anovagroup.es\/#organization","name":"Madrid Emprende","url":"https:\/\/test.madridemprende.anovagroup.es\/","logo":{"@type":"ImageObject","inLanguage":"en-GB","@id":"https:\/\/test.madridemprende.anovagroup.es\/#\/schema\/logo\/image\/","url":"","contentUrl":"","caption":"Madrid Emprende"},"image":{"@id":"https:\/\/test.madridemprende.anovagroup.es\/#\/schema\/logo\/image\/"},"sameAs":["http:\/\/www.facebook.com\/MadridEmprende","https:\/\/x.com\/MadridEmprende","https:\/\/www.instagram.com\/madrid_emprende","https:\/\/es.linkedin.com\/company\/madrid-emprende","https:\/\/www.youtube.com\/channel\/UCIzsg4s7yzE-k6uNobQ1SuQ"]}]}},"_links":{"self":[{"href":"https:\/\/test.madridemprende.anovagroup.es\/en\/wp-json\/wp\/v2\/pages\/16144","targetHints":{"allow":["GET"]}}],"collection":[{"href":"https:\/\/test.madridemprende.anovagroup.es\/en\/wp-json\/wp\/v2\/pages"}],"about":[{"href":"https:\/\/test.madridemprende.anovagroup.es\/en\/wp-json\/wp\/v2\/types\/page"}],"author":[{"embeddable":true,"href":"https:\/\/test.madridemprende.anovagroup.es\/en\/wp-json\/wp\/v2\/users\/24"}],"replies":[{"embeddable":true,"href":"https:\/\/test.madridemprende.anovagroup.es\/en\/wp-json\/wp\/v2\/comments?post=16144"}],"version-history":[{"count":7,"href":"https:\/\/test.madridemprende.anovagroup.es\/en\/wp-json\/wp\/v2\/pages\/16144\/revisions"}],"predecessor-version":[{"id":16151,"href":"https:\/\/test.madridemprende.anovagroup.es\/en\/wp-json\/wp\/v2\/pages\/16144\/revisions\/16151"}],"wp:attachment":[{"href":"https:\/\/test.madridemprende.anovagroup.es\/en\/wp-json\/wp\/v2\/media?parent=16144"}],"wp:term":[{"taxonomy":"paginas_cat","embeddable":true,"href":"https:\/\/test.madridemprende.anovagroup.es\/en\/wp-json\/wp\/v2\/paginas_cat?post=16144"}],"curies":[{"name":"wp","href":"https:\/\/api.w.org\/{rel}","templated":true}]}}