{"id":2488,"date":"2021-11-04T16:15:19","date_gmt":"2021-11-04T15:15:19","guid":{"rendered":"https:\/\/origen.madridemprende.anovagroup.es\/?page_id=2488"},"modified":"2023-10-31T11:17:19","modified_gmt":"2023-10-31T10:17:19","slug":"buzon-de-sugerencias","status":"publish","type":"page","link":"https:\/\/test.madridemprende.anovagroup.es\/en\/buzon-de-sugerencias\/","title":{"rendered":"Suggestions mailbox"},"content":{"rendered":"<div data-elementor-type=\"wp-page\" data-elementor-id=\"2488\" class=\"elementor elementor-2488\" data-elementor-post-type=\"page\">\n\t\t\t\t\t\t<section class=\"elementor-section elementor-top-section elementor-element elementor-element-ca7854b elementor-section-boxed elementor-section-height-default elementor-section-height-default\" data-id=\"ca7854b\" data-element_type=\"section\" data-e-type=\"section\">\n\t\t\t\t\t\t<div class=\"elementor-container elementor-column-gap-default\">\n\t\t\t\t\t<div class=\"elementor-column elementor-col-100 elementor-top-column elementor-element elementor-element-f7d2e18\" data-id=\"f7d2e18\" data-element_type=\"column\" data-e-type=\"column\">\n\t\t\t<div class=\"elementor-widget-wrap elementor-element-populated\">\n\t\t\t\t\t\t<div class=\"elementor-element elementor-element-86c21a1 elementor-widget elementor-widget-heading\" data-id=\"86c21a1\" data-element_type=\"widget\" data-e-type=\"widget\" data-widget_type=\"heading.default\">\n\t\t\t\t<div class=\"elementor-widget-container\">\n\t\t\t\t\t<h1 class=\"elementor-heading-title elementor-size-default\">Suggestions mailbox<\/h1>\t\t\t\t<\/div>\n\t\t\t\t<\/div>\n\t\t\t\t\t<\/div>\n\t\t<\/div>\n\t\t\t\t\t<\/div>\n\t\t<\/section>\n\t\t\t\t<section class=\"elementor-section elementor-top-section elementor-element elementor-element-a547cab elementor-section-boxed elementor-section-height-default elementor-section-height-default\" data-id=\"a547cab\" data-element_type=\"section\" data-e-type=\"section\">\n\t\t\t\t\t\t<div class=\"elementor-container elementor-column-gap-default\">\n\t\t\t\t\t<div class=\"elementor-column elementor-col-100 elementor-top-column elementor-element elementor-element-06c87fb\" data-id=\"06c87fb\" data-element_type=\"column\" data-e-type=\"column\">\n\t\t\t<div class=\"elementor-widget-wrap elementor-element-populated\">\n\t\t\t\t\t\t<div class=\"elementor-element elementor-element-5411bd1 elementor-widget elementor-widget-text-editor\" data-id=\"5411bd1\" data-element_type=\"widget\" data-e-type=\"widget\" data-widget_type=\"text-editor.default\">\n\t\t\t\t<div class=\"elementor-widget-container\">\n\t\t\t\t\t\t\t\t\t<p>This is the Madrid Emprende suggestion box, where you can leave us your suggestions. These messages do not collect any identifying data, so if you want to establish a Madrid Emprende communication, you must do so through the <a href=\"https:\/\/pre.madridemprende.anovagroup.es\/nosotros#formulario-contacto\">Contact Form<\/a>.<\/p>\t\t\t\t\t\t\t\t<\/div>\n\t\t\t\t<\/div>\n\t\t\t\t<div class=\"elementor-element elementor-element-4e672dd elementor-widget elementor-widget-shortcode\" data-id=\"4e672dd\" data-element_type=\"widget\" data-e-type=\"widget\" data-widget_type=\"shortcode.default\">\n\t\t\t\t<div class=\"elementor-widget-container\">\n\t\t\t\t\t\t\t<div class=\"elementor-shortcode\">\n<div class=\"wpcf7 no-js\" id=\"wpcf7-f5461-o1\" lang=\"es-ES\" dir=\"ltr\" data-wpcf7-id=\"5461\">\n<div class=\"screen-reader-response\"><p role=\"status\" aria-live=\"polite\" aria-atomic=\"true\"><\/p> <ul><\/ul><\/div>\n<form action=\"\/en\/wp-json\/wp\/v2\/pages\/2488#wpcf7-f5461-o1\" method=\"post\" class=\"wpcf7-form init\" aria-label=\"Contact Form\" novalidate=\"novalidate\" data-status=\"init\" data-trp-original-action=\"\/en\/wp-json\/wp\/v2\/pages\/2488#wpcf7-f5461-o1\">\n<fieldset class=\"hidden-fields-container\"><input type=\"hidden\" name=\"_wpcf7\" value=\"5461\" \/><input type=\"hidden\" name=\"_wpcf7_version\" value=\"6.1.5\" \/><input type=\"hidden\" name=\"_wpcf7_locale\" value=\"es_ES\" \/><input type=\"hidden\" name=\"_wpcf7_unit_tag\" value=\"wpcf7-f5461-o1\" \/><input type=\"hidden\" name=\"_wpcf7_container_post\" value=\"0\" \/><input type=\"hidden\" name=\"_wpcf7_posted_data_hash\" value=\"\" \/><input type=\"hidden\" name=\"_wpcf7cf_hidden_group_fields\" value=\"[]\" \/><input type=\"hidden\" name=\"_wpcf7cf_hidden_groups\" value=\"[]\" \/><input type=\"hidden\" name=\"_wpcf7cf_visible_groups\" value=\"[]\" \/><input type=\"hidden\" name=\"_wpcf7cf_repeaters\" value=\"[]\" \/><input type=\"hidden\" name=\"_wpcf7cf_steps\" value=\"{}\" \/><input type=\"hidden\" name=\"_wpcf7cf_options\" value=\"{&quot;form_id&quot;:5461,&quot;conditions&quot;:[],&quot;settings&quot;:{&quot;animation&quot;:&quot;yes&quot;,&quot;animation_intime&quot;:200,&quot;animation_outtime&quot;:200,&quot;conditions_ui&quot;:&quot;normal&quot;,&quot;notice_dismissed&quot;:false,&quot;notice_dismissed_rollback-cf7-5.7.5.1&quot;:true,&quot;notice_dismissed_update-cf7-5.8.1&quot;:true,&quot;notice_dismissed_rollback-cf7-5.8.1&quot;:true,&quot;notice_dismissed_rollback-cf7-5.8.2&quot;:true,&quot;notice_dismissed_rollback-cf7-5.8.3&quot;:true,&quot;notice_dismissed_rollback-cf7-6.0.1&quot;:true}}\" \/><input type=\"hidden\" name=\"_wpcf7_recaptcha_response\" value=\"\" \/>\n<\/fieldset>\n<p><label> Subject<br \/>\n<span class=\"wpcf7-form-control-wrap\" data-name=\"asunto\"><input size=\"40\" maxlength=\"400\" class=\"wpcf7-form-control wpcf7-text wpcf7-validates-as-required\" aria-required=\"true\" aria-invalid=\"false\" placeholder=\"Subject\" value=\"\" type=\"text\" name=\"asunto\" \/><\/span> <\/label>\n<\/p>\n<p><label> Area<br \/>\n<span class=\"wpcf7-form-control-wrap\" data-name=\"area\"><select class=\"wpcf7-form-control wpcf7-select wpcf7-validates-as-required\" aria-required=\"true\" aria-invalid=\"false\" name=\"area\"><option value=\"\">&#8212;Por favor, elige una opci\u00f3n&#8212;<\/option><option value=\"Ventanilla \u00danica del Emprendedor (asesoramiento empresarial)\">Single Window for Entrepreneurs (business advice)<\/option><option value=\"Transmisi\u00f3n de empresas\">Transfer of companies<\/option><option value=\"Punto de Atenci\u00f3n al Emprendedor (PAE)\">Entrepreneur Service Point (PAE)<\/option><option value=\"Viveros de empresas\">business incubators<\/option><option value=\"Espacios de coworking\">coworking spaces<\/option><option value=\"Formaci\u00f3n\">Formation<\/option><option value=\"Consultas generales\">General inquiries<\/option><\/select><\/span> <\/label>\n<\/p>\n<p><label> Message<br \/>\n<span class=\"wpcf7-form-control-wrap\" data-name=\"mensaje\"><textarea cols=\"40\" rows=\"10\" maxlength=\"2000\" class=\"wpcf7-form-control wpcf7-textarea wpcf7-validates-as-required\" aria-required=\"true\" aria-invalid=\"false\" placeholder=\"Your message\" name=\"mensaje\"><\/textarea><\/span> <\/label>\n<\/p>\n<p><strong>Protection of personal data: BASIC INFORMATION<\/strong>\n<\/p>\n<p>The data collected will be incorporated and processed in the activity of \u201c<strong>COMPREHENSIVE SUPPORT FOR ENTREPRENEURSHIP<\/strong>\u201d, responsibility of the General Directorate of Entrepreneurship, located at Calle Pr\u00edncipe de Vergara, 140, with the purpose of advising, promoting and supporting the creation and consolidation of new companies, as well as training entrepreneurs and businessmen with conferences, workshops and other networking activities of special interest to the entrepreneurial ecosystem. Data processing is legitimized by the consent of the interested parties. The data may not be transferred to third parties except in the cases provided for in current regulations on the protection of personal data. Data Protection Delegation: <a href=\"malito:oficprotecciondatos@madrid.es\">oficprotecciondatos@madrid.es<\/a>\n<\/p>\n<p><span class=\"wpcf7-form-control-wrap\" data-name=\"RGDP\"><span class=\"wpcf7-form-control wpcf7-acceptance\"><span class=\"wpcf7-list-item\"><input type=\"checkbox\" name=\"RGDP\" value=\"1\" aria-invalid=\"false\" \/><\/span><\/span><\/span> * I agree that my personal data is collected and processed. Additional Information: <a href=\"https:\/\/pre.madridemprende.anovagroup.es\/politica-de-privacidad\/\">Privacy Policy<\/a>\n<\/p>\n<span class=\"wpcf7-form-control-wrap recaptcha\" data-name=\"recaptcha\"><span data-sitekey=\"6LcAn3ksAAAAAPINwwnnUCynfzbpxU0nZcoJdfeq\" class=\"wpcf7-form-control wpcf7-recaptcha g-recaptcha\"><\/span>\r\n<noscript>\r\n\t<div class=\"grecaptcha-noscript\">\r\n\t\t<iframe src=\"https:\/\/www.google.com\/recaptcha\/api\/fallback?k=6LcAn3ksAAAAAPINwwnnUCynfzbpxU0nZcoJdfeq\" frameborder=\"0\" scrolling=\"no\" width=\"310\" height=\"430\">\r\n\t\t<\/iframe>\r\n\t\t<textarea name=\"g-recaptcha-response\" rows=\"3\" cols=\"40\" placeholder=\"Aqu\u00ed la respuesta de reCAPTCHA\">\r\n\t\t<\/textarea>\r\n\t<\/div>\r\n<\/noscript>\r\n<\/span>\n<p><span id=\"wpcf7-69d2e87d1d467-wrapper\" class=\"wpcf7-form-control-wrap honeypot-469-wrap\" ><input type=\"hidden\" name=\"honeypot-469-time-start\" value=\"1775429757\"><input type=\"hidden\" name=\"honeypot-469-time-check\" value=\"1\"><label for=\"wpcf7-69d2e87d1d467-field\" class=\"hp-message\">Por favor, deja este campo vac\u00edo.<\/label><input id=\"wpcf7-69d2e87d1d467-field\"  class=\"wpcf7-form-control wpcf7-text\" type=\"text\" name=\"honeypot-469\" value=\"\" size=\"40\" tabindex=\"-1\" autocomplete=\"new-password\" \/><\/span>\n<\/p>\n<p><input class=\"wpcf7-form-control wpcf7-submit has-spinner\" type=\"submit\" value=\"Send\" \/>\n<\/p><div class=\"wpcf7-response-output\" aria-hidden=\"true\"><\/div>\n<input type=\"hidden\" name=\"trp-form-language\" value=\"en\"\/><\/form>\n<\/div>\n<\/div>\n\t\t\t\t\t\t<\/div>\n\t\t\t\t<\/div>\n\t\t\t\t\t<\/div>\n\t\t<\/div>\n\t\t\t\t\t<\/div>\n\t\t<\/section>\n\t\t\t\t<\/div>","protected":false},"excerpt":{"rendered":"<p>Buz\u00f3n de sugerencias Este es el buz\u00f3n de sugerencias de Madrid Emprende, donde puedes dejarnos tus sugerencias. Estos mensajes no recogen ning\u00fan dato identificativo, por lo que si quieres establecer una comunicaci\u00f3n Madrid Emprende, deber\u00e1s hacerlo a trav\u00e9s del formulario de contacto.<\/p>","protected":false},"author":24,"featured_media":0,"parent":0,"menu_order":0,"comment_status":"closed","ping_status":"closed","template":"","meta":{"_acf_changed":false,"footnotes":""},"paginas_cat":[],"class_list":["post-2488","page","type-page","status-publish","hentry"],"acf":[],"yoast_head":"<!-- This site is optimized with the Yoast SEO plugin v27.3 - https:\/\/yoast.com\/product\/yoast-seo-wordpress\/ -->\n<title>Buz\u00f3n de sugerencias - Plataforma Madrid Emprende<\/title>\n<meta name=\"description\" content=\"Buz\u00f3n de sugerencias\" \/>\n<meta name=\"robots\" content=\"index, follow, max-snippet:-1, max-image-preview:large, max-video-preview:-1\" \/>\n<link rel=\"canonical\" href=\"https:\/\/test.madridemprende.anovagroup.es\/en\/buzon-de-sugerencias\/\" \/>\n<meta property=\"og:locale\" content=\"en_GB\" \/>\n<meta property=\"og:type\" content=\"article\" \/>\n<meta property=\"og:title\" content=\"Buz\u00f3n de sugerencias - Plataforma Madrid Emprende\" \/>\n<meta property=\"og:description\" content=\"Buz\u00f3n de sugerencias\" \/>\n<meta property=\"og:url\" content=\"https:\/\/test.madridemprende.anovagroup.es\/en\/buzon-de-sugerencias\/\" \/>\n<meta property=\"og:site_name\" content=\"Plataforma Madrid Emprende\" \/>\n<meta property=\"article:publisher\" content=\"http:\/\/www.facebook.com\/MadridEmprende\" \/>\n<meta property=\"article:modified_time\" content=\"2023-10-31T10:17:19+00:00\" \/>\n<meta name=\"twitter:card\" content=\"summary_large_image\" \/>\n<meta name=\"twitter:site\" content=\"@MadridEmprende\" \/>\n<meta name=\"twitter:label1\" content=\"Estimated reading time\" \/>\n\t<meta name=\"twitter:data1\" content=\"1 minute\" \/>\n<script type=\"application\/ld+json\" class=\"yoast-schema-graph\">{\"@context\":\"https:\\\/\\\/schema.org\",\"@graph\":[{\"@type\":\"WebPage\",\"@id\":\"https:\\\/\\\/test.madridemprende.anovagroup.es\\\/buzon-de-sugerencias\\\/\",\"url\":\"https:\\\/\\\/test.madridemprende.anovagroup.es\\\/buzon-de-sugerencias\\\/\",\"name\":\"Buz\u00f3n de sugerencias - Plataforma Madrid Emprende\",\"isPartOf\":{\"@id\":\"https:\\\/\\\/test.madridemprende.anovagroup.es\\\/#website\"},\"datePublished\":\"2021-11-04T15:15:19+00:00\",\"dateModified\":\"2023-10-31T10:17:19+00:00\",\"description\":\"Buz\u00f3n de sugerencias\",\"breadcrumb\":{\"@id\":\"https:\\\/\\\/test.madridemprende.anovagroup.es\\\/buzon-de-sugerencias\\\/#breadcrumb\"},\"inLanguage\":\"en-GB\",\"potentialAction\":[{\"@type\":\"ReadAction\",\"target\":[\"https:\\\/\\\/test.madridemprende.anovagroup.es\\\/buzon-de-sugerencias\\\/\"]}]},{\"@type\":\"BreadcrumbList\",\"@id\":\"https:\\\/\\\/test.madridemprende.anovagroup.es\\\/buzon-de-sugerencias\\\/#breadcrumb\",\"itemListElement\":[{\"@type\":\"ListItem\",\"position\":1,\"name\":\"Portada\",\"item\":\"https:\\\/\\\/test.madridemprende.anovagroup.es\\\/\"},{\"@type\":\"ListItem\",\"position\":2,\"name\":\"Buz\u00f3n de sugerencias\"}]},{\"@type\":\"WebSite\",\"@id\":\"https:\\\/\\\/test.madridemprende.anovagroup.es\\\/#website\",\"url\":\"https:\\\/\\\/test.madridemprende.anovagroup.es\\\/\",\"name\":\"Plataforma Madrid Emprende\",\"description\":\"Plataforma Madrid Emprende\",\"publisher\":{\"@id\":\"https:\\\/\\\/test.madridemprende.anovagroup.es\\\/#organization\"},\"potentialAction\":[{\"@type\":\"SearchAction\",\"target\":{\"@type\":\"EntryPoint\",\"urlTemplate\":\"https:\\\/\\\/test.madridemprende.anovagroup.es\\\/?s={search_term_string}\"},\"query-input\":{\"@type\":\"PropertyValueSpecification\",\"valueRequired\":true,\"valueName\":\"search_term_string\"}}],\"inLanguage\":\"en-GB\"},{\"@type\":\"Organization\",\"@id\":\"https:\\\/\\\/test.madridemprende.anovagroup.es\\\/#organization\",\"name\":\"Madrid Emprende\",\"url\":\"https:\\\/\\\/test.madridemprende.anovagroup.es\\\/\",\"logo\":{\"@type\":\"ImageObject\",\"inLanguage\":\"en-GB\",\"@id\":\"https:\\\/\\\/test.madridemprende.anovagroup.es\\\/#\\\/schema\\\/logo\\\/image\\\/\",\"url\":\"\",\"contentUrl\":\"\",\"caption\":\"Madrid Emprende\"},\"image\":{\"@id\":\"https:\\\/\\\/test.madridemprende.anovagroup.es\\\/#\\\/schema\\\/logo\\\/image\\\/\"},\"sameAs\":[\"http:\\\/\\\/www.facebook.com\\\/MadridEmprende\",\"https:\\\/\\\/x.com\\\/MadridEmprende\",\"https:\\\/\\\/www.instagram.com\\\/madrid_emprende\",\"https:\\\/\\\/es.linkedin.com\\\/company\\\/madrid-emprende\",\"https:\\\/\\\/www.youtube.com\\\/channel\\\/UCIzsg4s7yzE-k6uNobQ1SuQ\"]}]}<\/script>\n<!-- \/ Yoast SEO plugin. -->","yoast_head_json":{"title":"Suggestion box - Platform Madrid Emprende","description":"Suggestions mailbox","robots":{"index":"index","follow":"follow","max-snippet":"max-snippet:-1","max-image-preview":"max-image-preview:large","max-video-preview":"max-video-preview:-1"},"canonical":"https:\/\/test.madridemprende.anovagroup.es\/en\/buzon-de-sugerencias\/","og_locale":"en_GB","og_type":"article","og_title":"Buz\u00f3n de sugerencias - Plataforma Madrid Emprende","og_description":"Buz\u00f3n de sugerencias","og_url":"https:\/\/test.madridemprende.anovagroup.es\/en\/buzon-de-sugerencias\/","og_site_name":"Plataforma Madrid Emprende","article_publisher":"http:\/\/www.facebook.com\/MadridEmprende","article_modified_time":"2023-10-31T10:17:19+00:00","twitter_card":"summary_large_image","twitter_site":"@MadridEmprende","twitter_misc":{"Estimated reading time":"1 minute"},"schema":{"@context":"https:\/\/schema.org","@graph":[{"@type":"WebPage","@id":"https:\/\/test.madridemprende.anovagroup.es\/buzon-de-sugerencias\/","url":"https:\/\/test.madridemprende.anovagroup.es\/buzon-de-sugerencias\/","name":"Suggestion box - Platform Madrid Emprende","isPartOf":{"@id":"https:\/\/test.madridemprende.anovagroup.es\/#website"},"datePublished":"2021-11-04T15:15:19+00:00","dateModified":"2023-10-31T10:17:19+00:00","description":"Suggestions mailbox","breadcrumb":{"@id":"https:\/\/test.madridemprende.anovagroup.es\/buzon-de-sugerencias\/#breadcrumb"},"inLanguage":"en-GB","potentialAction":[{"@type":"ReadAction","target":["https:\/\/test.madridemprende.anovagroup.es\/buzon-de-sugerencias\/"]}]},{"@type":"BreadcrumbList","@id":"https:\/\/test.madridemprende.anovagroup.es\/buzon-de-sugerencias\/#breadcrumb","itemListElement":[{"@type":"ListItem","position":1,"name":"Portada","item":"https:\/\/test.madridemprende.anovagroup.es\/"},{"@type":"ListItem","position":2,"name":"Buz\u00f3n de sugerencias"}]},{"@type":"WebSite","@id":"https:\/\/test.madridemprende.anovagroup.es\/#website","url":"https:\/\/test.madridemprende.anovagroup.es\/","name":"Madrid Undertakes Platform","description":"Madrid Undertakes Platform","publisher":{"@id":"https:\/\/test.madridemprende.anovagroup.es\/#organization"},"potentialAction":[{"@type":"SearchAction","target":{"@type":"EntryPoint","urlTemplate":"https:\/\/test.madridemprende.anovagroup.es\/?s={search_term_string}"},"query-input":{"@type":"PropertyValueSpecification","valueRequired":true,"valueName":"search_term_string"}}],"inLanguage":"en-GB"},{"@type":"Organization","@id":"https:\/\/test.madridemprende.anovagroup.es\/#organization","name":"Madrid Emprende","url":"https:\/\/test.madridemprende.anovagroup.es\/","logo":{"@type":"ImageObject","inLanguage":"en-GB","@id":"https:\/\/test.madridemprende.anovagroup.es\/#\/schema\/logo\/image\/","url":"","contentUrl":"","caption":"Madrid Emprende"},"image":{"@id":"https:\/\/test.madridemprende.anovagroup.es\/#\/schema\/logo\/image\/"},"sameAs":["http:\/\/www.facebook.com\/MadridEmprende","https:\/\/x.com\/MadridEmprende","https:\/\/www.instagram.com\/madrid_emprende","https:\/\/es.linkedin.com\/company\/madrid-emprende","https:\/\/www.youtube.com\/channel\/UCIzsg4s7yzE-k6uNobQ1SuQ"]}]}},"_links":{"self":[{"href":"https:\/\/test.madridemprende.anovagroup.es\/en\/wp-json\/wp\/v2\/pages\/2488","targetHints":{"allow":["GET"]}}],"collection":[{"href":"https:\/\/test.madridemprende.anovagroup.es\/en\/wp-json\/wp\/v2\/pages"}],"about":[{"href":"https:\/\/test.madridemprende.anovagroup.es\/en\/wp-json\/wp\/v2\/types\/page"}],"author":[{"embeddable":true,"href":"https:\/\/test.madridemprende.anovagroup.es\/en\/wp-json\/wp\/v2\/users\/24"}],"replies":[{"embeddable":true,"href":"https:\/\/test.madridemprende.anovagroup.es\/en\/wp-json\/wp\/v2\/comments?post=2488"}],"version-history":[{"count":0,"href":"https:\/\/test.madridemprende.anovagroup.es\/en\/wp-json\/wp\/v2\/pages\/2488\/revisions"}],"wp:attachment":[{"href":"https:\/\/test.madridemprende.anovagroup.es\/en\/wp-json\/wp\/v2\/media?parent=2488"}],"wp:term":[{"taxonomy":"paginas_cat","embeddable":true,"href":"https:\/\/test.madridemprende.anovagroup.es\/en\/wp-json\/wp\/v2\/paginas_cat?post=2488"}],"curies":[{"name":"wp","href":"https:\/\/api.w.org\/{rel}","templated":true}]}}