{"id":2708,"date":"2021-11-15T11:56:08","date_gmt":"2021-11-15T10:56:08","guid":{"rendered":"https:\/\/origen.madridemprende.anovagroup.es\/?page_id=2708"},"modified":"2023-11-27T09:54:51","modified_gmt":"2023-11-27T08:54:51","slug":"que-son-los-viveros-de-empresa","status":"publish","type":"page","link":"https:\/\/test.madridemprende.anovagroup.es\/en\/que-son-los-viveros-de-empresa\/","title":{"rendered":"What are business incubators?"},"content":{"rendered":"<div data-elementor-type=\"wp-page\" data-elementor-id=\"2708\" class=\"elementor elementor-2708\" data-elementor-post-type=\"page\">\n\t\t\t\t\t\t<section class=\"elementor-section elementor-top-section elementor-element elementor-element-69e2f8b5 elementor-section-boxed elementor-section-height-default elementor-section-height-default\" data-id=\"69e2f8b5\" data-element_type=\"section\" data-e-type=\"section\">\n\t\t\t\t\t\t<div class=\"elementor-container elementor-column-gap-default\">\n\t\t\t\t\t<div class=\"elementor-column elementor-col-100 elementor-top-column elementor-element elementor-element-1b7e1146\" data-id=\"1b7e1146\" data-element_type=\"column\" data-e-type=\"column\">\n\t\t\t<div class=\"elementor-widget-wrap elementor-element-populated\">\n\t\t\t\t\t\t<div class=\"elementor-element elementor-element-cbb21b0 elementor-widget elementor-widget-image\" data-id=\"cbb21b0\" data-element_type=\"widget\" data-e-type=\"widget\" data-widget_type=\"image.default\">\n\t\t\t\t<div class=\"elementor-widget-container\">\n\t\t\t\t\t\t\t\t\t\t\t\t\t\t\t<img fetchpriority=\"high\" decoding=\"async\" width=\"678\" height=\"254\" src=\"https:\/\/test.madridemprende.anovagroup.es\/wp-content\/uploads\/2021\/12\/viveros-empresas.png\" class=\"attachment-large size-large wp-image-4948\" alt=\"\" srcset=\"https:\/\/test.madridemprende.anovagroup.es\/wp-content\/uploads\/2021\/12\/viveros-empresas.png 678w, https:\/\/test.madridemprende.anovagroup.es\/wp-content\/uploads\/2021\/12\/viveros-empresas-300x112.png 300w\" sizes=\"(max-width: 678px) 100vw, 678px\" \/>\t\t\t\t\t\t\t\t\t\t\t\t\t\t\t<\/div>\n\t\t\t\t<\/div>\n\t\t\t\t<div class=\"elementor-element elementor-element-216b24d elementor-widget elementor-widget-text-editor\" data-id=\"216b24d\" data-element_type=\"widget\" data-e-type=\"widget\" data-widget_type=\"text-editor.default\">\n\t\t\t\t<div class=\"elementor-widget-container\">\n\t\t\t\t\t\t\t\t\t<p>The network of business incubators is made up of 7 centers aimed at\u00a0<strong>promotion of entrepreneurial initiatives.<\/strong><\/p><p>The business incubators of\u00a0<strong>Carabanchel, Moratalaz, Puente de Vallecas, San Blas, Vic\u00e1lvaro and Villaverde,\u00a0<\/strong><strong>\u00a0combine the use of\u00a0<span style=\"color: #d10056;\">offices\u00a0<\/span>with advice on business management and the provision of common services<\/strong> to cover the basic needs of new companies during the first years of their life, through the <strong>payment of a public price<\/strong>\u00a0approved by the plenary session of the Madrid City Council.\u00a0<span style=\"color: var( --e-global-color-text ); font-family: var( --e-global-typography-text-font-family ), Sans-serif; font-weight: var( --e-global-typography-text-font-weight ); font-size: 1rem;\">Authorizations for the use of offices are granted for a\u00a0<\/span><span style=\"color: var( --e-global-color-text ); font-family: var( --e-global-typography-text-font-family ), Sans-serif; font-size: 1rem; font-weight: bolder;\">period of four years.<\/span><\/p><p>you will receive<span style=\"color: #d10056;\"><b>\u00a0<span style=\"color: #d10056;\">to<\/span><span style=\"font-family: var( --e-global-typography-text-font-family ), Sans-serif; font-size: 1rem;\"><span style=\"color: #d10056;\">counseling<\/span> personalized<\/span><\/b><\/span><span style=\"color: var( --e-global-color-text ); font-family: var( --e-global-typography-text-font-family ), Sans-serif; font-weight: var( --e-global-typography-text-font-weight ); font-size: 1rem;\">\u00a0relating to management and business innovation, information on the\u00a0<\/span><span style=\"color: var( --e-global-color-text ); font-family: var( --e-global-typography-text-font-family ), Sans-serif; font-weight: var( --e-global-typography-text-font-weight ); font-size: 1rem;\">labor, mercantile and fiscal aspects and obligations, the best practices\u00a0<\/span><span style=\"color: var( --e-global-color-text ); font-family: var( --e-global-typography-text-font-family ), Sans-serif; font-weight: var( --e-global-typography-text-font-weight ); font-size: 1rem;\">business, trademarks, patents and licenses, financial planning, <i>marketing<\/i>,\u00a0<\/span><span style=\"color: var( --e-global-color-text ); font-family: var( --e-global-typography-text-font-family ), Sans-serif; font-weight: var( --e-global-typography-text-font-weight ); font-size: 1rem;\">electronic commerce and all those aspects that help to consolidate your\u00a0<\/span><span style=\"color: var( --e-global-color-text ); font-family: var( --e-global-typography-text-font-family ), Sans-serif; font-weight: var( --e-global-typography-text-font-weight ); font-size: 1rem;\">Business.\u00a0<\/span><span style=\"color: var( --e-global-color-text ); font-family: var( --e-global-typography-text-font-family ), Sans-serif; font-weight: var( --e-global-typography-text-font-weight ); font-size: 1rem;\">This personalized advice will be complemented with a <i>mentoring<\/i>.<\/span><\/p><p>In business incubators, they offer\u00a0<a href=\"https:\/\/pre.madridemprende.anovagroup.es\/programas-de-aceleracion-en-los-viveros-de-empresas\/\"><strong>Programs of<\/strong><strong>\u00a0<\/strong><strong>acceleration<\/strong><\/a><strong>\u00a0<\/strong>with advanced and personalized advice, including\u00a0<em>mentoring<\/em>,\u00a0<em>coaching\u00a0<\/em>And training. Its objective is to accelerate the launch or consolidation of companies with an innovative approach, with a vocation for growth, scalability and international vision.<br \/>In addition, each of the nurseries makes 2 annual calls for companies outside the nurseries of the municipal network.<\/p><p><strong>open calls<\/strong>:<\/p><ul><li><a href=\"https:\/\/pre.madridemprende.anovagroup.es\/aceleracion-de-carabanchel\/\">Carabanchel nursery acceleration program, registrations until January 20, 2024<\/a>.<\/li><li><a href=\"https:\/\/pre.madridemprende.anovagroup.es\/aceleracion-de-san-blas\/\">San Blas nursery acceleration program, registrations until January 20, 2024<\/a>.<\/li><li><a href=\"https:\/\/pre.madridemprende.anovagroup.es\/aceleracion-de-vicalvaro\/\">Vic\u00e1lvaro nursery acceleration program, registrations until January 20, 2024<\/a>.<\/li><li><a href=\"https:\/\/pre.madridemprende.anovagroup.es\/aceleracion-de-villaverde\/\">Villaverde nursery acceleration program, registrations until January 20, 2024<\/a>.<\/li><\/ul><p>\u00a0<\/p><p>If you are interested in going abroad, you will have\u00a0<span style=\"color: #d10056;\"><strong>counseling for\u00a0<\/strong><\/span><strong><span style=\"color: #d10056;\">internationalization<\/span>.\u00a0<\/strong>\u00a0It is a personalized advisory service aimed at companies interested in going abroad, following a structured methodology aimed at drawing up an export\/internationalization plan, improving global competitiveness and entering new markets. It is provided continuously for projects incubated in business incubators, both in offices and in coworking spaces.<br \/>This service is also available for companies that do not belong to the network of nurseries, in this case it will have a maximum duration of 4 months. Do you want to receive advice for the internationalization of your company? fill in this\u00a0<a href=\"https:\/\/pre.madridemprende.anovagroup.es\/programa-de-internacionalizacion-de-viveros\/\">short form<\/a>\u00a0and we will contact you.<\/p>\t\t\t\t\t\t\t\t<\/div>\n\t\t\t\t<\/div>\n\t\t\t\t<div class=\"elementor-element elementor-element-8397e3e elementor-align-center elementor-widget elementor-widget-button\" data-id=\"8397e3e\" data-element_type=\"widget\" data-e-type=\"widget\" data-widget_type=\"button.default\">\n\t\t\t\t<div class=\"elementor-widget-container\">\n\t\t\t\t\t\t\t\t\t<div class=\"elementor-button-wrapper\">\n\t\t\t\t\t<a class=\"elementor-button elementor-button-link elementor-size-md\" href=\"https:\/\/pre.madridemprende.anovagroup.es\/programa-de-internacionalizacion-de-viveros\/\">\n\t\t\t\t\t\t<span class=\"elementor-button-content-wrapper\">\n\t\t\t\t\t\t\t\t\t<span class=\"elementor-button-text\">Advice for internationalization<\/span>\n\t\t\t\t\t<\/span>\n\t\t\t\t\t<\/a>\n\t\t\t\t<\/div>\n\t\t\t\t\t\t\t\t<\/div>\n\t\t\t\t<\/div>\n\t\t\t\t<div class=\"elementor-element elementor-element-00a5d53 elementor-widget elementor-widget-text-editor\" data-id=\"00a5d53\" data-element_type=\"widget\" data-e-type=\"widget\" data-widget_type=\"text-editor.default\">\n\t\t\t\t<div class=\"elementor-widget-container\">\n\t\t\t\t\t\t\t\t\t<p>In these 6 business incubators, technical advice is provided for entrepreneurs who want to create a company; they are also\u00a0<strong><a style=\"background-color: #ffffff\" href=\"https:\/\/pre.madridemprende.anovagroup.es\/constitucion-de-empresas-punto-de-atencion-al-emprendedor\/\">Entrepreneur Service Point\u00a0<\/a><\/strong>(PAE), for the telematic processing of the creation of companies (SL, SLNE and individual entrepreneur). For both services it is essential to arrange a\u00a0<a style=\"background-color: #ffffff\" title=\"appointment\" href=\"https:\/\/pre.madridemprende.anovagroup.es\/cita-previa\/\" target=\"_blank\" rel=\"noopener\">appointment<\/a>.<span style=\"font-weight: bolder\"><br \/><\/span><\/p><p><b>MADRID FOOD INNOVATION HUB<\/b><\/p><p>The seventh nursery that integrates the network is\u00a0<strong><a href=\"https:\/\/madridfoodinnovationhub.com\/\" target=\"_blank\" rel=\"noopener\">Madrid Food Innovation Hub<\/a><\/strong>, the first\u00a0<strong>food entrepreneurship center<\/strong>\u00a0from Madrid. A pioneering initiative focused on promoting innovation and entrepreneurship throughout the entire agri-food value chain. It is the nerve center of all FoodTech entrepreneurship in the region.<\/p><p>The startups of the sector can participate in the\u00a0<span style=\"color: #d10056\">incubation and acceleration programs<\/span>\u00a0from the center, they will have access to the best mentors to boost their businesses, in addition to being able to use the facilities of more than 300 m2 for free, which include a coworking space and a fully equipped kitchen-laboratory.<\/p><p>All the information and access requirements in\u00a0<a title=\"External link in a new window: www.madridfoodinnovationhub.com\" href=\"http:\/\/www.madridfoodinnovationhub.com\/\" target=\"_blank\" rel=\"noopener\">www.madridfoodinnovationhub.com<\/a><\/p><p><strong>You can check here<a href=\"https:\/\/pre.madridemprende.anovagroup.es\/conoce-a-los-viveros-de-empresas\/\"> the location and characteristics of all business incubators<\/a>.<\/strong><\/p>\t\t\t\t\t\t\t\t<\/div>\n\t\t\t\t<\/div>\n\t\t\t\t\t<\/div>\n\t\t<\/div>\n\t\t\t\t\t<\/div>\n\t\t<\/section>\n\t\t\t\t<section class=\"elementor-section elementor-top-section elementor-element elementor-element-c5c95cb elementor-section-boxed elementor-section-height-default elementor-section-height-default\" data-id=\"c5c95cb\" data-element_type=\"section\" data-e-type=\"section\">\n\t\t\t\t\t\t<div class=\"elementor-container elementor-column-gap-default\">\n\t\t\t\t\t<div class=\"elementor-column elementor-col-100 elementor-top-column elementor-element elementor-element-d663ca0\" data-id=\"d663ca0\" data-element_type=\"column\" data-e-type=\"column\">\n\t\t\t<div class=\"elementor-widget-wrap elementor-element-populated\">\n\t\t\t\t\t\t<div class=\"elementor-element elementor-element-ab125f3 elementor-widget elementor-widget-eael-adv-accordion\" data-id=\"ab125f3\" data-element_type=\"widget\" data-e-type=\"widget\" data-widget_type=\"eael-adv-accordion.default\">\n\t\t\t\t<div class=\"elementor-widget-container\">\n\t\t\t\t\t            <div class=\"eael-adv-accordion\" id=\"eael-adv-accordion-ab125f3\" data-scroll-on-click=\"no\" data-scroll-speed=\"300\" data-accordion-id=\"ab125f3\" data-accordion-type=\"toggle\" data-toogle-speed=\"300\">\n            <div class=\"eael-accordion-list\">\n\t\t\t\t\t<div id=\"cmo-puedo-acceder-a-un-despacho\" class=\"elementor-tab-title eael-accordion-header\" tabindex=\"0\" data-tab=\"1\" aria-controls=\"elementor-tab-content-1791\"><span class=\"eael-advanced-accordion-icon-closed\"><i aria-hidden=\"true\" class=\"fa-accordion-icon fas fa-plus\"><\/i><\/span><span class=\"eael-advanced-accordion-icon-opened\"><\/span><span class=\"eael-accordion-tab-title\">How can I access an office?<\/span><i aria-hidden=\"true\" class=\"fa-toggle fas fa-angle-right\"><\/i><\/div><div id=\"elementor-tab-content-1791\" class=\"eael-accordion-content clearfix\" data-tab=\"1\" aria-labelledby=\"cmo-puedo-acceder-a-un-despacho\"><p>You can now request access to the entrepreneurship support services in the offices of the business incubators of\u00a0<strong>Carabanchel, Moratalaz, Vallecas Bridge, San Blas, Vic\u00e1lvaro, and Villaverde<\/strong>, through this link:\u00a0<a href=\"https:\/\/sede.madrid.es\/sites\/v\/index.jsp?vgnextoid=ee1d42b1b9f46510VgnVCM1000001d4a900aRCRD&amp;vgnextchannel=f47ea38813180210VgnVCM100000c90da8c0RCRD\" target=\"_blank\" rel=\"noopener\">Call for access to entrepreneurship support services in the network of business incubators<\/a> (face-to-face and online processing).<\/p><p>You can use the office for 4 years, provided with basic furniture. The public price includes reception, surveillance and security services, cleaning and maintenance, as well as the cost of water, electricity and air conditioning. You can make use of the common areas, meeting rooms or multifunctional room and, in addition, they have technical advice, business training and information on aid and subsidy programs and advertising channels for your business.\u00a0<\/p><\/div>\n\t\t\t\t\t<\/div><div class=\"eael-accordion-list\">\n\t\t\t\t\t<div id=\"informacin-de-la-convocatoria-de-acceso-a-los-despachos\" class=\"elementor-tab-title eael-accordion-header\" tabindex=\"0\" data-tab=\"2\" aria-controls=\"elementor-tab-content-1792\"><span class=\"eael-advanced-accordion-icon-closed\"><i aria-hidden=\"true\" class=\"fa-accordion-icon fas fa-plus\"><\/i><\/span><span class=\"eael-advanced-accordion-icon-opened\"><\/span><span class=\"eael-accordion-tab-title\">Information on the call for access to offices:<\/span><i aria-hidden=\"true\" class=\"fa-toggle fas fa-angle-right\"><\/i><\/div><div id=\"elementor-tab-content-1792\" class=\"eael-accordion-content clearfix\" data-tab=\"2\" aria-labelledby=\"informacin-de-la-convocatoria-de-acceso-a-los-despachos\"><div style=\"justify-content: space-evenly\"><a class=\"elementor-button-link elementor-button\" href=\"https:\/\/sede.madrid.es\/portal\/site\/tramites\/menuitem.b4c91589e7f6a5d829da39e5a8a409a0\/?vgnextoid=66167d3d97b29510VgnVCM1000001d4a900aRCRD&amp;vgnextchannel=741d814231ede410VgnVCM1000000b205a0aRCRD&amp;vgnextfmt=default\" target=\"_blank\" rel=\"noopener\"><span class=\"elementor-button-content-wrapper\"><br \/><span class=\"elementor-button-text\">Bases of the call<\/span><\/span><\/a> \u00a0<a class=\"elementor-button-link elementor-button\" href=\"https:\/\/pre.madridemprende.anovagroup.es\/faqs\/\"><span class=\"elementor-button-content-wrapper\"><span class=\"elementor-button-text\">You have doubts? Here we solve them<\/span><br \/><\/span><\/a><\/div><\/div>\n\t\t\t\t\t<\/div><div class=\"eael-accordion-list\">\n\t\t\t\t\t<div id=\"importe-del-precio-pblico\" class=\"elementor-tab-title eael-accordion-header\" tabindex=\"0\" data-tab=\"3\" aria-controls=\"elementor-tab-content-1793\"><span class=\"eael-advanced-accordion-icon-closed\"><i aria-hidden=\"true\" class=\"fa-accordion-icon fas fa-plus\"><\/i><\/span><span class=\"eael-advanced-accordion-icon-opened\"><i aria-hidden=\"true\" class=\"fa-accordion-icon fas fa-minus\"><\/i><\/span><span class=\"eael-accordion-tab-title\">Public price amount<\/span><i aria-hidden=\"true\" class=\"fa-toggle fas fa-angle-right\"><\/i><\/div><div id=\"elementor-tab-content-1793\" class=\"eael-accordion-content clearfix\" data-tab=\"3\" aria-labelledby=\"importe-del-precio-pblico\"><p>The monthly amount of the public price will be the result of multiplying the number of square meters of the office by 7.15 euros during the first year, and by 9.53 euros from the second to the fourth year (see\u00a0<a href=\"https:\/\/pre.madridemprende.anovagroup.es\/wp-content\/uploads\/2022\/03\/AnexoI_PrecioPublico.pdf\" target=\"_blank\" rel=\"noopener\">Annex I: public price<\/a>).\u00a0<\/p><p>For example, for an office of 20.99 m2 you would pay 181.60 euros per month (VAT included) during the first year. For an office of 41.64 m2 the amount would be 360.25 euros.<\/p><p>In addition, when the majority of the promoters of the business project are women, a discount of 20% is applied to them on the public price.<\/p><\/div>\n\t\t\t\t\t<\/div><div class=\"eael-accordion-list\">\n\t\t\t\t\t<div id=\"resoluciones-de-las-comisiones-de-valoracin\" class=\"elementor-tab-title eael-accordion-header\" tabindex=\"0\" data-tab=\"4\" aria-controls=\"elementor-tab-content-1794\"><span class=\"eael-advanced-accordion-icon-closed\"><i aria-hidden=\"true\" class=\"fa-accordion-icon fas fa-plus\"><\/i><\/span><span class=\"eael-advanced-accordion-icon-opened\"><\/span><span class=\"eael-accordion-tab-title\">Resolutions of the valuation commissions<\/span><i aria-hidden=\"true\" class=\"fa-toggle fas fa-angle-right\"><\/i><\/div><div id=\"elementor-tab-content-1794\" class=\"eael-accordion-content clearfix\" data-tab=\"4\" aria-labelledby=\"resoluciones-de-las-comisiones-de-valoracin\"><ul><li><a href=\"https:\/\/pre.madridemprende.anovagroup.es\/wp-content\/uploads\/2023\/11\/11.RelacionDefinitiva_Comision8nov_24nov.pdf\" target=\"_blank\" rel=\"noopener\">Final list of those admitted and excluded from the commission of November 8. Published on November 27, 2023<\/a><\/li><li><a href=\"https:\/\/pre.madridemprende.anovagroup.es\/wp-content\/uploads\/2023\/11\/11.RelacionProvisional_Comision8nov_8nov.pdf\" target=\"_blank\" rel=\"noopener\">Provisional list of those admitted and excluded from the commission of November 8. Published on November 8, 2023<\/a><\/li><li><a href=\"https:\/\/pre.madridemprende.anovagroup.es\/wp-content\/uploads\/2023\/11\/10.-Relaciondefinitiva_Comision19oct_7nov.pdf\" target=\"_blank\" rel=\"noopener\">Final list of those admitted and excluded from the commission of October 19. Published on November 7, 2023<\/a><\/li><\/ul><\/div>\n\t\t\t\t\t<\/div><div class=\"eael-accordion-list\">\n\t\t\t\t\t<div id=\"tienes-dudas\" class=\"elementor-tab-title eael-accordion-header\" tabindex=\"0\" data-tab=\"5\" aria-controls=\"elementor-tab-content-1795\"><span class=\"eael-advanced-accordion-icon-closed\"><i aria-hidden=\"true\" class=\"fa-accordion-icon fas fa-plus\"><\/i><\/span><span class=\"eael-advanced-accordion-icon-opened\"><\/span><span class=\"eael-accordion-tab-title\">You have doubts?<\/span><i aria-hidden=\"true\" class=\"fa-toggle fas fa-angle-right\"><\/i><\/div><div id=\"elementor-tab-content-1795\" class=\"eael-accordion-content clearfix\" data-tab=\"5\" aria-labelledby=\"tienes-dudas\"><p>We solve them for you\u00a0<a href=\"mailto:emprendedores@madrid.es\">emprendedores@madrid.es<\/a>\u00a0Or if you prefer, you can contact each of the business incubators directly:<\/p><ul><li>Carabanchel business incubator: 915 115 131\u00a0<a href=\"https:\/\/mail.madrid.es\/owa\/redir.aspx?C=QYL8UyoXLXH4qBo1iqiqlNlPB55hj5iLa2Kh_U5kVaktIYCHOcfXCA..&amp;URL=mailto%3aviverocarabanchel%40madrid.es\" target=\"_blank\" rel=\"noopener noreferrer\">viverocarabanchel@madridemprende.es<\/a><\/li><li>Moratalaz business incubator: 914 211 978 <a href=\"https:\/\/mail.madrid.es\/owa\/redir.aspx?C=-ogDgr9Iy6YaXoW6gF-ulF4rB_5NeUpKEsjHkGf0FZYtIYCHOcfXCA..&amp;URL=mailto%3aviveromoratalaz%40madrid.es\" target=\"_blank\" rel=\"noopener noreferrer\">viveromoratalaz@madridemprende.es<\/a><\/li><li>Puente de Vallecas business incubator: 914 211 899 <a href=\"https:\/\/mail.madrid.es\/owa\/redir.aspx?C=Mm2jFCjauIVFTkBhoEhnXMZ1kogMDhEqGHiS6urK1sCFg4KHOcfXCA..&amp;URL=mailto%3aviveropuentevallecas%40madrid.es\" target=\"_blank\" rel=\"noopener noreferrer\">viveropuentevallecas@madridemprende.es<\/a><\/li><li>San Blas business incubator: 910 210 459 <a href=\"https:\/\/mail.madrid.es\/owa\/redir.aspx?C=4RcXzRMIf5D0lEfKHDki2-AU17IPjP8tEH1nONS35y-Fg4KHOcfXCA..&amp;URL=mailto%3aviverosanblas%40madrid.es\" target=\"_blank\" rel=\"noopener noreferrer\">viverosanblas@madridemprende.es<\/a><\/li><li>Vic\u00e1lvaro business incubator: 910 210 458 <a href=\"https:\/\/mail.madrid.es\/owa\/redir.aspx?C=k6yn-oR41Cf4OoR_4Yoe_NlSRXqRsB8VSbXoF_4tykyFg4KHOcfXCA..&amp;URL=mailto%3aviverovicalvaro%40madrid.es\" target=\"_blank\" rel=\"noopener noreferrer\">viverovicalvaro@madridemprende.es<\/a><\/li><li>Villaverde business incubator: 916 225 073 <a href=\"https:\/\/mail.madrid.es\/owa\/redir.aspx?C=ulEMIUQoER8d9jNVkP3M4J5mwmPNjVaHdCBuWIT8XjCFg4KHOcfXCA..&amp;URL=mailto%3aviverovillaverde%40madrid.es\" target=\"_blank\" rel=\"noopener noreferrer\">viverovillaverde@madridemprende.es<\/a><\/li><li>Madrid Food Innovation Hub: 910 001 447 <a href=\"mailto:madridfoodinnovationhub@madridemprende.es\">madridfoodinnovationhub@madridemprende.es<\/a><\/li><\/ul><\/div>\n\t\t\t\t\t<\/div><\/div>\t\t\t\t<\/div>\n\t\t\t\t<\/div>\n\t\t\t\t<div class=\"elementor-element elementor-element-eb8eda5 elementor-align-center elementor-widget elementor-widget-button\" data-id=\"eb8eda5\" data-element_type=\"widget\" data-e-type=\"widget\" data-widget_type=\"button.default\">\n\t\t\t\t<div class=\"elementor-widget-container\">\n\t\t\t\t\t\t\t\t\t<div class=\"elementor-button-wrapper\">\n\t\t\t\t\t<a class=\"elementor-button elementor-button-link elementor-size-lg\" href=\"https:\/\/pre.madridemprende.anovagroup.es\/conoce-a-los-viveros-de-empresas\/\">\n\t\t\t\t\t\t<span class=\"elementor-button-content-wrapper\">\n\t\t\t\t\t\t\t\t\t<span class=\"elementor-button-text\">Meet the nurseries<\/span>\n\t\t\t\t\t<\/span>\n\t\t\t\t\t<\/a>\n\t\t\t\t<\/div>\n\t\t\t\t\t\t\t\t<\/div>\n\t\t\t\t<\/div>\n\t\t\t\t\t<\/div>\n\t\t<\/div>\n\t\t\t\t\t<\/div>\n\t\t<\/section>\n\t\t\t\t<\/div>","protected":false},"excerpt":{"rendered":"<p>La red de viveros de empresas est\u00e1 formada por 7 centros dirigidos a la\u00a0promoci\u00f3n de las iniciativas emprendedoras. Los viveros de empresas de\u00a0Carabanchel, Moratalaz, Puente de Vallecas, San Blas, Vic\u00e1lvaro y Villaverde,\u00a0\u00a0combinan la utilizaci\u00f3n de\u00a0despachos\u00a0con el asesoramiento en la gesti\u00f3n empresarial y la prestaci\u00f3n de unos servicios comunes para cubrir las necesidades b\u00e1sicas de nuevas [&hellip;]<\/p>\n","protected":false},"author":24,"featured_media":0,"parent":0,"menu_order":0,"comment_status":"closed","ping_status":"closed","template":"","meta":{"_acf_changed":false,"footnotes":""},"paginas_cat":[],"class_list":["post-2708","page","type-page","status-publish","hentry"],"acf":[],"_links":{"self":[{"href":"https:\/\/test.madridemprende.anovagroup.es\/en\/wp-json\/wp\/v2\/pages\/2708","targetHints":{"allow":["GET"]}}],"collection":[{"href":"https:\/\/test.madridemprende.anovagroup.es\/en\/wp-json\/wp\/v2\/pages"}],"about":[{"href":"https:\/\/test.madridemprende.anovagroup.es\/en\/wp-json\/wp\/v2\/types\/page"}],"author":[{"embeddable":true,"href":"https:\/\/test.madridemprende.anovagroup.es\/en\/wp-json\/wp\/v2\/users\/24"}],"replies":[{"embeddable":true,"href":"https:\/\/test.madridemprende.anovagroup.es\/en\/wp-json\/wp\/v2\/comments?post=2708"}],"version-history":[{"count":0,"href":"https:\/\/test.madridemprende.anovagroup.es\/en\/wp-json\/wp\/v2\/pages\/2708\/revisions"}],"wp:attachment":[{"href":"https:\/\/test.madridemprende.anovagroup.es\/en\/wp-json\/wp\/v2\/media?parent=2708"}],"wp:term":[{"taxonomy":"paginas_cat","embeddable":true,"href":"https:\/\/test.madridemprende.anovagroup.es\/en\/wp-json\/wp\/v2\/paginas_cat?post=2708"}],"curies":[{"name":"wp","href":"https:\/\/api.w.org\/{rel}","templated":true}]}}