{"id":2716,"date":"2021-11-15T12:00:42","date_gmt":"2021-11-15T11:00:42","guid":{"rendered":"https:\/\/origen.madridemprende.anovagroup.es\/?page_id=2716"},"modified":"2023-08-01T11:20:13","modified_gmt":"2023-08-01T09:20:13","slug":"que-son-los-espacios-de-coworking","status":"publish","type":"page","link":"https:\/\/test.madridemprende.anovagroup.es\/en\/que-son-los-espacios-de-coworking\/","title":{"rendered":"What are coworking spaces?"},"content":{"rendered":"<div data-elementor-type=\"wp-page\" data-elementor-id=\"2716\" class=\"elementor elementor-2716\" data-elementor-post-type=\"page\">\n\t\t\t\t\t\t<section class=\"elementor-section elementor-top-section elementor-element elementor-element-23f2d12c elementor-section-boxed elementor-section-height-default elementor-section-height-default\" data-id=\"23f2d12c\" data-element_type=\"section\" data-e-type=\"section\">\n\t\t\t\t\t\t<div class=\"elementor-container elementor-column-gap-default\">\n\t\t\t\t\t<div class=\"elementor-column elementor-col-100 elementor-top-column elementor-element elementor-element-77bd9ce9\" data-id=\"77bd9ce9\" data-element_type=\"column\" data-e-type=\"column\">\n\t\t\t<div class=\"elementor-widget-wrap elementor-element-populated\">\n\t\t\t\t\t\t<div class=\"elementor-element elementor-element-61c503b1 elementor-widget elementor-widget-text-editor\" data-id=\"61c503b1\" data-element_type=\"widget\" data-e-type=\"widget\" data-widget_type=\"text-editor.default\">\n\t\t\t\t<div class=\"elementor-widget-container\">\n\t\t\t\t\t\t\t\t\t<p><span style=\"font-weight: 400;\">The spaces of <\/span><a href=\"https:\/\/twitter.com\/search?q=%23CoworkingGratuito&amp;src=typd\" target=\"_blank\" rel=\"noopener\"><span style=\"font-weight: 400;\">#CoworkingFree<\/span><\/a><span style=\"font-weight: 400;\"> are jobs of <\/span><b>preincubation or shared spaces<\/b><span style=\"font-weight: 400;\">. <\/span><\/p><p><span style=\"font-weight: 400;\">In both cases, there is a business support and tutoring service. You can also find information on financing programs and aid and subsidies, as well as the provision of common services that allow your company to establish, take off and consolidate during the first years of activity. These spaces also have free Wi-Fi.<\/span><\/p><h3><span style=\"font-weight: 400;\"> What are the differences between both?<\/span><\/h3><ul><li style=\"font-weight: 400;\"><span style=\"text-decoration: underline;\"><strong>Preincubation<\/strong><\/span>. It is <span style=\"font-weight: 400;\">a free service offered <strong>advice and tutoring for the preparation of the <\/strong><\/span><strong><a href=\"https:\/\/pre.madridemprende.anovagroup.es\/simulador-y-manual-del-plan-de-empresa\/\">business plan<\/a><\/strong><span style=\"font-weight: 400;\"><strong>.<\/strong> A personalized and detailed follow-up is carried out on each of the steps to be followed to achieve the viability of a business project.<\/span><span style=\"font-weight: 400;\"><br \/>It is aimed at all natural persons, of legal age, who have a business idea or a business project without registering or formally establishing a company and who require support in preparing their plan.<br \/>The maximum period of stay is <\/span><span style=\"font-weight: 400;\">6 months<\/span><span style=\"font-weight: 400;\">.<br \/>You can choose to perform it externally or combine this service with a physical space equipped with furniture in the business incubators of Carabanchel, Puente de Vallecas, Vic\u00e1lvaro and Villaverde.<\/span><\/li><li style=\"font-weight: 400;\"><span style=\"text-decoration: underline;\"><strong>spaces<\/strong><b> shared<\/b><\/span>. yes<span style=\"font-weight: 400;\">With jobs for companies that have already started their activity. It is a service of <strong>temporary and free transfer of jobs<\/strong> for recently created companies, less than five years old. These spaces are found in the business incubators of Carabanchel, Puente de Vallecas, Vic\u00e1lvaro and Villaverde.<br \/>In this case, the maximum period of stay is<\/span><span style=\"font-weight: 400;\"> 1 year<\/span><span style=\"font-weight: 400;\">.<\/span><\/li><\/ul><h3>How can it be accessed?<\/h3><ul><li><span style=\"font-weight: 400;\">To access the spaces <strong>coworking of the\u00a0<\/strong><\/span><span style=\"color: var( --e-global-color-text ); font-family: var( --e-global-typography-text-font-family ), Sans-serif; font-weight: var( --e-global-typography-text-font-weight ); font-size: 1rem;\"><strong>business incubators<\/strong> he<\/span><span style=\"color: var( --e-global-color-text ); font-family: var( --e-global-typography-text-font-family ), Sans-serif; font-size: 1rem;\">to <\/span>request is completed <span style=\"text-decoration: underline;\">in person<\/span><span style=\"color: var( --e-global-color-text ); font-family: var( --e-global-typography-text-font-family ), Sans-serif; font-size: 1rem;\"> in the nursery whose coworking space you want to access.<\/span><\/li><\/ul>\t\t\t\t\t\t\t\t<\/div>\n\t\t\t\t<\/div>\n\t\t\t\t<div class=\"elementor-element elementor-element-b131301 elementor-align-center elementor-widget elementor-widget-button\" data-id=\"b131301\" data-element_type=\"widget\" data-e-type=\"widget\" data-widget_type=\"button.default\">\n\t\t\t\t<div class=\"elementor-widget-container\">\n\t\t\t\t\t\t\t\t\t<div class=\"elementor-button-wrapper\">\n\t\t\t\t\t<a class=\"elementor-button elementor-button-link elementor-size-lg\" href=\"https:\/\/pre.madridemprende.anovagroup.es\/conoce-los-espacios-de-coworking\/\">\n\t\t\t\t\t\t<span class=\"elementor-button-content-wrapper\">\n\t\t\t\t\t\t\t\t\t<span class=\"elementor-button-text\">Get to know the coworking spaces<\/span>\n\t\t\t\t\t<\/span>\n\t\t\t\t\t<\/a>\n\t\t\t\t<\/div>\n\t\t\t\t\t\t\t\t<\/div>\n\t\t\t\t<\/div>\n\t\t\t\t<div class=\"elementor-element elementor-element-41cd6a3 elementor-widget elementor-widget-image\" data-id=\"41cd6a3\" data-element_type=\"widget\" data-e-type=\"widget\" data-widget_type=\"image.default\">\n\t\t\t\t<div class=\"elementor-widget-container\">\n\t\t\t\t\t\t\t\t\t\t\t\t\t\t\t<img fetchpriority=\"high\" decoding=\"async\" width=\"877\" height=\"1241\" src=\"https:\/\/test.madridemprende.anovagroup.es\/wp-content\/uploads\/2021\/11\/AYTO_ME_flyer-CW_page-0002.jpg\" class=\"attachment-full size-full wp-image-2721\" alt=\"Espacios de coworking\" srcset=\"https:\/\/test.madridemprende.anovagroup.es\/wp-content\/uploads\/2021\/11\/AYTO_ME_flyer-CW_page-0002.jpg 877w, https:\/\/test.madridemprende.anovagroup.es\/wp-content\/uploads\/2021\/11\/AYTO_ME_flyer-CW_page-0002-212x300.jpg 212w, https:\/\/test.madridemprende.anovagroup.es\/wp-content\/uploads\/2021\/11\/AYTO_ME_flyer-CW_page-0002-724x1024.jpg 724w, https:\/\/test.madridemprende.anovagroup.es\/wp-content\/uploads\/2021\/11\/AYTO_ME_flyer-CW_page-0002-768x1087.jpg 768w\" sizes=\"(max-width: 877px) 100vw, 877px\" \/>\t\t\t\t\t\t\t\t\t\t\t\t\t\t\t<\/div>\n\t\t\t\t<\/div>\n\t\t\t\t\t<\/div>\n\t\t<\/div>\n\t\t\t\t\t<\/div>\n\t\t<\/section>\n\t\t\t\t<\/div>","protected":false},"excerpt":{"rendered":"<p>Los espacios de #CoworkingGratuito son\u00a0 puestos de trabajo de preincubaci\u00f3n o espacios compartidos. En ambos casos, se cuenta con un servicio de apoyo y tutorizaci\u00f3n empresarial. Tambi\u00e9n puede encontrarse informaci\u00f3n sobre programas de financiaci\u00f3n y de ayudas y subvenciones, as\u00ed como con la prestaci\u00f3n de unos servicios comunes que permitan a su empresa su establecimiento, [&hellip;]<\/p>\n","protected":false},"author":24,"featured_media":0,"parent":0,"menu_order":0,"comment_status":"closed","ping_status":"closed","template":"","meta":{"_acf_changed":false,"footnotes":""},"paginas_cat":[],"class_list":["post-2716","page","type-page","status-publish","hentry"],"acf":[],"_links":{"self":[{"href":"https:\/\/test.madridemprende.anovagroup.es\/en\/wp-json\/wp\/v2\/pages\/2716","targetHints":{"allow":["GET"]}}],"collection":[{"href":"https:\/\/test.madridemprende.anovagroup.es\/en\/wp-json\/wp\/v2\/pages"}],"about":[{"href":"https:\/\/test.madridemprende.anovagroup.es\/en\/wp-json\/wp\/v2\/types\/page"}],"author":[{"embeddable":true,"href":"https:\/\/test.madridemprende.anovagroup.es\/en\/wp-json\/wp\/v2\/users\/24"}],"replies":[{"embeddable":true,"href":"https:\/\/test.madridemprende.anovagroup.es\/en\/wp-json\/wp\/v2\/comments?post=2716"}],"version-history":[{"count":0,"href":"https:\/\/test.madridemprende.anovagroup.es\/en\/wp-json\/wp\/v2\/pages\/2716\/revisions"}],"wp:attachment":[{"href":"https:\/\/test.madridemprende.anovagroup.es\/en\/wp-json\/wp\/v2\/media?parent=2716"}],"wp:term":[{"taxonomy":"paginas_cat","embeddable":true,"href":"https:\/\/test.madridemprende.anovagroup.es\/en\/wp-json\/wp\/v2\/paginas_cat?post=2716"}],"curies":[{"name":"wp","href":"https:\/\/api.w.org\/{rel}","templated":true}]}}