{"id":2804,"date":"2021-11-15T13:49:47","date_gmt":"2021-11-15T12:49:47","guid":{"rendered":"https:\/\/origen.madridemprende.anovagroup.es\/?page_id=2804"},"modified":"2023-11-09T19:09:16","modified_gmt":"2023-11-09T18:09:16","slug":"itinerarios-formativos","status":"publish","type":"page","link":"https:\/\/test.madridemprende.anovagroup.es\/en\/itinerarios-formativos\/","title":{"rendered":"Training Itineraries"},"content":{"rendered":"<div data-elementor-type=\"wp-page\" data-elementor-id=\"2804\" class=\"elementor elementor-2804\" data-elementor-post-type=\"page\">\n\t\t\t\t\t\t<section class=\"elementor-section elementor-top-section elementor-element elementor-element-25ab92fb elementor-section-boxed elementor-section-height-default elementor-section-height-default\" data-id=\"25ab92fb\" data-element_type=\"section\" data-e-type=\"section\">\n\t\t\t\t\t\t<div class=\"elementor-container elementor-column-gap-default\">\n\t\t\t\t\t<div class=\"elementor-column elementor-col-100 elementor-top-column elementor-element elementor-element-eb8a60e\" data-id=\"eb8a60e\" data-element_type=\"column\" data-e-type=\"column\">\n\t\t\t<div class=\"elementor-widget-wrap elementor-element-populated\">\n\t\t\t\t\t\t<div class=\"elementor-element elementor-element-1532516 elementor-widget elementor-widget-image\" data-id=\"1532516\" data-element_type=\"widget\" data-e-type=\"widget\" data-widget_type=\"image.default\">\n\t\t\t\t<div class=\"elementor-widget-container\">\n\t\t\t\t\t\t\t\t\t\t\t\t\t\t\t<img fetchpriority=\"high\" decoding=\"async\" width=\"800\" height=\"200\" src=\"https:\/\/test.madridemprende.anovagroup.es\/wp-content\/uploads\/2023\/11\/IF-banner-1-1024x256.png\" class=\"attachment-large size-large wp-image-15672\" alt=\"\" srcset=\"https:\/\/test.madridemprende.anovagroup.es\/wp-content\/uploads\/2023\/11\/IF-banner-1-1024x256.png 1024w, https:\/\/test.madridemprende.anovagroup.es\/wp-content\/uploads\/2023\/11\/IF-banner-1-300x75.png 300w, https:\/\/test.madridemprende.anovagroup.es\/wp-content\/uploads\/2023\/11\/IF-banner-1-768x192.png 768w, https:\/\/test.madridemprende.anovagroup.es\/wp-content\/uploads\/2023\/11\/IF-banner-1-18x5.png 18w, https:\/\/test.madridemprende.anovagroup.es\/wp-content\/uploads\/2023\/11\/IF-banner-1.png 1200w\" sizes=\"(max-width: 800px) 100vw, 800px\" \/>\t\t\t\t\t\t\t\t\t\t\t\t\t\t\t<\/div>\n\t\t\t\t<\/div>\n\t\t\t\t<div class=\"elementor-element elementor-element-6c3ddf4e elementor-widget elementor-widget-text-editor\" data-id=\"6c3ddf4e\" data-element_type=\"widget\" data-e-type=\"widget\" data-widget_type=\"text-editor.default\">\n\t\t\t\t<div class=\"elementor-widget-container\">\n\t\t\t\t\t\t\t\t\t<p>If you want practical training in a modality at your convenience (in-person and videoconference)\u2026 We welcome you to the \ud83d\udda5 #MadridEmprende Training Itineraries!<\/p><p>These trainings include the most relevant topics for starting your business and the main objective is your optimal training as an entrepreneur.<\/p><p>To do this, we offer you content that will enable you to acquire knowledge to develop your business idea \ud83d\udca1, carry out commercial strategies and carry out good business management, among others.<\/p><h5 style=\"text-align: center\"><strong>Training activities will begin on \ud83d\udcc5 September 5<\/strong><\/h5>\t\t\t\t\t\t\t\t<\/div>\n\t\t\t\t<\/div>\n\t\t\t\t<div class=\"elementor-element elementor-element-fa758eb elementor-widget elementor-widget-eael-adv-accordion\" data-id=\"fa758eb\" data-element_type=\"widget\" data-e-type=\"widget\" data-widget_type=\"eael-adv-accordion.default\">\n\t\t\t\t<div class=\"elementor-widget-container\">\n\t\t\t\t\t            <div class=\"eael-adv-accordion\" id=\"eael-adv-accordion-fa758eb\" data-scroll-on-click=\"no\" data-scroll-speed=\"300\" data-accordion-id=\"fa758eb\" data-accordion-type=\"accordion\" data-toogle-speed=\"300\">\n            <div class=\"eael-accordion-list\">\n\t\t\t\t\t<div id=\"cmo-se-organizan-las-actividades\" class=\"elementor-tab-title eael-accordion-header\" tabindex=\"0\" data-tab=\"1\" aria-controls=\"elementor-tab-content-2621\"><span class=\"eael-advanced-accordion-icon-closed\"><i aria-hidden=\"true\" class=\"fa-accordion-icon fas fa-plus\"><\/i><\/span><span class=\"eael-advanced-accordion-icon-opened\"><\/span><span class=\"eael-accordion-tab-title\">How are the activities organized?<\/span><i aria-hidden=\"true\" class=\"fa-toggle fas fa-angle-right\"><\/i><\/div><div id=\"elementor-tab-content-2621\" class=\"eael-accordion-content clearfix\" data-tab=\"1\" aria-labelledby=\"cmo-se-organizan-las-actividades\"><p>Each edition consists of\u00a0<strong>three itineraries<\/strong>\u00a0and each one, of two or three different training activities. In total, there are 8 activities with ideal themes to start your business.<\/p><p>You can sign up for one or more activities since they are independent of each other, always keeping in mind that it is necessary that you attend all the days of each activity.<\/p><p>And in case you need help \ud83d\ude09, these training activities are complemented by our virtual platform \u201c<a href=\"https:\/\/aula.madridemprende.es\/\">Aula Emprende<\/a>\u201d, which is a virtual support classroom that will provide you with access to content and resources, correction of evaluations and resolution of doubts and queries.<\/p><\/div>\n\t\t\t\t\t<\/div><div class=\"eael-accordion-list\">\n\t\t\t\t\t<div id=\"dnde-se-realizan\" class=\"elementor-tab-title eael-accordion-header\" tabindex=\"0\" data-tab=\"2\" aria-controls=\"elementor-tab-content-2622\"><span class=\"eael-advanced-accordion-icon-closed\"><i aria-hidden=\"true\" class=\"fa-accordion-icon fas fa-plus\"><\/i><\/span><span class=\"eael-advanced-accordion-icon-opened\"><\/span><span class=\"eael-accordion-tab-title\">Where are they made?<\/span><i aria-hidden=\"true\" class=\"fa-toggle fas fa-angle-right\"><\/i><\/div><div id=\"elementor-tab-content-2622\" class=\"eael-accordion-content clearfix\" data-tab=\"2\" aria-labelledby=\"dnde-se-realizan\"><p style=\"margin: 0cm;background: white\"><span style=\"font-family: 'Lato',sans-serif;color: #5d5d5d\">These Training Itineraries will take place from 10 a.m. to 2:30 p.m., in\u00a0<strong><span style=\"font-family: 'Lato',sans-serif\">hybrid format (<\/span><\/strong>videoconference and face-to-face).<\/span><\/p><p style=\"margin: 0cm;background: white\"><span style=\"font-family: 'Lato',sans-serif;color: #5d5d5d\">It will take place in the\u00a0<a href=\"https:\/\/pre.madridemprende.anovagroup.es\/viveros\/vivero-de-carabanchel\/\"><span style=\"color: #cc3366\">Carabanchel business incubator<\/span><\/a> (c\/ Cidro, 3. 28044 Madrid) and requires prior registration.<\/span><\/p><p style=\"margin: 0cm;background: white\"><span style=\"color: #5d5d5d;font-family: Lato, sans-serif\">At the end of each activity, you will be able to download a document proving its correct execution (according to its specific conditions).<\/span><\/p><\/div>\n\t\t\t\t\t<\/div><div class=\"eael-accordion-list\">\n\t\t\t\t\t<div id=\"cmo-me-apunto\" class=\"elementor-tab-title eael-accordion-header\" tabindex=\"0\" data-tab=\"3\" aria-controls=\"elementor-tab-content-2623\"><span class=\"eael-advanced-accordion-icon-closed\"><i aria-hidden=\"true\" class=\"fa-accordion-icon fas fa-plus\"><\/i><\/span><span class=\"eael-advanced-accordion-icon-opened\"><\/span><span class=\"eael-accordion-tab-title\">How do I sign up?<\/span><i aria-hidden=\"true\" class=\"fa-toggle fas fa-angle-right\"><\/i><\/div><div id=\"elementor-tab-content-2623\" class=\"eael-accordion-content clearfix\" data-tab=\"3\" aria-labelledby=\"cmo-me-apunto\"><p>Each of the Training Itineraries is published in our\u00a0<a href=\"https:\/\/eur06.safelinks.protection.outlook.com\/?url=https%3A%2F%2Fportal.madridemprende.es%2Fagenda&amp;data=05%7C01%7Cgrajalmm%40madrid.es%7Cf21fa2f1e02641de119108daaabb9c6e%7Cb4532aa618954964b9c022b14444271b%7C0%7C0%7C638010020000402089%7CUnknown%7CTWFpbGZsb3d8eyJWIjoiMC4wLjAwMDAiLCJQIjoiV2luMzIiLCJBTiI6Ik1haWwiLCJXVCI6Mn0%3D%7C3000%7C%7C%7C&amp;sdata=6KCYxkDyX2o0ga9gaeskHz7bhSCAEeF188RWOPUzfwc%3D&amp;reserved=0\">schedule<\/a> of events so you can register \u270d and is also included in the weekly Madrid Emprende activities newsletter. (<a href=\"https:\/\/eur06.safelinks.protection.outlook.com\/?url=https%3A%2F%2Fpre.madridemprende.anovagroup.es%2Fsuscripcion-boletin%2F&amp;data=05%7C01%7Cgrajalmm%40madrid.es%7Cf21fa2f1e02641de119108daaabb9c6e%7Cb4532aa618954964b9c022b14444271b%7C0%7C0%7C638010020000402089%7CUnknown%7CTWFpbGZsb3d8eyJWIjoiMC4wLjAwMDAiLCJQIjoiV2luMzIiLCJBTiI6Ik1haWwiLCJXVCI6Mn0%3D%7C3000%7C%7C%7C&amp;sdata=9wNDalx%2Bkn0sPkzkYucaPrDmvJ7jiQ198m17xdDLJdw%3D&amp;reserved=0\" target=\"_blank\" rel=\"noopener\">Subscribe to our newsletter<\/a>).<\/p><p>Remember that attendance is free and places are limited, so prior registration is necessary, which will be pending admission.<\/p><\/div>\n\t\t\t\t\t<\/div><div class=\"eael-accordion-list\">\n\t\t\t\t\t<div id=\"contenido-de-los-itinerarios-formativos\" class=\"elementor-tab-title eael-accordion-header\" tabindex=\"0\" data-tab=\"4\" aria-controls=\"elementor-tab-content-2624\"><span class=\"eael-advanced-accordion-icon-closed\"><i aria-hidden=\"true\" class=\"fa-accordion-icon fas fa-plus\"><\/i><\/span><span class=\"eael-advanced-accordion-icon-opened\"><\/span><span class=\"eael-accordion-tab-title\">Content of the Training Itineraries<\/span><i aria-hidden=\"true\" class=\"fa-toggle fas fa-angle-right\"><\/i><\/div><div id=\"elementor-tab-content-2624\" class=\"eael-accordion-content clearfix\" data-tab=\"4\" aria-labelledby=\"contenido-de-los-itinerarios-formativos\"><h4 style=\"text-align: center\"><strong>Activities will begin on \ud83d\udcc5 September 5<\/strong><\/h4><h4><span style=\"text-decoration: underline\"><strong>Itinerary I: consists of three training activities<\/strong><\/span><\/h4><ul><li><strong><a href=\"https:\/\/portal.madridemprende.es\/evento\/impulsa-tu-idea-con-las-habilidades-y-competencias-itinerario-i\/\" target=\"_blank\" rel=\"noopener\">Skills to undertake<\/a><\/strong><\/li><\/ul><p><strong>Boost your idea with the skills and competencies that will lead you to success<\/strong>. If you have a budding idea and\/or a business project, this activity interests you. It reflects and delves into aspects of entrepreneurship that are transversal and common to any sector of activity, such as self-knowledge, analysis of capabilities and skills, as well as providing resources and support tools that allow you to analyze options, define objectives and make decisions.<\/p><ul><li><a href=\"https:\/\/portal.madridemprende.es\/evento\/descubre-tu-poder-emprendedor-femenino-itinerario-i\/\" target=\"_blank\" rel=\"noopener\"><strong>Skills for women entrepreneurs<\/strong><\/a><\/li><\/ul><p><strong>Discover your female entrepreneurial power: Challenge the established<\/strong>. Activity focused on identifying self-leadership competencies and using tools to reduce women&#039;s refusal to undertake entrepreneurship, overcoming cultural reasons and greater risk aversion. Design and reinforcement of action strategies and improvement of skills with the aim of creating a positive gender impact among female entrepreneurs.<\/p><ul><li><a href=\"https:\/\/portal.madridemprende.es\/evento\/mejora-tu-capacidad-de-comunicacion-para-tener-exito\/\" target=\"_blank\" rel=\"noopener\"><strong>communication and\u00a0<\/strong><em><strong>elevator pitch<\/strong><\/em><\/a><\/li><\/ul><p><strong>Improve your communication skills to achieve personal and professional success.<\/strong> If you want to acquire the basic concepts of public speaking and keys to using the technique of\u00a0<em>elevator pitch<\/em>\u00a0in the presentation of your entrepreneurial project or as a sales pitch, sign up for this activity!<\/p><h4><span style=\"text-decoration: underline\"><strong>Itinerary II: consists of three training activities<\/strong><\/span><\/h4><ul><li><strong><a href=\"https:\/\/portal.madridemprende.es\/evento\/para-que-tu-proyecto-tenga-exito-necesitas-un-plan-itinerario-ii\/\" target=\"_blank\" rel=\"noopener\">Basics of the business plan. Economic-financial plan and financing<\/a><\/strong><\/li><\/ul><p><strong>For your project to be successful, you need a plan<\/strong>. Obtain the keys to develop a business plan with all its components, marketing, communication and sales, operations, HR, legal and economic-financial, performing an analysis to establish strategies, detect needs and monitor the business.<\/p><ul><li><strong><a href=\"https:\/\/portal.madridemprende.es\/evento\/en-busca-del-contrato-publico-itinerario-ii\/\" target=\"_blank\" rel=\"noopener\">Public procurement for SMEs and entrepreneurs<\/a><\/strong><\/li><\/ul><p><strong>In search of the public contract.<\/strong> You will learn about the functioning of the public sector and public procurement legislation from the company&#039;s point of view. You will detect business opportunities, prepare the company for the relationship with public administrations and analyze the documents for the preparation of offers and bidding.<\/p><ul><li><strong><a href=\"https:\/\/portal.madridemprende.es\/evento\/genera-impacto-positivo-en-tu-comunidad-itinerario-ii\/\" target=\"_blank\" rel=\"noopener\">Social entrepreneurship, sustainability and CSR<\/a><\/strong><\/li><\/ul><p><strong>Generate positive impact in your community. <\/strong>This activity will provide the fundamental concepts and characteristics of social entrepreneurship, differentiating it from social enterprises and introducing the application of the concepts of sustainable development and the application of corporate social responsibility.<\/p><h4><span style=\"text-decoration: underline\"><strong>Itinerary III: consists of two training activities<\/strong><\/span><\/h4><ul><li><strong><a href=\"https:\/\/portal.madridemprende.es\/evento\/transformando-negocios-en-la-era-digital-itinerario-iii\/\" target=\"_blank\" rel=\"noopener\">Digital transformation and creation of technology-based companies<\/a><\/strong><\/li><\/ul><p><strong>Transforming businesses in the digital age.<\/strong> Directed to<strong>\u00a0<\/strong>Promote the transformation process in the company, this training will show you the fundamental points to improve management, administration and production, marketing and sales processes, through the implementation of digital processes that allow you to achieve your objectives.<\/p><ul><li><strong><a href=\"https:\/\/portal.madridemprende.es\/evento\/tu-presencia-online-como-clave-del-exito-itinerario-iii\/\" target=\"_blank\" rel=\"noopener\">Digital Marketing and Web Design Fundamentals<\/a><\/strong><\/li><\/ul><p><strong>Your online presence as a key to success.<\/strong> You will discover the elements necessary to design and manage the business website of a project. In addition, they will give you tools so that you can have your online store in the near future.<\/p><\/div>\n\t\t\t\t\t<\/div><div class=\"eael-accordion-list\">\n\t\t\t\t\t<div id=\"calendario-de-los-itinerarios-formativos\" class=\"elementor-tab-title eael-accordion-header\" tabindex=\"0\" data-tab=\"5\" aria-controls=\"elementor-tab-content-2625\"><span class=\"eael-advanced-accordion-icon-closed\"><i aria-hidden=\"true\" class=\"fa-accordion-icon fas fa-plus\"><\/i><\/span><span class=\"eael-advanced-accordion-icon-opened\"><\/span><span class=\"eael-accordion-tab-title\">Calendar of Training Itineraries<\/span><i aria-hidden=\"true\" class=\"fa-toggle fas fa-angle-right\"><\/i><\/div><div id=\"elementor-tab-content-2625\" class=\"eael-accordion-content clearfix\" data-tab=\"5\" aria-labelledby=\"calendario-de-los-itinerarios-formativos\"><p><img decoding=\"async\" class=\"size-full wp-image-14612 aligncenter\" src=\"https:\/\/pre.madridemprende.anovagroup.es\/wp-content\/uploads\/2023\/10\/Edicion_3_v5.jpg\" alt=\"\" width=\"951\" height=\"696\" \/><\/p><\/div>\n\t\t\t\t\t<\/div><\/div>\t\t\t\t<\/div>\n\t\t\t\t<\/div>\n\t\t\t\t\t<\/div>\n\t\t<\/div>\n\t\t\t\t\t<\/div>\n\t\t<\/section>\n\t\t\t\t<\/div>","protected":false},"excerpt":{"rendered":"<p>Si quieres una formaci\u00f3n pr\u00e1ctica y en modalidad a tu conveniencia (presencial y videoconferencia) \u2026 \u00a1Te damos la bienvenida a los \ud83d\udda5 Itinerarios Formativos de #MadridEmprende! En estas formaciones se incluyen los temas m\u00e1s relevantes para poner en marcha tu negocio y el objetivo principal es tu formaci\u00f3n \u00f3ptima como persona emprendedora. Para ello, te [&hellip;]<\/p>\n","protected":false},"author":24,"featured_media":15672,"parent":0,"menu_order":0,"comment_status":"closed","ping_status":"closed","template":"","meta":{"_acf_changed":false,"footnotes":""},"paginas_cat":[],"class_list":["post-2804","page","type-page","status-publish","has-post-thumbnail","hentry"],"acf":[],"_links":{"self":[{"href":"https:\/\/test.madridemprende.anovagroup.es\/en\/wp-json\/wp\/v2\/pages\/2804","targetHints":{"allow":["GET"]}}],"collection":[{"href":"https:\/\/test.madridemprende.anovagroup.es\/en\/wp-json\/wp\/v2\/pages"}],"about":[{"href":"https:\/\/test.madridemprende.anovagroup.es\/en\/wp-json\/wp\/v2\/types\/page"}],"author":[{"embeddable":true,"href":"https:\/\/test.madridemprende.anovagroup.es\/en\/wp-json\/wp\/v2\/users\/24"}],"replies":[{"embeddable":true,"href":"https:\/\/test.madridemprende.anovagroup.es\/en\/wp-json\/wp\/v2\/comments?post=2804"}],"version-history":[{"count":0,"href":"https:\/\/test.madridemprende.anovagroup.es\/en\/wp-json\/wp\/v2\/pages\/2804\/revisions"}],"wp:featuredmedia":[{"embeddable":true,"href":"https:\/\/test.madridemprende.anovagroup.es\/en\/wp-json\/wp\/v2\/media\/15672"}],"wp:attachment":[{"href":"https:\/\/test.madridemprende.anovagroup.es\/en\/wp-json\/wp\/v2\/media?parent=2804"}],"wp:term":[{"taxonomy":"paginas_cat","embeddable":true,"href":"https:\/\/test.madridemprende.anovagroup.es\/en\/wp-json\/wp\/v2\/paginas_cat?post=2804"}],"curies":[{"name":"wp","href":"https:\/\/api.w.org\/{rel}","templated":true}]}}