{"id":2809,"date":"2021-11-15T13:52:26","date_gmt":"2021-11-15T12:52:26","guid":{"rendered":"https:\/\/origen.madridemprende.anovagroup.es\/?page_id=2809"},"modified":"2023-11-13T16:41:25","modified_gmt":"2023-11-13T15:41:25","slug":"formacion-virtual-tutorizada","status":"publish","type":"page","link":"https:\/\/test.madridemprende.anovagroup.es\/en\/formacion-virtual-tutorizada\/","title":{"rendered":"Tutored virtual training"},"content":{"rendered":"<div data-elementor-type=\"wp-page\" data-elementor-id=\"2809\" class=\"elementor elementor-2809\" data-elementor-post-type=\"page\">\n\t\t\t\t\t\t<section class=\"elementor-section elementor-top-section elementor-element elementor-element-2e530ad elementor-section-boxed elementor-section-height-default elementor-section-height-default\" data-id=\"2e530ad\" data-element_type=\"section\" data-e-type=\"section\">\n\t\t\t\t\t\t<div class=\"elementor-container elementor-column-gap-default\">\n\t\t\t\t\t<div class=\"elementor-column elementor-col-100 elementor-top-column elementor-element elementor-element-d64a92f\" data-id=\"d64a92f\" data-element_type=\"column\" data-e-type=\"column\">\n\t\t\t<div class=\"elementor-widget-wrap elementor-element-populated\">\n\t\t\t\t\t\t<div class=\"elementor-element elementor-element-8291c0f elementor-widget elementor-widget-image\" data-id=\"8291c0f\" data-element_type=\"widget\" data-e-type=\"widget\" data-widget_type=\"image.default\">\n\t\t\t\t<div class=\"elementor-widget-container\">\n\t\t\t\t\t\t\t\t\t\t\t\t\t\t\t<img fetchpriority=\"high\" decoding=\"async\" width=\"800\" height=\"200\" src=\"https:\/\/test.madridemprende.anovagroup.es\/wp-content\/uploads\/2023\/11\/FVT-web-1024x256.png\" class=\"attachment-large size-large wp-image-15740\" alt=\"\" srcset=\"https:\/\/test.madridemprende.anovagroup.es\/wp-content\/uploads\/2023\/11\/FVT-web-1024x256.png 1024w, https:\/\/test.madridemprende.anovagroup.es\/wp-content\/uploads\/2023\/11\/FVT-web-300x75.png 300w, https:\/\/test.madridemprende.anovagroup.es\/wp-content\/uploads\/2023\/11\/FVT-web-768x192.png 768w, https:\/\/test.madridemprende.anovagroup.es\/wp-content\/uploads\/2023\/11\/FVT-web-18x5.png 18w, https:\/\/test.madridemprende.anovagroup.es\/wp-content\/uploads\/2023\/11\/FVT-web.png 1200w\" sizes=\"(max-width: 800px) 100vw, 800px\" \/>\t\t\t\t\t\t\t\t\t\t\t\t\t\t\t<\/div>\n\t\t\t\t<\/div>\n\t\t\t\t<div class=\"elementor-element elementor-element-fe7e435 elementor-widget elementor-widget-text-editor\" data-id=\"fe7e435\" data-element_type=\"widget\" data-e-type=\"widget\" data-widget_type=\"text-editor.default\">\n\t\t\t\t<div class=\"elementor-widget-container\">\n\t\t\t\t\t\t\t\t\t<p>The <strong>program<\/strong> <strong>gratuitous<\/strong> of \ud83c\udf93 <strong>virtual tutored training<\/strong> It will enable you to acquire skills and abilities to launch your business idea, define commercial strategies and carry out business management, among others.<\/p><p>They are relevant topics, whether you want to undertake a business project or to improve an existing company. The objective is your excellent training as an entrepreneur.<\/p><p>If you want to participate in tutored virtual training you only need: entrepreneurial mentality, interest in training and that you have a business idea in the initial phase \ud83d\udcad or a business that you have recently created<em>.<\/em><\/p><h5 style=\"text-align: center\"><strong>L<\/strong><span style=\"font-weight: bold\">The activities will begin on \ud83d\udcc5 September 12<\/span><em><br \/><\/em><\/h5>\t\t\t\t\t\t\t\t<\/div>\n\t\t\t\t<\/div>\n\t\t\t\t<div class=\"elementor-element elementor-element-46a3107 elementor-widget elementor-widget-eael-adv-accordion\" data-id=\"46a3107\" data-element_type=\"widget\" data-e-type=\"widget\" data-widget_type=\"eael-adv-accordion.default\">\n\t\t\t\t<div class=\"elementor-widget-container\">\n\t\t\t\t\t            <div class=\"eael-adv-accordion\" id=\"eael-adv-accordion-46a3107\" data-scroll-on-click=\"no\" data-scroll-speed=\"300\" data-accordion-id=\"46a3107\" data-accordion-type=\"accordion\" data-toogle-speed=\"300\">\n            <div class=\"eael-accordion-list\">\n\t\t\t\t\t<div id=\"cmo-se-organizan-las-actividades\" class=\"elementor-tab-title eael-accordion-header\" tabindex=\"0\" data-tab=\"1\" aria-controls=\"elementor-tab-content-7401\"><span class=\"eael-advanced-accordion-icon-closed\"><i aria-hidden=\"true\" class=\"fa-accordion-icon fas fa-plus\"><\/i><\/span><span class=\"eael-advanced-accordion-icon-opened\"><\/span><span class=\"eael-accordion-tab-title\">How are the activities organized?<\/span><i aria-hidden=\"true\" class=\"fa-toggle fas fa-angle-right\"><\/i><\/div><div id=\"elementor-tab-content-7401\" class=\"eael-accordion-content clearfix\" data-tab=\"1\" aria-labelledby=\"cmo-se-organizan-las-actividades\"><p>Tutored virtual training is offered twice a year, in March and September. Each edition consists of\u00a0<strong>six activities<\/strong>It&#039;s different.<\/p><p>You can sign up for one or more activities since they are independent of each other, always keeping in mind that it is necessary that you complete all the virtual content \ud83d\udd04 that makes up each activity.<\/p><\/div>\n\t\t\t\t\t<\/div><div class=\"eael-accordion-list\">\n\t\t\t\t\t<div id=\"dnde-se-realizan\" class=\"elementor-tab-title eael-accordion-header\" tabindex=\"0\" data-tab=\"2\" aria-controls=\"elementor-tab-content-7402\"><span class=\"eael-advanced-accordion-icon-closed\"><i aria-hidden=\"true\" class=\"fa-accordion-icon fas fa-plus\"><\/i><\/span><span class=\"eael-advanced-accordion-icon-opened\"><\/span><span class=\"eael-accordion-tab-title\">Where are they made?<\/span><i aria-hidden=\"true\" class=\"fa-toggle fas fa-angle-right\"><\/i><\/div><div id=\"elementor-tab-content-7402\" class=\"eael-accordion-content clearfix\" data-tab=\"2\" aria-labelledby=\"dnde-se-realizan\"><p style=\"margin: 0cm;background: white\"><span style=\"font-family: 'Lato',sans-serif;color: #5d5d5d\">The training activities will be taught and developed in our\u00a0<strong><span style=\"font-family: 'Lato',sans-serif\">virtual platform <\/span><\/strong><a href=\"https:\/\/aula.madridemprende.es\/\" target=\"_blank\" rel=\"noopener\"><strong><span style=\"font-family: 'Lato',sans-serif;color: #cc3366;text-decoration: none\">Aula Emprende<\/span><\/strong><\/a>. <\/span><\/p><p style=\"margin: 0cm;background: white\"><span style=\"font-family: 'Lato',sans-serif;color: #5d5d5d\">will be accessible\u00a0<strong><span style=\"font-family: 'Lato',sans-serif\">24 hours a day, 7 days a week<\/span><\/strong>\u00a0and have a duration of\u00a0<strong><span style=\"font-family: 'Lato',sans-serif\">4 weeks<\/span><\/strong>, which is equivalent to 25 teaching hours.<\/span><\/p><p style=\"margin: 0cm;background: white\"><span style=\"font-family: 'Lato',sans-serif;color: #5d5d5d\">During these weeks, a\u00a0<strong><span style=\"font-family: 'Lato',sans-serif\">tutor<\/span><\/strong>\u00a0<strong><span style=\"font-family: 'Lato',sans-serif\">expert<\/span><\/strong>\u00a0will resolve your doubts and correct practical cases.<\/span><\/p><p style=\"margin: 0cm;background: white\"><span style=\"font-family: 'Lato',sans-serif;color: #5d5d5d\">At the end you will be able to download a document proving correct execution, according to the specific conditions of each training activity.<\/span><\/p><\/div>\n\t\t\t\t\t<\/div><div class=\"eael-accordion-list\">\n\t\t\t\t\t<div id=\"cmo-me-apunto\" class=\"elementor-tab-title eael-accordion-header\" tabindex=\"0\" data-tab=\"3\" aria-controls=\"elementor-tab-content-7403\"><span class=\"eael-advanced-accordion-icon-closed\"><i aria-hidden=\"true\" class=\"fa-accordion-icon fas fa-plus\"><\/i><\/span><span class=\"eael-advanced-accordion-icon-opened\"><\/span><span class=\"eael-accordion-tab-title\">How do I sign up?<\/span><i aria-hidden=\"true\" class=\"fa-toggle fas fa-angle-right\"><\/i><\/div><div id=\"elementor-tab-content-7403\" class=\"eael-accordion-content clearfix\" data-tab=\"3\" aria-labelledby=\"cmo-me-apunto\"><p>Each of the activities is published in our\u00a0<a href=\"https:\/\/portal.madridemprende.es\/agenda\" target=\"_blank\" rel=\"noopener\">schedule<\/a> of events so you can register \u270d and is also included in the weekly Madrid Emprende activities newsletter. (<a href=\"https:\/\/eur06.safelinks.protection.outlook.com\/?url=https%3A%2F%2Fpre.madridemprende.anovagroup.es%2Fsuscripcion-boletin%2F&amp;data=05%7C01%7Cgrajalmm%40madrid.es%7Cf21fa2f1e02641de119108daaabb9c6e%7Cb4532aa618954964b9c022b14444271b%7C0%7C0%7C638010020000402089%7CUnknown%7CTWFpbGZsb3d8eyJWIjoiMC4wLjAwMDAiLCJQIjoiV2luMzIiLCJBTiI6Ik1haWwiLCJXVCI6Mn0%3D%7C3000%7C%7C%7C&amp;sdata=9wNDalx%2Bkn0sPkzkYucaPrDmvJ7jiQ198m17xdDLJdw%3D&amp;reserved=0\" target=\"_blank\" rel=\"noopener\">Subscribe to our newsletter<\/a>).<\/p><p>Remember that attendance is free and places are limited, so prior registration is necessary, which will be pending admission.<\/p><\/div>\n\t\t\t\t\t<\/div><div class=\"eael-accordion-list\">\n\t\t\t\t\t<div id=\"contenido-de-las-actividades-formativas-virtuales\" class=\"elementor-tab-title eael-accordion-header\" tabindex=\"0\" data-tab=\"4\" aria-controls=\"elementor-tab-content-7404\"><span class=\"eael-advanced-accordion-icon-closed\"><i aria-hidden=\"true\" class=\"fa-accordion-icon fas fa-plus\"><\/i><\/span><span class=\"eael-advanced-accordion-icon-opened\"><\/span><span class=\"eael-accordion-tab-title\">Content of virtual training activities<\/span><i aria-hidden=\"true\" class=\"fa-toggle fas fa-angle-right\"><\/i><\/div><div id=\"elementor-tab-content-7404\" class=\"eael-accordion-content clearfix\" data-tab=\"4\" aria-labelledby=\"contenido-de-las-actividades-formativas-virtuales\"><h4 style=\"text-align: center\"><span style=\"color: #d5005b\">Activities will begin on \ud83d\udcc5 September 12<\/span><\/h4><ul><li><a href=\"https:\/\/portal.madridemprende.es\/evento\/domina-el-marketing-digital-y-haz-crecer-tu-negocio-en-el-mundo-online-online\/\" target=\"_blank\" rel=\"noopener\"><em><strong>Marketing<\/strong><\/em><strong>\u00a0digital and web design fundamentals<\/strong><\/a><\/li><\/ul><p><strong>Master digital marketing and grow your business in the online world!<\/strong> Focused on knowing the necessary elements to design and manage the business website of a project. In addition, tools will be given so that attendees can have access to their store in the near future\u00a0<em>on-line.<\/em><\/p><ul><li><a href=\"https:\/\/portal.madridemprende.es\/evento\/transformacion-digital-y-creacion-de-empresas-de-base-tecnologica-2\/\" target=\"_blank\" rel=\"noopener\"><strong>Digital transformation and creation of technology-based companies<\/strong><\/a><\/li><\/ul><p><strong>Innovation and technology: The path to the creation of technology-based companies.<\/strong> Addressed to<strong>\u00a0<\/strong>promote the transformation process in the company, showing the fundamental points to improve the management, administration and production processes,\u00a0<em>marketing<\/em>\u00a0and sales, through the implementation of digital processes that allow the achievement of these objectives.<\/p><ul><li><a href=\"https:\/\/portal.madridemprende.es\/evento\/conviertete-en-un-emprendedor-social-y-contribuye-al-cambio-construyendo-un-futuro-sostenible-online\/\" target=\"_blank\" rel=\"noopener\"><strong>Social entrepreneurship, sustainability and CSR<\/strong><\/a><\/li><\/ul><p><strong>Become a social entrepreneur and contribute to change by building a sustainable future!<\/strong> It will provide the concepts and fundamental characteristics of social entrepreneurship, highlighting the importance of the differences with social companies, introducing the application of the concepts of sustainable development in companies, and the application of corporate social responsibility.<\/p><ul><li><a href=\"https:\/\/portal.madridemprende.es\/evento\/descubre-el-poder-del-big-data-transforma-tu-organizacion-e-impulsa-tu-negocio-con-datos-inteligentes-online\/\" target=\"_blank\" rel=\"noopener\"><strong>Fundamentals\u00a0<\/strong><em><strong>big data<\/strong><\/em><\/a><\/li><\/ul><p><strong>Discover the power of big data: Transform your organization and boost your business with intelligent data.<\/strong> Its objective is to know and apply the\u00a0<em>big data<\/em>\u00a0as a basic tool integrated into the business.<\/p><ul><li><a href=\"https:\/\/portal.madridemprende.es\/evento\/desata-tu-potencial-emprendedor-domina-los-fundamentos-del-lean-startup-online\/\" target=\"_blank\" rel=\"noopener\"><strong>Fundamentals of\u00a0<\/strong><em><strong>lean startup<\/strong><\/em><\/a><\/li><\/ul><p><strong>Unleash your entrepreneurial potential: Master the fundamentals of lean startup<\/strong>. Oriented to know and put into practice the methodology\u00a0<em>lean startup<\/em>\u00a0to find the target market, evaluate with potential customers if the idea is a good opportunity, and promote innovation and creativity in business.<\/p><ul><li><a href=\"https:\/\/portal.madridemprende.es\/evento\/desarrolla-tu-plan-de-empresa-construye-tu-ruta-hacia-el-futuro-empresarial-online\/\" target=\"_blank\" rel=\"noopener\"><strong>Basics of the business plan. Economic-financial plan and financing<\/strong><\/a><\/li><\/ul><p><strong>Develop your business plan: Build your route to the business future.<\/strong> It will give the keys to those who, with an idea and\/or business model, need to develop a business plan with all its components,\u00a0<em>marketing,<\/em>\u00a0communication and sales, operations, HR, legal and economic-financial, carrying out an analysis to establish strategies, detect needs and monitor the business.<\/p><\/div>\n\t\t\t\t\t<\/div><div class=\"eael-accordion-list\">\n\t\t\t\t\t<div id=\"calendario-de-la-formacin-virtual-tutorizada\" class=\"elementor-tab-title eael-accordion-header\" tabindex=\"0\" data-tab=\"5\" aria-controls=\"elementor-tab-content-7405\"><span class=\"eael-advanced-accordion-icon-closed\"><i aria-hidden=\"true\" class=\"fa-accordion-icon fas fa-plus\"><\/i><\/span><span class=\"eael-advanced-accordion-icon-opened\"><\/span><span class=\"eael-accordion-tab-title\">Tutored virtual training calendar<\/span><i aria-hidden=\"true\" class=\"fa-toggle fas fa-angle-right\"><\/i><\/div><div id=\"elementor-tab-content-7405\" class=\"eael-accordion-content clearfix\" data-tab=\"5\" aria-labelledby=\"calendario-de-la-formacin-virtual-tutorizada\"><p><img decoding=\"async\" class=\"alignnone size-full wp-image-14665\" src=\"https:\/\/pre.madridemprende.anovagroup.es\/wp-content\/uploads\/2023\/08\/Calendario-FVT-.png\" alt=\"\" width=\"1195\" height=\"1102\" srcset=\"https:\/\/test.madridemprende.anovagroup.es\/wp-content\/uploads\/2023\/08\/Calendario-FVT-.png 1195w, https:\/\/test.madridemprende.anovagroup.es\/wp-content\/uploads\/2023\/08\/Calendario-FVT--300x277.png 300w, https:\/\/test.madridemprende.anovagroup.es\/wp-content\/uploads\/2023\/08\/Calendario-FVT--1024x944.png 1024w, https:\/\/test.madridemprende.anovagroup.es\/wp-content\/uploads\/2023\/08\/Calendario-FVT--768x708.png 768w, https:\/\/test.madridemprende.anovagroup.es\/wp-content\/uploads\/2023\/08\/Calendario-FVT--13x12.png 13w\" sizes=\"(max-width: 1195px) 100vw, 1195px\" \/><\/p><\/div>\n\t\t\t\t\t<\/div><\/div>\t\t\t\t<\/div>\n\t\t\t\t<\/div>\n\t\t\t\t<div class=\"elementor-element elementor-element-12e524d elementor-align-center elementor-widget elementor-widget-button\" data-id=\"12e524d\" data-element_type=\"widget\" data-e-type=\"widget\" data-widget_type=\"button.default\">\n\t\t\t\t<div class=\"elementor-widget-container\">\n\t\t\t\t\t\t\t\t\t<div class=\"elementor-button-wrapper\">\n\t\t\t\t\t<a class=\"elementor-button elementor-button-link elementor-size-lg\" href=\"https:\/\/aula.madridemprende.es\/\" target=\"_blank\" rel=\"nofollow\">\n\t\t\t\t\t\t<span class=\"elementor-button-content-wrapper\">\n\t\t\t\t\t\t\t\t\t<span class=\"elementor-button-text\">Access to Classroom Emprende<\/span>\n\t\t\t\t\t<\/span>\n\t\t\t\t\t<\/a>\n\t\t\t\t<\/div>\n\t\t\t\t\t\t\t\t<\/div>\n\t\t\t\t<\/div>\n\t\t\t\t\t<\/div>\n\t\t<\/div>\n\t\t\t\t\t<\/div>\n\t\t<\/section>\n\t\t\t\t<\/div>","protected":false},"excerpt":{"rendered":"<p>El programa gratuito de \ud83c\udf93 formaci\u00f3n virtual tutorizada te posibilitar\u00e1 la adquisici\u00f3n de habilidades y capacidades para la puesta en marcha de tu idea de negocio, \u00a0definir estrategias comerciales y desempe\u00f1ar la direcci\u00f3n empresarial, entre otras. Son tem\u00e1ticas relevantes, tanto si quieres emprender un proyecto empresarial como para \u00a0mejorar una empresa existente. El objetivo es [&hellip;]<\/p>\n","protected":false},"author":24,"featured_media":15740,"parent":0,"menu_order":0,"comment_status":"closed","ping_status":"closed","template":"","meta":{"_acf_changed":false,"footnotes":""},"paginas_cat":[],"class_list":["post-2809","page","type-page","status-publish","has-post-thumbnail","hentry"],"acf":[],"_links":{"self":[{"href":"https:\/\/test.madridemprende.anovagroup.es\/en\/wp-json\/wp\/v2\/pages\/2809","targetHints":{"allow":["GET"]}}],"collection":[{"href":"https:\/\/test.madridemprende.anovagroup.es\/en\/wp-json\/wp\/v2\/pages"}],"about":[{"href":"https:\/\/test.madridemprende.anovagroup.es\/en\/wp-json\/wp\/v2\/types\/page"}],"author":[{"embeddable":true,"href":"https:\/\/test.madridemprende.anovagroup.es\/en\/wp-json\/wp\/v2\/users\/24"}],"replies":[{"embeddable":true,"href":"https:\/\/test.madridemprende.anovagroup.es\/en\/wp-json\/wp\/v2\/comments?post=2809"}],"version-history":[{"count":0,"href":"https:\/\/test.madridemprende.anovagroup.es\/en\/wp-json\/wp\/v2\/pages\/2809\/revisions"}],"wp:featuredmedia":[{"embeddable":true,"href":"https:\/\/test.madridemprende.anovagroup.es\/en\/wp-json\/wp\/v2\/media\/15740"}],"wp:attachment":[{"href":"https:\/\/test.madridemprende.anovagroup.es\/en\/wp-json\/wp\/v2\/media?parent=2809"}],"wp:term":[{"taxonomy":"paginas_cat","embeddable":true,"href":"https:\/\/test.madridemprende.anovagroup.es\/en\/wp-json\/wp\/v2\/paginas_cat?post=2809"}],"curies":[{"name":"wp","href":"https:\/\/api.w.org\/{rel}","templated":true}]}}