{"id":3049,"date":"2021-11-17T10:15:12","date_gmt":"2021-11-17T09:15:12","guid":{"rendered":"https:\/\/origen.madridemprende.anovagroup.es\/?page_id=3049"},"modified":"2023-08-24T10:19:56","modified_gmt":"2023-08-24T08:19:56","slug":"suscripcion-boletin","status":"publish","type":"page","link":"https:\/\/test.madridemprende.anovagroup.es\/en\/suscripcion-boletin\/","title":{"rendered":"newsletter subscription"},"content":{"rendered":"<div data-elementor-type=\"wp-page\" data-elementor-id=\"3049\" class=\"elementor elementor-3049\" data-elementor-post-type=\"page\">\n\t\t\t\t\t\t<section class=\"elementor-section elementor-top-section elementor-element elementor-element-60737fe elementor-section-boxed elementor-section-height-default elementor-section-height-default\" data-id=\"60737fe\" data-element_type=\"section\" data-e-type=\"section\">\n\t\t\t\t\t\t<div class=\"elementor-container elementor-column-gap-default\">\n\t\t\t\t\t<div class=\"elementor-column elementor-col-100 elementor-top-column elementor-element elementor-element-8a4d6b8\" data-id=\"8a4d6b8\" data-element_type=\"column\" data-e-type=\"column\">\n\t\t\t<div class=\"elementor-widget-wrap elementor-element-populated\">\n\t\t\t\t\t\t<div class=\"elementor-element elementor-element-9fc5b15 elementor-widget elementor-widget-heading\" data-id=\"9fc5b15\" data-element_type=\"widget\" data-e-type=\"widget\" data-widget_type=\"heading.default\">\n\t\t\t\t<div class=\"elementor-widget-container\">\n\t\t\t\t\t<h1 class=\"elementor-heading-title elementor-size-default\">Subscribe to our newsletter<\/h1>\t\t\t\t<\/div>\n\t\t\t\t<\/div>\n\t\t\t\t<div class=\"elementor-element elementor-element-ae445bb elementor-widget elementor-widget-text-editor\" data-id=\"ae445bb\" data-element_type=\"widget\" data-e-type=\"widget\" data-widget_type=\"text-editor.default\">\n\t\t\t\t<div class=\"elementor-widget-container\">\n\t\t\t\t\t\t\t\t\t<p>To be aware of our Madrid Emprende news, subscribe to our newsletter.<\/p>\t\t\t\t\t\t\t\t<\/div>\n\t\t\t\t<\/div>\n\t\t\t\t<section class=\"elementor-section elementor-inner-section elementor-element elementor-element-dc2c690 elementor-section-boxed elementor-section-height-default elementor-section-height-default\" data-id=\"dc2c690\" data-element_type=\"section\" data-e-type=\"section\">\n\t\t\t\t\t\t<div class=\"elementor-container elementor-column-gap-default\">\n\t\t\t\t\t<div class=\"elementor-column elementor-col-100 elementor-inner-column elementor-element elementor-element-bd3b6fc\" data-id=\"bd3b6fc\" data-element_type=\"column\" data-e-type=\"column\">\n\t\t\t<div class=\"elementor-widget-wrap elementor-element-populated\">\n\t\t\t\t\t\t<div class=\"elementor-element elementor-element-bf0935f elementor-widget elementor-widget-html\" data-id=\"bf0935f\" data-element_type=\"widget\" data-e-type=\"widget\" data-widget_type=\"html.default\">\n\t\t\t\t<div class=\"elementor-widget-container\">\n\t\t\t\t\t<iframe data-w-type=\"embedded\" frameborder=\"0\" scrolling=\"no\" marginheight=\"0\" marginwidth=\"0\" src=\"https:\/\/03lx5.mjt.lu\/wgt\/03lx5\/s85\/form?c=56b6a00d\" width=\"100%\"><\/iframe>\r\n\r\n<script type=\"text\/javascript\" src=\"https:\/\/app.mailjet.com\/pas-nc-embedded-v1.js\"><\/script>\r\n\r\n\t\t\t\t<\/div>\n\t\t\t\t<\/div>\n\t\t\t\t\t<\/div>\n\t\t<\/div>\n\t\t\t\t\t<\/div>\n\t\t<\/section>\n\t\t<!-- dce invisible element c5a9474 -->\t\t<div class=\"elementor-element elementor-element-7a802cd elementor-widget elementor-widget-text-editor\" data-id=\"7a802cd\" data-element_type=\"widget\" data-e-type=\"widget\" data-widget_type=\"text-editor.default\">\n\t\t\t\t<div class=\"elementor-widget-container\">\n\t\t\t\t\t\t\t\t\t<p><strong>Protection of personal data: BASIC INFORMATION<\/strong><\/p>\n<p>The data collected will be incorporated and processed in the activity of \u201c<strong>COMPREHENSIVE SUPPORT FOR ENTREPRENEURSHIP<\/strong>\u201d, responsibility of the General Directorate of Entrepreneurship, located at Calle Pr\u00edncipe de Vergara, 140, with the purpose of advising, promoting and supporting the creation and consolidation of new companies, as well as training entrepreneurs and businessmen with conferences, workshops and other networking activities of special interest to the entrepreneurial ecosystem. Data processing is legitimized by the consent of the interested parties. The data may not be transferred to third parties except in the cases provided for in current regulations on the protection of personal data. Data Protection Delegation:&nbsp;<a href=\"malito:oficprotecciondatos@madrid.es\">oficprotecciondatos@madrid.es<\/a><\/p>\t\t\t\t\t\t\t\t<\/div>\n\t\t\t\t<\/div>\n\t\t\t\t\t<\/div>\n\t\t<\/div>\n\t\t\t\t\t<\/div>\n\t\t<\/section>\n\t\t\t\t<\/div>","protected":false},"excerpt":{"rendered":"<p>Suscr\u00edbete a nuestro bolet\u00edn Para estar al tanto de nuestras novedades de Madrid Emprende, suscr\u00edbete a nuestro bolet\u00edn. \u00bfNo deseas recibir m\u00e1s nuestros boletines? Desuscr\u00edbete desde el siguiente enlace. Protecci\u00f3n de datos de car\u00e1cter personal: INFORMACI\u00d3N B\u00c1SICA Los datos recabados ser\u00e1n incorporados y tratados en la actividad de \u201cAPOYO INTEGRAL AL EMPRENDIMIENTO\u201d, responsabilidad de la [&hellip;]<\/p>\n","protected":false},"author":24,"featured_media":0,"parent":0,"menu_order":0,"comment_status":"closed","ping_status":"closed","template":"","meta":{"_acf_changed":false,"footnotes":""},"paginas_cat":[],"class_list":["post-3049","page","type-page","status-publish","hentry"],"acf":[],"_links":{"self":[{"href":"https:\/\/test.madridemprende.anovagroup.es\/en\/wp-json\/wp\/v2\/pages\/3049","targetHints":{"allow":["GET"]}}],"collection":[{"href":"https:\/\/test.madridemprende.anovagroup.es\/en\/wp-json\/wp\/v2\/pages"}],"about":[{"href":"https:\/\/test.madridemprende.anovagroup.es\/en\/wp-json\/wp\/v2\/types\/page"}],"author":[{"embeddable":true,"href":"https:\/\/test.madridemprende.anovagroup.es\/en\/wp-json\/wp\/v2\/users\/24"}],"replies":[{"embeddable":true,"href":"https:\/\/test.madridemprende.anovagroup.es\/en\/wp-json\/wp\/v2\/comments?post=3049"}],"version-history":[{"count":0,"href":"https:\/\/test.madridemprende.anovagroup.es\/en\/wp-json\/wp\/v2\/pages\/3049\/revisions"}],"wp:attachment":[{"href":"https:\/\/test.madridemprende.anovagroup.es\/en\/wp-json\/wp\/v2\/media?parent=3049"}],"wp:term":[{"taxonomy":"paginas_cat","embeddable":true,"href":"https:\/\/test.madridemprende.anovagroup.es\/en\/wp-json\/wp\/v2\/paginas_cat?post=3049"}],"curies":[{"name":"wp","href":"https:\/\/api.w.org\/{rel}","templated":true}]}}