{"id":3245,"date":"2021-11-17T16:44:58","date_gmt":"2021-11-17T15:44:58","guid":{"rendered":"https:\/\/origen.madridemprende.anovagroup.es\/?page_id=3245"},"modified":"2023-04-17T13:51:09","modified_gmt":"2023-04-17T11:51:09","slug":"ventanilla-unica-del-emprendedor","status":"publish","type":"page","link":"https:\/\/test.madridemprende.anovagroup.es\/en\/ventanilla-unica-del-emprendedor\/","title":{"rendered":"Entrepreneur Unique Window"},"content":{"rendered":"<div data-elementor-type=\"wp-page\" data-elementor-id=\"3245\" class=\"elementor elementor-3245\" data-elementor-post-type=\"page\">\n\t\t\t\t\t\t<section class=\"elementor-section elementor-top-section elementor-element elementor-element-9551f71 elementor-section-boxed elementor-section-height-default elementor-section-height-default\" data-id=\"9551f71\" data-element_type=\"section\" data-e-type=\"section\">\n\t\t\t\t\t\t<div class=\"elementor-container elementor-column-gap-default\">\n\t\t\t\t\t<div class=\"elementor-column elementor-col-100 elementor-top-column elementor-element elementor-element-97c9cdc\" data-id=\"97c9cdc\" data-element_type=\"column\" data-e-type=\"column\">\n\t\t\t<div class=\"elementor-widget-wrap elementor-element-populated\">\n\t\t\t\t\t\t<div class=\"elementor-element elementor-element-77e83d4 elementor-widget elementor-widget-template\" data-id=\"77e83d4\" data-element_type=\"widget\" data-e-type=\"widget\" data-widget_type=\"template.default\">\n\t\t\t\t<div class=\"elementor-widget-container\">\n\t\t\t\t\t\t\t<div class=\"elementor-template\">\n\t\t\t\t\t<div data-elementor-type=\"single-page\" data-elementor-id=\"12760\" class=\"elementor elementor-12760\" data-elementor-post-type=\"elementor_library\">\n\t\t\t<div class=\"elementor-element elementor-element-4bd23ce e-flex e-con-boxed e-con e-parent\" data-id=\"4bd23ce\" data-element_type=\"container\" data-e-type=\"container\">\n\t\t\t\t\t<div class=\"e-con-inner\">\n\t\t\t\t<div class=\"elementor-element elementor-element-05eb3be elementor-widget elementor-widget-text-editor\" data-id=\"05eb3be\" data-element_type=\"widget\" data-e-type=\"widget\" data-widget_type=\"text-editor.default\">\n\t\t\t\t<div class=\"elementor-widget-container\">\n\t\t\t\t\t\t\t\t\t<p>We offer a set of free advisory services for entrepreneurs, with the sole objective of supporting and resolving all the doubts that arise from the moment you consider the business idea.<\/p><p>It&#039;s a <b>public service<\/b> for:<\/p>\t\t\t\t\t\t\t\t<\/div>\n\t\t\t\t<\/div>\n\t\t<div class=\"elementor-element elementor-element-77d26c5 e-con-full e-flex e-con e-child\" data-id=\"77d26c5\" data-element_type=\"container\" data-e-type=\"container\">\n\t\t<div class=\"elementor-element elementor-element-211039d e-con-full e-flex e-con e-child\" data-id=\"211039d\" data-element_type=\"container\" data-e-type=\"container\">\n\t\t\t\t<div class=\"elementor-element elementor-element-6691b7f elementor-view-default elementor-widget elementor-widget-icon\" data-id=\"6691b7f\" data-element_type=\"widget\" data-e-type=\"widget\" data-widget_type=\"icon.default\">\n\t\t\t\t<div class=\"elementor-widget-container\">\n\t\t\t\t\t\t\t<div class=\"elementor-icon-wrapper\">\n\t\t\t<div class=\"elementor-icon\">\n\t\t\t<i aria-hidden=\"true\" class=\"fas fa-exclamation\"><\/i>\t\t\t<\/div>\n\t\t<\/div>\n\t\t\t\t\t\t<\/div>\n\t\t\t\t<\/div>\n\t\t\t\t<div class=\"elementor-element elementor-element-b4024fb elementor-widget elementor-widget-heading\" data-id=\"b4024fb\" data-element_type=\"widget\" data-e-type=\"widget\" data-widget_type=\"heading.default\">\n\t\t\t\t<div class=\"elementor-widget-container\">\n\t\t\t\t\t<p class=\"elementor-heading-title elementor-size-default\">Inform about legal forms<\/p>\t\t\t\t<\/div>\n\t\t\t\t<\/div>\n\t\t\t\t<\/div>\n\t\t<div class=\"elementor-element elementor-element-9048ed7 e-con-full e-flex e-con e-child\" data-id=\"9048ed7\" data-element_type=\"container\" data-e-type=\"container\">\n\t\t\t\t<div class=\"elementor-element elementor-element-0ac8f43 elementor-view-default elementor-widget elementor-widget-icon\" data-id=\"0ac8f43\" data-element_type=\"widget\" data-e-type=\"widget\" data-widget_type=\"icon.default\">\n\t\t\t\t<div class=\"elementor-widget-container\">\n\t\t\t\t\t\t\t<div class=\"elementor-icon-wrapper\">\n\t\t\t<div class=\"elementor-icon\">\n\t\t\t<i aria-hidden=\"true\" class=\"fas fa-briefcase\"><\/i>\t\t\t<\/div>\n\t\t<\/div>\n\t\t\t\t\t\t<\/div>\n\t\t\t\t<\/div>\n\t\t\t\t<div class=\"elementor-element elementor-element-119f8f3 elementor-widget elementor-widget-heading\" data-id=\"119f8f3\" data-element_type=\"widget\" data-e-type=\"widget\" data-widget_type=\"heading.default\">\n\t\t\t\t<div class=\"elementor-widget-container\">\n\t\t\t\t\t<p class=\"elementor-heading-title elementor-size-default\">Asesorar sobre la forma jur\u00eddica m\u00e1s ide\u00f3nea <\/p>\t\t\t\t<\/div>\n\t\t\t\t<\/div>\n\t\t\t\t<\/div>\n\t\t<div class=\"elementor-element elementor-element-aa4c903 e-con-full e-flex e-con e-child\" data-id=\"aa4c903\" data-element_type=\"container\" data-e-type=\"container\">\n\t\t<div class=\"elementor-element elementor-element-49062af e-con-full e-flex e-con e-child\" data-id=\"49062af\" data-element_type=\"container\" data-e-type=\"container\">\n\t\t<div class=\"elementor-element elementor-element-350ebd9 e-con-full e-flex e-con e-child\" data-id=\"350ebd9\" data-element_type=\"container\" data-e-type=\"container\">\n\t\t\t\t<div class=\"elementor-element elementor-element-0e6312f elementor-view-default elementor-widget elementor-widget-icon\" data-id=\"0e6312f\" data-element_type=\"widget\" data-e-type=\"widget\" data-widget_type=\"icon.default\">\n\t\t\t\t<div class=\"elementor-widget-container\">\n\t\t\t\t\t\t\t<div class=\"elementor-icon-wrapper\">\n\t\t\t<div class=\"elementor-icon\">\n\t\t\t<i aria-hidden=\"true\" class=\"far fa-file-alt\"><\/i>\t\t\t<\/div>\n\t\t<\/div>\n\t\t\t\t\t\t<\/div>\n\t\t\t\t<\/div>\n\t\t\t\t<div class=\"elementor-element elementor-element-533035e elementor-widget elementor-widget-heading\" data-id=\"533035e\" data-element_type=\"widget\" data-e-type=\"widget\" data-widget_type=\"heading.default\">\n\t\t\t\t<div class=\"elementor-widget-container\">\n\t\t\t\t\t<p class=\"elementor-heading-title elementor-size-default\">Manual<\/p>\t\t\t\t<\/div>\n\t\t\t\t<\/div>\n\t\t\t\t<\/div>\n\t\t<div class=\"elementor-element elementor-element-b9b3aa8 e-con-full e-flex e-con e-child\" data-id=\"b9b3aa8\" data-element_type=\"container\" data-e-type=\"container\">\n\t\t\t\t<div class=\"elementor-element elementor-element-93b1c02 elementor-view-default elementor-widget elementor-widget-icon\" data-id=\"93b1c02\" data-element_type=\"widget\" data-e-type=\"widget\" data-widget_type=\"icon.default\">\n\t\t\t\t<div class=\"elementor-widget-container\">\n\t\t\t\t\t\t\t<div class=\"elementor-icon-wrapper\">\n\t\t\t<div class=\"elementor-icon\">\n\t\t\t<i aria-hidden=\"true\" class=\"fas fa-tv\"><\/i>\t\t\t<\/div>\n\t\t<\/div>\n\t\t\t\t\t\t<\/div>\n\t\t\t\t<\/div>\n\t\t\t\t<div class=\"elementor-element elementor-element-1ed7e31 elementor-widget elementor-widget-heading\" data-id=\"1ed7e31\" data-element_type=\"widget\" data-e-type=\"widget\" data-widget_type=\"heading.default\">\n\t\t\t\t<div class=\"elementor-widget-container\">\n\t\t\t\t\t<p class=\"elementor-heading-title elementor-size-default\">Simulador<\/p>\t\t\t\t<\/div>\n\t\t\t\t<\/div>\n\t\t\t\t<\/div>\n\t\t\t\t<\/div>\n\t\t\t\t<div class=\"elementor-element elementor-element-fb57715 elementor-widget elementor-widget-heading\" data-id=\"fb57715\" data-element_type=\"widget\" data-e-type=\"widget\" data-widget_type=\"heading.default\">\n\t\t\t\t<div class=\"elementor-widget-container\">\n\t\t\t\t\t<p class=\"elementor-heading-title elementor-size-default\">Tutorizar y tutelar tu plan de empresa<\/p>\t\t\t\t<\/div>\n\t\t\t\t<\/div>\n\t\t\t\t<\/div>\n\t\t\t\t<\/div>\n\t\t<div class=\"elementor-element elementor-element-19d4ca5 e-con-full e-flex e-con e-child\" data-id=\"19d4ca5\" data-element_type=\"container\" data-e-type=\"container\">\n\t\t<div class=\"elementor-element elementor-element-8266277 e-con-full e-flex e-con e-child\" data-id=\"8266277\" data-element_type=\"container\" data-e-type=\"container\">\n\t\t\t\t<div class=\"elementor-element elementor-element-2b446e3 elementor-view-default elementor-widget elementor-widget-icon\" data-id=\"2b446e3\" data-element_type=\"widget\" data-e-type=\"widget\" data-widget_type=\"icon.default\">\n\t\t\t\t<div class=\"elementor-widget-container\">\n\t\t\t\t\t\t\t<div class=\"elementor-icon-wrapper\">\n\t\t\t<div class=\"elementor-icon\">\n\t\t\t<i aria-hidden=\"true\" class=\"fas fa-users\"><\/i>\t\t\t<\/div>\n\t\t<\/div>\n\t\t\t\t\t\t<\/div>\n\t\t\t\t<\/div>\n\t\t\t\t<div class=\"elementor-element elementor-element-188a873 elementor-widget elementor-widget-heading\" data-id=\"188a873\" data-element_type=\"widget\" data-e-type=\"widget\" data-widget_type=\"heading.default\">\n\t\t\t\t<div class=\"elementor-widget-container\">\n\t\t\t\t\t<p class=\"elementor-heading-title elementor-size-default\">Evaluate if your project responds to the concept of social entrepreneurship and its viability<\/p>\t\t\t\t<\/div>\n\t\t\t\t<\/div>\n\t\t\t\t<\/div>\n\t\t<div class=\"elementor-element elementor-element-4a1b8ae e-con-full e-flex e-con e-child\" data-id=\"4a1b8ae\" data-element_type=\"container\" data-e-type=\"container\">\n\t\t\t\t<div class=\"elementor-element elementor-element-e96d5f6 elementor-view-default elementor-widget elementor-widget-icon\" data-id=\"e96d5f6\" data-element_type=\"widget\" data-e-type=\"widget\" data-widget_type=\"icon.default\">\n\t\t\t\t<div class=\"elementor-widget-container\">\n\t\t\t\t\t\t\t<div class=\"elementor-icon-wrapper\">\n\t\t\t<div class=\"elementor-icon\">\n\t\t\t<i aria-hidden=\"true\" class=\"fas fa-euro-sign\"><\/i>\t\t\t<\/div>\n\t\t<\/div>\n\t\t\t\t\t\t<\/div>\n\t\t\t\t<\/div>\n\t\t\t\t<div class=\"elementor-element elementor-element-8be955e elementor-widget elementor-widget-heading\" data-id=\"8be955e\" data-element_type=\"widget\" data-e-type=\"widget\" data-widget_type=\"heading.default\">\n\t\t\t\t<div class=\"elementor-widget-container\">\n\t\t\t\t\t<p class=\"elementor-heading-title elementor-size-default\">Study and assess the viability of your business plan to apply for bank financing<\/p>\t\t\t\t<\/div>\n\t\t\t\t<\/div>\n\t\t\t\t<\/div>\n\t\t<div class=\"elementor-element elementor-element-6784308 e-con-full e-flex e-con e-child\" data-id=\"6784308\" data-element_type=\"container\" data-e-type=\"container\">\n\t\t\t\t<div class=\"elementor-element elementor-element-4b16779 elementor-view-default elementor-widget elementor-widget-icon\" data-id=\"4b16779\" data-element_type=\"widget\" data-e-type=\"widget\" data-widget_type=\"icon.default\">\n\t\t\t\t<div class=\"elementor-widget-container\">\n\t\t\t\t\t\t\t<div class=\"elementor-icon-wrapper\">\n\t\t\t<div class=\"elementor-icon\">\n\t\t\t<i aria-hidden=\"true\" class=\"fas fa-robot\"><\/i>\t\t\t<\/div>\n\t\t<\/div>\n\t\t\t\t\t\t<\/div>\n\t\t\t\t<\/div>\n\t\t\t\t<div class=\"elementor-element elementor-element-97451da elementor-widget elementor-widget-heading\" data-id=\"97451da\" data-element_type=\"widget\" data-e-type=\"widget\" data-widget_type=\"heading.default\">\n\t\t\t\t<div class=\"elementor-widget-container\">\n\t\t\t\t\t<p class=\"elementor-heading-title elementor-size-default\">Inform about the resources to evaluate your technological project<\/p>\t\t\t\t<\/div>\n\t\t\t\t<\/div>\n\t\t\t\t<\/div>\n\t\t\t\t<\/div>\n\t\t\t\t<div class=\"elementor-element elementor-element-2dbd49d elementor-widget elementor-widget-menu-anchor\" data-id=\"2dbd49d\" data-element_type=\"widget\" data-e-type=\"widget\" data-widget_type=\"menu-anchor.default\">\n\t\t\t\t<div class=\"elementor-widget-container\">\n\t\t\t\t\t\t\t<div class=\"elementor-menu-anchor\" id=\"VUE\"><\/div>\n\t\t\t\t\t\t<\/div>\n\t\t\t\t<\/div>\n\t\t\t\t<div class=\"elementor-element elementor-element-9984258 elementor-widget elementor-widget-heading\" data-id=\"9984258\" data-element_type=\"widget\" data-e-type=\"widget\" data-widget_type=\"heading.default\">\n\t\t\t\t<div class=\"elementor-widget-container\">\n\t\t\t\t\t<h2 class=\"elementor-heading-title elementor-size-default\">Where we are?<\/h2>\t\t\t\t<\/div>\n\t\t\t\t<\/div>\n\t\t<div class=\"elementor-element elementor-element-e6b58ad e-con-full e-grid e-con e-child\" data-id=\"e6b58ad\" data-element_type=\"container\" data-e-type=\"container\">\n\t\t<div class=\"elementor-element elementor-element-34ab2ad e-con-full e-flex e-con e-child\" data-id=\"34ab2ad\" data-element_type=\"container\" data-e-type=\"container\" data-settings=\"{&quot;background_background&quot;:&quot;classic&quot;}\">\n\t\t\t\t<div class=\"elementor-element elementor-element-b0d0381 elementor-widget elementor-widget-heading\" data-id=\"b0d0381\" data-element_type=\"widget\" data-e-type=\"widget\" data-widget_type=\"heading.default\">\n\t\t\t\t<div class=\"elementor-widget-container\">\n\t\t\t\t\t<h3 class=\"elementor-heading-title elementor-size-default\">Ventanilla \u00fanica del emprendedor<\/h3>\t\t\t\t<\/div>\n\t\t\t\t<\/div>\n\t\t\t\t<div class=\"elementor-element elementor-element-25a864a elementor-widget elementor-widget-text-editor\" data-id=\"25a864a\" data-element_type=\"widget\" data-e-type=\"widget\" data-widget_type=\"text-editor.default\">\n\t\t\t\t<div class=\"elementor-widget-container\">\n\t\t\t\t\t\t\t\t\t<p>It&#039;s a\u00a0<strong>unique space<\/strong>\u00a0to carry out your business initiative. It&#039;s about a <strong>centralized information space<\/strong> on entrepreneurship, steps and administrative procedures for the creation of companies and on aid, subsidies, bank credit lines and other available resources to support entrepreneurs.<\/p><p>In addition, at the VUE, we offer technical advice on the adaptation of commercial premises for the start of economic activities.<\/p><p>We are on the street\u00a0<a href=\"https:\/\/goo.gl\/maps\/y4EKPLD43Zz\" target=\"_blank\" rel=\"noopener\">Prince of Vergara 140<\/a>\u00a0entrance through c\/ Cartagena, 178. 28002 \u2013 Madrid.<br \/>Hours of operation are Monday through Thursday from 8:45 a.m. to 5:00 p.m. and Friday from 9:00 a.m. to 2:00 p.m.<\/p><ul><li>For\u00a0<strong>face-to-face care\u00a0<\/strong>essential to request\u00a0<em><strong><a href=\"https:\/\/pre.madridemprende.anovagroup.es\/cita-previa\/\">online appointment<\/a><\/strong><\/em><\/li><li>For\u00a0<strong>telematic attention<\/strong>\u00a0complete the <a href=\"https:\/\/www.madrid.es\/portales\/munimadrid\/es\/FormularioElectronico\/Inicio\/Buscador\/Solicitud-de-asesoramiento-en-la-Ventanilla-Unica-del-Emprendedor\/?vgnextfmt=default&amp;vgnextoid=5f5e835eb04ce710VgnVCM1000001d4a900aRCRD&amp;vgnextchannel=7db8fc12aa936610VgnVCM1000008a4a900aRCRD\" target=\"_blank\" rel=\"noopener\">Contact Form<\/a> and we will answer you as soon as possible<\/li><\/ul>\t\t\t\t\t\t\t\t<\/div>\n\t\t\t\t<\/div>\n\t\t\t\t<\/div>\n\t\t<div class=\"elementor-element elementor-element-997b3b4 e-con-full e-flex e-con e-child\" data-id=\"997b3b4\" data-element_type=\"container\" data-e-type=\"container\" data-settings=\"{&quot;background_background&quot;:&quot;classic&quot;}\">\n\t\t\t\t<div class=\"elementor-element elementor-element-d92cb0d elementor-widget elementor-widget-heading\" data-id=\"d92cb0d\" data-element_type=\"widget\" data-e-type=\"widget\" data-widget_type=\"heading.default\">\n\t\t\t\t<div class=\"elementor-widget-container\">\n\t\t\t\t\t<h3 class=\"elementor-heading-title elementor-size-default\">Network of business incubators<\/h3>\t\t\t\t<\/div>\n\t\t\t\t<\/div>\n\t\t\t\t<div class=\"elementor-element elementor-element-c6a482c elementor-widget elementor-widget-text-editor\" data-id=\"c6a482c\" data-element_type=\"widget\" data-e-type=\"widget\" data-widget_type=\"text-editor.default\">\n\t\t\t\t<div class=\"elementor-widget-container\">\n\t\t\t\t\t\t\t\t\t<p>In the network of business incubators we also offer you a free advice service for entrepreneurs.<\/p><p>We offer you information about entrepreneurship, the steps and administrative procedures for business creation and about aid, subsidies, bank credit lines and other available resources to support entrepreneurs.<\/p><p><strong>Where we are?<\/strong><\/p><ul><li><a href=\"https:\/\/pre.madridemprende.anovagroup.es\/viveros\/vivero-de-carabanchel\/\">Carabanchel business incubator<\/a>\u00a0c\/ Cidro, 3. 28044 Madrid.<\/li><li><a href=\"https:\/\/pre.madridemprende.anovagroup.es\/viveros\/vivero-de-moratalaz\/\">Moratalaz business incubator<\/a><strong>\u00a0<\/strong>\u00a0c\/ Camino de los Vinateros, 106. 28030 Madrid<\/li><li><a href=\"https:\/\/pre.madridemprende.anovagroup.es\/viveros\/vivero-de-pte-vallecas\/\">Puente de Vallecas business incubator<\/a>\u00a0c\/ Diligence, 9. 28018 Madrid<\/li><li><a href=\"https:\/\/pre.madridemprende.anovagroup.es\/viveros\/vivero-de-san-blas\/\">San Blas business incubator<\/a>\u00a0\u00a0c\/ Alcal\u00e1, 586. 28022 Madrid.<\/li><li><a href=\"https:\/\/pre.madridemprende.anovagroup.es\/viveros\/vivero-de-vicalvaro\/\">Vic\u00e1lvaro business incubator<\/a>\u00a0\u00a0c\/ Villablanca, 85. 28032 Madrid.<\/li><li><a href=\"https:\/\/pre.madridemprende.anovagroup.es\/viveros\/vivero-de-villaverde\/\">Villaverde business incubator<\/a>\u00a0\u00a0Orovilla Avenue, 54. 28041 Madrid.<\/li><li><a href=\"https:\/\/pre.madridemprende.anovagroup.es\/viveros\/madrid-food-innovation-hub\/\">Madrid Food Innovation Hub<\/a> Paseo de Alberto Palacios 13. 28021 Madrid<\/li><\/ul>\t\t\t\t\t\t\t\t<\/div>\n\t\t\t\t<\/div>\n\t\t\t\t<\/div>\n\t\t\t\t<\/div>\n\t\t\t\t<div class=\"elementor-element elementor-element-a68365c elementor-align-center elementor-widget elementor-widget-button\" data-id=\"a68365c\" data-element_type=\"widget\" data-e-type=\"widget\" data-widget_type=\"button.default\">\n\t\t\t\t<div class=\"elementor-widget-container\">\n\t\t\t\t\t\t\t\t\t<div class=\"elementor-button-wrapper\">\n\t\t\t\t\t<a class=\"elementor-button elementor-button-link elementor-size-lg\" href=\"https:\/\/test.madridemprende.anovagroup.es\/en\/cita-previa\/\">\n\t\t\t\t\t\t<span class=\"elementor-button-content-wrapper\">\n\t\t\t\t\t\t\t\t\t<span class=\"elementor-button-text\">Request an appointment<\/span>\n\t\t\t\t\t<\/span>\n\t\t\t\t\t<\/a>\n\t\t\t\t<\/div>\n\t\t\t\t\t\t\t\t<\/div>\n\t\t\t\t<\/div>\n\t\t\t\t\t<\/div>\n\t\t\t\t<\/div>\n\t\t\t\t<\/div>\n\t\t\t\t<\/div>\n\t\t\t\t\t\t<\/div>\n\t\t\t\t<\/div>\n\t\t\t\t\t<\/div>\n\t\t<\/div>\n\t\t\t\t\t<\/div>\n\t\t<\/section>\n\t\t\t\t<\/div>","protected":false},"excerpt":{"rendered":"","protected":false},"author":24,"featured_media":0,"parent":0,"menu_order":0,"comment_status":"closed","ping_status":"closed","template":"","meta":{"_acf_changed":false,"footnotes":""},"paginas_cat":[],"class_list":["post-3245","page","type-page","status-publish","hentry"],"acf":[],"_links":{"self":[{"href":"https:\/\/test.madridemprende.anovagroup.es\/en\/wp-json\/wp\/v2\/pages\/3245","targetHints":{"allow":["GET"]}}],"collection":[{"href":"https:\/\/test.madridemprende.anovagroup.es\/en\/wp-json\/wp\/v2\/pages"}],"about":[{"href":"https:\/\/test.madridemprende.anovagroup.es\/en\/wp-json\/wp\/v2\/types\/page"}],"author":[{"embeddable":true,"href":"https:\/\/test.madridemprende.anovagroup.es\/en\/wp-json\/wp\/v2\/users\/24"}],"replies":[{"embeddable":true,"href":"https:\/\/test.madridemprende.anovagroup.es\/en\/wp-json\/wp\/v2\/comments?post=3245"}],"version-history":[{"count":0,"href":"https:\/\/test.madridemprende.anovagroup.es\/en\/wp-json\/wp\/v2\/pages\/3245\/revisions"}],"wp:attachment":[{"href":"https:\/\/test.madridemprende.anovagroup.es\/en\/wp-json\/wp\/v2\/media?parent=3245"}],"wp:term":[{"taxonomy":"paginas_cat","embeddable":true,"href":"https:\/\/test.madridemprende.anovagroup.es\/en\/wp-json\/wp\/v2\/paginas_cat?post=3245"}],"curies":[{"name":"wp","href":"https:\/\/api.w.org\/{rel}","templated":true}]}}