{"id":4680,"date":"2021-12-21T10:51:41","date_gmt":"2021-12-21T09:51:41","guid":{"rendered":"https:\/\/origen.madridemprende.anovagroup.es\/?page_id=4680"},"modified":"2023-09-12T19:36:32","modified_gmt":"2023-09-12T17:36:32","slug":"fomento-del-emprendimiento-juvenil","status":"publish","type":"page","link":"https:\/\/test.madridemprende.anovagroup.es\/en\/fomento-del-emprendimiento-juvenil\/","title":{"rendered":"Promotion of youth entrepreneurship"},"content":{"rendered":"<div data-elementor-type=\"wp-page\" data-elementor-id=\"4680\" class=\"elementor elementor-4680\" data-elementor-post-type=\"page\">\n\t\t\t\t\t\t<section class=\"elementor-section elementor-top-section elementor-element elementor-element-590430e1 elementor-section-boxed elementor-section-height-default elementor-section-height-default\" data-id=\"590430e1\" data-element_type=\"section\" data-e-type=\"section\">\n\t\t\t\t\t\t<div class=\"elementor-container elementor-column-gap-default\">\n\t\t\t\t\t<div class=\"elementor-column elementor-col-100 elementor-top-column elementor-element elementor-element-5141120d\" data-id=\"5141120d\" data-element_type=\"column\" data-e-type=\"column\">\n\t\t\t<div class=\"elementor-widget-wrap elementor-element-populated\">\n\t\t\t\t\t\t<div class=\"elementor-element elementor-element-edc6ae5 elementor-widget elementor-widget-heading\" data-id=\"edc6ae5\" data-element_type=\"widget\" data-e-type=\"widget\" data-widget_type=\"heading.default\">\n\t\t\t\t<div class=\"elementor-widget-container\">\n\t\t\t\t\t<h1 class=\"elementor-heading-title elementor-size-default\">Promotion of youth entrepreneurship<\/h1>\t\t\t\t<\/div>\n\t\t\t\t<\/div>\n\t\t\t\t<div class=\"elementor-element elementor-element-28e0125 elementor-widget elementor-widget-image\" data-id=\"28e0125\" data-element_type=\"widget\" data-e-type=\"widget\" data-widget_type=\"image.default\">\n\t\t\t\t<div class=\"elementor-widget-container\">\n\t\t\t\t\t\t\t\t\t\t\t\t\t\t\t<img fetchpriority=\"high\" decoding=\"async\" width=\"768\" height=\"384\" src=\"https:\/\/test.madridemprende.anovagroup.es\/wp-content\/uploads\/2021\/10\/879d8efca07ee9bbdfde642862ea678d-768x384.png\" class=\"attachment-medium_large size-medium_large wp-image-2364\" alt=\"C\u00f3mo emprender en la ciudad de Madrid banner\" srcset=\"https:\/\/test.madridemprende.anovagroup.es\/wp-content\/uploads\/2021\/10\/879d8efca07ee9bbdfde642862ea678d-768x384.png 768w, https:\/\/test.madridemprende.anovagroup.es\/wp-content\/uploads\/2021\/10\/879d8efca07ee9bbdfde642862ea678d-300x150.png 300w, https:\/\/test.madridemprende.anovagroup.es\/wp-content\/uploads\/2021\/10\/879d8efca07ee9bbdfde642862ea678d.png 858w\" sizes=\"(max-width: 768px) 100vw, 768px\" \/>\t\t\t\t\t\t\t\t\t\t\t\t\t\t\t<\/div>\n\t\t\t\t<\/div>\n\t\t\t\t<div class=\"elementor-element elementor-element-7d741398 elementor-widget elementor-widget-text-editor\" data-id=\"7d741398\" data-element_type=\"widget\" data-e-type=\"widget\" data-widget_type=\"text-editor.default\">\n\t\t\t\t<div class=\"elementor-widget-container\">\n\t\t\t\t\t\t\t\t\t<p>Students and teachers\u2026 we help you promote youth entrepreneurship!<\/p><p>The sessions are aimed at groups of \ud83c\udf92 vocational training, high school or higher education students who are studying at an academic center in \ud83d\udccd Madrid capital.<\/p><p><strong>Are you a teacher and want to offer a workshop on entrepreneurship to your students?<\/strong>\u00a0We adapt to your needs and offer this free service, so\u00a0<strong>face-to-face<\/strong>\u00a0and <strong>virtual<\/strong>.\u00a0<\/p>\t\t\t\t\t\t\t\t<\/div>\n\t\t\t\t<\/div>\n\t\t\t\t<div class=\"elementor-element elementor-element-02af18d elementor-widget elementor-widget-eael-adv-accordion\" data-id=\"02af18d\" data-element_type=\"widget\" data-e-type=\"widget\" data-widget_type=\"eael-adv-accordion.default\">\n\t\t\t\t<div class=\"elementor-widget-container\">\n\t\t\t\t\t            <div class=\"eael-adv-accordion\" id=\"eael-adv-accordion-02af18d\" data-scroll-on-click=\"no\" data-scroll-speed=\"300\" data-accordion-id=\"02af18d\" data-accordion-type=\"accordion\" data-toogle-speed=\"300\">\n            <div class=\"eael-accordion-list\">\n\t\t\t\t\t<div id=\"en-qu-consiste\" class=\"elementor-tab-title eael-accordion-header\" tabindex=\"0\" data-tab=\"1\" aria-controls=\"elementor-tab-content-2811\"><span class=\"eael-advanced-accordion-icon-closed\"><i aria-hidden=\"true\" class=\"fa-accordion-icon fas fa-plus\"><\/i><\/span><span class=\"eael-advanced-accordion-icon-opened\"><\/span><span class=\"eael-accordion-tab-title\">What does it consist of?<\/span><i aria-hidden=\"true\" class=\"fa-toggle fas fa-angle-right\"><\/i><\/div><div id=\"elementor-tab-content-2811\" class=\"eael-accordion-content clearfix\" data-tab=\"1\" aria-labelledby=\"en-qu-consiste\"><p>They are informative sessions, in talk\/conference format, that deal with aspects to understand what entrepreneurship is, how to take the first steps in the world of entrepreneurship and the resources that public and private entities make available to entrepreneurs.<\/p><\/div>\n\t\t\t\t\t<\/div><div class=\"eael-accordion-list\">\n\t\t\t\t\t<div id=\"para-quin\" class=\"elementor-tab-title eael-accordion-header\" tabindex=\"0\" data-tab=\"2\" aria-controls=\"elementor-tab-content-2812\"><span class=\"eael-advanced-accordion-icon-closed\"><i aria-hidden=\"true\" class=\"fa-accordion-icon fas fa-plus\"><\/i><\/span><span class=\"eael-advanced-accordion-icon-opened\"><\/span><span class=\"eael-accordion-tab-title\">For whom?<\/span><i aria-hidden=\"true\" class=\"fa-toggle fas fa-angle-right\"><\/i><\/div><div id=\"elementor-tab-content-2812\" class=\"eael-accordion-content clearfix\" data-tab=\"2\" aria-labelledby=\"para-quin\"><p>The sessions are aimed at groups of higher education students, baccalaureate or professional training students who are studying at an academic center in the capital of Madrid.<\/p><\/div>\n\t\t\t\t\t<\/div><div class=\"eael-accordion-list\">\n\t\t\t\t\t<div id=\"cunto-duran\" class=\"elementor-tab-title eael-accordion-header\" tabindex=\"0\" data-tab=\"3\" aria-controls=\"elementor-tab-content-2813\"><span class=\"eael-advanced-accordion-icon-closed\"><i aria-hidden=\"true\" class=\"fa-accordion-icon fas fa-plus\"><\/i><\/span><span class=\"eael-advanced-accordion-icon-opened\"><\/span><span class=\"eael-accordion-tab-title\">How long do they last?<\/span><i aria-hidden=\"true\" class=\"fa-toggle fas fa-angle-right\"><\/i><\/div><div id=\"elementor-tab-content-2813\" class=\"eael-accordion-content clearfix\" data-tab=\"3\" aria-labelledby=\"cunto-duran\"><p>The sessions will last 2 hours. Educational centers may request more than one session depending on the number of attendees, characteristics or level of the group.<\/p><\/div>\n\t\t\t\t\t<\/div><div class=\"eael-accordion-list\">\n\t\t\t\t\t<div id=\"contenido\" class=\"elementor-tab-title eael-accordion-header\" tabindex=\"0\" data-tab=\"4\" aria-controls=\"elementor-tab-content-2814\"><span class=\"eael-advanced-accordion-icon-closed\"><i aria-hidden=\"true\" class=\"fa-accordion-icon fas fa-plus\"><\/i><\/span><span class=\"eael-advanced-accordion-icon-opened\"><\/span><span class=\"eael-accordion-tab-title\">Contents<\/span><i aria-hidden=\"true\" class=\"fa-toggle fas fa-angle-right\"><\/i><\/div><div id=\"elementor-tab-content-2814\" class=\"eael-accordion-content clearfix\" data-tab=\"4\" aria-labelledby=\"contenido\"><ul><li>What do entrepreneurs have in common?<\/li><li>Where do ideas come from?<\/li><li>How to turn an idea into a reality? Approach to methodologies for the development of entrepreneurial projects.<\/li><li>Agents of the current entrepreneurial ecosystem and analysis of examples.<\/li><li>What really matters when starting a business?<\/li><li>Aid from the Madrid City Council.<\/li><\/ul><p>*If you are interested in any specific content for your students, contact us and we will try to adapt our program.<\/p><\/div>\n\t\t\t\t\t<\/div><div class=\"eael-accordion-list\">\n\t\t\t\t\t<div id=\"cundo-se-realizan\" class=\"elementor-tab-title eael-accordion-header\" tabindex=\"0\" data-tab=\"5\" aria-controls=\"elementor-tab-content-2815\"><span class=\"eael-advanced-accordion-icon-closed\"><i aria-hidden=\"true\" class=\"fa-accordion-icon fas fa-plus\"><\/i><\/span><span class=\"eael-advanced-accordion-icon-opened\"><\/span><span class=\"eael-accordion-tab-title\">When are they done?<\/span><i aria-hidden=\"true\" class=\"fa-toggle fas fa-angle-right\"><\/i><\/div><div id=\"elementor-tab-content-2815\" class=\"eael-accordion-content clearfix\" data-tab=\"5\" aria-labelledby=\"cundo-se-realizan\"><p>Sessions can be held from Monday to Thursday, from 9 a.m. to 6 p.m., and on Fridays from 9 a.m. to 3 p.m. The format may be in person or\u00a0<em>on-line,<\/em>\u00a0according to the needs and\/or availability of each requesting educational center.<\/p><\/div>\n\t\t\t\t\t<\/div><div class=\"eael-accordion-list\">\n\t\t\t\t\t<div id=\"cmo-lo-solicito\" class=\"elementor-tab-title eael-accordion-header\" tabindex=\"0\" data-tab=\"6\" aria-controls=\"elementor-tab-content-2816\"><span class=\"eael-advanced-accordion-icon-closed\"><i aria-hidden=\"true\" class=\"fa-accordion-icon fas fa-plus\"><\/i><\/span><span class=\"eael-advanced-accordion-icon-opened\"><\/span><span class=\"eael-accordion-tab-title\">How I requested?<\/span><i aria-hidden=\"true\" class=\"fa-toggle fas fa-angle-right\"><\/i><\/div><div id=\"elementor-tab-content-2816\" class=\"eael-accordion-content clearfix\" data-tab=\"6\" aria-labelledby=\"cmo-lo-solicito\"><p>The management or teaching staff of the IES, school, academic center, university school, etc. must<strong>\u00a0fill out the application form <\/strong>Next. Once received, we will contact you to arrange the session, depending on availability, within a maximum period of 3 business days.<\/p><\/div>\n\t\t\t\t\t<\/div><\/div>\t\t\t\t<\/div>\n\t\t\t\t<\/div>\n\t\t\t\t<div class=\"elementor-element elementor-element-37f9ef5 elementor-align-center elementor-widget elementor-widget-button\" data-id=\"37f9ef5\" data-element_type=\"widget\" data-e-type=\"widget\" data-widget_type=\"button.default\">\n\t\t\t\t<div class=\"elementor-widget-container\">\n\t\t\t\t\t\t\t\t\t<div class=\"elementor-button-wrapper\">\n\t\t\t\t\t<a class=\"elementor-button elementor-button-link elementor-size-md\" href=\"https:\/\/sede.madrid.es\/portal\/site\/tramites\/menuitem.45ce80dafa6b924e804280420514a5a0\/?vgnextoid=a8f692c9dcc0a610VgnVCM2000001f4a900aRCRD&#038;vgnextfmt=default\" target=\"_blank\" rel=\"nofollow\">\n\t\t\t\t\t\t<span class=\"elementor-button-content-wrapper\">\n\t\t\t\t\t\t\t\t\t<span class=\"elementor-button-text\">Application form<\/span>\n\t\t\t\t\t<\/span>\n\t\t\t\t\t<\/a>\n\t\t\t\t<\/div>\n\t\t\t\t\t\t\t\t<\/div>\n\t\t\t\t<\/div>\n\t\t\t\t\t<\/div>\n\t\t<\/div>\n\t\t\t\t\t<\/div>\n\t\t<\/section>\n\t\t\t\t<\/div>","protected":false},"excerpt":{"rendered":"<p>Estudiantes y profes\u2026 \u00a1os ayudamos a fomentar el emprendimiento juvenil! Las sesiones van dirigidas a grupos de estudiantes \ud83c\udf92 de formaci\u00f3n profesional, bachillerato o de ense\u00f1anza superior que est\u00e9n cursando estudios en alg\u00fan centro acad\u00e9mico de \ud83d\udccd Madrid capital. \u00bfEres docente y quieres ofrecer un taller sobre emprendimiento a tus alumnos?\u00a0Nos adaptamos vuestras necesidades y [&hellip;]<\/p>\n","protected":false},"author":24,"featured_media":2364,"parent":0,"menu_order":0,"comment_status":"closed","ping_status":"closed","template":"","meta":{"_acf_changed":false,"footnotes":""},"paginas_cat":[],"class_list":["post-4680","page","type-page","status-publish","has-post-thumbnail","hentry"],"acf":[],"_links":{"self":[{"href":"https:\/\/test.madridemprende.anovagroup.es\/en\/wp-json\/wp\/v2\/pages\/4680","targetHints":{"allow":["GET"]}}],"collection":[{"href":"https:\/\/test.madridemprende.anovagroup.es\/en\/wp-json\/wp\/v2\/pages"}],"about":[{"href":"https:\/\/test.madridemprende.anovagroup.es\/en\/wp-json\/wp\/v2\/types\/page"}],"author":[{"embeddable":true,"href":"https:\/\/test.madridemprende.anovagroup.es\/en\/wp-json\/wp\/v2\/users\/24"}],"replies":[{"embeddable":true,"href":"https:\/\/test.madridemprende.anovagroup.es\/en\/wp-json\/wp\/v2\/comments?post=4680"}],"version-history":[{"count":0,"href":"https:\/\/test.madridemprende.anovagroup.es\/en\/wp-json\/wp\/v2\/pages\/4680\/revisions"}],"wp:featuredmedia":[{"embeddable":true,"href":"https:\/\/test.madridemprende.anovagroup.es\/en\/wp-json\/wp\/v2\/media\/2364"}],"wp:attachment":[{"href":"https:\/\/test.madridemprende.anovagroup.es\/en\/wp-json\/wp\/v2\/media?parent=4680"}],"wp:term":[{"taxonomy":"paginas_cat","embeddable":true,"href":"https:\/\/test.madridemprende.anovagroup.es\/en\/wp-json\/wp\/v2\/paginas_cat?post=4680"}],"curies":[{"name":"wp","href":"https:\/\/api.w.org\/{rel}","templated":true}]}}