{"id":5363,"date":"2022-01-31T17:48:18","date_gmt":"2022-01-31T16:48:18","guid":{"rendered":"https:\/\/origen.madridemprende.anovagroup.es\/?page_id=5363"},"modified":"2023-04-17T13:50:24","modified_gmt":"2023-04-17T11:50:24","slug":"cookies","status":"publish","type":"page","link":"https:\/\/test.madridemprende.anovagroup.es\/en\/cookies\/","title":{"rendered":"cookies"},"content":{"rendered":"<p>We use cookies to facilitate the use of our website. Cookies are small information files that allow us to compare and understand how our users navigate through our website, and thus be able to consequently improve the navigation process. The cookies we use do not store any personal data, nor any type of information that can identify you.<\/p>\n<div class=\"page-content\">\n<div class=\"elementor elementor-1712\" data-elementor-type=\"wp-page\" data-elementor-id=\"1712\" data-elementor-settings=\"[]\">\n<div class=\"elementor-inner\">\n<div class=\"elementor-section-wrap\">\n<section class=\"elementor-section elementor-top-section elementor-element elementor-element-d21f818 elementor-section-boxed elementor-section-height-default elementor-section-height-default\" data-id=\"d21f818\" data-element_type=\"section\">\n<div class=\"elementor-container elementor-column-gap-default\">\n<div class=\"elementor-row\">\n<div class=\"elementor-column elementor-col-100 elementor-top-column elementor-element elementor-element-06e86bb\" data-id=\"06e86bb\" data-element_type=\"column\">\n<div class=\"elementor-column-wrap elementor-element-populated\">\n<div class=\"elementor-widget-wrap\">\n<div class=\"elementor-element elementor-element-94cb970 elementor-widget elementor-widget-text-editor\" data-id=\"94cb970\" data-element_type=\"widget\" data-widget_type=\"text-editor.default\">\n<div class=\"elementor-widget-container\">\n<div class=\"elementor-text-editor elementor-clearfix\">\n<p>If you do not want to receive cookies, please configure your Internet browser so that it deletes them from your computer&#039;s hard drive, blocks them or warns you if they are installed. To continue without changing your cookie settings, simply continue on the website.<\/p>\n<p>You can get more information about cookies and their use at\u00a0<a href=\"http:\/\/www.aboutcookies.org\/\" target=\"_blank\" rel=\"noopener\">www.aboutcookies.org.<\/a><\/p>\n<\/div>\n<\/div>\n<\/div>\n<div class=\"elementor-element elementor-element-dd6030e elementor-widget elementor-widget-heading\" data-id=\"dd6030e\" data-element_type=\"widget\" data-widget_type=\"heading.default\">\n<div class=\"elementor-widget-container\">\n<h3 class=\"elementor-heading-title elementor-size-default\">The types of cookies we use<\/h3>\n<\/div>\n<\/div>\n<div class=\"elementor-element elementor-element-6136ad3 elementor-widget elementor-widget-text-editor\" data-id=\"6136ad3\" data-element_type=\"widget\" data-widget_type=\"text-editor.default\">\n<div class=\"elementor-widget-container\">\n<div class=\"elementor-text-editor elementor-clearfix\">\n<h4>Strictly necessary cookies:<\/h4>\n<p>These cookies are necessary for the correct use of the website, allowing access to sections that have security filters. Without these cookies, many of the available services would not be operational.<\/p>\n<h4>Navigation Cookies:<\/h4>\n<p>These cookies collect information about the use that visitors make of the website, for example page views, loading errors...<br \/>\nIt is generic and anonymous information, where no personal data is included, nor is information that identifies visitors collected; the ultimate goal being to improve the functioning of the website. By visiting our website, you accept the installation of these cookies on your device.<\/p>\n<h4>Functional Cookies:<\/h4>\n<p>These cookies allow us to remember information (such as your username, language or the region in which you are located) and more personal characteristics. For example, the possibility of offering personalized content based on the information and criteria that you have voluntarily provided. These cookies can also be used to remember changes made to text size, fonts and other customizable parts of the web page. They are also used to offer some requested services, such as watching a video or commenting on a blog. The information these cookies collect may be anonymous and your activity on other web pages cannot be tracked.<\/p>\n<p>By visiting our website, you accept the installation of these cookies on your device.<\/p>\n<h4>How to manage cookies on computers<\/h4>\n<p>If you want to allow the use of cookies from our site, please follow the instructions below.<\/p>\n<h5>Google Chrome<\/h5>\n<ol>\n<li>When you open the browser, click \u201ctools\u201d at the top and select the \u201coptions\u201d tab.<\/li>\n<li>Within options, click \u201cprivacy\u201d.<\/li>\n<li>Check \u201callow cookie management\u201d.<\/li>\n<\/ol>\n<h5>Microsoft Internet Explorer 6.0, 7.0, 8.0, 9.0<\/h5>\n<ol>\n<li>When you open the browser, click \u201ctools\u201d at the top and select the \u201coptions\u201d tab.<\/li>\n<li>Check the \u201cPrivacy\u201d tab making sure it is set to a medium or lower security level.<\/li>\n<li>If the Internet configuration is not medium, cookies will be blocked.<\/li>\n<\/ol>\n<h5>MozillaFirefox<\/h5>\n<ol>\n<li>When you open the browser, click \u201ctools\u201d at the top and select the \u201coptions\u201d tab.2. Select the Privacy icon3. Click on cookies, and mark: \u201callow the installation of cookies\u201d.<\/li>\n<\/ol>\n<h5>Safari<\/h5>\n<ol>\n<li>When you open the browser, click \u201ctools\u201d at the top and select the \u201coptions\u201d tab.<\/li>\n<li>Click on the \u201cSecurity\u201d tab and check if the option \u201cBlock access to third-party cookies\u201d is checked or not.3. Click on \u201csave\u201d.<\/li>\n<\/ol>\n<h5>The installation of cookies on Mac<\/h5>\n<p>If you have a Mac and want to allow access to our cookies on your computer, please follow the instructions below:Microsoft Internet Explorer 5.0 on OSX<\/p>\n<ol>\n<li>Go to \u201cExplorer\u201d and select \u201cPreferences\u201d in the navigation bar.<\/li>\n<li>Scroll down until you see &quot;Cookies&quot; just below received files.<\/li>\n<li>Check \u201cDon&#039;t ask again\u201d.<\/li>\n<\/ol>\n<h5>Safari on OS X<\/h5>\n<ol>\n<li>Go into Safari and select \u201cPreferences\u201d in the navigation bar.<\/li>\n<li>Click on the &quot;Security&quot; tab and check the &quot;accept cookies&quot; option<\/li>\n<li>Select the option: \u201cOnly from the current site I am browsing\u201d<\/li>\n<\/ol>\n<h5>Mozilla and Netscape on OSX<\/h5>\n<ol>\n<li>Enter &quot;Mozilla&quot; or &quot;Netscape&quot; and at the top of your browser, check the &quot;Preferences&quot; option.<\/li>\n<li>Scroll down until you see \u201cCookies\u201d just below \u201cPrivacy and Security\u201d.3. Check the option \u201cAllow access to cookies only from the current site\u201d<\/li>\n<\/ol>\n<h5>Opera<\/h5>\n<ol>\n<li>Enter \u201cOpera\u201d and select \u201cMenu\u201d and \u201cSettings\u201d in the navigation bar.<\/li>\n<li>Select \u201cPreferences\u201d and click on the \u201cAdvanced\u201d tab.<\/li>\n<li>Check the \u201cAccept cookies\u201d option.<\/li>\n<\/ol>\n<\/div>\n<\/div>\n<\/div>\n<\/div>\n<\/div>\n<\/div>\n<\/div>\n<\/div>\n<\/section>\n<\/div>\n<\/div>\n<\/div>\n<\/div>\n<footer class=\"elementor elementor-431 elementor-location-footer\" data-elementor-type=\"footer\" data-elementor-id=\"431\" data-elementor-settings=\"[]\">\n<div class=\"elementor-section-wrap\">\n<section class=\"elementor-section elementor-top-section elementor-element elementor-element-228530d elementor-section-boxed elementor-section-height-default elementor-section-height-default\" data-id=\"228530d\" data-element_type=\"section\" data-settings=\"{&quot;background_background&quot;:&quot;classic&quot;}\">\n<div class=\"elementor-container elementor-column-gap-default\">\n<div class=\"elementor-row\">\n<div class=\"elementor-column elementor-col-50 elementor-top-column elementor-element elementor-element-8d3cef4\" data-id=\"8d3cef4\" data-element_type=\"column\">\n<div class=\"elementor-column-wrap elementor-element-populated\">\n<div class=\"elementor-widget-wrap\">\n<div class=\"elementor-element elementor-element-83b714a elementor-button-align-stretch elementor-widget elementor-widget-form\" data-id=\"83b714a\" data-element_type=\"widget\" data-settings=\"{&quot;button_width&quot;:&quot;33&quot;,&quot;button_width_tablet&quot;:&quot;40&quot;,&quot;step_next_label&quot;:&quot;Next&quot;,&quot;step_previous_label&quot;:&quot;Previous&quot;,&quot;step_type&quot;:&quot;number_text&quot;,&quot;step_icon_shape&quot;:&quot;circle&quot;}\" data-widget_type=\"form.default\">\n<div class=\"elementor-widget-container\">\n<form class=\"elementor-form\" method=\"post\" name=\"New Form\" action=\"\"><input type=\"hidden\" name=\"trp-form-language\" value=\"en\"\/><\/form>\n<\/div>\n<\/div>\n<\/div>\n<\/div>\n<\/div>\n<\/div>\n<\/div>\n<\/section>\n<\/div>\n<\/footer>","protected":false},"excerpt":{"rendered":"<p>Utilizamos cookies para facilitar el uso de nuestra p\u00e1gina web. Las cookies son peque\u00f1os ficheros de informaci\u00f3n que nos permiten comparar y entender c\u00f3mo nuestros usuarios navegan a trav\u00e9s de nuestra p\u00e1gina web, y de esta manera poder mejorar consecuentemente el proceso de navegaci\u00f3n. Las cookies que utilizamos no almacenan dato personal alguno, ni ning\u00fan [&hellip;]<\/p>\n","protected":false},"author":24,"featured_media":0,"parent":0,"menu_order":0,"comment_status":"closed","ping_status":"closed","template":"","meta":{"_acf_changed":false,"footnotes":""},"paginas_cat":[112],"class_list":["post-5363","page","type-page","status-publish","hentry","paginas_cat-politica-legal"],"acf":[],"_links":{"self":[{"href":"https:\/\/test.madridemprende.anovagroup.es\/en\/wp-json\/wp\/v2\/pages\/5363","targetHints":{"allow":["GET"]}}],"collection":[{"href":"https:\/\/test.madridemprende.anovagroup.es\/en\/wp-json\/wp\/v2\/pages"}],"about":[{"href":"https:\/\/test.madridemprende.anovagroup.es\/en\/wp-json\/wp\/v2\/types\/page"}],"author":[{"embeddable":true,"href":"https:\/\/test.madridemprende.anovagroup.es\/en\/wp-json\/wp\/v2\/users\/24"}],"replies":[{"embeddable":true,"href":"https:\/\/test.madridemprende.anovagroup.es\/en\/wp-json\/wp\/v2\/comments?post=5363"}],"version-history":[{"count":0,"href":"https:\/\/test.madridemprende.anovagroup.es\/en\/wp-json\/wp\/v2\/pages\/5363\/revisions"}],"wp:attachment":[{"href":"https:\/\/test.madridemprende.anovagroup.es\/en\/wp-json\/wp\/v2\/media?parent=5363"}],"wp:term":[{"taxonomy":"paginas_cat","embeddable":true,"href":"https:\/\/test.madridemprende.anovagroup.es\/en\/wp-json\/wp\/v2\/paginas_cat?post=5363"}],"curies":[{"name":"wp","href":"https:\/\/api.w.org\/{rel}","templated":true}]}}