{"id":6115,"date":"2022-05-03T15:39:42","date_gmt":"2022-05-03T13:39:42","guid":{"rendered":"https:\/\/origen.madridemprende.anovagroup.es\/?page_id=6115"},"modified":"2023-09-20T12:09:42","modified_gmt":"2023-09-20T10:09:42","slug":"actualidad","status":"publish","type":"page","link":"https:\/\/test.madridemprende.anovagroup.es\/en\/actualidad\/","title":{"rendered":"Present"},"content":{"rendered":"<div data-elementor-type=\"wp-page\" data-elementor-id=\"6115\" class=\"elementor elementor-6115\" data-elementor-post-type=\"page\">\n\t\t\t\t\t\t<section class=\"elementor-section elementor-top-section elementor-element elementor-element-0eaad55 elementor-section-boxed elementor-section-height-default elementor-section-height-default\" data-id=\"0eaad55\" data-element_type=\"section\" data-e-type=\"section\">\n\t\t\t\t\t\t<div class=\"elementor-container elementor-column-gap-default\">\n\t\t\t\t\t<div class=\"elementor-column elementor-col-100 elementor-top-column elementor-element elementor-element-d1fadbc\" data-id=\"d1fadbc\" data-element_type=\"column\" data-e-type=\"column\">\n\t\t\t<div class=\"elementor-widget-wrap elementor-element-populated\">\n\t\t\t\t\t\t<div class=\"elementor-element elementor-element-0d080fb elementor-widget elementor-widget-heading\" data-id=\"0d080fb\" data-element_type=\"widget\" data-e-type=\"widget\" data-widget_type=\"heading.default\">\n\t\t\t\t<div class=\"elementor-widget-container\">\n\t\t\t\t\t<h1 class=\"elementor-heading-title elementor-size-default\">Present<\/h1>\t\t\t\t<\/div>\n\t\t\t\t<\/div>\n\t\t\t\t<div class=\"elementor-element elementor-element-2e80f20 elementor-widget elementor-widget-text-editor\" data-id=\"2e80f20\" data-element_type=\"widget\" data-e-type=\"widget\" data-widget_type=\"text-editor.default\">\n\t\t\t\t<div class=\"elementor-widget-container\">\n\t\t\t\t\t\t\t\t\t<p>Check here the latest news and entries from our blogs. Stay up to date with everything related to entrepreneurship.<\/p>\t\t\t\t\t\t\t\t<\/div>\n\t\t\t\t<\/div>\n\t\t\t\t<section class=\"elementor-section elementor-inner-section elementor-element elementor-element-1ae3f2c elementor-section-boxed elementor-section-height-default elementor-section-height-default\" data-id=\"1ae3f2c\" data-element_type=\"section\" data-e-type=\"section\">\n\t\t\t\t\t\t<div class=\"elementor-container elementor-column-gap-default\">\n\t\t\t\t\t<div class=\"elementor-column elementor-col-100 elementor-inner-column elementor-element elementor-element-d0f646a\" data-id=\"d0f646a\" data-element_type=\"column\" data-e-type=\"column\">\n\t\t\t<div class=\"elementor-widget-wrap elementor-element-populated\">\n\t\t\t\t\t\t<div class=\"elementor-element elementor-element-6278412 elementor-widget elementor-widget-heading\" data-id=\"6278412\" data-element_type=\"widget\" data-e-type=\"widget\" data-widget_type=\"heading.default\">\n\t\t\t\t<div class=\"elementor-widget-container\">\n\t\t\t\t\t<h2 class=\"elementor-heading-title elementor-size-default\">Latest Blogs<\/h2>\t\t\t\t<\/div>\n\t\t\t\t<\/div>\n\t\t\t\t<div class=\"elementor-element elementor-element-6efce7b elementor-posts--align-left elementor-grid-4 elementor-grid-tablet-2 elementor-grid-mobile-1 elementor-posts--thumbnail-top elementor-widget elementor-widget-posts\" data-id=\"6efce7b\" data-element_type=\"widget\" data-e-type=\"widget\" data-settings=\"{&quot;classic_columns&quot;:&quot;4&quot;,&quot;classic_columns_tablet&quot;:&quot;2&quot;,&quot;classic_columns_mobile&quot;:&quot;1&quot;,&quot;classic_row_gap&quot;:{&quot;unit&quot;:&quot;px&quot;,&quot;size&quot;:35,&quot;sizes&quot;:[]},&quot;classic_row_gap_tablet&quot;:{&quot;unit&quot;:&quot;px&quot;,&quot;size&quot;:&quot;&quot;,&quot;sizes&quot;:[]},&quot;classic_row_gap_mobile&quot;:{&quot;unit&quot;:&quot;px&quot;,&quot;size&quot;:&quot;&quot;,&quot;sizes&quot;:[]}}\" data-widget_type=\"posts.classic\">\n\t\t\t\t<div class=\"elementor-widget-container\">\n\t\t\t\t\t\t\t<div class=\"elementor-posts-container elementor-posts elementor-posts--skin-classic elementor-grid\" role=\"list\">\n\t\t\t\t<article class=\"elementor-post elementor-grid-item post-15917 noticias type-noticias status-publish has-post-thumbnail hentry category-noticias-y-blog noticias-autonomos noticias-reta noticias-seguridad-social\" role=\"listitem\">\n\t\t\t\t<a class=\"elementor-post__thumbnail__link\" href=\"https:\/\/test.madridemprende.anovagroup.es\/en\/noticias\/conoce-mejor-el-regimen-especial-de-trabajadores-autonomos-reta\/\" tabindex=\"-1\" >\n\t\t\t<div class=\"elementor-post__thumbnail\"><img fetchpriority=\"high\" decoding=\"async\" width=\"685\" height=\"279\" src=\"https:\/\/test.madridemprende.anovagroup.es\/wp-content\/uploads\/2024\/01\/Regimen-Especial-de-Trabajadores-Autonomos-RETA-.jpg\" class=\"attachment-medium_large size-medium_large wp-image-16430\" alt=\"R\u00e9gimen Especial de Trabajadores Aut\u00f3nomos (RETA)\" srcset=\"https:\/\/test.madridemprende.anovagroup.es\/wp-content\/uploads\/2024\/01\/Regimen-Especial-de-Trabajadores-Autonomos-RETA-.jpg 685w, https:\/\/test.madridemprende.anovagroup.es\/wp-content\/uploads\/2024\/01\/Regimen-Especial-de-Trabajadores-Autonomos-RETA--300x122.jpg 300w, https:\/\/test.madridemprende.anovagroup.es\/wp-content\/uploads\/2024\/01\/Regimen-Especial-de-Trabajadores-Autonomos-RETA--18x7.jpg 18w\" sizes=\"(max-width: 685px) 100vw, 685px\" \/><\/div>\n\t\t<\/a>\n\t\t\t\t<div class=\"elementor-post__text\">\n\t\t\t\t<h3 class=\"elementor-post__title\">\n\t\t\t<a href=\"https:\/\/test.madridemprende.anovagroup.es\/en\/noticias\/conoce-mejor-el-regimen-especial-de-trabajadores-autonomos-reta\/\" >\n\t\t\t\tLearn more about the Special Regime for Self-Employed Workers (RETA)\t\t\t<\/a>\n\t\t<\/h3>\n\t\t\t\t<div class=\"elementor-post__meta-data\">\n\t\t\t\t\t<span class=\"elementor-post-date\">\n\t\t\t2 January 2024\t\t<\/span>\n\t\t\t\t<\/div>\n\t\t\t\t<div class=\"elementor-post__excerpt\">\n\t\t\t<p>The Special Regime for Self-Employed Workers (RETA) covers those who, unlike employees, are responsible for their own business and are subject to a series of specific tax and contribution obligations.<\/p>\n\t\t<\/div>\n\t\t\n\t\t<a class=\"elementor-post__read-more\" href=\"https:\/\/test.madridemprende.anovagroup.es\/en\/noticias\/conoce-mejor-el-regimen-especial-de-trabajadores-autonomos-reta\/\" aria-label=\"Read more about Conoce mejor el R\u00e9gimen Especial de Trabajadores Aut\u00f3nomos (RETA)\" tabindex=\"-1\" >\n\t\t\tRead more &quot;\t\t<\/a>\n\n\t\t\t\t<\/div>\n\t\t\t\t<\/article>\n\t\t\t\t<article class=\"elementor-post elementor-grid-item post-15827 noticias type-noticias status-publish has-post-thumbnail hentry category-blog noticias-google-ads noticias-marketing noticias-marketing-digital\" role=\"listitem\">\n\t\t\t\t<a class=\"elementor-post__thumbnail__link\" href=\"https:\/\/test.madridemprende.anovagroup.es\/en\/noticias\/google-ads-relevante-para-tus-ventas\/\" tabindex=\"-1\" >\n\t\t\t<div class=\"elementor-post__thumbnail\"><img decoding=\"async\" width=\"685\" height=\"279\" src=\"https:\/\/test.madridemprende.anovagroup.es\/wp-content\/uploads\/2024\/01\/google-ads.jpg\" class=\"attachment-medium_large size-medium_large wp-image-16429\" alt=\"Google Ads\" srcset=\"https:\/\/test.madridemprende.anovagroup.es\/wp-content\/uploads\/2024\/01\/google-ads.jpg 685w, https:\/\/test.madridemprende.anovagroup.es\/wp-content\/uploads\/2024\/01\/google-ads-300x122.jpg 300w, https:\/\/test.madridemprende.anovagroup.es\/wp-content\/uploads\/2024\/01\/google-ads-18x7.jpg 18w\" sizes=\"(max-width: 685px) 100vw, 685px\" \/><\/div>\n\t\t<\/a>\n\t\t\t\t<div class=\"elementor-post__text\">\n\t\t\t\t<h3 class=\"elementor-post__title\">\n\t\t\t<a href=\"https:\/\/test.madridemprende.anovagroup.es\/en\/noticias\/google-ads-relevante-para-tus-ventas\/\" >\n\t\t\t\tGoogle Ads, relevant for your sales\t\t\t<\/a>\n\t\t<\/h3>\n\t\t\t\t<div class=\"elementor-post__meta-data\">\n\t\t\t\t\t<span class=\"elementor-post-date\">\n\t\t\t21 December 2023\t\t<\/span>\n\t\t\t\t<\/div>\n\t\t\t\t<div class=\"elementor-post__excerpt\">\n\t\t\t<p>If you want to reach new customers online, Google Ads can be a good option and part of your marketing and sales strategy.<\/p>\n\t\t<\/div>\n\t\t\n\t\t<a class=\"elementor-post__read-more\" href=\"https:\/\/test.madridemprende.anovagroup.es\/en\/noticias\/google-ads-relevante-para-tus-ventas\/\" aria-label=\"Read more about Google Ads, relevante para tus ventas\" tabindex=\"-1\" >\n\t\t\tRead more &quot;\t\t<\/a>\n\n\t\t\t\t<\/div>\n\t\t\t\t<\/article>\n\t\t\t\t<article class=\"elementor-post elementor-grid-item post-15904 noticias type-noticias status-publish has-post-thumbnail hentry category-noticias-y-blog noticias-autonomos noticias-seguridad-social\" role=\"listitem\">\n\t\t\t\t<a class=\"elementor-post__thumbnail__link\" href=\"https:\/\/test.madridemprende.anovagroup.es\/en\/noticias\/todo-lo-que-debes-saber-sobre-la-incapacidad-temporal-de-los-autonomos\/\" tabindex=\"-1\" >\n\t\t\t<div class=\"elementor-post__thumbnail\"><img decoding=\"async\" width=\"685\" height=\"279\" src=\"https:\/\/test.madridemprende.anovagroup.es\/wp-content\/uploads\/2024\/01\/incapacidad-temporal.jpg\" class=\"attachment-medium_large size-medium_large wp-image-16428\" alt=\"Incapacidad temporal\" srcset=\"https:\/\/test.madridemprende.anovagroup.es\/wp-content\/uploads\/2024\/01\/incapacidad-temporal.jpg 685w, https:\/\/test.madridemprende.anovagroup.es\/wp-content\/uploads\/2024\/01\/incapacidad-temporal-300x122.jpg 300w, https:\/\/test.madridemprende.anovagroup.es\/wp-content\/uploads\/2024\/01\/incapacidad-temporal-18x7.jpg 18w\" sizes=\"(max-width: 685px) 100vw, 685px\" \/><\/div>\n\t\t<\/a>\n\t\t\t\t<div class=\"elementor-post__text\">\n\t\t\t\t<h3 class=\"elementor-post__title\">\n\t\t\t<a href=\"https:\/\/test.madridemprende.anovagroup.es\/en\/noticias\/todo-lo-que-debes-saber-sobre-la-incapacidad-temporal-de-los-autonomos\/\" >\n\t\t\t\tEverything you need to know about the temporary disability of the self-employed\t\t\t<\/a>\n\t\t<\/h3>\n\t\t\t\t<div class=\"elementor-post__meta-data\">\n\t\t\t\t\t<span class=\"elementor-post-date\">\n\t\t\t7 December 2023\t\t<\/span>\n\t\t\t\t<\/div>\n\t\t\t\t<div class=\"elementor-post__excerpt\">\n\t\t\t<p>Temporary disability is a situation that arises from a common illness, an occupational disease or an accident, regardless of whether it is work-related or not.<\/p>\n\t\t<\/div>\n\t\t\n\t\t<a class=\"elementor-post__read-more\" href=\"https:\/\/test.madridemprende.anovagroup.es\/en\/noticias\/todo-lo-que-debes-saber-sobre-la-incapacidad-temporal-de-los-autonomos\/\" aria-label=\"Read more about Todo lo que debes saber sobre la incapacidad temporal de los aut\u00f3nomos\" tabindex=\"-1\" >\n\t\t\tRead more &quot;\t\t<\/a>\n\n\t\t\t\t<\/div>\n\t\t\t\t<\/article>\n\t\t\t\t<article class=\"elementor-post elementor-grid-item post-15923 noticias type-noticias status-publish has-post-thumbnail hentry category-noticias-y-blog noticias-reta noticias-seguridad-social\" role=\"listitem\">\n\t\t\t\t<a class=\"elementor-post__thumbnail__link\" href=\"https:\/\/test.madridemprende.anovagroup.es\/en\/noticias\/mutua-o-reta\/\" tabindex=\"-1\" >\n\t\t\t<div class=\"elementor-post__thumbnail\"><img loading=\"lazy\" decoding=\"async\" width=\"685\" height=\"279\" src=\"https:\/\/test.madridemprende.anovagroup.es\/wp-content\/uploads\/2024\/01\/Mutua-o-RETA.jpg\" class=\"attachment-medium_large size-medium_large wp-image-16427\" alt=\"Mutua o RETA\" srcset=\"https:\/\/test.madridemprende.anovagroup.es\/wp-content\/uploads\/2024\/01\/Mutua-o-RETA.jpg 685w, https:\/\/test.madridemprende.anovagroup.es\/wp-content\/uploads\/2024\/01\/Mutua-o-RETA-300x122.jpg 300w, https:\/\/test.madridemprende.anovagroup.es\/wp-content\/uploads\/2024\/01\/Mutua-o-RETA-18x7.jpg 18w\" sizes=\"(max-width: 685px) 100vw, 685px\" \/><\/div>\n\t\t<\/a>\n\t\t\t\t<div class=\"elementor-post__text\">\n\t\t\t\t<h3 class=\"elementor-post__title\">\n\t\t\t<a href=\"https:\/\/test.madridemprende.anovagroup.es\/en\/noticias\/mutua-o-reta\/\" >\n\t\t\t\tMutual or RETA?\t\t\t<\/a>\n\t\t<\/h3>\n\t\t\t\t<div class=\"elementor-post__meta-data\">\n\t\t\t\t\t<span class=\"elementor-post-date\">\n\t\t\t5 December 2023\t\t<\/span>\n\t\t\t\t<\/div>\n\t\t\t\t<div class=\"elementor-post__excerpt\">\n\t\t\t<p>If you are an entrepreneur, you can choose between two systems: the Special Regime for Self-Employed Workers (RETA) or a professional mutual insurance company.<\/p>\n\t\t<\/div>\n\t\t\n\t\t<a class=\"elementor-post__read-more\" href=\"https:\/\/test.madridemprende.anovagroup.es\/en\/noticias\/mutua-o-reta\/\" aria-label=\"Read more about \u00bfMutua o RETA?\" tabindex=\"-1\" >\n\t\t\tRead more &quot;\t\t<\/a>\n\n\t\t\t\t<\/div>\n\t\t\t\t<\/article>\n\t\t\t\t<\/div>\n\t\t\n\t\t\t\t\t\t<\/div>\n\t\t\t\t<\/div>\n\t\t\t\t<div class=\"elementor-element elementor-element-dba18fa elementor-align-center elementor-widget elementor-widget-button\" data-id=\"dba18fa\" data-element_type=\"widget\" data-e-type=\"widget\" data-widget_type=\"button.default\">\n\t\t\t\t<div class=\"elementor-widget-container\">\n\t\t\t\t\t\t\t\t\t<div class=\"elementor-button-wrapper\">\n\t\t\t\t\t<a class=\"elementor-button elementor-button-link elementor-size-sm\" href=\"https:\/\/pre.madridemprende.anovagroup.es\/blogs\/\">\n\t\t\t\t\t\t<span class=\"elementor-button-content-wrapper\">\n\t\t\t\t\t\t\t\t\t<span class=\"elementor-button-text\">Learn more<\/span>\n\t\t\t\t\t<\/span>\n\t\t\t\t\t<\/a>\n\t\t\t\t<\/div>\n\t\t\t\t\t\t\t\t<\/div>\n\t\t\t\t<\/div>\n\t\t\t\t\t<\/div>\n\t\t<\/div>\n\t\t\t\t\t<\/div>\n\t\t<\/section>\n\t\t\t\t<section class=\"elementor-section elementor-inner-section elementor-element elementor-element-bcbe8f1 elementor-section-boxed elementor-section-height-default elementor-section-height-default\" data-id=\"bcbe8f1\" data-element_type=\"section\" data-e-type=\"section\">\n\t\t\t\t\t\t<div class=\"elementor-container elementor-column-gap-default\">\n\t\t\t\t\t<div class=\"elementor-column elementor-col-100 elementor-inner-column elementor-element elementor-element-194c817\" data-id=\"194c817\" data-element_type=\"column\" data-e-type=\"column\">\n\t\t\t<div class=\"elementor-widget-wrap elementor-element-populated\">\n\t\t\t\t\t\t<div class=\"elementor-element elementor-element-a133180 elementor-widget elementor-widget-heading\" data-id=\"a133180\" data-element_type=\"widget\" data-e-type=\"widget\" data-widget_type=\"heading.default\">\n\t\t\t\t<div class=\"elementor-widget-container\">\n\t\t\t\t\t<h2 class=\"elementor-heading-title elementor-size-default\">Last News<\/h2>\t\t\t\t<\/div>\n\t\t\t\t<\/div>\n\t\t\t\t<div class=\"elementor-element elementor-element-eac708a elementor-posts--align-left elementor-grid-4 elementor-grid-tablet-2 elementor-grid-mobile-1 elementor-posts--thumbnail-top elementor-widget elementor-widget-posts\" data-id=\"eac708a\" data-element_type=\"widget\" data-e-type=\"widget\" data-settings=\"{&quot;classic_columns&quot;:&quot;4&quot;,&quot;classic_columns_tablet&quot;:&quot;2&quot;,&quot;classic_columns_mobile&quot;:&quot;1&quot;,&quot;classic_row_gap&quot;:{&quot;unit&quot;:&quot;px&quot;,&quot;size&quot;:35,&quot;sizes&quot;:[]},&quot;classic_row_gap_tablet&quot;:{&quot;unit&quot;:&quot;px&quot;,&quot;size&quot;:&quot;&quot;,&quot;sizes&quot;:[]},&quot;classic_row_gap_mobile&quot;:{&quot;unit&quot;:&quot;px&quot;,&quot;size&quot;:&quot;&quot;,&quot;sizes&quot;:[]}}\" data-widget_type=\"posts.classic\">\n\t\t\t\t<div class=\"elementor-widget-container\">\n\t\t\t\t\t\t\t<div class=\"elementor-posts-container elementor-posts elementor-posts--skin-classic elementor-grid\" role=\"list\">\n\t\t\t\t<article class=\"elementor-post elementor-grid-item post-15917 noticias type-noticias status-publish has-post-thumbnail hentry category-noticias-y-blog noticias-autonomos noticias-reta noticias-seguridad-social\" role=\"listitem\">\n\t\t\t\t<a class=\"elementor-post__thumbnail__link\" href=\"https:\/\/test.madridemprende.anovagroup.es\/en\/noticias\/conoce-mejor-el-regimen-especial-de-trabajadores-autonomos-reta\/\" tabindex=\"-1\" >\n\t\t\t<div class=\"elementor-post__thumbnail\"><img fetchpriority=\"high\" decoding=\"async\" width=\"685\" height=\"279\" src=\"https:\/\/test.madridemprende.anovagroup.es\/wp-content\/uploads\/2024\/01\/Regimen-Especial-de-Trabajadores-Autonomos-RETA-.jpg\" class=\"attachment-medium_large size-medium_large wp-image-16430\" alt=\"R\u00e9gimen Especial de Trabajadores Aut\u00f3nomos (RETA)\" srcset=\"https:\/\/test.madridemprende.anovagroup.es\/wp-content\/uploads\/2024\/01\/Regimen-Especial-de-Trabajadores-Autonomos-RETA-.jpg 685w, https:\/\/test.madridemprende.anovagroup.es\/wp-content\/uploads\/2024\/01\/Regimen-Especial-de-Trabajadores-Autonomos-RETA--300x122.jpg 300w, https:\/\/test.madridemprende.anovagroup.es\/wp-content\/uploads\/2024\/01\/Regimen-Especial-de-Trabajadores-Autonomos-RETA--18x7.jpg 18w\" sizes=\"(max-width: 685px) 100vw, 685px\" \/><\/div>\n\t\t<\/a>\n\t\t\t\t<div class=\"elementor-post__text\">\n\t\t\t\t<h3 class=\"elementor-post__title\">\n\t\t\t<a href=\"https:\/\/test.madridemprende.anovagroup.es\/en\/noticias\/conoce-mejor-el-regimen-especial-de-trabajadores-autonomos-reta\/\" >\n\t\t\t\tLearn more about the Special Regime for Self-Employed Workers (RETA)\t\t\t<\/a>\n\t\t<\/h3>\n\t\t\t\t<div class=\"elementor-post__meta-data\">\n\t\t\t\t\t<span class=\"elementor-post-date\">\n\t\t\t2 January 2024\t\t<\/span>\n\t\t\t\t<\/div>\n\t\t\t\t<div class=\"elementor-post__excerpt\">\n\t\t\t<p>The Special Regime for Self-Employed Workers (RETA) covers those who, unlike employees, are responsible for their own business and are subject to a series of specific tax and contribution obligations.<\/p>\n\t\t<\/div>\n\t\t\n\t\t<a class=\"elementor-post__read-more\" href=\"https:\/\/test.madridemprende.anovagroup.es\/en\/noticias\/conoce-mejor-el-regimen-especial-de-trabajadores-autonomos-reta\/\" aria-label=\"Read more about Conoce mejor el R\u00e9gimen Especial de Trabajadores Aut\u00f3nomos (RETA)\" tabindex=\"-1\" >\n\t\t\tRead more &quot;\t\t<\/a>\n\n\t\t\t\t<\/div>\n\t\t\t\t<\/article>\n\t\t\t\t<article class=\"elementor-post elementor-grid-item post-15904 noticias type-noticias status-publish has-post-thumbnail hentry category-noticias-y-blog noticias-autonomos noticias-seguridad-social\" role=\"listitem\">\n\t\t\t\t<a class=\"elementor-post__thumbnail__link\" href=\"https:\/\/test.madridemprende.anovagroup.es\/en\/noticias\/todo-lo-que-debes-saber-sobre-la-incapacidad-temporal-de-los-autonomos\/\" tabindex=\"-1\" >\n\t\t\t<div class=\"elementor-post__thumbnail\"><img decoding=\"async\" width=\"685\" height=\"279\" src=\"https:\/\/test.madridemprende.anovagroup.es\/wp-content\/uploads\/2024\/01\/incapacidad-temporal.jpg\" class=\"attachment-medium_large size-medium_large wp-image-16428\" alt=\"Incapacidad temporal\" srcset=\"https:\/\/test.madridemprende.anovagroup.es\/wp-content\/uploads\/2024\/01\/incapacidad-temporal.jpg 685w, https:\/\/test.madridemprende.anovagroup.es\/wp-content\/uploads\/2024\/01\/incapacidad-temporal-300x122.jpg 300w, https:\/\/test.madridemprende.anovagroup.es\/wp-content\/uploads\/2024\/01\/incapacidad-temporal-18x7.jpg 18w\" sizes=\"(max-width: 685px) 100vw, 685px\" \/><\/div>\n\t\t<\/a>\n\t\t\t\t<div class=\"elementor-post__text\">\n\t\t\t\t<h3 class=\"elementor-post__title\">\n\t\t\t<a href=\"https:\/\/test.madridemprende.anovagroup.es\/en\/noticias\/todo-lo-que-debes-saber-sobre-la-incapacidad-temporal-de-los-autonomos\/\" >\n\t\t\t\tEverything you need to know about the temporary disability of the self-employed\t\t\t<\/a>\n\t\t<\/h3>\n\t\t\t\t<div class=\"elementor-post__meta-data\">\n\t\t\t\t\t<span class=\"elementor-post-date\">\n\t\t\t7 December 2023\t\t<\/span>\n\t\t\t\t<\/div>\n\t\t\t\t<div class=\"elementor-post__excerpt\">\n\t\t\t<p>Temporary disability is a situation that arises from a common illness, an occupational disease or an accident, regardless of whether it is work-related or not.<\/p>\n\t\t<\/div>\n\t\t\n\t\t<a class=\"elementor-post__read-more\" href=\"https:\/\/test.madridemprende.anovagroup.es\/en\/noticias\/todo-lo-que-debes-saber-sobre-la-incapacidad-temporal-de-los-autonomos\/\" aria-label=\"Read more about Todo lo que debes saber sobre la incapacidad temporal de los aut\u00f3nomos\" tabindex=\"-1\" >\n\t\t\tRead more &quot;\t\t<\/a>\n\n\t\t\t\t<\/div>\n\t\t\t\t<\/article>\n\t\t\t\t<article class=\"elementor-post elementor-grid-item post-15923 noticias type-noticias status-publish has-post-thumbnail hentry category-noticias-y-blog noticias-reta noticias-seguridad-social\" role=\"listitem\">\n\t\t\t\t<a class=\"elementor-post__thumbnail__link\" href=\"https:\/\/test.madridemprende.anovagroup.es\/en\/noticias\/mutua-o-reta\/\" tabindex=\"-1\" >\n\t\t\t<div class=\"elementor-post__thumbnail\"><img loading=\"lazy\" decoding=\"async\" width=\"685\" height=\"279\" src=\"https:\/\/test.madridemprende.anovagroup.es\/wp-content\/uploads\/2024\/01\/Mutua-o-RETA.jpg\" class=\"attachment-medium_large size-medium_large wp-image-16427\" alt=\"Mutua o RETA\" srcset=\"https:\/\/test.madridemprende.anovagroup.es\/wp-content\/uploads\/2024\/01\/Mutua-o-RETA.jpg 685w, https:\/\/test.madridemprende.anovagroup.es\/wp-content\/uploads\/2024\/01\/Mutua-o-RETA-300x122.jpg 300w, https:\/\/test.madridemprende.anovagroup.es\/wp-content\/uploads\/2024\/01\/Mutua-o-RETA-18x7.jpg 18w\" sizes=\"(max-width: 685px) 100vw, 685px\" \/><\/div>\n\t\t<\/a>\n\t\t\t\t<div class=\"elementor-post__text\">\n\t\t\t\t<h3 class=\"elementor-post__title\">\n\t\t\t<a href=\"https:\/\/test.madridemprende.anovagroup.es\/en\/noticias\/mutua-o-reta\/\" >\n\t\t\t\tMutual or RETA?\t\t\t<\/a>\n\t\t<\/h3>\n\t\t\t\t<div class=\"elementor-post__meta-data\">\n\t\t\t\t\t<span class=\"elementor-post-date\">\n\t\t\t5 December 2023\t\t<\/span>\n\t\t\t\t<\/div>\n\t\t\t\t<div class=\"elementor-post__excerpt\">\n\t\t\t<p>If you are an entrepreneur, you can choose between two systems: the Special Regime for Self-Employed Workers (RETA) or a professional mutual insurance company.<\/p>\n\t\t<\/div>\n\t\t\n\t\t<a class=\"elementor-post__read-more\" href=\"https:\/\/test.madridemprende.anovagroup.es\/en\/noticias\/mutua-o-reta\/\" aria-label=\"Read more about \u00bfMutua o RETA?\" tabindex=\"-1\" >\n\t\t\tRead more &quot;\t\t<\/a>\n\n\t\t\t\t<\/div>\n\t\t\t\t<\/article>\n\t\t\t\t<article class=\"elementor-post elementor-grid-item post-15983 noticias type-noticias status-publish has-post-thumbnail hentry category-noticias-y-blog noticias-mfih noticias-reto\" role=\"listitem\">\n\t\t\t\t<a class=\"elementor-post__thumbnail__link\" href=\"https:\/\/test.madridemprende.anovagroup.es\/en\/noticias\/te-presentamos-las-propuestas-ganadoras-del-reto-madrid-desde-la-raiz\/\" tabindex=\"-1\" >\n\t\t\t<div class=\"elementor-post__thumbnail\"><img loading=\"lazy\" decoding=\"async\" width=\"685\" height=\"279\" src=\"https:\/\/test.madridemprende.anovagroup.es\/wp-content\/uploads\/2024\/01\/Propuestas-ganadoras-del-reto-Madrid-Desde-la-Raiz.png\" class=\"attachment-medium_large size-medium_large wp-image-16426\" alt=\"Propuestas ganadoras del reto Madrid Desde la Ra\u00edz\" srcset=\"https:\/\/test.madridemprende.anovagroup.es\/wp-content\/uploads\/2024\/01\/Propuestas-ganadoras-del-reto-Madrid-Desde-la-Raiz.png 685w, https:\/\/test.madridemprende.anovagroup.es\/wp-content\/uploads\/2024\/01\/Propuestas-ganadoras-del-reto-Madrid-Desde-la-Raiz-300x122.png 300w, https:\/\/test.madridemprende.anovagroup.es\/wp-content\/uploads\/2024\/01\/Propuestas-ganadoras-del-reto-Madrid-Desde-la-Raiz-18x7.png 18w\" sizes=\"(max-width: 685px) 100vw, 685px\" \/><\/div>\n\t\t<\/a>\n\t\t\t\t<div class=\"elementor-post__text\">\n\t\t\t\t<h3 class=\"elementor-post__title\">\n\t\t\t<a href=\"https:\/\/test.madridemprende.anovagroup.es\/en\/noticias\/te-presentamos-las-propuestas-ganadoras-del-reto-madrid-desde-la-raiz\/\" >\n\t\t\t\tWe present the winning proposals of the &#039;Madrid From the Roots&#039; challenge\t\t\t<\/a>\n\t\t<\/h3>\n\t\t\t\t<div class=\"elementor-post__meta-data\">\n\t\t\t\t\t<span class=\"elementor-post-date\">\n\t\t\t1 December 2023\t\t<\/span>\n\t\t\t\t<\/div>\n\t\t\t\t<div class=\"elementor-post__excerpt\">\n\t\t\t<p>Madrid Food Innovation Hub presents the five winning proposals of the &#039;Madrid From the Roots&#039; challenge to promote local production in urban environments.<\/p>\n\t\t<\/div>\n\t\t\n\t\t<a class=\"elementor-post__read-more\" href=\"https:\/\/test.madridemprende.anovagroup.es\/en\/noticias\/te-presentamos-las-propuestas-ganadoras-del-reto-madrid-desde-la-raiz\/\" aria-label=\"Read more about Te presentamos las propuestas ganadoras del reto &#8216;Madrid Desde la Ra\u00edz\u2019\" tabindex=\"-1\" >\n\t\t\tRead more &quot;\t\t<\/a>\n\n\t\t\t\t<\/div>\n\t\t\t\t<\/article>\n\t\t\t\t<\/div>\n\t\t\n\t\t\t\t\t\t<\/div>\n\t\t\t\t<\/div>\n\t\t\t\t<div class=\"elementor-element elementor-element-5018863 elementor-align-center elementor-widget elementor-widget-button\" data-id=\"5018863\" data-element_type=\"widget\" data-e-type=\"widget\" data-widget_type=\"button.default\">\n\t\t\t\t<div class=\"elementor-widget-container\">\n\t\t\t\t\t\t\t\t\t<div class=\"elementor-button-wrapper\">\n\t\t\t\t\t<a class=\"elementor-button elementor-button-link elementor-size-sm\" href=\"https:\/\/pre.madridemprende.anovagroup.es\/noticias\/\">\n\t\t\t\t\t\t<span class=\"elementor-button-content-wrapper\">\n\t\t\t\t\t\t\t\t\t<span class=\"elementor-button-text\">Learn more<\/span>\n\t\t\t\t\t<\/span>\n\t\t\t\t\t<\/a>\n\t\t\t\t<\/div>\n\t\t\t\t\t\t\t\t<\/div>\n\t\t\t\t<\/div>\n\t\t\t\t\t<\/div>\n\t\t<\/div>\n\t\t\t\t\t<\/div>\n\t\t<\/section>\n\t\t\t\t\t<\/div>\n\t\t<\/div>\n\t\t\t\t\t<\/div>\n\t\t<\/section>\n\t\t\t\t<\/div>","protected":false},"excerpt":{"rendered":"<p>Consulta aqu\u00ed las \u00faltimas noticias y entradas de nuestros blogs. Mantente al d\u00eda de todo lo relativo al emprendimiento. \u00daltimos Blogs Conoce m\u00e1s \u00daltimas Noticias Conoce m\u00e1s<\/p>","protected":false},"author":24,"featured_media":0,"parent":0,"menu_order":0,"comment_status":"closed","ping_status":"closed","template":"","meta":{"_acf_changed":false,"footnotes":""},"paginas_cat":[],"class_list":["post-6115","page","type-page","status-publish","hentry"],"acf":[],"_links":{"self":[{"href":"https:\/\/test.madridemprende.anovagroup.es\/en\/wp-json\/wp\/v2\/pages\/6115","targetHints":{"allow":["GET"]}}],"collection":[{"href":"https:\/\/test.madridemprende.anovagroup.es\/en\/wp-json\/wp\/v2\/pages"}],"about":[{"href":"https:\/\/test.madridemprende.anovagroup.es\/en\/wp-json\/wp\/v2\/types\/page"}],"author":[{"embeddable":true,"href":"https:\/\/test.madridemprende.anovagroup.es\/en\/wp-json\/wp\/v2\/users\/24"}],"replies":[{"embeddable":true,"href":"https:\/\/test.madridemprende.anovagroup.es\/en\/wp-json\/wp\/v2\/comments?post=6115"}],"version-history":[{"count":0,"href":"https:\/\/test.madridemprende.anovagroup.es\/en\/wp-json\/wp\/v2\/pages\/6115\/revisions"}],"wp:attachment":[{"href":"https:\/\/test.madridemprende.anovagroup.es\/en\/wp-json\/wp\/v2\/media?parent=6115"}],"wp:term":[{"taxonomy":"paginas_cat","embeddable":true,"href":"https:\/\/test.madridemprende.anovagroup.es\/en\/wp-json\/wp\/v2\/paginas_cat?post=6115"}],"curies":[{"name":"wp","href":"https:\/\/api.w.org\/{rel}","templated":true}]}}