{"id":10611,"date":"2022-08-02T11:41:45","date_gmt":"2022-08-02T09:41:45","guid":{"rendered":"https:\/\/pre.madridemprende.anovagroup.es\/?page_id=10611"},"modified":"2023-04-17T13:50:44","modified_gmt":"2023-04-17T11:50:44","slug":"plan-relanza-ii","status":"publish","type":"page","link":"https:\/\/test.madridemprende.anovagroup.es\/fr\/plan-relanza-ii\/","title":{"rendered":"Relance du plan II"},"content":{"rendered":"<div data-elementor-type=\"wp-page\" data-elementor-id=\"10611\" class=\"elementor elementor-10611\" data-elementor-post-type=\"page\">\n\t\t\t\t\t\t<section class=\"elementor-section elementor-top-section elementor-element elementor-element-27a501b elementor-section-boxed elementor-section-height-default elementor-section-height-default\" data-id=\"27a501b\" data-element_type=\"section\" data-e-type=\"section\">\n\t\t\t\t\t\t<div class=\"elementor-container elementor-column-gap-default\">\n\t\t\t\t\t<div class=\"elementor-column elementor-col-100 elementor-top-column elementor-element elementor-element-c3465c7\" data-id=\"c3465c7\" data-element_type=\"column\" data-e-type=\"column\">\n\t\t\t<div class=\"elementor-widget-wrap elementor-element-populated\">\n\t\t\t\t\t\t<div class=\"elementor-element elementor-element-e67b6d0 elementor-widget elementor-widget-heading\" data-id=\"e67b6d0\" data-element_type=\"widget\" data-e-type=\"widget\" data-widget_type=\"heading.default\">\n\t\t\t\t<div class=\"elementor-widget-container\">\n\t\t\t\t\t<h1 class=\"elementor-heading-title elementor-size-default\">Relance du plan II<\/h1>\t\t\t\t<\/div>\n\t\t\t\t<\/div>\n\t\t\t\t<div class=\"elementor-element elementor-element-1f62fb2 elementor-widget elementor-widget-theme-post-featured-image elementor-widget-image\" data-id=\"1f62fb2\" data-element_type=\"widget\" data-e-type=\"widget\" data-widget_type=\"theme-post-featured-image.default\">\n\t\t\t\t<div class=\"elementor-widget-container\">\n\t\t\t\t\t\t\t\t\t\t\t\t\t\t\t<img fetchpriority=\"high\" decoding=\"async\" width=\"800\" height=\"377\" src=\"https:\/\/test.madridemprende.anovagroup.es\/wp-content\/uploads\/2022\/07\/Plan-relanza_Banner-portada-web.png\" class=\"attachment-large size-large wp-image-10604\" alt=\"Plan Relanza II\" srcset=\"https:\/\/test.madridemprende.anovagroup.es\/wp-content\/uploads\/2022\/07\/Plan-relanza_Banner-portada-web.png 852w, https:\/\/test.madridemprende.anovagroup.es\/wp-content\/uploads\/2022\/07\/Plan-relanza_Banner-portada-web-300x141.png 300w, https:\/\/test.madridemprende.anovagroup.es\/wp-content\/uploads\/2022\/07\/Plan-relanza_Banner-portada-web-768x361.png 768w, https:\/\/test.madridemprende.anovagroup.es\/wp-content\/uploads\/2022\/07\/Plan-relanza_Banner-portada-web-18x8.png 18w\" sizes=\"(max-width: 800px) 100vw, 800px\" \/>\t\t\t\t\t\t\t\t\t\t\t\t\t\t\t<\/div>\n\t\t\t\t<\/div>\n\t\t\t\t<div class=\"elementor-element elementor-element-9543723 elementor-widget elementor-widget-text-editor\" data-id=\"9543723\" data-element_type=\"widget\" data-e-type=\"widget\" data-widget_type=\"text-editor.default\">\n\t\t\t\t<div class=\"elementor-widget-container\">\n\t\t\t\t\t\t\t\t\t<h5 style=\"text-align: center;\"><strong>Ligne d&#039;aide destin\u00e9e aux travailleurs ind\u00e9pendants qui exercent leur activit\u00e9 \u00e9conomique dans la municipalit\u00e9 de Madrid<\/strong><\/h5><p><span style=\"font-size: 1rem;\">Le Plan Relanza II a pour objet de contribuer \u00e0 <\/span><strong style=\"font-size: 1rem;\">maintien et p\u00e9rennit\u00e9 de son activit\u00e9 \u00e9conomique<\/strong><span style=\"font-size: 1rem;\"> et contribuer \u00e0 <\/span><strong style=\"font-size: 1rem;\">pour att\u00e9nuer<\/strong><span style=\"font-size: 1rem;\">, dans la mesure du possible, les pertes \u00e9conomiques que <\/span><strong style=\"font-size: 1rem;\">crise<\/strong><span style=\"font-size: 1rem;\"> la situation \u00e9conomique actuelle a pu g\u00e9n\u00e9rer dans leurs entreprises.<\/span><\/p><p><span style=\"font-size: 1rem;\">L&#039;aide consistera en une subvention d&#039;un montant de <\/span><strong style=\"font-size: 1rem;\">3 000 euros par demandeur, non remboursable. <\/strong>La\u00a0<strong style=\"font-size: 1rem;\">montant total<\/strong><span style=\"font-size: 1rem;\"> du cr\u00e9dit affect\u00e9 \u00e0 cette aide s&#039;\u00e9l\u00e8ve \u00e0 un montant de <\/span><strong style=\"font-size: 1rem;\">5 001 000 euros.<\/strong><\/p><h6><strong>D\u00e9cret d\u00e9clarant les b\u00e9n\u00e9ficiaires du Plan Relanza II<\/strong><\/h6><p>D\u00e9cret du 1er d\u00e9cembre du d\u00e9l\u00e9gu\u00e9 du secteur gouvernemental de l&#039;\u00e9conomie, de l&#039;innovation et de l&#039;emploi se d\u00e9clarant b\u00e9n\u00e9ficiaires de l&#039;appel public pour l&#039;octroi d&#039;aides aux travailleurs ind\u00e9pendants dans le cadre du plan Relanza II de la mairie de Madrid. BOAM n\u00b0 9279 (12\/09\/2022).<\/p><h6><strong>D\u00e9cret d\u00e9clarant les demandes rejet\u00e9es et retir\u00e9es du Plan Relanza II<\/strong><\/h6><p>Arr\u00eat\u00e9 du 21 d\u00e9cembre 2022 du d\u00e9l\u00e9gu\u00e9 du Gouvernement Domaine de l&#039;Economie, de l&#039;Innovation et de l&#039;Emploi par lequel ils d\u00e9clarent<strong> demandes rejet\u00e9es et retir\u00e9es<\/strong><strong>, ainsi que les raisons qui ont conduit au refus de l&#039;aide. <\/strong>BOAM n\u00b0 9295 (01\/03\/2023).<\/p>\t\t\t\t\t\t\t\t<\/div>\n\t\t\t\t<\/div>\n\t\t\t\t\t<\/div>\n\t\t<\/div>\n\t\t\t\t\t<\/div>\n\t\t<\/section>\n\t\t\t\t<section class=\"elementor-section elementor-top-section elementor-element elementor-element-a2d694c elementor-section-boxed elementor-section-height-default elementor-section-height-default\" data-id=\"a2d694c\" data-element_type=\"section\" data-e-type=\"section\">\n\t\t\t\t\t\t<div class=\"elementor-container elementor-column-gap-default\">\n\t\t\t\t\t<div class=\"elementor-column elementor-col-100 elementor-top-column elementor-element elementor-element-19dea4b\" data-id=\"19dea4b\" data-element_type=\"column\" data-e-type=\"column\">\n\t\t\t<div class=\"elementor-widget-wrap elementor-element-populated\">\n\t\t\t\t<!-- dce invisible element 108578c -->\t\t<div class=\"elementor-element elementor-element-b006741 elementor-widget elementor-widget-heading\" data-id=\"b006741\" data-element_type=\"widget\" data-e-type=\"widget\" data-widget_type=\"heading.default\">\n\t\t\t\t<div class=\"elementor-widget-container\">\n\t\t\t\t\t<p class=\"elementor-heading-title elementor-size-large\">D\u00e9clar\u00e9 les b\u00e9n\u00e9ficiaires du Plan Relanza II<\/p>\t\t\t\t<\/div>\n\t\t\t\t<\/div>\n\t\t\t\t\t<\/div>\n\t\t<\/div>\n\t\t\t\t\t<\/div>\n\t\t<\/section>\n\t\t\t\t<section class=\"elementor-section elementor-top-section elementor-element elementor-element-2c0f3e6 elementor-section-boxed elementor-section-height-default elementor-section-height-default\" data-id=\"2c0f3e6\" data-element_type=\"section\" data-e-type=\"section\">\n\t\t\t\t\t\t<div class=\"elementor-container elementor-column-gap-default\">\n\t\t\t\t\t<div class=\"elementor-column elementor-col-100 elementor-top-column elementor-element elementor-element-953edec\" data-id=\"953edec\" data-element_type=\"column\" data-e-type=\"column\">\n\t\t\t<div class=\"elementor-widget-wrap\">\n\t\t\t\t\t\t\t<\/div>\n\t\t<\/div>\n\t\t\t\t\t<\/div>\n\t\t<\/section>\n\t\t\t\t<section class=\"elementor-section elementor-top-section elementor-element elementor-element-f3be34c elementor-section-boxed elementor-section-height-default elementor-section-height-default\" data-id=\"f3be34c\" data-element_type=\"section\" data-e-type=\"section\">\n\t\t\t\t\t\t<div class=\"elementor-container elementor-column-gap-default\">\n\t\t\t\t\t<div class=\"elementor-column elementor-col-100 elementor-top-column elementor-element elementor-element-4015a9b\" data-id=\"4015a9b\" data-element_type=\"column\" data-e-type=\"column\">\n\t\t\t<div class=\"elementor-widget-wrap elementor-element-populated\">\n\t\t\t\t\t\t<div class=\"elementor-element elementor-element-5b4cafc elementor-align-center elementor-widget elementor-widget-button\" data-id=\"5b4cafc\" data-element_type=\"widget\" data-e-type=\"widget\" data-widget_type=\"button.default\">\n\t\t\t\t<div class=\"elementor-widget-container\">\n\t\t\t\t\t\t\t\t\t<div class=\"elementor-button-wrapper\">\n\t\t\t\t\t<a class=\"elementor-button elementor-button-link elementor-size-lg\" href=\"https:\/\/sede.madrid.es\/sites\/v\/index.jsp?vgnextoid=ea376108932e4810VgnVCM2000001f4a900aRCRD&#038;vgnextchannel=741d814231ede410VgnVCM1000000b205a0aRCRD\">\n\t\t\t\t\t\t<span class=\"elementor-button-content-wrapper\">\n\t\t\t\t\t\t\t\t\t<span class=\"elementor-button-text\">Consulter le d\u00e9cret de r\u00e9solution<\/span>\n\t\t\t\t\t<\/span>\n\t\t\t\t\t<\/a>\n\t\t\t\t<\/div>\n\t\t\t\t\t\t\t\t<\/div>\n\t\t\t\t<\/div>\n\t\t<!-- dce invisible element c7266a3 --><!-- dce invisible element beed15f -->\t\t<div class=\"elementor-element elementor-element-dd4de60 elementor-widget elementor-widget-heading\" data-id=\"dd4de60\" data-element_type=\"widget\" data-e-type=\"widget\" data-widget_type=\"heading.default\">\n\t\t\t\t<div class=\"elementor-widget-container\">\n\t\t\t\t\t<p class=\"elementor-heading-title elementor-size-default\"><a href=\"https:\/\/pre.madridemprende.anovagroup.es\/wp-content\/uploads\/2022\/12\/Listado.Beneficiarios_Plan.RelanzaII_orden.alfab_.pdf\" target=\"_blank\">Vous pouvez \u00e9galement consulter la liste par ordre alphab\u00e9tique<br><br><\/a><\/p>\t\t\t\t<\/div>\n\t\t\t\t<\/div>\n\t\t\t\t\t<\/div>\n\t\t<\/div>\n\t\t\t\t\t<\/div>\n\t\t<\/section>\n\t\t\t\t<section class=\"elementor-section elementor-top-section elementor-element elementor-element-054d1ce elementor-section-boxed elementor-section-height-default elementor-section-height-default\" data-id=\"054d1ce\" data-element_type=\"section\" data-e-type=\"section\">\n\t\t\t\t\t\t<div class=\"elementor-container elementor-column-gap-default\">\n\t\t\t\t\t<div class=\"elementor-column elementor-col-100 elementor-top-column elementor-element elementor-element-fd58dfa\" data-id=\"fd58dfa\" data-element_type=\"column\" data-e-type=\"column\">\n\t\t\t<div class=\"elementor-widget-wrap elementor-element-populated\">\n\t\t\t\t\t\t<div class=\"elementor-element elementor-element-22b80c0 elementor-widget elementor-widget-heading\" data-id=\"22b80c0\" data-element_type=\"widget\" data-e-type=\"widget\" data-widget_type=\"heading.default\">\n\t\t\t\t<div class=\"elementor-widget-container\">\n\t\t\t\t\t<h5 class=\"elementor-heading-title elementor-size-large\">Les demandes rejet\u00e9es et retir\u00e9es ainsi que les raisons qui les ont motiv\u00e9es.<\/h5>\t\t\t\t<\/div>\n\t\t\t\t<\/div>\n\t\t\t\t\t<\/div>\n\t\t<\/div>\n\t\t\t\t\t<\/div>\n\t\t<\/section>\n\t\t\t\t<section class=\"elementor-section elementor-top-section elementor-element elementor-element-12ca4c9 elementor-section-boxed elementor-section-height-default elementor-section-height-default\" data-id=\"12ca4c9\" data-element_type=\"section\" data-e-type=\"section\">\n\t\t\t\t\t\t<div class=\"elementor-container elementor-column-gap-default\">\n\t\t\t\t\t<div class=\"elementor-column elementor-col-100 elementor-top-column elementor-element elementor-element-0a6935a\" data-id=\"0a6935a\" data-element_type=\"column\" data-e-type=\"column\">\n\t\t\t<div class=\"elementor-widget-wrap elementor-element-populated\">\n\t\t\t\t\t\t<div class=\"elementor-element elementor-element-978fc63 elementor-align-center elementor-widget elementor-widget-button\" data-id=\"978fc63\" data-element_type=\"widget\" data-e-type=\"widget\" data-widget_type=\"button.default\">\n\t\t\t\t<div class=\"elementor-widget-container\">\n\t\t\t\t\t\t\t\t\t<div class=\"elementor-button-wrapper\">\n\t\t\t\t\t<a class=\"elementor-button elementor-button-link elementor-size-lg\" href=\"https:\/\/sede.madrid.es\/portal\/site\/tramites\/menuitem.b4c91589e7f6a5d829da39e5a8a409a0\/?vgnextoid=7ed0cff3b5265810VgnVCM2000001f4a900aRCRD&#038;vgnextchannel=741d814231ede410VgnVCM1000000b205a0aRCRD&#038;vgnextfmt=default\" target=\"_blank\">\n\t\t\t\t\t\t<span class=\"elementor-button-content-wrapper\">\n\t\t\t\t\t\t\t\t\t<span class=\"elementor-button-text\">Consulter le d\u00e9cret de d\u00e9claration des demandes rejet\u00e9es et retir\u00e9es<\/span>\n\t\t\t\t\t<\/span>\n\t\t\t\t\t<\/a>\n\t\t\t\t<\/div>\n\t\t\t\t\t\t\t\t<\/div>\n\t\t\t\t<\/div>\n\t\t\t\t\t<\/div>\n\t\t<\/div>\n\t\t\t\t\t<\/div>\n\t\t<\/section>\n\t\t\t\t<\/div>","protected":false},"excerpt":{"rendered":"<p>Plan Relanza II L\u00ednea de ayudas dirigidas a trabajadores y trabajadoras aut\u00f3nomos que prestan su actividad econ\u00f3mica en el municipio de Madrid El objeto del Plan Relanza II es contribuir al mantenimiento y sostenibilidad de su actividad econ\u00f3mica y contribuir a mitigar, en la medida de lo posible, las p\u00e9rdidas econ\u00f3micas que la crisis econ\u00f3mica [&hellip;]<\/p>\n","protected":false},"author":24,"featured_media":10604,"parent":0,"menu_order":0,"comment_status":"closed","ping_status":"closed","template":"","meta":{"_acf_changed":false,"footnotes":""},"paginas_cat":[],"class_list":["post-10611","page","type-page","status-publish","has-post-thumbnail","hentry"],"acf":[],"_links":{"self":[{"href":"https:\/\/test.madridemprende.anovagroup.es\/fr\/wp-json\/wp\/v2\/pages\/10611","targetHints":{"allow":["GET"]}}],"collection":[{"href":"https:\/\/test.madridemprende.anovagroup.es\/fr\/wp-json\/wp\/v2\/pages"}],"about":[{"href":"https:\/\/test.madridemprende.anovagroup.es\/fr\/wp-json\/wp\/v2\/types\/page"}],"author":[{"embeddable":true,"href":"https:\/\/test.madridemprende.anovagroup.es\/fr\/wp-json\/wp\/v2\/users\/24"}],"replies":[{"embeddable":true,"href":"https:\/\/test.madridemprende.anovagroup.es\/fr\/wp-json\/wp\/v2\/comments?post=10611"}],"version-history":[{"count":0,"href":"https:\/\/test.madridemprende.anovagroup.es\/fr\/wp-json\/wp\/v2\/pages\/10611\/revisions"}],"wp:featuredmedia":[{"embeddable":true,"href":"https:\/\/test.madridemprende.anovagroup.es\/fr\/wp-json\/wp\/v2\/media\/10604"}],"wp:attachment":[{"href":"https:\/\/test.madridemprende.anovagroup.es\/fr\/wp-json\/wp\/v2\/media?parent=10611"}],"wp:term":[{"taxonomy":"paginas_cat","embeddable":true,"href":"https:\/\/test.madridemprende.anovagroup.es\/fr\/wp-json\/wp\/v2\/paginas_cat?post=10611"}],"curies":[{"name":"wp","href":"https:\/\/api.w.org\/{rel}","templated":true}]}}