{"id":11769,"date":"2022-11-15T10:15:20","date_gmt":"2022-11-15T09:15:20","guid":{"rendered":"https:\/\/pre.madridemprende.anovagroup.es\/?page_id=11769"},"modified":"2023-04-17T13:51:07","modified_gmt":"2023-04-17T11:51:07","slug":"programa-de-internacionalizacion-de-viveros","status":"publish","type":"page","link":"https:\/\/test.madridemprende.anovagroup.es\/fr\/programa-de-internacionalizacion-de-viveros\/","title":{"rendered":"Programme d&#039;internationalisation des cr\u00e8ches"},"content":{"rendered":"<div data-elementor-type=\"wp-page\" data-elementor-id=\"11769\" class=\"elementor elementor-11769\" data-elementor-post-type=\"page\">\n\t\t\t\t\t\t<section class=\"elementor-section elementor-top-section elementor-element elementor-element-0437bc6 elementor-section-boxed elementor-section-height-default elementor-section-height-default\" data-id=\"0437bc6\" data-element_type=\"section\" data-e-type=\"section\">\n\t\t\t\t\t\t<div class=\"elementor-container elementor-column-gap-default\">\n\t\t\t\t\t<div class=\"elementor-column elementor-col-100 elementor-top-column elementor-element elementor-element-c4d61ab\" data-id=\"c4d61ab\" data-element_type=\"column\" data-e-type=\"column\">\n\t\t\t<div class=\"elementor-widget-wrap elementor-element-populated\">\n\t\t\t\t\t\t<div class=\"elementor-element elementor-element-9d8a396 elementor-widget elementor-widget-heading\" data-id=\"9d8a396\" data-element_type=\"widget\" data-e-type=\"widget\" data-widget_type=\"heading.default\">\n\t\t\t\t<div class=\"elementor-widget-container\">\n\t\t\t\t\t<h1 class=\"elementor-heading-title elementor-size-default\">Programme d&#039;internationalisation des p\u00e9pini\u00e8res<\/h1>\t\t\t\t<\/div>\n\t\t\t\t<\/div>\n\t\t\t\t<div class=\"elementor-element elementor-element-5b4c132 elementor-widget elementor-widget-shortcode\" data-id=\"5b4c132\" data-element_type=\"widget\" data-e-type=\"widget\" data-widget_type=\"shortcode.default\">\n\t\t\t\t<div class=\"elementor-widget-container\">\n\t\t\t\t\t\t\t<div class=\"elementor-shortcode\">\n<div class=\"wpcf7 no-js\" id=\"wpcf7-f11768-o1\" lang=\"es-ES\" dir=\"ltr\" data-wpcf7-id=\"11768\">\n<div class=\"screen-reader-response\"><p role=\"status\" aria-live=\"polite\" aria-atomic=\"true\"><\/p> <ul><\/ul><\/div>\n<form action=\"\/fr\/wp-json\/wp\/v2\/pages\/11769#wpcf7-f11768-o1\" method=\"post\" class=\"wpcf7-form init\" aria-label=\"Formulaire de contact\" enctype=\"multipart\/form-data\" novalidate=\"novalidate\" data-status=\"init\" data-trp-original-action=\"\/fr\/wp-json\/wp\/v2\/pages\/11769#wpcf7-f11768-o1\">\n<fieldset class=\"hidden-fields-container\"><input type=\"hidden\" name=\"_wpcf7\" value=\"11768\" \/><input type=\"hidden\" name=\"_wpcf7_version\" value=\"6.1.5\" \/><input type=\"hidden\" name=\"_wpcf7_locale\" value=\"es_ES\" \/><input type=\"hidden\" name=\"_wpcf7_unit_tag\" value=\"wpcf7-f11768-o1\" \/><input type=\"hidden\" name=\"_wpcf7_container_post\" value=\"0\" \/><input type=\"hidden\" name=\"_wpcf7_posted_data_hash\" value=\"\" \/><input type=\"hidden\" name=\"_wpcf7cf_hidden_group_fields\" value=\"[]\" \/><input type=\"hidden\" name=\"_wpcf7cf_hidden_groups\" value=\"[]\" \/><input type=\"hidden\" name=\"_wpcf7cf_visible_groups\" value=\"[]\" \/><input type=\"hidden\" name=\"_wpcf7cf_repeaters\" value=\"[]\" \/><input type=\"hidden\" name=\"_wpcf7cf_steps\" value=\"{}\" \/><input type=\"hidden\" name=\"_wpcf7cf_options\" value=\"{&quot;form_id&quot;:11768,&quot;conditions&quot;:[],&quot;settings&quot;:{&quot;animation&quot;:&quot;yes&quot;,&quot;animation_intime&quot;:200,&quot;animation_outtime&quot;:200,&quot;conditions_ui&quot;:&quot;normal&quot;,&quot;notice_dismissed&quot;:false,&quot;notice_dismissed_rollback-cf7-5.7.5.1&quot;:true,&quot;notice_dismissed_update-cf7-5.8.1&quot;:true,&quot;notice_dismissed_rollback-cf7-5.8.1&quot;:true,&quot;notice_dismissed_rollback-cf7-5.8.2&quot;:true,&quot;notice_dismissed_rollback-cf7-5.8.3&quot;:true,&quot;notice_dismissed_rollback-cf7-6.0.1&quot;:true}}\" \/><input type=\"hidden\" name=\"_wpcf7_recaptcha_response\" value=\"\" \/>\n<\/fieldset>\n<h4>S\u00e9lectionnez l&#039;incubateur dans lequel vous souhaitez \u00eatre conseill\u00e9 pour l&#039;internationalisation :\n<\/h4>\n<p><label> Incubateurs d&#039;entreprises : *<br \/>\n<span class=\"wpcf7-form-control-wrap\" data-name=\"area\"><select class=\"wpcf7-form-control wpcf7-select wpcf7-validates-as-required\" aria-required=\"true\" aria-invalid=\"false\" name=\"area\"><option value=\"\">&#8212;Por favor, elige una opci\u00f3n&#8212;<\/option><option value=\"Vivero de Carabanchel\">Incubateurs d'entreprises Carabanchel<\/option><option value=\"Vivero de Moratalaz\">Incubateurs d'entreprises de Moratalaz<\/option><option value=\"Vivero de Puente de Vallecas\">P\u00e9pini\u00e8re Puente de Vallecas<\/option><option value=\"Vivero de San Blas\">Incubateurs d'entreprises San Blas<\/option><option value=\"Vivero de Vic\u00e1lvaro\">Incubateurs d'entreprises Vic\u00e1lvaro<\/option><option value=\"Vivero de Villaverde\">Incubateurs d'entreprises Villaverde<\/option><\/select><\/span> <\/label>\n<\/p>\n<h4>Les donn\u00e9es de la compagnie:\n<\/h4>\n<p><label> Nom de l&#039;entreprise: *<br \/>\n<span class=\"wpcf7-form-control-wrap\" data-name=\"nombre-empresa\"><input size=\"40\" maxlength=\"400\" class=\"wpcf7-form-control wpcf7-text wpcf7-validates-as-required\" aria-required=\"true\" aria-invalid=\"false\" value=\"\" type=\"text\" name=\"nombre-empresa\" \/><\/span> <\/label>\n<\/p>\n<p><label> Identifiant de l&#039;entreprise\u00a0: *<br \/>\n<span class=\"wpcf7-form-control-wrap\" data-name=\"CIF-empresa\"><input size=\"40\" maxlength=\"400\" class=\"wpcf7-form-control wpcf7-text wpcf7-validates-as-required\" aria-required=\"true\" aria-invalid=\"false\" value=\"\" type=\"text\" name=\"CIF-empresa\" \/><\/span> <\/label>\n<\/p>\n<p><label> Secteur d&#039;activit\u00e9 : *<br \/>\n<span class=\"wpcf7-form-control-wrap\" data-name=\"sector-empresa\"><input size=\"40\" maxlength=\"400\" class=\"wpcf7-form-control wpcf7-text wpcf7-validates-as-required\" aria-required=\"true\" aria-invalid=\"false\" value=\"\" type=\"text\" name=\"sector-empresa\" \/><\/span> <\/label>\n<\/p>\n<p><label> Br\u00e8ve description de l&#039;entreprise : *<br \/>\n<span class=\"wpcf7-form-control-wrap\" data-name=\"descripcion-empresa\"><textarea cols=\"40\" rows=\"10\" maxlength=\"2000\" class=\"wpcf7-form-control wpcf7-textarea wpcf7-validates-as-required\" aria-required=\"true\" aria-invalid=\"false\" name=\"descripcion-empresa\"><\/textarea><\/span> <\/label>\n<\/p>\n<h4>Repr\u00e9sentant d&#039;un groupe:\n<\/h4>\n<p><label> Pr\u00e9nom et nom: *<br \/>\n<span class=\"wpcf7-form-control-wrap\" data-name=\"nombre-representante\"><input size=\"40\" maxlength=\"400\" class=\"wpcf7-form-control wpcf7-text wpcf7-validates-as-required\" aria-required=\"true\" aria-invalid=\"false\" value=\"\" type=\"text\" name=\"nombre-representante\" \/><\/span> <\/label>\n<\/p>\n<p><label> T\u00e9l\u00e9phone de contact: *<br \/>\n<span class=\"wpcf7-form-control-wrap\" data-name=\"telefono-representante\"><input size=\"40\" maxlength=\"400\" class=\"wpcf7-form-control wpcf7-tel wpcf7-validates-as-required wpcf7-text wpcf7-validates-as-tel\" aria-required=\"true\" aria-invalid=\"false\" value=\"\" type=\"tel\" name=\"telefono-representante\" \/><\/span> <\/label>\n<\/p>\n<p><label> Email du contact: *<br \/>\n<span class=\"wpcf7-form-control-wrap\" data-name=\"email-representante\"><input size=\"40\" maxlength=\"400\" class=\"wpcf7-form-control wpcf7-email wpcf7-validates-as-required wpcf7-text wpcf7-validates-as-email\" aria-required=\"true\" aria-invalid=\"false\" value=\"\" type=\"email\" name=\"email-representante\" \/><\/span> <\/label>\n<\/p>\n<h4>Joindre un r\u00e9sum\u00e9 analytique\n<\/h4>\n<p><span class=\"wpcf7-form-control-wrap\" data-name=\"fichero-adjunto\"><input size=\"40\" class=\"wpcf7-form-control wpcf7-file wpcf7-validates-as-required\" accept=\".pdf\" aria-required=\"true\" aria-invalid=\"false\" type=\"file\" name=\"fichero-adjunto\" \/><\/span>(max. deux pages) *<br \/>\nTypes de fichiers autoris\u00e9s\u00a0: PDF<br \/>\nTaille maximale du fichier\u00a0: 5\u00a0Mo\n<\/p>\n<p><strong>Protection des donn\u00e9es personnelles : INFORMATIONS DE BASE<\/strong>\n<\/p>\n<p>Les donn\u00e9es collect\u00e9es seront incorpor\u00e9es et trait\u00e9es dans le cadre de l&#039;activit\u00e9 de \u00ab<strong>ACCOMPAGNEMENT GLOBAL DE L&#039;ENTREPRENEURIAT<\/strong>\u00bb, responsabilit\u00e9 de la Direction g\u00e9n\u00e9rale de l&#039;entrepreneuriat, situ\u00e9e Calle Pr\u00edncipe de Vergara, 140, dans le but de conseiller, promouvoir et soutenir la cr\u00e9ation et la consolidation de nouvelles entreprises, ainsi que de former des entrepreneurs et des hommes d&#039;affaires avec des conf\u00e9rences, des ateliers et autres r\u00e9seaux. activit\u00e9s pr\u00e9sentant un int\u00e9r\u00eat particulier pour l\u2019\u00e9cosyst\u00e8me entrepreneurial. Le traitement des donn\u00e9es est l\u00e9gitim\u00e9 par le consentement des int\u00e9ress\u00e9s. Les donn\u00e9es ne peuvent \u00eatre c\u00e9d\u00e9es \u00e0 des tiers sauf dans les cas pr\u00e9vus par la r\u00e9glementation en vigueur sur la protection des donn\u00e9es personnelles. D\u00e9l\u00e9gation de protection des donn\u00e9es : <a href=\"malito:oficprotecciondatos@madrid.es\">oficprotecciondatos@madrid.es<\/a>\n<\/p>\n<p><span class=\"wpcf7-form-control-wrap\" data-name=\"RGDP\"><span class=\"wpcf7-form-control wpcf7-acceptance\"><span class=\"wpcf7-list-item\"><input type=\"checkbox\" name=\"RGDP\" value=\"1\" aria-invalid=\"false\" \/><\/span><\/span><\/span> * J&#039;accepte que mes donn\u00e9es personnelles soient collect\u00e9es et trait\u00e9es. Information compl\u00e9mentaire: <a href=\"https:\/\/pre.madridemprende.anovagroup.es\/politica-de-privacidad\/\">Politique de confidentialit\u00e9<\/a>\n<\/p>\n<span class=\"wpcf7-form-control-wrap recaptcha\" data-name=\"recaptcha\"><span data-sitekey=\"6LcAn3ksAAAAAPINwwnnUCynfzbpxU0nZcoJdfeq\" class=\"wpcf7-form-control wpcf7-recaptcha g-recaptcha\"><\/span>\r\n<noscript>\r\n\t<div class=\"grecaptcha-noscript\">\r\n\t\t<iframe src=\"https:\/\/www.google.com\/recaptcha\/api\/fallback?k=6LcAn3ksAAAAAPINwwnnUCynfzbpxU0nZcoJdfeq\" frameborder=\"0\" scrolling=\"no\" width=\"310\" height=\"430\">\r\n\t\t<\/iframe>\r\n\t\t<textarea name=\"g-recaptcha-response\" rows=\"3\" cols=\"40\" placeholder=\"Aqu\u00ed la respuesta de reCAPTCHA\">\r\n\t\t<\/textarea>\r\n\t<\/div>\r\n<\/noscript>\r\n<\/span>\n<p><span id=\"wpcf7-69dc790773c4b-wrapper\" class=\"wpcf7-form-control-wrap honeypot-758-wrap\" ><input type=\"hidden\" name=\"honeypot-758-time-start\" value=\"1776056583\"><input type=\"hidden\" name=\"honeypot-758-time-check\" value=\"1\"><label for=\"wpcf7-69dc790773c4b-field\" class=\"hp-message\">Por favor, deja este campo vac\u00edo.<\/label><input id=\"wpcf7-69dc790773c4b-field\"  class=\"wpcf7-form-control wpcf7-text\" type=\"text\" name=\"honeypot-758\" value=\"\" size=\"40\" tabindex=\"-1\" autocomplete=\"new-password\" \/><\/span>\n<\/p>\n<p><input class=\"wpcf7-form-control wpcf7-submit has-spinner\" type=\"submit\" value=\"Envoyer\" \/>\n<\/p><div class=\"wpcf7-response-output\" aria-hidden=\"true\"><\/div>\n<input type=\"hidden\" name=\"trp-form-language\" value=\"fr\"\/><\/form>\n<\/div>\n<\/div>\n\t\t\t\t\t\t<\/div>\n\t\t\t\t<\/div>\n\t\t\t\t\t<\/div>\n\t\t<\/div>\n\t\t\t\t\t<\/div>\n\t\t<\/section>\n\t\t\t\t<\/div>","protected":false},"excerpt":{"rendered":"<p>Programme d&#039;internationalisation des p\u00e9pini\u00e8res<\/p>","protected":false},"author":24,"featured_media":0,"parent":0,"menu_order":0,"comment_status":"closed","ping_status":"closed","template":"","meta":{"_acf_changed":false,"footnotes":""},"paginas_cat":[],"class_list":["post-11769","page","type-page","status-publish","hentry"],"acf":[],"_links":{"self":[{"href":"https:\/\/test.madridemprende.anovagroup.es\/fr\/wp-json\/wp\/v2\/pages\/11769","targetHints":{"allow":["GET"]}}],"collection":[{"href":"https:\/\/test.madridemprende.anovagroup.es\/fr\/wp-json\/wp\/v2\/pages"}],"about":[{"href":"https:\/\/test.madridemprende.anovagroup.es\/fr\/wp-json\/wp\/v2\/types\/page"}],"author":[{"embeddable":true,"href":"https:\/\/test.madridemprende.anovagroup.es\/fr\/wp-json\/wp\/v2\/users\/24"}],"replies":[{"embeddable":true,"href":"https:\/\/test.madridemprende.anovagroup.es\/fr\/wp-json\/wp\/v2\/comments?post=11769"}],"version-history":[{"count":0,"href":"https:\/\/test.madridemprende.anovagroup.es\/fr\/wp-json\/wp\/v2\/pages\/11769\/revisions"}],"wp:attachment":[{"href":"https:\/\/test.madridemprende.anovagroup.es\/fr\/wp-json\/wp\/v2\/media?parent=11769"}],"wp:term":[{"taxonomy":"paginas_cat","embeddable":true,"href":"https:\/\/test.madridemprende.anovagroup.es\/fr\/wp-json\/wp\/v2\/paginas_cat?post=11769"}],"curies":[{"name":"wp","href":"https:\/\/api.w.org\/{rel}","templated":true}]}}