{"id":14076,"date":"2023-06-20T10:27:21","date_gmt":"2023-06-20T08:27:21","guid":{"rendered":"https:\/\/pre.madridemprende.anovagroup.es\/?page_id=14076"},"modified":"2023-11-22T18:02:38","modified_gmt":"2023-11-22T17:02:38","slug":"programas-de-aceleracion-en-los-viveros-de-empresas","status":"publish","type":"page","link":"https:\/\/test.madridemprende.anovagroup.es\/fr\/programas-de-aceleracion-en-los-viveros-de-empresas\/","title":{"rendered":"Programmes d&#039;acc\u00e9l\u00e9ration dans les incubateurs d&#039;entreprises"},"content":{"rendered":"<div data-elementor-type=\"wp-page\" data-elementor-id=\"14076\" class=\"elementor elementor-14076\" data-elementor-post-type=\"page\">\n\t\t\t\t\t\t<section class=\"elementor-section elementor-top-section elementor-element elementor-element-dd10ec5 elementor-section-boxed elementor-section-height-default elementor-section-height-default\" data-id=\"dd10ec5\" data-element_type=\"section\" data-e-type=\"section\">\n\t\t\t\t\t\t<div class=\"elementor-container elementor-column-gap-default\">\n\t\t\t\t\t<div class=\"elementor-column elementor-col-100 elementor-top-column elementor-element elementor-element-a43fce2\" data-id=\"a43fce2\" data-element_type=\"column\" data-e-type=\"column\">\n\t\t\t<div class=\"elementor-widget-wrap elementor-element-populated\">\n\t\t\t\t\t\t<div class=\"elementor-element elementor-element-04f1e7a elementor-widget elementor-widget-heading\" data-id=\"04f1e7a\" data-element_type=\"widget\" data-e-type=\"widget\" data-widget_type=\"heading.default\">\n\t\t\t\t<div class=\"elementor-widget-container\">\n\t\t\t\t\t<h2 class=\"elementor-heading-title elementor-size-default\">Programmes d&#039;acc\u00e9l\u00e9ration dans les incubateurs d&#039;entreprises<\/h2>\t\t\t\t<\/div>\n\t\t\t\t<\/div>\n\t\t\t\t<div class=\"elementor-element elementor-element-936acd8 elementor-widget elementor-widget-text-editor\" data-id=\"936acd8\" data-element_type=\"widget\" data-e-type=\"widget\" data-widget_type=\"text-editor.default\">\n\t\t\t\t<div class=\"elementor-widget-container\">\n\t\t\t\t\t\t\t\t\t<p>Les incubateurs d&#039;entreprises proposent ces programmes de conseil avanc\u00e9s et personnalis\u00e9s, notamment <em>mentorat<\/em>,\u00a0<em>encadrement\u00a0<\/em>Et de la formation. Son objectif est d\u2019acc\u00e9l\u00e9rer le lancement ou la consolidation d\u2019entreprises \u00e0 d\u00e9marche innovante, \u00e0 vocation de croissance, d\u2019\u00e9volutivit\u00e9 et de vision internationale.<\/p><p>Chacune des cr\u00e8ches organise 2 appels annuels.<\/p>\t\t\t\t\t\t\t\t<\/div>\n\t\t\t\t<\/div>\n\t\t<!-- dce invisible element c11dbb7 -->\t\t<section class=\"elementor-section elementor-inner-section elementor-element elementor-element-66a9d56 elementor-section-boxed elementor-section-height-default elementor-section-height-default\" data-id=\"66a9d56\" data-element_type=\"section\" data-e-type=\"section\">\n\t\t\t\t\t\t<div class=\"elementor-container elementor-column-gap-default\">\n\t\t\t\t\t<div class=\"elementor-column elementor-col-100 elementor-inner-column elementor-element elementor-element-43c621f\" data-id=\"43c621f\" data-element_type=\"column\" data-e-type=\"column\">\n\t\t\t<div class=\"elementor-widget-wrap elementor-element-populated\">\n\t\t\t\t\t\t<div class=\"elementor-element elementor-element-6e328fc elementor-widget elementor-widget-heading\" data-id=\"6e328fc\" data-element_type=\"widget\" data-e-type=\"widget\" data-widget_type=\"heading.default\">\n\t\t\t\t<div class=\"elementor-widget-container\">\n\t\t\t\t\t<h2 class=\"elementor-heading-title elementor-size-default\">appels ouverts<\/h2>\t\t\t\t<\/div>\n\t\t\t\t<\/div>\n\t\t\t\t<div class=\"elementor-element elementor-element-d6fa317 elementor-grid-2 elementor-widget__width-initial elementor-grid-tablet-2 elementor-grid-mobile-1 elementor-posts--thumbnail-top elementor-posts--show-avatar elementor-card-shadow-yes elementor-posts__hover-gradient elementor-widget elementor-widget-posts\" data-id=\"d6fa317\" data-element_type=\"widget\" data-e-type=\"widget\" data-settings=\"{&quot;cards_columns&quot;:&quot;2&quot;,&quot;cards_columns_tablet&quot;:&quot;2&quot;,&quot;cards_columns_mobile&quot;:&quot;1&quot;,&quot;cards_row_gap&quot;:{&quot;unit&quot;:&quot;px&quot;,&quot;size&quot;:35,&quot;sizes&quot;:[]},&quot;cards_row_gap_tablet&quot;:{&quot;unit&quot;:&quot;px&quot;,&quot;size&quot;:&quot;&quot;,&quot;sizes&quot;:[]},&quot;cards_row_gap_mobile&quot;:{&quot;unit&quot;:&quot;px&quot;,&quot;size&quot;:&quot;&quot;,&quot;sizes&quot;:[]}}\" data-widget_type=\"posts.cards\">\n\t\t\t\t<div class=\"elementor-widget-container\">\n\t\t\t\t\t\t\t<div class=\"elementor-posts-container elementor-posts elementor-posts--skin-cards elementor-grid\" role=\"list\">\n\t\t\t\t<article class=\"elementor-post elementor-grid-item post-12658 page type-page status-publish hentry paginas_cat-programa-aceleracion\" role=\"listitem\">\n\t\t\t<div class=\"elementor-post__card\">\n\t\t\t\t<div class=\"elementor-post__text\">\n\t\t\t\t<h3 class=\"elementor-post__title\">\n\t\t\t<a href=\"https:\/\/test.madridemprende.anovagroup.es\/fr\/aceleracion-de-moratalaz\/\" >\n\t\t\t\tAcc\u00e9l\u00e9ration de Moratalaz\t\t\t<\/a>\n\t\t<\/h3>\n\t\t\t\t<div class=\"elementor-post__excerpt\">\n\t\t\t<p>L&#039;\u00e9dition V s&#039;appelle. Inscription jusqu&#039;au 29 septembre.<\/p>\n\t\t<\/div>\n\t\t\n\t\t<a class=\"elementor-post__read-more\" href=\"https:\/\/test.madridemprende.anovagroup.es\/fr\/aceleracion-de-moratalaz\/\" aria-label=\"En savoir plus sur Aceleraci\u00f3n de Moratalaz\" tabindex=\"-1\" >\n\t\t\tLire plus &quot;\t\t<\/a>\n\n\t\t\t\t<\/div>\n\t\t\t\t\t<\/div>\n\t\t<\/article>\n\t\t\t\t<article class=\"elementor-post elementor-grid-item post-11658 page type-page status-publish hentry paginas_cat-programa-aceleracion\" role=\"listitem\">\n\t\t\t<div class=\"elementor-post__card\">\n\t\t\t\t<div class=\"elementor-post__text\">\n\t\t\t\t<h3 class=\"elementor-post__title\">\n\t\t\t<a href=\"https:\/\/test.madridemprende.anovagroup.es\/fr\/aceleracion-de-san-blas\/\" >\n\t\t\t\tAcc\u00e9l\u00e9ration de San Blas\t\t\t<\/a>\n\t\t<\/h3>\n\t\t\t\t<div class=\"elementor-post__excerpt\">\n\t\t\t<p>Le quatri\u00e8me programme d&#039;acc\u00e9l\u00e9ration des San Blas est lanc\u00e9. Inscription jusqu&#039;au 20 janvier 2024.<\/p>\n\t\t<\/div>\n\t\t\n\t\t<a class=\"elementor-post__read-more\" href=\"https:\/\/test.madridemprende.anovagroup.es\/fr\/aceleracion-de-san-blas\/\" aria-label=\"En savoir plus sur Aceleraci\u00f3n de San Blas\" tabindex=\"-1\" >\n\t\t\tLire plus &quot;\t\t<\/a>\n\n\t\t\t\t<\/div>\n\t\t\t\t\t<\/div>\n\t\t<\/article>\n\t\t\t\t<article class=\"elementor-post elementor-grid-item post-11630 page type-page status-publish hentry paginas_cat-programa-aceleracion\" role=\"listitem\">\n\t\t\t<div class=\"elementor-post__card\">\n\t\t\t\t<div class=\"elementor-post__text\">\n\t\t\t\t<h3 class=\"elementor-post__title\">\n\t\t\t<a href=\"https:\/\/test.madridemprende.anovagroup.es\/fr\/aceleracion-de-villaverde\/\" >\n\t\t\t\tAcc\u00e9l\u00e9ration de Villaverde\t\t\t<\/a>\n\t\t<\/h3>\n\t\t\t\t<div class=\"elementor-post__excerpt\">\n\t\t\t<p>Appel au sixi\u00e8me programme d&#039;acc\u00e9l\u00e9ration de Villaverde. Inscription jusqu&#039;au 20 janvier 2024.<\/p>\n\t\t<\/div>\n\t\t\n\t\t<a class=\"elementor-post__read-more\" href=\"https:\/\/test.madridemprende.anovagroup.es\/fr\/aceleracion-de-villaverde\/\" aria-label=\"En savoir plus sur Aceleraci\u00f3n de Villaverde\" tabindex=\"-1\" >\n\t\t\tLire plus &quot;\t\t<\/a>\n\n\t\t\t\t<\/div>\n\t\t\t\t\t<\/div>\n\t\t<\/article>\n\t\t\t\t<\/div>\n\t\t\n\t\t\t\t\t\t<\/div>\n\t\t\t\t<\/div>\n\t\t\t\t<div class=\"elementor-element elementor-element-171fed0 elementor-grid-1 elementor-widget__width-initial elementor-grid-tablet-2 elementor-grid-mobile-1 elementor-posts--thumbnail-top elementor-posts--show-avatar elementor-card-shadow-yes elementor-posts__hover-gradient elementor-widget elementor-widget-posts\" data-id=\"171fed0\" data-element_type=\"widget\" data-e-type=\"widget\" data-settings=\"{&quot;cards_columns&quot;:&quot;1&quot;,&quot;cards_columns_tablet&quot;:&quot;2&quot;,&quot;cards_columns_mobile&quot;:&quot;1&quot;,&quot;cards_row_gap&quot;:{&quot;unit&quot;:&quot;px&quot;,&quot;size&quot;:35,&quot;sizes&quot;:[]},&quot;cards_row_gap_tablet&quot;:{&quot;unit&quot;:&quot;px&quot;,&quot;size&quot;:&quot;&quot;,&quot;sizes&quot;:[]},&quot;cards_row_gap_mobile&quot;:{&quot;unit&quot;:&quot;px&quot;,&quot;size&quot;:&quot;&quot;,&quot;sizes&quot;:[]}}\" data-widget_type=\"posts.cards\">\n\t\t\t\t<div class=\"elementor-widget-container\">\n\t\t\t\t\t\t\t<div class=\"elementor-posts-container elementor-posts elementor-posts--skin-cards elementor-grid\" role=\"list\">\n\t\t\t\t<article class=\"elementor-post elementor-grid-item post-11630 page type-page status-publish hentry paginas_cat-programa-aceleracion\" role=\"listitem\">\n\t\t\t<div class=\"elementor-post__card\">\n\t\t\t\t<div class=\"elementor-post__text\">\n\t\t\t\t<h3 class=\"elementor-post__title\">\n\t\t\t<a href=\"https:\/\/test.madridemprende.anovagroup.es\/fr\/aceleracion-de-villaverde\/\" >\n\t\t\t\tAcc\u00e9l\u00e9ration de Villaverde\t\t\t<\/a>\n\t\t<\/h3>\n\t\t\t\t<div class=\"elementor-post__excerpt\">\n\t\t\t<p>Appel au sixi\u00e8me programme d&#039;acc\u00e9l\u00e9ration de Villaverde. Inscription jusqu&#039;au 20 janvier 2024.<\/p>\n\t\t<\/div>\n\t\t\n\t\t<a class=\"elementor-post__read-more\" href=\"https:\/\/test.madridemprende.anovagroup.es\/fr\/aceleracion-de-villaverde\/\" aria-label=\"En savoir plus sur Aceleraci\u00f3n de Villaverde\" tabindex=\"-1\" >\n\t\t\tLire plus &quot;\t\t<\/a>\n\n\t\t\t\t<\/div>\n\t\t\t\t\t<\/div>\n\t\t<\/article>\n\t\t\t\t<\/div>\n\t\t\n\t\t\t\t\t\t<\/div>\n\t\t\t\t<\/div>\n\t\t\t\t\t<\/div>\n\t\t<\/div>\n\t\t\t\t\t<\/div>\n\t\t<\/section>\n\t\t\t\t\t<\/div>\n\t\t<\/div>\n\t\t\t\t\t<\/div>\n\t\t<\/section>\n\t\t\t\t<\/div>","protected":false},"excerpt":{"rendered":"<p>Programas de aceleraci\u00f3n en los viveros de empresas Los viveros de empresas ofrecen estos programas de asesoramiento avanzado y personalizado, incluyendo mentoring,\u00a0coaching\u00a0y formaci\u00f3n. Su objetivo es acelerar el lanzamiento o consolidaci\u00f3n de empresas con enfoque innovador, con vocaci\u00f3n de crecimiento, escalabilidad y visi\u00f3n internacional. Cada uno de los viveros realiza 2 convocatorias anuales. Actualmente no [&hellip;]<\/p>\n","protected":false},"author":24,"featured_media":0,"parent":0,"menu_order":0,"comment_status":"closed","ping_status":"closed","template":"","meta":{"_acf_changed":false,"footnotes":""},"paginas_cat":[],"class_list":["post-14076","page","type-page","status-publish","hentry"],"acf":[],"_links":{"self":[{"href":"https:\/\/test.madridemprende.anovagroup.es\/fr\/wp-json\/wp\/v2\/pages\/14076","targetHints":{"allow":["GET"]}}],"collection":[{"href":"https:\/\/test.madridemprende.anovagroup.es\/fr\/wp-json\/wp\/v2\/pages"}],"about":[{"href":"https:\/\/test.madridemprende.anovagroup.es\/fr\/wp-json\/wp\/v2\/types\/page"}],"author":[{"embeddable":true,"href":"https:\/\/test.madridemprende.anovagroup.es\/fr\/wp-json\/wp\/v2\/users\/24"}],"replies":[{"embeddable":true,"href":"https:\/\/test.madridemprende.anovagroup.es\/fr\/wp-json\/wp\/v2\/comments?post=14076"}],"version-history":[{"count":0,"href":"https:\/\/test.madridemprende.anovagroup.es\/fr\/wp-json\/wp\/v2\/pages\/14076\/revisions"}],"wp:attachment":[{"href":"https:\/\/test.madridemprende.anovagroup.es\/fr\/wp-json\/wp\/v2\/media?parent=14076"}],"wp:term":[{"taxonomy":"paginas_cat","embeddable":true,"href":"https:\/\/test.madridemprende.anovagroup.es\/fr\/wp-json\/wp\/v2\/paginas_cat?post=14076"}],"curies":[{"name":"wp","href":"https:\/\/api.w.org\/{rel}","templated":true}]}}