{"id":14164,"date":"2023-06-26T11:26:02","date_gmt":"2023-06-26T09:26:02","guid":{"rendered":"https:\/\/pre.madridemprende.anovagroup.es\/?page_id=14164"},"modified":"2023-06-27T09:18:49","modified_gmt":"2023-06-27T07:18:49","slug":"reto-madrid-food-innovation-hub","status":"publish","type":"page","link":"https:\/\/test.madridemprende.anovagroup.es\/fr\/reto-madrid-food-innovation-hub\/","title":{"rendered":"D\u00e9fi du centre d&#039;innovation alimentaire de Madrid"},"content":{"rendered":"<div data-elementor-type=\"wp-page\" data-elementor-id=\"14164\" class=\"elementor elementor-14164\" data-elementor-post-type=\"page\">\n\t\t\t\t\t\t<section class=\"elementor-section elementor-top-section elementor-element elementor-element-99f4efc elementor-section-boxed elementor-section-height-default elementor-section-height-default\" data-id=\"99f4efc\" data-element_type=\"section\" data-e-type=\"section\">\n\t\t\t\t\t\t<div class=\"elementor-container elementor-column-gap-default\">\n\t\t\t\t\t<div class=\"elementor-column elementor-col-100 elementor-top-column elementor-element elementor-element-02135a5\" data-id=\"02135a5\" data-element_type=\"column\" data-e-type=\"column\">\n\t\t\t<div class=\"elementor-widget-wrap elementor-element-populated\">\n\t\t\t\t\t\t<div class=\"elementor-element elementor-element-ba2d3e6 elementor-widget elementor-widget-heading\" data-id=\"ba2d3e6\" data-element_type=\"widget\" data-e-type=\"widget\" data-widget_type=\"heading.default\">\n\t\t\t\t<div class=\"elementor-widget-container\">\n\t\t\t\t\t<h1 class=\"elementor-heading-title elementor-size-default\">Madrid Food Innovation Hub lance son deuxi\u00e8me d\u00e9fi aux citoyens : Madrid From the Root<\/h1>\t\t\t\t<\/div>\n\t\t\t\t<\/div>\n\t\t\t\t<div class=\"elementor-element elementor-element-5c38d34 elementor-widget elementor-widget-theme-post-featured-image elementor-widget-image\" data-id=\"5c38d34\" data-element_type=\"widget\" data-e-type=\"widget\" data-widget_type=\"theme-post-featured-image.default\">\n\t\t\t\t<div class=\"elementor-widget-container\">\n\t\t\t\t\t\t\t\t\t\t\t\t\t\t\t<img fetchpriority=\"high\" decoding=\"async\" width=\"800\" height=\"396\" src=\"https:\/\/test.madridemprende.anovagroup.es\/wp-content\/uploads\/2023\/06\/News-Blog-MFIH-1024x507.png\" class=\"attachment-large size-large wp-image-14169\" alt=\"Reto MFIH\" srcset=\"https:\/\/test.madridemprende.anovagroup.es\/wp-content\/uploads\/2023\/06\/News-Blog-MFIH-1024x507.png 1024w, https:\/\/test.madridemprende.anovagroup.es\/wp-content\/uploads\/2023\/06\/News-Blog-MFIH-300x149.png 300w, https:\/\/test.madridemprende.anovagroup.es\/wp-content\/uploads\/2023\/06\/News-Blog-MFIH-768x380.png 768w, https:\/\/test.madridemprende.anovagroup.es\/wp-content\/uploads\/2023\/06\/News-Blog-MFIH-18x9.png 18w, https:\/\/test.madridemprende.anovagroup.es\/wp-content\/uploads\/2023\/06\/News-Blog-MFIH.png 1288w\" sizes=\"(max-width: 800px) 100vw, 800px\" \/>\t\t\t\t\t\t\t\t\t\t\t\t\t\t\t<\/div>\n\t\t\t\t<\/div>\n\t\t\t\t<div class=\"elementor-element elementor-element-7217f1b elementor-widget elementor-widget-text-editor\" data-id=\"7217f1b\" data-element_type=\"widget\" data-e-type=\"widget\" data-widget_type=\"text-editor.default\">\n\t\t\t\t<div class=\"elementor-widget-container\">\n\t\t\t\t\t\t\t\t\t<ul><li><strong>Madrid from the Root, cherche \u00e0 relier la production alimentaire \u00e0 la ville de Madrid de mani\u00e8re innovante et gr\u00e2ce \u00e0 l&#039;utilisation de nouvelles technologies<\/strong><\/li><li><strong>Les citoyens pourront rejoindre ce nouveau d\u00e9fi en apportant leurs id\u00e9es pour int\u00e9grer dans la ville de nouvelles m\u00e9thodes de production et de nouveaux ingr\u00e9dients, des solutions logistiques et des transports durables ou des propositions innovantes pour rapprocher l&#039;agriculture et l&#039;\u00e9levage de Madrid.<\/strong><\/li><li><strong>Les propositions s\u00e9lectionn\u00e9es b\u00e9n\u00e9ficieront du soutien de l&#039;\u00e9quipe du Madrid Food Innovation Hub pour affiner les id\u00e9es et pr\u00e9senter un plan d&#039;action au jury.<\/strong><\/li><\/ul>\t\t\t\t\t\t\t\t<\/div>\n\t\t\t\t<\/div>\n\t\t\t\t<div class=\"elementor-element elementor-element-fdfc8f7 elementor-widget elementor-widget-text-editor\" data-id=\"fdfc8f7\" data-element_type=\"widget\" data-e-type=\"widget\" data-widget_type=\"text-editor.default\">\n\t\t\t\t<div class=\"elementor-widget-container\">\n\t\t\t\t\t\t\t\t\t<p>Depuis <a href=\"https:\/\/madridfoodinnovationhub.com\/\" target=\"_blank\" rel=\"noopener\"><strong>Centre d&#039;innovation alimentaire de Madrid<\/strong><\/a> Nous lan\u00e7ons notre deuxi\u00e8me d\u00e9fi aux citoyens de Madrid. Avec cette initiative, nous voulons promouvoir la collaboration citoyenne pour rechercher des propositions innovantes dans le domaine du secteur alimentaire avec un objectif clair\u00a0: <strong>rapprocher la production alimentaire de la ville<\/strong> pour r\u00e9pondre de mani\u00e8re innovante aux d\u00e9fis d\u00e9mographiques et environnementaux auxquels l&#039;industrie est confront\u00e9e \u00e0 l&#039;\u00e9chelle locale et mondiale.<\/p>\n<p>Selon les donn\u00e9es de la Banque mondiale, environ 56 % de la population mondiale vivent actuellement dans les villes et cette tendance devrait se poursuivre, car la population urbaine fera plus que doubler d&#039;ici 2050, date \u00e0 laquelle pr\u00e8s de 7 personnes sur 10 vivront dans les villes. \u00c9tant donn\u00e9 que plus de 80 % du produit int\u00e9rieur brut (PIB) mondial sont g\u00e9n\u00e9r\u00e9s dans les villes, si elles sont bien g\u00e9r\u00e9es, l&#039;urbanisation peut contribuer \u00e0 une croissance durable gr\u00e2ce \u00e0 une productivit\u00e9 accrue et \u00e0 l&#039;innovation.<\/p>\n<p>De plus, selon les estimations compil\u00e9es par l&#039;Organisation des Nations Unies pour l&#039;alimentation et l&#039;agriculture (FAO), d&#039;ici 2050, nous devrons produire 60% de nourriture en plus pour nourrir une population mondiale de 9,3 milliards de personnes.<\/p>\n<p>En r\u00e9ponse \u00e0 ce contexte difficile, Madrid Food Innovation Hub s&#039;associe en tant qu&#039;acteur cl\u00e9 dans la recherche de solutions innovantes, en proposant une nouvelle initiative. Sous le nom &quot;<a href=\"http:\/\/www.mfih-reto.com\/\" target=\"_blank\" rel=\"noopener\"><strong>Madrid depuis la racine<\/strong><\/a>\u00bb, ce nouveau d\u00e9fi citoyen vise \u00e0 rapprocher la production alimentaire de la ville de Madrid de mani\u00e8re innovante et gr\u00e2ce \u00e0 l&#039;utilisation des nouvelles technologies.&nbsp;<\/p>\n<p>Les personnes int\u00e9ress\u00e9es peuvent pr\u00e9senter leurs propositions dans les domaines suivants :&nbsp;<\/p><p><ul><li>nouvelles m\u00e9thodes de production et nouveaux ingr\u00e9dients \u00e0 Madrid<\/li><li>logistique et transport durable<\/li><li>agriculture et \u00e9levage en ville&nbsp;<\/li><li>D&#039;autres id\u00e9es qui offrent une approche cr\u00e9ative et innovante \u00e0 ces probl\u00e8mes<\/li><\/ul><\/p>\t\t\t\t\t\t\t\t<\/div>\n\t\t\t\t<\/div>\n\t\t\t\t<div class=\"elementor-element elementor-element-67a9b62 elementor-widget elementor-widget-heading\" data-id=\"67a9b62\" data-element_type=\"widget\" data-e-type=\"widget\" data-widget_type=\"heading.default\">\n\t\t\t\t<div class=\"elementor-widget-container\">\n\t\t\t\t\t<h2 class=\"elementor-heading-title elementor-size-default\">Comment participer au d\u00e9fi Madrid from the Root<\/h2>\t\t\t\t<\/div>\n\t\t\t\t<\/div>\n\t\t\t\t<div class=\"elementor-element elementor-element-d214c92 elementor-widget elementor-widget-text-editor\" data-id=\"d214c92\" data-element_type=\"widget\" data-e-type=\"widget\" data-widget_type=\"text-editor.default\">\n\t\t\t\t<div class=\"elementor-widget-container\">\n\t\t\t\t\t\t\t\t\t<p>Toutes les personnes int\u00e9ress\u00e9es peuvent participer en envoyant leur proposition, via le site Web <a href=\"http:\/\/www.mfih-reto.com\/\" target=\"_blank\" rel=\"noopener\"><strong>www.mfih-challenge.com<\/strong><\/a>,\u00a0 <b>Jusqu&#039;au 15 septembre.<\/b><\/p><p>Une fois la p\u00e9riode d&#039;inscription termin\u00e9e, les meilleures id\u00e9es seront s\u00e9lectionn\u00e9es parmi toutes celles re\u00e7ues, selon les crit\u00e8res \u00e9tablis, et une s\u00e9ance de conseil aura lieu pour le d\u00e9veloppement de leur id\u00e9e.<\/p>\t\t\t\t\t\t\t\t<\/div>\n\t\t\t\t<\/div>\n\t\t\t\t<div class=\"elementor-element elementor-element-97fac7c elementor-align-center elementor-widget elementor-widget-button\" data-id=\"97fac7c\" data-element_type=\"widget\" data-e-type=\"widget\" data-widget_type=\"button.default\">\n\t\t\t\t<div class=\"elementor-widget-container\">\n\t\t\t\t\t\t\t\t\t<div class=\"elementor-button-wrapper\">\n\t\t\t\t\t<a class=\"elementor-button elementor-button-link elementor-size-lg\" href=\"https:\/\/pre.madridemprende.anovagroup.es\/wp-content\/uploads\/2023\/06\/20230626-BASES-DE-PARTICIPACION-RETO-2023-MADRID-DESDE-LA-RAIZ.pdf\" target=\"_blank\">\n\t\t\t\t\t\t<span class=\"elementor-button-content-wrapper\">\n\t\t\t\t\t\t\t\t\t<span class=\"elementor-button-text\">Consulter les bases<\/span>\n\t\t\t\t\t<\/span>\n\t\t\t\t\t<\/a>\n\t\t\t\t<\/div>\n\t\t\t\t\t\t\t\t<\/div>\n\t\t\t\t<\/div>\n\t\t\t\t\t<\/div>\n\t\t<\/div>\n\t\t\t\t\t<\/div>\n\t\t<\/section>\n\t\t\t\t<\/div>","protected":false},"excerpt":{"rendered":"<p>Madrid Food Innovation Hub lanza su segundo reto a la ciudadan\u00eda: Madrid Desde la Ra\u00edz Madrid desde la Ra\u00edz, busca vincular la producci\u00f3n alimentaria a la ciudad de Madrid de manera innovadora y gracias al uso de las nuevas tecnolog\u00edas La ciudadan\u00eda podr\u00e1 sumarse a este nuevo reto aportando sus ideas para integrar en la [&hellip;]<\/p>\n","protected":false},"author":24,"featured_media":14169,"parent":0,"menu_order":0,"comment_status":"closed","ping_status":"closed","template":"","meta":{"_acf_changed":false,"footnotes":""},"paginas_cat":[],"class_list":["post-14164","page","type-page","status-publish","has-post-thumbnail","hentry"],"acf":[],"_links":{"self":[{"href":"https:\/\/test.madridemprende.anovagroup.es\/fr\/wp-json\/wp\/v2\/pages\/14164","targetHints":{"allow":["GET"]}}],"collection":[{"href":"https:\/\/test.madridemprende.anovagroup.es\/fr\/wp-json\/wp\/v2\/pages"}],"about":[{"href":"https:\/\/test.madridemprende.anovagroup.es\/fr\/wp-json\/wp\/v2\/types\/page"}],"author":[{"embeddable":true,"href":"https:\/\/test.madridemprende.anovagroup.es\/fr\/wp-json\/wp\/v2\/users\/24"}],"replies":[{"embeddable":true,"href":"https:\/\/test.madridemprende.anovagroup.es\/fr\/wp-json\/wp\/v2\/comments?post=14164"}],"version-history":[{"count":0,"href":"https:\/\/test.madridemprende.anovagroup.es\/fr\/wp-json\/wp\/v2\/pages\/14164\/revisions"}],"wp:featuredmedia":[{"embeddable":true,"href":"https:\/\/test.madridemprende.anovagroup.es\/fr\/wp-json\/wp\/v2\/media\/14169"}],"wp:attachment":[{"href":"https:\/\/test.madridemprende.anovagroup.es\/fr\/wp-json\/wp\/v2\/media?parent=14164"}],"wp:term":[{"taxonomy":"paginas_cat","embeddable":true,"href":"https:\/\/test.madridemprende.anovagroup.es\/fr\/wp-json\/wp\/v2\/paginas_cat?post=14164"}],"curies":[{"name":"wp","href":"https:\/\/api.w.org\/{rel}","templated":true}]}}