{"id":2488,"date":"2021-11-04T16:15:19","date_gmt":"2021-11-04T15:15:19","guid":{"rendered":"https:\/\/origen.madridemprende.anovagroup.es\/?page_id=2488"},"modified":"2023-10-31T11:17:19","modified_gmt":"2023-10-31T10:17:19","slug":"buzon-de-sugerencias","status":"publish","type":"page","link":"https:\/\/test.madridemprende.anovagroup.es\/fr\/buzon-de-sugerencias\/","title":{"rendered":"Bo\u00eete aux lettres de suggestions"},"content":{"rendered":"<div data-elementor-type=\"wp-page\" data-elementor-id=\"2488\" class=\"elementor elementor-2488\" data-elementor-post-type=\"page\">\n\t\t\t\t\t\t<section class=\"elementor-section elementor-top-section elementor-element elementor-element-ca7854b elementor-section-boxed elementor-section-height-default elementor-section-height-default\" data-id=\"ca7854b\" data-element_type=\"section\" data-e-type=\"section\">\n\t\t\t\t\t\t<div class=\"elementor-container elementor-column-gap-default\">\n\t\t\t\t\t<div class=\"elementor-column elementor-col-100 elementor-top-column elementor-element elementor-element-f7d2e18\" data-id=\"f7d2e18\" data-element_type=\"column\" data-e-type=\"column\">\n\t\t\t<div class=\"elementor-widget-wrap elementor-element-populated\">\n\t\t\t\t\t\t<div class=\"elementor-element elementor-element-86c21a1 elementor-widget elementor-widget-heading\" data-id=\"86c21a1\" data-element_type=\"widget\" data-e-type=\"widget\" data-widget_type=\"heading.default\">\n\t\t\t\t<div class=\"elementor-widget-container\">\n\t\t\t\t\t<h1 class=\"elementor-heading-title elementor-size-default\">Bo\u00eete aux lettres de suggestions<\/h1>\t\t\t\t<\/div>\n\t\t\t\t<\/div>\n\t\t\t\t\t<\/div>\n\t\t<\/div>\n\t\t\t\t\t<\/div>\n\t\t<\/section>\n\t\t\t\t<section class=\"elementor-section elementor-top-section elementor-element elementor-element-a547cab elementor-section-boxed elementor-section-height-default elementor-section-height-default\" data-id=\"a547cab\" data-element_type=\"section\" data-e-type=\"section\">\n\t\t\t\t\t\t<div class=\"elementor-container elementor-column-gap-default\">\n\t\t\t\t\t<div class=\"elementor-column elementor-col-100 elementor-top-column elementor-element elementor-element-06c87fb\" data-id=\"06c87fb\" data-element_type=\"column\" data-e-type=\"column\">\n\t\t\t<div class=\"elementor-widget-wrap elementor-element-populated\">\n\t\t\t\t\t\t<div class=\"elementor-element elementor-element-5411bd1 elementor-widget elementor-widget-text-editor\" data-id=\"5411bd1\" data-element_type=\"widget\" data-e-type=\"widget\" data-widget_type=\"text-editor.default\">\n\t\t\t\t<div class=\"elementor-widget-container\">\n\t\t\t\t\t\t\t\t\t<p>Il s&#039;agit de la bo\u00eete \u00e0 suggestions Madrid Emprende, o\u00f9 vous pouvez nous laisser vos suggestions. Ces messages ne collectent aucune donn\u00e9e d&#039;identification, donc si vous souhaitez \u00e9tablir une communication Madrid Emprende, vous devez le faire via le <a href=\"https:\/\/pre.madridemprende.anovagroup.es\/nosotros#formulario-contacto\">Formulaire de contact<\/a>.<\/p>\t\t\t\t\t\t\t\t<\/div>\n\t\t\t\t<\/div>\n\t\t\t\t<div class=\"elementor-element elementor-element-4e672dd elementor-widget elementor-widget-shortcode\" data-id=\"4e672dd\" data-element_type=\"widget\" data-e-type=\"widget\" data-widget_type=\"shortcode.default\">\n\t\t\t\t<div class=\"elementor-widget-container\">\n\t\t\t\t\t\t\t<div class=\"elementor-shortcode\">\n<div class=\"wpcf7 no-js\" id=\"wpcf7-f5461-o1\" lang=\"es-ES\" dir=\"ltr\" data-wpcf7-id=\"5461\">\n<div class=\"screen-reader-response\"><p role=\"status\" aria-live=\"polite\" aria-atomic=\"true\"><\/p> <ul><\/ul><\/div>\n<form action=\"\/fr\/wp-json\/wp\/v2\/pages\/2488#wpcf7-f5461-o1\" method=\"post\" class=\"wpcf7-form init\" aria-label=\"Formulaire de contact\" novalidate=\"novalidate\" data-status=\"init\" data-trp-original-action=\"\/fr\/wp-json\/wp\/v2\/pages\/2488#wpcf7-f5461-o1\">\n<fieldset class=\"hidden-fields-container\"><input type=\"hidden\" name=\"_wpcf7\" value=\"5461\" \/><input type=\"hidden\" name=\"_wpcf7_version\" value=\"6.1.5\" \/><input type=\"hidden\" name=\"_wpcf7_locale\" value=\"es_ES\" \/><input type=\"hidden\" name=\"_wpcf7_unit_tag\" value=\"wpcf7-f5461-o1\" \/><input type=\"hidden\" name=\"_wpcf7_container_post\" value=\"0\" \/><input type=\"hidden\" name=\"_wpcf7_posted_data_hash\" value=\"\" \/><input type=\"hidden\" name=\"_wpcf7cf_hidden_group_fields\" value=\"[]\" \/><input type=\"hidden\" name=\"_wpcf7cf_hidden_groups\" value=\"[]\" \/><input type=\"hidden\" name=\"_wpcf7cf_visible_groups\" value=\"[]\" \/><input type=\"hidden\" name=\"_wpcf7cf_repeaters\" value=\"[]\" \/><input type=\"hidden\" name=\"_wpcf7cf_steps\" value=\"{}\" \/><input type=\"hidden\" name=\"_wpcf7cf_options\" value=\"{&quot;form_id&quot;:5461,&quot;conditions&quot;:[],&quot;settings&quot;:{&quot;animation&quot;:&quot;yes&quot;,&quot;animation_intime&quot;:200,&quot;animation_outtime&quot;:200,&quot;conditions_ui&quot;:&quot;normal&quot;,&quot;notice_dismissed&quot;:false,&quot;notice_dismissed_rollback-cf7-5.7.5.1&quot;:true,&quot;notice_dismissed_update-cf7-5.8.1&quot;:true,&quot;notice_dismissed_rollback-cf7-5.8.1&quot;:true,&quot;notice_dismissed_rollback-cf7-5.8.2&quot;:true,&quot;notice_dismissed_rollback-cf7-5.8.3&quot;:true,&quot;notice_dismissed_rollback-cf7-6.0.1&quot;:true}}\" \/><input type=\"hidden\" name=\"_wpcf7_recaptcha_response\" value=\"\" \/>\n<\/fieldset>\n<p><label> Mati\u00e8re<br \/>\n<span class=\"wpcf7-form-control-wrap\" data-name=\"asunto\"><input size=\"40\" maxlength=\"400\" class=\"wpcf7-form-control wpcf7-text wpcf7-validates-as-required\" aria-required=\"true\" aria-invalid=\"false\" placeholder=\"Mati\u00e8re\" value=\"\" type=\"text\" name=\"asunto\" \/><\/span> <\/label>\n<\/p>\n<p><label> Zone<br \/>\n<span class=\"wpcf7-form-control-wrap\" data-name=\"area\"><select class=\"wpcf7-form-control wpcf7-select wpcf7-validates-as-required\" aria-required=\"true\" aria-invalid=\"false\" name=\"area\"><option value=\"\">&#8212;Por favor, elige una opci\u00f3n&#8212;<\/option><option value=\"Ventanilla \u00danica del Emprendedor (asesoramiento empresarial)\">Guichet unique pour les entrepreneurs (conseil aux entreprises)<\/option><option value=\"Transmisi\u00f3n de empresas\">Cession d&#039;entreprises<\/option><option value=\"Punto de Atenci\u00f3n al Emprendedor (PAE)\">Point de service aux entrepreneurs (PAE)<\/option><option value=\"Viveros de empresas\">p\u00e9pini\u00e8res d&#039;entreprises<\/option><option value=\"Espacios de coworking\">espaces de coworking<\/option><option value=\"Formaci\u00f3n\">Entra\u00eenement<\/option><option value=\"Consultas generales\">Renseignements g\u00e9n\u00e9raux<\/option><\/select><\/span> <\/label>\n<\/p>\n<p><label> message<br \/>\n<span class=\"wpcf7-form-control-wrap\" data-name=\"mensaje\"><textarea cols=\"40\" rows=\"10\" maxlength=\"2000\" class=\"wpcf7-form-control wpcf7-textarea wpcf7-validates-as-required\" aria-required=\"true\" aria-invalid=\"false\" placeholder=\"Ton message\" name=\"mensaje\"><\/textarea><\/span> <\/label>\n<\/p>\n<p><strong>Protection des donn\u00e9es personnelles : INFORMATIONS DE BASE<\/strong>\n<\/p>\n<p>Les donn\u00e9es collect\u00e9es seront incorpor\u00e9es et trait\u00e9es dans le cadre de l&#039;activit\u00e9 de \u00ab<strong>ACCOMPAGNEMENT GLOBAL DE L&#039;ENTREPRENEURIAT<\/strong>\u00bb, responsabilit\u00e9 de la Direction g\u00e9n\u00e9rale de l&#039;entrepreneuriat, situ\u00e9e Calle Pr\u00edncipe de Vergara, 140, dans le but de conseiller, promouvoir et soutenir la cr\u00e9ation et la consolidation de nouvelles entreprises, ainsi que de former des entrepreneurs et des hommes d&#039;affaires avec des conf\u00e9rences, des ateliers et autres r\u00e9seaux. activit\u00e9s pr\u00e9sentant un int\u00e9r\u00eat particulier pour l\u2019\u00e9cosyst\u00e8me entrepreneurial. Le traitement des donn\u00e9es est l\u00e9gitim\u00e9 par le consentement des int\u00e9ress\u00e9s. Les donn\u00e9es ne peuvent \u00eatre c\u00e9d\u00e9es \u00e0 des tiers sauf dans les cas pr\u00e9vus par la r\u00e9glementation en vigueur sur la protection des donn\u00e9es personnelles. D\u00e9l\u00e9gation de protection des donn\u00e9es : <a href=\"malito:oficprotecciondatos@madrid.es\">oficprotecciondatos@madrid.es<\/a>\n<\/p>\n<p><span class=\"wpcf7-form-control-wrap\" data-name=\"RGDP\"><span class=\"wpcf7-form-control wpcf7-acceptance\"><span class=\"wpcf7-list-item\"><input type=\"checkbox\" name=\"RGDP\" value=\"1\" aria-invalid=\"false\" \/><\/span><\/span><\/span> * J&#039;accepte que mes donn\u00e9es personnelles soient collect\u00e9es et trait\u00e9es. Information compl\u00e9mentaire: <a href=\"https:\/\/pre.madridemprende.anovagroup.es\/politica-de-privacidad\/\">Politique de confidentialit\u00e9<\/a>\n<\/p>\n<span class=\"wpcf7-form-control-wrap recaptcha\" data-name=\"recaptcha\"><span data-sitekey=\"6LcAn3ksAAAAAPINwwnnUCynfzbpxU0nZcoJdfeq\" class=\"wpcf7-form-control wpcf7-recaptcha g-recaptcha\"><\/span>\r\n<noscript>\r\n\t<div class=\"grecaptcha-noscript\">\r\n\t\t<iframe src=\"https:\/\/www.google.com\/recaptcha\/api\/fallback?k=6LcAn3ksAAAAAPINwwnnUCynfzbpxU0nZcoJdfeq\" frameborder=\"0\" scrolling=\"no\" width=\"310\" height=\"430\">\r\n\t\t<\/iframe>\r\n\t\t<textarea name=\"g-recaptcha-response\" rows=\"3\" cols=\"40\" placeholder=\"Aqu\u00ed la respuesta de reCAPTCHA\">\r\n\t\t<\/textarea>\r\n\t<\/div>\r\n<\/noscript>\r\n<\/span>\n<p><span id=\"wpcf7-69d2cfd1d1d4f-wrapper\" class=\"wpcf7-form-control-wrap honeypot-469-wrap\" ><input type=\"hidden\" name=\"honeypot-469-time-start\" value=\"1775423441\"><input type=\"hidden\" name=\"honeypot-469-time-check\" value=\"1\"><label for=\"wpcf7-69d2cfd1d1d4f-field\" class=\"hp-message\">Por favor, deja este campo vac\u00edo.<\/label><input id=\"wpcf7-69d2cfd1d1d4f-field\"  class=\"wpcf7-form-control wpcf7-text\" type=\"text\" name=\"honeypot-469\" value=\"\" size=\"40\" tabindex=\"-1\" autocomplete=\"new-password\" \/><\/span>\n<\/p>\n<p><input class=\"wpcf7-form-control wpcf7-submit has-spinner\" type=\"submit\" value=\"Envoyer\" \/>\n<\/p><div class=\"wpcf7-response-output\" aria-hidden=\"true\"><\/div>\n<input type=\"hidden\" name=\"trp-form-language\" value=\"fr\"\/><\/form>\n<\/div>\n<\/div>\n\t\t\t\t\t\t<\/div>\n\t\t\t\t<\/div>\n\t\t\t\t\t<\/div>\n\t\t<\/div>\n\t\t\t\t\t<\/div>\n\t\t<\/section>\n\t\t\t\t<\/div>","protected":false},"excerpt":{"rendered":"<p>Buz\u00f3n de sugerencias Este es el buz\u00f3n de sugerencias de Madrid Emprende, donde puedes dejarnos tus sugerencias. Estos mensajes no recogen ning\u00fan dato identificativo, por lo que si quieres establecer una comunicaci\u00f3n Madrid Emprende, deber\u00e1s hacerlo a trav\u00e9s del formulario de contacto.<\/p>","protected":false},"author":24,"featured_media":0,"parent":0,"menu_order":0,"comment_status":"closed","ping_status":"closed","template":"","meta":{"_acf_changed":false,"footnotes":""},"paginas_cat":[],"class_list":["post-2488","page","type-page","status-publish","hentry"],"acf":[],"yoast_head":"<!-- This site is optimized with the Yoast SEO plugin v27.3 - https:\/\/yoast.com\/product\/yoast-seo-wordpress\/ -->\n<title>Buz\u00f3n de sugerencias - Plataforma Madrid Emprende<\/title>\n<meta name=\"description\" content=\"Buz\u00f3n de sugerencias\" \/>\n<meta name=\"robots\" content=\"index, follow, max-snippet:-1, max-image-preview:large, max-video-preview:-1\" \/>\n<link rel=\"canonical\" href=\"https:\/\/test.madridemprende.anovagroup.es\/fr\/buzon-de-sugerencias\/\" \/>\n<meta property=\"og:locale\" content=\"fr_FR\" \/>\n<meta property=\"og:type\" content=\"article\" \/>\n<meta property=\"og:title\" content=\"Buz\u00f3n de sugerencias - Plataforma Madrid Emprende\" \/>\n<meta property=\"og:description\" content=\"Buz\u00f3n de sugerencias\" \/>\n<meta property=\"og:url\" content=\"https:\/\/test.madridemprende.anovagroup.es\/fr\/buzon-de-sugerencias\/\" \/>\n<meta property=\"og:site_name\" content=\"Plataforma Madrid Emprende\" \/>\n<meta property=\"article:publisher\" content=\"http:\/\/www.facebook.com\/MadridEmprende\" \/>\n<meta property=\"article:modified_time\" content=\"2023-10-31T10:17:19+00:00\" \/>\n<meta name=\"twitter:card\" content=\"summary_large_image\" \/>\n<meta name=\"twitter:site\" content=\"@MadridEmprende\" \/>\n<meta name=\"twitter:label1\" content=\"Dur\u00e9e de lecture estim\u00e9e\" \/>\n\t<meta name=\"twitter:data1\" content=\"1 minute\" \/>\n<script type=\"application\/ld+json\" class=\"yoast-schema-graph\">{\"@context\":\"https:\\\/\\\/schema.org\",\"@graph\":[{\"@type\":\"WebPage\",\"@id\":\"https:\\\/\\\/test.madridemprende.anovagroup.es\\\/buzon-de-sugerencias\\\/\",\"url\":\"https:\\\/\\\/test.madridemprende.anovagroup.es\\\/buzon-de-sugerencias\\\/\",\"name\":\"Buz\u00f3n de sugerencias - Plataforma Madrid Emprende\",\"isPartOf\":{\"@id\":\"https:\\\/\\\/test.madridemprende.anovagroup.es\\\/#website\"},\"datePublished\":\"2021-11-04T15:15:19+00:00\",\"dateModified\":\"2023-10-31T10:17:19+00:00\",\"description\":\"Buz\u00f3n de sugerencias\",\"breadcrumb\":{\"@id\":\"https:\\\/\\\/test.madridemprende.anovagroup.es\\\/buzon-de-sugerencias\\\/#breadcrumb\"},\"inLanguage\":\"fr-FR\",\"potentialAction\":[{\"@type\":\"ReadAction\",\"target\":[\"https:\\\/\\\/test.madridemprende.anovagroup.es\\\/buzon-de-sugerencias\\\/\"]}]},{\"@type\":\"BreadcrumbList\",\"@id\":\"https:\\\/\\\/test.madridemprende.anovagroup.es\\\/buzon-de-sugerencias\\\/#breadcrumb\",\"itemListElement\":[{\"@type\":\"ListItem\",\"position\":1,\"name\":\"Portada\",\"item\":\"https:\\\/\\\/test.madridemprende.anovagroup.es\\\/\"},{\"@type\":\"ListItem\",\"position\":2,\"name\":\"Buz\u00f3n de sugerencias\"}]},{\"@type\":\"WebSite\",\"@id\":\"https:\\\/\\\/test.madridemprende.anovagroup.es\\\/#website\",\"url\":\"https:\\\/\\\/test.madridemprende.anovagroup.es\\\/\",\"name\":\"Plataforma Madrid Emprende\",\"description\":\"Plataforma Madrid Emprende\",\"publisher\":{\"@id\":\"https:\\\/\\\/test.madridemprende.anovagroup.es\\\/#organization\"},\"potentialAction\":[{\"@type\":\"SearchAction\",\"target\":{\"@type\":\"EntryPoint\",\"urlTemplate\":\"https:\\\/\\\/test.madridemprende.anovagroup.es\\\/?s={search_term_string}\"},\"query-input\":{\"@type\":\"PropertyValueSpecification\",\"valueRequired\":true,\"valueName\":\"search_term_string\"}}],\"inLanguage\":\"fr-FR\"},{\"@type\":\"Organization\",\"@id\":\"https:\\\/\\\/test.madridemprende.anovagroup.es\\\/#organization\",\"name\":\"Madrid Emprende\",\"url\":\"https:\\\/\\\/test.madridemprende.anovagroup.es\\\/\",\"logo\":{\"@type\":\"ImageObject\",\"inLanguage\":\"fr-FR\",\"@id\":\"https:\\\/\\\/test.madridemprende.anovagroup.es\\\/#\\\/schema\\\/logo\\\/image\\\/\",\"url\":\"\",\"contentUrl\":\"\",\"caption\":\"Madrid Emprende\"},\"image\":{\"@id\":\"https:\\\/\\\/test.madridemprende.anovagroup.es\\\/#\\\/schema\\\/logo\\\/image\\\/\"},\"sameAs\":[\"http:\\\/\\\/www.facebook.com\\\/MadridEmprende\",\"https:\\\/\\\/x.com\\\/MadridEmprende\",\"https:\\\/\\\/www.instagram.com\\\/madrid_emprende\",\"https:\\\/\\\/es.linkedin.com\\\/company\\\/madrid-emprende\",\"https:\\\/\\\/www.youtube.com\\\/channel\\\/UCIzsg4s7yzE-k6uNobQ1SuQ\"]}]}<\/script>\n<!-- \/ Yoast SEO plugin. -->","yoast_head_json":{"title":"Bo\u00eete \u00e0 id\u00e9es - Plate-forme Madrid Emprende","description":"Bo\u00eete aux lettres de suggestions","robots":{"index":"index","follow":"follow","max-snippet":"max-snippet:-1","max-image-preview":"max-image-preview:large","max-video-preview":"max-video-preview:-1"},"canonical":"https:\/\/test.madridemprende.anovagroup.es\/fr\/buzon-de-sugerencias\/","og_locale":"fr_FR","og_type":"article","og_title":"Buz\u00f3n de sugerencias - Plataforma Madrid Emprende","og_description":"Buz\u00f3n de sugerencias","og_url":"https:\/\/test.madridemprende.anovagroup.es\/fr\/buzon-de-sugerencias\/","og_site_name":"Plataforma Madrid Emprende","article_publisher":"http:\/\/www.facebook.com\/MadridEmprende","article_modified_time":"2023-10-31T10:17:19+00:00","twitter_card":"summary_large_image","twitter_site":"@MadridEmprende","twitter_misc":{"Dur\u00e9e de lecture estim\u00e9e":"1 minute"},"schema":{"@context":"https:\/\/schema.org","@graph":[{"@type":"WebPage","@id":"https:\/\/test.madridemprende.anovagroup.es\/buzon-de-sugerencias\/","url":"https:\/\/test.madridemprende.anovagroup.es\/buzon-de-sugerencias\/","name":"Bo\u00eete \u00e0 id\u00e9es - Plate-forme Madrid Emprende","isPartOf":{"@id":"https:\/\/test.madridemprende.anovagroup.es\/#website"},"datePublished":"2021-11-04T15:15:19+00:00","dateModified":"2023-10-31T10:17:19+00:00","description":"Bo\u00eete aux lettres de suggestions","breadcrumb":{"@id":"https:\/\/test.madridemprende.anovagroup.es\/buzon-de-sugerencias\/#breadcrumb"},"inLanguage":"fr-FR","potentialAction":[{"@type":"ReadAction","target":["https:\/\/test.madridemprende.anovagroup.es\/buzon-de-sugerencias\/"]}]},{"@type":"BreadcrumbList","@id":"https:\/\/test.madridemprende.anovagroup.es\/buzon-de-sugerencias\/#breadcrumb","itemListElement":[{"@type":"ListItem","position":1,"name":"Portada","item":"https:\/\/test.madridemprende.anovagroup.es\/"},{"@type":"ListItem","position":2,"name":"Buz\u00f3n de sugerencias"}]},{"@type":"WebSite","@id":"https:\/\/test.madridemprende.anovagroup.es\/#website","url":"https:\/\/test.madridemprende.anovagroup.es\/","name":"Plate-forme des entreprises de Madrid","description":"Plate-forme des entreprises de Madrid","publisher":{"@id":"https:\/\/test.madridemprende.anovagroup.es\/#organization"},"potentialAction":[{"@type":"SearchAction","target":{"@type":"EntryPoint","urlTemplate":"https:\/\/test.madridemprende.anovagroup.es\/?s={search_term_string}"},"query-input":{"@type":"PropertyValueSpecification","valueRequired":true,"valueName":"search_term_string"}}],"inLanguage":"fr-FR"},{"@type":"Organization","@id":"https:\/\/test.madridemprende.anovagroup.es\/#organization","name":"Madrid Emprende","url":"https:\/\/test.madridemprende.anovagroup.es\/","logo":{"@type":"ImageObject","inLanguage":"fr-FR","@id":"https:\/\/test.madridemprende.anovagroup.es\/#\/schema\/logo\/image\/","url":"","contentUrl":"","caption":"Madrid Emprende"},"image":{"@id":"https:\/\/test.madridemprende.anovagroup.es\/#\/schema\/logo\/image\/"},"sameAs":["http:\/\/www.facebook.com\/MadridEmprende","https:\/\/x.com\/MadridEmprende","https:\/\/www.instagram.com\/madrid_emprende","https:\/\/es.linkedin.com\/company\/madrid-emprende","https:\/\/www.youtube.com\/channel\/UCIzsg4s7yzE-k6uNobQ1SuQ"]}]}},"_links":{"self":[{"href":"https:\/\/test.madridemprende.anovagroup.es\/fr\/wp-json\/wp\/v2\/pages\/2488","targetHints":{"allow":["GET"]}}],"collection":[{"href":"https:\/\/test.madridemprende.anovagroup.es\/fr\/wp-json\/wp\/v2\/pages"}],"about":[{"href":"https:\/\/test.madridemprende.anovagroup.es\/fr\/wp-json\/wp\/v2\/types\/page"}],"author":[{"embeddable":true,"href":"https:\/\/test.madridemprende.anovagroup.es\/fr\/wp-json\/wp\/v2\/users\/24"}],"replies":[{"embeddable":true,"href":"https:\/\/test.madridemprende.anovagroup.es\/fr\/wp-json\/wp\/v2\/comments?post=2488"}],"version-history":[{"count":0,"href":"https:\/\/test.madridemprende.anovagroup.es\/fr\/wp-json\/wp\/v2\/pages\/2488\/revisions"}],"wp:attachment":[{"href":"https:\/\/test.madridemprende.anovagroup.es\/fr\/wp-json\/wp\/v2\/media?parent=2488"}],"wp:term":[{"taxonomy":"paginas_cat","embeddable":true,"href":"https:\/\/test.madridemprende.anovagroup.es\/fr\/wp-json\/wp\/v2\/paginas_cat?post=2488"}],"curies":[{"name":"wp","href":"https:\/\/api.w.org\/{rel}","templated":true}]}}