{"id":2708,"date":"2021-11-15T11:56:08","date_gmt":"2021-11-15T10:56:08","guid":{"rendered":"https:\/\/origen.madridemprende.anovagroup.es\/?page_id=2708"},"modified":"2023-11-27T09:54:51","modified_gmt":"2023-11-27T08:54:51","slug":"que-son-los-viveros-de-empresa","status":"publish","type":"page","link":"https:\/\/test.madridemprende.anovagroup.es\/fr\/que-son-los-viveros-de-empresa\/","title":{"rendered":"Que sont les incubateurs d&#039;entreprises ?"},"content":{"rendered":"<div data-elementor-type=\"wp-page\" data-elementor-id=\"2708\" class=\"elementor elementor-2708\" data-elementor-post-type=\"page\">\n\t\t\t\t\t\t<section class=\"elementor-section elementor-top-section elementor-element elementor-element-69e2f8b5 elementor-section-boxed elementor-section-height-default elementor-section-height-default\" data-id=\"69e2f8b5\" data-element_type=\"section\" data-e-type=\"section\">\n\t\t\t\t\t\t<div class=\"elementor-container elementor-column-gap-default\">\n\t\t\t\t\t<div class=\"elementor-column elementor-col-100 elementor-top-column elementor-element elementor-element-1b7e1146\" data-id=\"1b7e1146\" data-element_type=\"column\" data-e-type=\"column\">\n\t\t\t<div class=\"elementor-widget-wrap elementor-element-populated\">\n\t\t\t\t\t\t<div class=\"elementor-element elementor-element-cbb21b0 elementor-widget elementor-widget-image\" data-id=\"cbb21b0\" data-element_type=\"widget\" data-e-type=\"widget\" data-widget_type=\"image.default\">\n\t\t\t\t<div class=\"elementor-widget-container\">\n\t\t\t\t\t\t\t\t\t\t\t\t\t\t\t<img fetchpriority=\"high\" decoding=\"async\" width=\"678\" height=\"254\" src=\"https:\/\/test.madridemprende.anovagroup.es\/wp-content\/uploads\/2021\/12\/viveros-empresas.png\" class=\"attachment-large size-large wp-image-4948\" alt=\"\" srcset=\"https:\/\/test.madridemprende.anovagroup.es\/wp-content\/uploads\/2021\/12\/viveros-empresas.png 678w, https:\/\/test.madridemprende.anovagroup.es\/wp-content\/uploads\/2021\/12\/viveros-empresas-300x112.png 300w\" sizes=\"(max-width: 678px) 100vw, 678px\" \/>\t\t\t\t\t\t\t\t\t\t\t\t\t\t\t<\/div>\n\t\t\t\t<\/div>\n\t\t\t\t<div class=\"elementor-element elementor-element-216b24d elementor-widget elementor-widget-text-editor\" data-id=\"216b24d\" data-element_type=\"widget\" data-e-type=\"widget\" data-widget_type=\"text-editor.default\">\n\t\t\t\t<div class=\"elementor-widget-container\">\n\t\t\t\t\t\t\t\t\t<p>Le r\u00e9seau des p\u00e9pini\u00e8res d&#039;entreprises est compos\u00e9 de 7 centres destin\u00e9s \u00e0\u00a0<strong>promotion des initiatives entrepreneuriales.<\/strong><\/p><p>Les p\u00e9pini\u00e8res d&#039;entreprises de\u00a0<strong>Carabanchel, Moratalaz, Puente de Vallecas, San Blas, Vic\u00e1lvaro et Villaverde,\u00a0<\/strong><strong>\u00a0combiner l&#039;utilisation de\u00a0<span style=\"color: #d10056;\">des bureaux\u00a0<\/span>avec des conseils sur la gestion des affaires et la fourniture de services communs<\/strong> couvrir les besoins de base des nouvelles entreprises pendant les premi\u00e8res ann\u00e9es de leur vie, \u00e0 travers la <strong>paiement d&#039;un prix public<\/strong>\u00a0approuv\u00e9 par la session pl\u00e9ni\u00e8re de la Mairie de Madrid.\u00a0<span style=\"color: var( --e-global-color-text ); font-family: var( --e-global-typography-text-font-family ), Sans-serif; font-weight: var( --e-global-typography-text-font-weight ); font-size: 1rem;\">Les autorisations d&#039;utilisation des bureaux sont accord\u00e9es pour une dur\u00e9e\u00a0<\/span><span style=\"color: var( --e-global-color-text ); font-family: var( --e-global-typography-text-font-family ), Sans-serif; font-size: 1rem; font-weight: bolder;\">p\u00e9riode de quatre ans.<\/span><\/p><p>vous allez recevoir<span style=\"color: #d10056;\"><b>\u00a0<span style=\"color: #d10056;\">un<\/span><span style=\"font-family: var( --e-global-typography-text-font-family ), Sans-serif; font-size: 1rem;\"><span style=\"color: #d10056;\">conseils<\/span> personnalis\u00e9<\/span><\/b><\/span><span style=\"color: var( --e-global-color-text ); font-family: var( --e-global-typography-text-font-family ), Sans-serif; font-weight: var( --e-global-typography-text-font-weight ); font-size: 1rem;\">\u00a0relatives \u00e0 la gestion d&#039;entreprise et \u00e0 l&#039;innovation, des informations sur\u00a0<\/span><span style=\"color: var( --e-global-color-text ); font-family: var( --e-global-typography-text-font-family ), Sans-serif; font-weight: var( --e-global-typography-text-font-weight ); font-size: 1rem;\">aspects et obligations sociaux, commerciaux et fiscaux, bonnes pratiques\u00a0<\/span><span style=\"color: var( --e-global-color-text ); font-family: var( --e-global-typography-text-font-family ), Sans-serif; font-weight: var( --e-global-typography-text-font-weight ); font-size: 1rem;\">affaires, marques de commerce, brevets et licences, planification financi\u00e8re, <i>commercialisation<\/i>,\u00a0<\/span><span style=\"color: var( --e-global-color-text ); font-family: var( --e-global-typography-text-font-family ), Sans-serif; font-weight: var( --e-global-typography-text-font-weight ); font-size: 1rem;\">commerce \u00e9lectronique et tous ces aspects qui contribuent \u00e0 consolider votre\u00a0<\/span><span style=\"color: var( --e-global-color-text ); font-family: var( --e-global-typography-text-font-family ), Sans-serif; font-weight: var( --e-global-typography-text-font-weight ); font-size: 1rem;\">Entreprise.\u00a0<\/span><span style=\"color: var( --e-global-color-text ); font-family: var( --e-global-typography-text-font-family ), Sans-serif; font-weight: var( --e-global-typography-text-font-weight ); font-size: 1rem;\">Ce conseil personnalis\u00e9 sera compl\u00e9t\u00e9 par un service de <i>mentorat<\/i>.<\/span><\/p><p>Dans les p\u00e9pini\u00e8res d&#039;entreprises, ils proposent\u00a0<a href=\"https:\/\/pre.madridemprende.anovagroup.es\/programas-de-aceleracion-en-los-viveros-de-empresas\/\"><strong>Programmes de<\/strong><strong>\u00a0<\/strong><strong>acc\u00e9l\u00e9ration<\/strong><\/a><strong>\u00a0<\/strong>avec des conseils avanc\u00e9s et personnalis\u00e9s, y compris\u00a0<em>mentorat<\/em>,\u00a0<em>encadrement\u00a0<\/em>Et de la formation. Son objectif est d&#039;acc\u00e9l\u00e9rer le lancement ou la consolidation d&#039;entreprises \u00e0 l&#039;approche innovante, \u00e0 vocation de croissance, d&#039;\u00e9volutivit\u00e9 et de vision internationale.<br \/>De plus, chacune des cr\u00e8ches lance 2 appels annuels aux entreprises hors cr\u00e8ches du r\u00e9seau communal.<\/p><p><strong>appels ouverts<\/strong>:<\/p><ul><li><a href=\"https:\/\/pre.madridemprende.anovagroup.es\/aceleracion-de-carabanchel\/\">Programme d&#039;acc\u00e9l\u00e9ration des cr\u00e8ches Carabanchel, inscriptions jusqu&#039;au 20 janvier 2024<\/a>.<\/li><li><a href=\"https:\/\/pre.madridemprende.anovagroup.es\/aceleracion-de-san-blas\/\">Programme d&#039;acc\u00e9l\u00e9ration des cr\u00e8ches San Blas, inscriptions jusqu&#039;au 20 janvier 2024<\/a>.<\/li><li><a href=\"https:\/\/pre.madridemprende.anovagroup.es\/aceleracion-de-vicalvaro\/\">Programme d&#039;acc\u00e9l\u00e9ration de la cr\u00e8che Vic\u00e1lvaro, inscriptions jusqu&#039;au 20 janvier 2024<\/a>.<\/li><li><a href=\"https:\/\/pre.madridemprende.anovagroup.es\/aceleracion-de-villaverde\/\">Programme d&#039;acc\u00e9l\u00e9ration des cr\u00e8ches de Villaverde, inscriptions jusqu&#039;au 20 janvier 2024<\/a>.<\/li><\/ul><p>\u00a0<\/p><p>Si vous souhaitez partir \u00e0 l&#039;\u00e9tranger, vous aurez\u00a0<span style=\"color: #d10056;\"><strong>conseils pour\u00a0<\/strong><\/span><strong><span style=\"color: #d10056;\">internationalisation<\/span>.\u00a0<\/strong>\u00a0Il s&#039;agit d&#039;un service de conseil personnalis\u00e9 destin\u00e9 aux entreprises souhaitant s&#039;expatrier, suivant une m\u00e9thodologie structur\u00e9e visant \u00e0 \u00e9laborer un plan d&#039;exportation\/d&#039;internationalisation, \u00e0 am\u00e9liorer la comp\u00e9titivit\u00e9 mondiale et \u00e0 p\u00e9n\u00e9trer de nouveaux march\u00e9s. Il est assur\u00e9 en continu pour les projets incub\u00e9s dans les incubateurs d&#039;entreprises, aussi bien dans les bureaux que dans les espaces de coworking.<br \/>Ce service est \u00e9galement disponible pour les entreprises n&#039;appartenant pas au r\u00e9seau des cr\u00e8ches, dans ce cas il aura une dur\u00e9e maximale de 4 mois. Vous souhaitez \u00eatre conseill\u00e9 pour l&#039;internationalisation de votre entreprise ? remplissez ce\u00a0<a href=\"https:\/\/pre.madridemprende.anovagroup.es\/programa-de-internacionalizacion-de-viveros\/\">forme courte<\/a>\u00a0et nous vous contacterons.<\/p>\t\t\t\t\t\t\t\t<\/div>\n\t\t\t\t<\/div>\n\t\t\t\t<div class=\"elementor-element elementor-element-8397e3e elementor-align-center elementor-widget elementor-widget-button\" data-id=\"8397e3e\" data-element_type=\"widget\" data-e-type=\"widget\" data-widget_type=\"button.default\">\n\t\t\t\t<div class=\"elementor-widget-container\">\n\t\t\t\t\t\t\t\t\t<div class=\"elementor-button-wrapper\">\n\t\t\t\t\t<a class=\"elementor-button elementor-button-link elementor-size-md\" href=\"https:\/\/pre.madridemprende.anovagroup.es\/programa-de-internacionalizacion-de-viveros\/\">\n\t\t\t\t\t\t<span class=\"elementor-button-content-wrapper\">\n\t\t\t\t\t\t\t\t\t<span class=\"elementor-button-text\">Conseils pour l&#039;internationalisation<\/span>\n\t\t\t\t\t<\/span>\n\t\t\t\t\t<\/a>\n\t\t\t\t<\/div>\n\t\t\t\t\t\t\t\t<\/div>\n\t\t\t\t<\/div>\n\t\t\t\t<div class=\"elementor-element elementor-element-00a5d53 elementor-widget elementor-widget-text-editor\" data-id=\"00a5d53\" data-element_type=\"widget\" data-e-type=\"widget\" data-widget_type=\"text-editor.default\">\n\t\t\t\t<div class=\"elementor-widget-container\">\n\t\t\t\t\t\t\t\t\t<p>Dans ces 6 p\u00e9pini\u00e8res d&#039;entreprises, des conseils techniques sont dispens\u00e9s aux entrepreneurs qui souhaitent cr\u00e9er une entreprise ; Ils sont aussi\u00a0<strong><a style=\"background-color: #ffffff\" href=\"https:\/\/pre.madridemprende.anovagroup.es\/constitucion-de-empresas-punto-de-atencion-al-emprendedor\/\">Point de service aux entrepreneurs\u00a0<\/a><\/strong>(PAE), pour le traitement t\u00e9l\u00e9matique de la cr\u00e9ation d&#039;entreprises (SL, SLNE et entrepreneur individuel). Pour les deux services, il est essentiel d&#039;organiser un\u00a0<a style=\"background-color: #ffffff\" title=\"sur rendez-vous\" href=\"https:\/\/pre.madridemprende.anovagroup.es\/cita-previa\/\" target=\"_blank\" rel=\"noopener\">sur rendez-vous<\/a>.<span style=\"font-weight: bolder\"><br \/><\/span><\/p><p><b>P\u00d4LE D&#039;INNOVATION ALIMENTAIRE DE MADRID<\/b><\/p><p>La septi\u00e8me p\u00e9pini\u00e8re qui int\u00e8gre le r\u00e9seau est\u00a0<strong><a href=\"https:\/\/madridfoodinnovationhub.com\/\" target=\"_blank\" rel=\"noopener\">Centre d&#039;innovation alimentaire de Madrid<\/a><\/strong>, le premier\u00a0<strong>centre d&#039;entreprenariat alimentaire<\/strong>\u00a0de Madrid. Une initiative pionni\u00e8re ax\u00e9e sur la promotion de l&#039;innovation et de l&#039;entrepreneuriat tout au long de la cha\u00eene de valeur agroalimentaire. C&#039;est le centre n\u00e9vralgique de toutes les entreprises FoodTech de la r\u00e9gion.<\/p><p>Les startups du secteur peuvent participer au\u00a0<span style=\"color: #d10056\">programmes d&#039;incubation et d&#039;acc\u00e9l\u00e9ration<\/span>\u00a0depuis le centre, ils auront acc\u00e8s aux meilleurs mentors pour dynamiser leurs entreprises, en plus de pouvoir utiliser gratuitement les installations de plus de 300 m2, qui comprennent un espace de coworking et une cuisine-laboratoire enti\u00e8rement \u00e9quip\u00e9e.<\/p><p>Toutes les informations et les conditions d&#039;acc\u00e8s dans\u00a0<a title=\"Lien externe dans une nouvelle fen\u00eatre : www.madridfoodinnovationhub.com\" href=\"http:\/\/www.madridfoodinnovationhub.com\/\" target=\"_blank\" rel=\"noopener\">www.madridfoodinnovationhub.com<\/a><\/p><p><strong>Vous pouvez v\u00e9rifier ici<a href=\"https:\/\/pre.madridemprende.anovagroup.es\/conoce-a-los-viveros-de-empresas\/\"> l&#039;emplacement et les caract\u00e9ristiques de tous les incubateurs d&#039;entreprises<\/a>.<\/strong><\/p>\t\t\t\t\t\t\t\t<\/div>\n\t\t\t\t<\/div>\n\t\t\t\t\t<\/div>\n\t\t<\/div>\n\t\t\t\t\t<\/div>\n\t\t<\/section>\n\t\t\t\t<section class=\"elementor-section elementor-top-section elementor-element elementor-element-c5c95cb elementor-section-boxed elementor-section-height-default elementor-section-height-default\" data-id=\"c5c95cb\" data-element_type=\"section\" data-e-type=\"section\">\n\t\t\t\t\t\t<div class=\"elementor-container elementor-column-gap-default\">\n\t\t\t\t\t<div class=\"elementor-column elementor-col-100 elementor-top-column elementor-element elementor-element-d663ca0\" data-id=\"d663ca0\" data-element_type=\"column\" data-e-type=\"column\">\n\t\t\t<div class=\"elementor-widget-wrap elementor-element-populated\">\n\t\t\t\t\t\t<div class=\"elementor-element elementor-element-ab125f3 elementor-widget elementor-widget-eael-adv-accordion\" data-id=\"ab125f3\" data-element_type=\"widget\" data-e-type=\"widget\" data-widget_type=\"eael-adv-accordion.default\">\n\t\t\t\t<div class=\"elementor-widget-container\">\n\t\t\t\t\t            <div class=\"eael-adv-accordion\" id=\"eael-adv-accordion-ab125f3\" data-scroll-on-click=\"no\" data-scroll-speed=\"300\" data-accordion-id=\"ab125f3\" data-accordion-type=\"toggle\" data-toogle-speed=\"300\">\n            <div class=\"eael-accordion-list\">\n\t\t\t\t\t<div id=\"cmo-puedo-acceder-a-un-despacho\" class=\"elementor-tab-title eael-accordion-header\" tabindex=\"0\" data-tab=\"1\" aria-controls=\"elementor-tab-content-1791\"><span class=\"eael-advanced-accordion-icon-closed\"><i aria-hidden=\"true\" class=\"fa-accordion-icon fas fa-plus\"><\/i><\/span><span class=\"eael-advanced-accordion-icon-opened\"><\/span><span class=\"eael-accordion-tab-title\">Comment puis-je acc\u00e9der \u00e0 un bureau?<\/span><i aria-hidden=\"true\" class=\"fa-toggle fas fa-angle-right\"><\/i><\/div><div id=\"elementor-tab-content-1791\" class=\"eael-accordion-content clearfix\" data-tab=\"1\" aria-labelledby=\"cmo-puedo-acceder-a-un-despacho\"><p>Vous pouvez d\u00e9sormais demander l&#039;acc\u00e8s aux services d&#039;accompagnement \u00e0 l&#039;entrepreneuriat dans les bureaux des incubateurs d&#039;entreprises de\u00a0<strong>Carabanchel, Moratalaz, Pont Vallecas, San Blas, Vic\u00e1lvaro et Villaverde<\/strong>, via ce lien :\u00a0<a href=\"https:\/\/sede.madrid.es\/sites\/v\/index.jsp?vgnextoid=ee1d42b1b9f46510VgnVCM1000001d4a900aRCRD&amp;vgnextchannel=f47ea38813180210VgnVCM100000c90da8c0RCRD\" target=\"_blank\" rel=\"noopener\">Appel \u00e0 l&#039;acc\u00e8s aux services d&#039;accompagnement \u00e0 l&#039;entrepreneuriat dans le r\u00e9seau des incubateurs d&#039;entreprises<\/a> (traitement en face \u00e0 face et en ligne).<\/p><p>Vous pouvez utiliser le bureau pendant 4 ans, pourvu d&#039;un mobilier de base. Le prix public comprend les services d&#039;accueil, de surveillance et de s\u00e9curit\u00e9, le nettoyage et l&#039;entretien, ainsi que les frais d&#039;eau, d&#039;\u00e9lectricit\u00e9 et de climatisation. Vous pouvez utiliser les espaces communs, les salles de r\u00e9union ou la salle multifonctionnelle et, en plus, ils disposent de conseils techniques, de formations commerciales et d&#039;informations sur les programmes d&#039;aides et de subventions et les canaux publicitaires pour votre entreprise.\u00a0<\/p><\/div>\n\t\t\t\t\t<\/div><div class=\"eael-accordion-list\">\n\t\t\t\t\t<div id=\"informacin-de-la-convocatoria-de-acceso-a-los-despachos\" class=\"elementor-tab-title eael-accordion-header\" tabindex=\"0\" data-tab=\"2\" aria-controls=\"elementor-tab-content-1792\"><span class=\"eael-advanced-accordion-icon-closed\"><i aria-hidden=\"true\" class=\"fa-accordion-icon fas fa-plus\"><\/i><\/span><span class=\"eael-advanced-accordion-icon-opened\"><\/span><span class=\"eael-accordion-tab-title\">Informations sur l&#039;appel d&#039;acc\u00e8s aux bureaux :<\/span><i aria-hidden=\"true\" class=\"fa-toggle fas fa-angle-right\"><\/i><\/div><div id=\"elementor-tab-content-1792\" class=\"eael-accordion-content clearfix\" data-tab=\"2\" aria-labelledby=\"informacin-de-la-convocatoria-de-acceso-a-los-despachos\"><div style=\"justify-content: space-evenly\"><a class=\"elementor-button-link elementor-button\" href=\"https:\/\/sede.madrid.es\/portal\/site\/tramites\/menuitem.b4c91589e7f6a5d829da39e5a8a409a0\/?vgnextoid=66167d3d97b29510VgnVCM1000001d4a900aRCRD&amp;vgnextchannel=741d814231ede410VgnVCM1000000b205a0aRCRD&amp;vgnextfmt=default\" target=\"_blank\" rel=\"noopener\"><span class=\"elementor-button-content-wrapper\"><br \/><span class=\"elementor-button-text\">Bases de l&#039;appel<\/span><\/span><\/a> \u00a0<a class=\"elementor-button-link elementor-button\" href=\"https:\/\/pre.madridemprende.anovagroup.es\/faqs\/\"><span class=\"elementor-button-content-wrapper\"><span class=\"elementor-button-text\">Vous avez des doutes ? Ici, nous les r\u00e9solvons<\/span><br \/><\/span><\/a><\/div><\/div>\n\t\t\t\t\t<\/div><div class=\"eael-accordion-list\">\n\t\t\t\t\t<div id=\"importe-del-precio-pblico\" class=\"elementor-tab-title eael-accordion-header\" tabindex=\"0\" data-tab=\"3\" aria-controls=\"elementor-tab-content-1793\"><span class=\"eael-advanced-accordion-icon-closed\"><i aria-hidden=\"true\" class=\"fa-accordion-icon fas fa-plus\"><\/i><\/span><span class=\"eael-advanced-accordion-icon-opened\"><i aria-hidden=\"true\" class=\"fa-accordion-icon fas fa-minus\"><\/i><\/span><span class=\"eael-accordion-tab-title\">Montant du prix public<\/span><i aria-hidden=\"true\" class=\"fa-toggle fas fa-angle-right\"><\/i><\/div><div id=\"elementor-tab-content-1793\" class=\"eael-accordion-content clearfix\" data-tab=\"3\" aria-labelledby=\"importe-del-precio-pblico\"><p>Le montant mensuel du prix public sera le r\u00e9sultat de la multiplication du nombre de m\u00e8tres carr\u00e9s du bureau par 7,15 euros la premi\u00e8re ann\u00e9e, et par 9,53 euros de la deuxi\u00e8me \u00e0 la quatri\u00e8me ann\u00e9e (voir\u00a0<a href=\"https:\/\/pre.madridemprende.anovagroup.es\/wp-content\/uploads\/2022\/03\/AnexoI_PrecioPublico.pdf\" target=\"_blank\" rel=\"noopener\">Annexe I : prix public<\/a>).\u00a0<\/p><p>Par exemple, pour un bureau de 20,99 m2 vous paierez 181,60 euros par mois (TVA incluse) la premi\u00e8re ann\u00e9e. Pour un bureau de 41,64 m2 le montant serait de 360,25 euros.<\/p><p>De plus, lorsque la majorit\u00e9 des porteurs de projet d&#039;entreprise sont des femmes, une remise de 20% leur est appliqu\u00e9e sur le prix public.<\/p><\/div>\n\t\t\t\t\t<\/div><div class=\"eael-accordion-list\">\n\t\t\t\t\t<div id=\"resoluciones-de-las-comisiones-de-valoracin\" class=\"elementor-tab-title eael-accordion-header\" tabindex=\"0\" data-tab=\"4\" aria-controls=\"elementor-tab-content-1794\"><span class=\"eael-advanced-accordion-icon-closed\"><i aria-hidden=\"true\" class=\"fa-accordion-icon fas fa-plus\"><\/i><\/span><span class=\"eael-advanced-accordion-icon-opened\"><\/span><span class=\"eael-accordion-tab-title\">R\u00e9solutions des commissions d&#039;\u00e9valuation<\/span><i aria-hidden=\"true\" class=\"fa-toggle fas fa-angle-right\"><\/i><\/div><div id=\"elementor-tab-content-1794\" class=\"eael-accordion-content clearfix\" data-tab=\"4\" aria-labelledby=\"resoluciones-de-las-comisiones-de-valoracin\"><ul><li><a href=\"https:\/\/pre.madridemprende.anovagroup.es\/wp-content\/uploads\/2023\/11\/11.RelacionDefinitiva_Comision8nov_24nov.pdf\" target=\"_blank\" rel=\"noopener\">Liste d\u00e9finitive des admis et exclus de la commission du 8 novembre. Publi\u00e9 le 27 novembre 2023<\/a><\/li><li><a href=\"https:\/\/pre.madridemprende.anovagroup.es\/wp-content\/uploads\/2023\/11\/11.RelacionProvisional_Comision8nov_8nov.pdf\" target=\"_blank\" rel=\"noopener\">Liste provisoire des admis et exclus de la commission du 8 novembre. Publi\u00e9 le 8 novembre 2023<\/a><\/li><li><a href=\"https:\/\/pre.madridemprende.anovagroup.es\/wp-content\/uploads\/2023\/11\/10.-Relaciondefinitiva_Comision19oct_7nov.pdf\" target=\"_blank\" rel=\"noopener\">Liste d\u00e9finitive des admis et exclus de la commission du 19 octobre. Publi\u00e9 le 7 novembre 2023<\/a><\/li><\/ul><\/div>\n\t\t\t\t\t<\/div><div class=\"eael-accordion-list\">\n\t\t\t\t\t<div id=\"tienes-dudas\" class=\"elementor-tab-title eael-accordion-header\" tabindex=\"0\" data-tab=\"5\" aria-controls=\"elementor-tab-content-1795\"><span class=\"eael-advanced-accordion-icon-closed\"><i aria-hidden=\"true\" class=\"fa-accordion-icon fas fa-plus\"><\/i><\/span><span class=\"eael-advanced-accordion-icon-opened\"><\/span><span class=\"eael-accordion-tab-title\">Vous avez des doutes ?<\/span><i aria-hidden=\"true\" class=\"fa-toggle fas fa-angle-right\"><\/i><\/div><div id=\"elementor-tab-content-1795\" class=\"eael-accordion-content clearfix\" data-tab=\"5\" aria-labelledby=\"tienes-dudas\"><p>Nous les r\u00e9solvons pour vous\u00a0<a href=\"mailto:emprendedores@madrid.es\">emprendedores@madrid.es<\/a>\u00a0Ou si vous pr\u00e9f\u00e9rez, vous pouvez contacter directement chacune des p\u00e9pini\u00e8res d&#039;entreprises :<\/p><ul><li>Incubateur d&#039;entreprises Carabanchel : 915 115 131\u00a0<a href=\"https:\/\/mail.madrid.es\/owa\/redir.aspx?C=QYL8UyoXLXH4qBo1iqiqlNlPB55hj5iLa2Kh_U5kVaktIYCHOcfXCA..&amp;URL=mailto%3aviverocarabanchel%40madrid.es\" target=\"_blank\" rel=\"noopener noreferrer\">viverocarabanchel@madridemprende.es<\/a><\/li><li>P\u00e9pini\u00e8re Moratalaz : 914 211 978 <a href=\"https:\/\/mail.madrid.es\/owa\/redir.aspx?C=-ogDgr9Iy6YaXoW6gF-ulF4rB_5NeUpKEsjHkGf0FZYtIYCHOcfXCA..&amp;URL=mailto%3aviveromoratalaz%40madrid.es\" target=\"_blank\" rel=\"noopener noreferrer\">viveromoratalaz@madridemprende.es<\/a><\/li><li>Incubateur d&#039;entreprises Puente de Vallecas: 914 211 899 <a href=\"https:\/\/mail.madrid.es\/owa\/redir.aspx?C=Mm2jFCjauIVFTkBhoEhnXMZ1kogMDhEqGHiS6urK1sCFg4KHOcfXCA..&amp;URL=mailto%3aviveropuentevallecas%40madrid.es\" target=\"_blank\" rel=\"noopener noreferrer\">viveropuentevallecas@madridemprende.es<\/a><\/li><li>Incubateur d&#039;entreprises San Blas : 910 210 459 <a href=\"https:\/\/mail.madrid.es\/owa\/redir.aspx?C=4RcXzRMIf5D0lEfKHDki2-AU17IPjP8tEH1nONS35y-Fg4KHOcfXCA..&amp;URL=mailto%3aviverosanblas%40madrid.es\" target=\"_blank\" rel=\"noopener noreferrer\">viverosanblas@madridemprende.es<\/a><\/li><li>Incubateur d&#039;entreprises Vic\u00e1lvaro : 910 210 458 <a href=\"https:\/\/mail.madrid.es\/owa\/redir.aspx?C=k6yn-oR41Cf4OoR_4Yoe_NlSRXqRsB8VSbXoF_4tykyFg4KHOcfXCA..&amp;URL=mailto%3aviverovicalvaro%40madrid.es\" target=\"_blank\" rel=\"noopener noreferrer\">viverovicalvaro@madridemprende.es<\/a><\/li><li>Incubateur d&#039;entreprises de Villaverde : 916 225 073 <a href=\"https:\/\/mail.madrid.es\/owa\/redir.aspx?C=ulEMIUQoER8d9jNVkP3M4J5mwmPNjVaHdCBuWIT8XjCFg4KHOcfXCA..&amp;URL=mailto%3aviverovillaverde%40madrid.es\" target=\"_blank\" rel=\"noopener noreferrer\">viverovillaverde@madridemprende.es<\/a><\/li><li>Centre d&#039;innovation alimentaire de Madrid : 910 001 447 <a href=\"mailto:madridfoodinnovationhub@madridemprende.es\">madridfoodinnovationhub@madridemprende.es<\/a><\/li><\/ul><\/div>\n\t\t\t\t\t<\/div><\/div>\t\t\t\t<\/div>\n\t\t\t\t<\/div>\n\t\t\t\t<div class=\"elementor-element elementor-element-eb8eda5 elementor-align-center elementor-widget elementor-widget-button\" data-id=\"eb8eda5\" data-element_type=\"widget\" data-e-type=\"widget\" data-widget_type=\"button.default\">\n\t\t\t\t<div class=\"elementor-widget-container\">\n\t\t\t\t\t\t\t\t\t<div class=\"elementor-button-wrapper\">\n\t\t\t\t\t<a class=\"elementor-button elementor-button-link elementor-size-lg\" href=\"https:\/\/pre.madridemprende.anovagroup.es\/conoce-a-los-viveros-de-empresas\/\">\n\t\t\t\t\t\t<span class=\"elementor-button-content-wrapper\">\n\t\t\t\t\t\t\t\t\t<span class=\"elementor-button-text\">Rencontrez les cr\u00e8ches<\/span>\n\t\t\t\t\t<\/span>\n\t\t\t\t\t<\/a>\n\t\t\t\t<\/div>\n\t\t\t\t\t\t\t\t<\/div>\n\t\t\t\t<\/div>\n\t\t\t\t\t<\/div>\n\t\t<\/div>\n\t\t\t\t\t<\/div>\n\t\t<\/section>\n\t\t\t\t<\/div>","protected":false},"excerpt":{"rendered":"<p>La red de viveros de empresas est\u00e1 formada por 7 centros dirigidos a la\u00a0promoci\u00f3n de las iniciativas emprendedoras. Los viveros de empresas de\u00a0Carabanchel, Moratalaz, Puente de Vallecas, San Blas, Vic\u00e1lvaro y Villaverde,\u00a0\u00a0combinan la utilizaci\u00f3n de\u00a0despachos\u00a0con el asesoramiento en la gesti\u00f3n empresarial y la prestaci\u00f3n de unos servicios comunes para cubrir las necesidades b\u00e1sicas de nuevas [&hellip;]<\/p>\n","protected":false},"author":24,"featured_media":0,"parent":0,"menu_order":0,"comment_status":"closed","ping_status":"closed","template":"","meta":{"_acf_changed":false,"footnotes":""},"paginas_cat":[],"class_list":["post-2708","page","type-page","status-publish","hentry"],"acf":[],"_links":{"self":[{"href":"https:\/\/test.madridemprende.anovagroup.es\/fr\/wp-json\/wp\/v2\/pages\/2708","targetHints":{"allow":["GET"]}}],"collection":[{"href":"https:\/\/test.madridemprende.anovagroup.es\/fr\/wp-json\/wp\/v2\/pages"}],"about":[{"href":"https:\/\/test.madridemprende.anovagroup.es\/fr\/wp-json\/wp\/v2\/types\/page"}],"author":[{"embeddable":true,"href":"https:\/\/test.madridemprende.anovagroup.es\/fr\/wp-json\/wp\/v2\/users\/24"}],"replies":[{"embeddable":true,"href":"https:\/\/test.madridemprende.anovagroup.es\/fr\/wp-json\/wp\/v2\/comments?post=2708"}],"version-history":[{"count":0,"href":"https:\/\/test.madridemprende.anovagroup.es\/fr\/wp-json\/wp\/v2\/pages\/2708\/revisions"}],"wp:attachment":[{"href":"https:\/\/test.madridemprende.anovagroup.es\/fr\/wp-json\/wp\/v2\/media?parent=2708"}],"wp:term":[{"taxonomy":"paginas_cat","embeddable":true,"href":"https:\/\/test.madridemprende.anovagroup.es\/fr\/wp-json\/wp\/v2\/paginas_cat?post=2708"}],"curies":[{"name":"wp","href":"https:\/\/api.w.org\/{rel}","templated":true}]}}