{"id":2716,"date":"2021-11-15T12:00:42","date_gmt":"2021-11-15T11:00:42","guid":{"rendered":"https:\/\/origen.madridemprende.anovagroup.es\/?page_id=2716"},"modified":"2023-08-01T11:20:13","modified_gmt":"2023-08-01T09:20:13","slug":"que-son-los-espacios-de-coworking","status":"publish","type":"page","link":"https:\/\/test.madridemprende.anovagroup.es\/fr\/que-son-los-espacios-de-coworking\/","title":{"rendered":"Que sont les espaces de coworking ?"},"content":{"rendered":"<div data-elementor-type=\"wp-page\" data-elementor-id=\"2716\" class=\"elementor elementor-2716\" data-elementor-post-type=\"page\">\n\t\t\t\t\t\t<section class=\"elementor-section elementor-top-section elementor-element elementor-element-23f2d12c elementor-section-boxed elementor-section-height-default elementor-section-height-default\" data-id=\"23f2d12c\" data-element_type=\"section\" data-e-type=\"section\">\n\t\t\t\t\t\t<div class=\"elementor-container elementor-column-gap-default\">\n\t\t\t\t\t<div class=\"elementor-column elementor-col-100 elementor-top-column elementor-element elementor-element-77bd9ce9\" data-id=\"77bd9ce9\" data-element_type=\"column\" data-e-type=\"column\">\n\t\t\t<div class=\"elementor-widget-wrap elementor-element-populated\">\n\t\t\t\t\t\t<div class=\"elementor-element elementor-element-61c503b1 elementor-widget elementor-widget-text-editor\" data-id=\"61c503b1\" data-element_type=\"widget\" data-e-type=\"widget\" data-widget_type=\"text-editor.default\">\n\t\t\t\t<div class=\"elementor-widget-container\">\n\t\t\t\t\t\t\t\t\t<p><span style=\"font-weight: 400;\">Les espaces de <\/span><a href=\"https:\/\/twitter.com\/search?q=%23CoworkingGratuito&amp;src=typd\" target=\"_blank\" rel=\"noopener\"><span style=\"font-weight: 400;\">#CoworkingGratuit<\/span><\/a><span style=\"font-weight: 400;\"> sont des emplois de <\/span><b>pr\u00e9incubation ou espaces partag\u00e9s<\/b><span style=\"font-weight: 400;\">. <\/span><\/p><p><span style=\"font-weight: 400;\">Dans les deux cas, il existe un service d&#039;accompagnement et de tutorat en entreprise. Vous pouvez \u00e9galement trouver des informations sur les programmes de financement et les aides et subventions, ainsi que la fourniture de services communs qui permettent \u00e0 votre entreprise de s&#039;\u00e9tablir, de d\u00e9coller et de se consolider pendant les premi\u00e8res ann\u00e9es d&#039;activit\u00e9. Ces espaces disposent \u00e9galement d&#039;une connexion Wi-Fi gratuite.<\/span><\/p><h3><span style=\"font-weight: 400;\"> Quelles sont les diff\u00e9rences entre les deux\u00a0?<\/span><\/h3><ul><li style=\"font-weight: 400;\"><span style=\"text-decoration: underline;\"><strong>Pr\u00e9incubation<\/strong><\/span>. Il est <span style=\"font-weight: 400;\">un service gratuit offert <strong>conseils et tutorat pour la pr\u00e9paration du <\/strong><\/span><strong><a href=\"https:\/\/pre.madridemprende.anovagroup.es\/simulador-y-manual-del-plan-de-empresa\/\">plan d&#039;affaires<\/a><\/strong><span style=\"font-weight: 400;\"><strong>.<\/strong> Un suivi personnalis\u00e9 et d\u00e9taill\u00e9 est effectu\u00e9 sur chacune des \u00e9tapes \u00e0 suivre pour parvenir \u00e0 la viabilit\u00e9 d&#039;un projet d&#039;entreprise.<\/span><span style=\"font-weight: 400;\"><br \/>Il s&#039;adresse \u00e0 toutes les personnes physiques, majeures, qui ont une id\u00e9e d&#039;entreprise ou un projet d&#039;entreprise sans \u00eatre immatricul\u00e9es ni formellement constitu\u00e9es et qui ont besoin d&#039;un accompagnement dans l&#039;\u00e9laboration de leur projet.<br \/>La dur\u00e9e maximale de s\u00e9jour est <\/span><span style=\"font-weight: 400;\">6 mois<\/span><span style=\"font-weight: 400;\">.<br \/>Vous pouvez choisir de le r\u00e9aliser \u00e0 l&#039;ext\u00e9rieur ou de combiner ce service avec un espace physique \u00e9quip\u00e9 de mobilier dans les p\u00e9pini\u00e8res d&#039;entreprises de Carabanchel, Puente de Vallecas, Vic\u00e1lvaro et Villaverde.<\/span><\/li><li style=\"font-weight: 400;\"><span style=\"text-decoration: underline;\"><strong>les espaces<\/strong><b> partag\u00e9<\/b><\/span>. oui<span style=\"font-weight: 400;\">Avec des emplois pour les entreprises qui ont d\u00e9j\u00e0 d\u00e9marr\u00e9 leur activit\u00e9. C&#039;est un service de <strong>transfert d&#039;emploi temporaire et gratuit<\/strong> pour les entreprises r\u00e9cemment cr\u00e9\u00e9es, \u00e2g\u00e9es de moins de cinq ans. Ces espaces sont situ\u00e9s dans les p\u00e9pini\u00e8res d&#039;entreprises de Carabanchel, Puente de Vallecas, Vic\u00e1lvaro et Villaverde.<br \/>Dans ce cas, la dur\u00e9e maximale de s\u00e9jour est<\/span><span style=\"font-weight: 400;\"> 1 ann\u00e9e<\/span><span style=\"font-weight: 400;\">.<\/span><\/li><\/ul><h3>Comment y acc\u00e9der ?<\/h3><ul><li><span style=\"font-weight: 400;\">Pour acc\u00e9der aux espaces <strong>coworking de la\u00a0<\/strong><\/span><span style=\"color: var( --e-global-color-text ); font-family: var( --e-global-typography-text-font-family ), Sans-serif; font-weight: var( --e-global-typography-text-font-weight ); font-size: 1rem;\"><strong>p\u00e9pini\u00e8res d&#039;entreprises<\/strong> il<\/span><span style=\"color: var( --e-global-color-text ); font-family: var( --e-global-typography-text-font-family ), Sans-serif; font-size: 1rem;\">un <\/span>la demande est compl\u00e9t\u00e9e <span style=\"text-decoration: underline;\">en personne<\/span><span style=\"color: var( --e-global-color-text ); font-family: var( --e-global-typography-text-font-family ), Sans-serif; font-size: 1rem;\"> dans la cr\u00e8che dont vous souhaitez acc\u00e9der \u00e0 l&#039;espace de coworking.<\/span><\/li><\/ul>\t\t\t\t\t\t\t\t<\/div>\n\t\t\t\t<\/div>\n\t\t\t\t<div class=\"elementor-element elementor-element-b131301 elementor-align-center elementor-widget elementor-widget-button\" data-id=\"b131301\" data-element_type=\"widget\" data-e-type=\"widget\" data-widget_type=\"button.default\">\n\t\t\t\t<div class=\"elementor-widget-container\">\n\t\t\t\t\t\t\t\t\t<div class=\"elementor-button-wrapper\">\n\t\t\t\t\t<a class=\"elementor-button elementor-button-link elementor-size-lg\" href=\"https:\/\/pre.madridemprende.anovagroup.es\/conoce-los-espacios-de-coworking\/\">\n\t\t\t\t\t\t<span class=\"elementor-button-content-wrapper\">\n\t\t\t\t\t\t\t\t\t<span class=\"elementor-button-text\">D\u00e9couvrez les espaces de coworking<\/span>\n\t\t\t\t\t<\/span>\n\t\t\t\t\t<\/a>\n\t\t\t\t<\/div>\n\t\t\t\t\t\t\t\t<\/div>\n\t\t\t\t<\/div>\n\t\t\t\t<div class=\"elementor-element elementor-element-41cd6a3 elementor-widget elementor-widget-image\" data-id=\"41cd6a3\" data-element_type=\"widget\" data-e-type=\"widget\" data-widget_type=\"image.default\">\n\t\t\t\t<div class=\"elementor-widget-container\">\n\t\t\t\t\t\t\t\t\t\t\t\t\t\t\t<img fetchpriority=\"high\" decoding=\"async\" width=\"877\" height=\"1241\" src=\"https:\/\/test.madridemprende.anovagroup.es\/wp-content\/uploads\/2021\/11\/AYTO_ME_flyer-CW_page-0002.jpg\" class=\"attachment-full size-full wp-image-2721\" alt=\"Espacios de coworking\" srcset=\"https:\/\/test.madridemprende.anovagroup.es\/wp-content\/uploads\/2021\/11\/AYTO_ME_flyer-CW_page-0002.jpg 877w, https:\/\/test.madridemprende.anovagroup.es\/wp-content\/uploads\/2021\/11\/AYTO_ME_flyer-CW_page-0002-212x300.jpg 212w, https:\/\/test.madridemprende.anovagroup.es\/wp-content\/uploads\/2021\/11\/AYTO_ME_flyer-CW_page-0002-724x1024.jpg 724w, https:\/\/test.madridemprende.anovagroup.es\/wp-content\/uploads\/2021\/11\/AYTO_ME_flyer-CW_page-0002-768x1087.jpg 768w\" sizes=\"(max-width: 877px) 100vw, 877px\" \/>\t\t\t\t\t\t\t\t\t\t\t\t\t\t\t<\/div>\n\t\t\t\t<\/div>\n\t\t\t\t\t<\/div>\n\t\t<\/div>\n\t\t\t\t\t<\/div>\n\t\t<\/section>\n\t\t\t\t<\/div>","protected":false},"excerpt":{"rendered":"<p>Los espacios de #CoworkingGratuito son\u00a0 puestos de trabajo de preincubaci\u00f3n o espacios compartidos. En ambos casos, se cuenta con un servicio de apoyo y tutorizaci\u00f3n empresarial. Tambi\u00e9n puede encontrarse informaci\u00f3n sobre programas de financiaci\u00f3n y de ayudas y subvenciones, as\u00ed como con la prestaci\u00f3n de unos servicios comunes que permitan a su empresa su establecimiento, [&hellip;]<\/p>\n","protected":false},"author":24,"featured_media":0,"parent":0,"menu_order":0,"comment_status":"closed","ping_status":"closed","template":"","meta":{"_acf_changed":false,"footnotes":""},"paginas_cat":[],"class_list":["post-2716","page","type-page","status-publish","hentry"],"acf":[],"_links":{"self":[{"href":"https:\/\/test.madridemprende.anovagroup.es\/fr\/wp-json\/wp\/v2\/pages\/2716","targetHints":{"allow":["GET"]}}],"collection":[{"href":"https:\/\/test.madridemprende.anovagroup.es\/fr\/wp-json\/wp\/v2\/pages"}],"about":[{"href":"https:\/\/test.madridemprende.anovagroup.es\/fr\/wp-json\/wp\/v2\/types\/page"}],"author":[{"embeddable":true,"href":"https:\/\/test.madridemprende.anovagroup.es\/fr\/wp-json\/wp\/v2\/users\/24"}],"replies":[{"embeddable":true,"href":"https:\/\/test.madridemprende.anovagroup.es\/fr\/wp-json\/wp\/v2\/comments?post=2716"}],"version-history":[{"count":0,"href":"https:\/\/test.madridemprende.anovagroup.es\/fr\/wp-json\/wp\/v2\/pages\/2716\/revisions"}],"wp:attachment":[{"href":"https:\/\/test.madridemprende.anovagroup.es\/fr\/wp-json\/wp\/v2\/media?parent=2716"}],"wp:term":[{"taxonomy":"paginas_cat","embeddable":true,"href":"https:\/\/test.madridemprende.anovagroup.es\/fr\/wp-json\/wp\/v2\/paginas_cat?post=2716"}],"curies":[{"name":"wp","href":"https:\/\/api.w.org\/{rel}","templated":true}]}}