{"id":2729,"date":"2021-11-15T12:25:43","date_gmt":"2021-11-15T11:25:43","guid":{"rendered":"https:\/\/origen.madridemprende.anovagroup.es\/?page_id=2729"},"modified":"2026-01-12T10:15:55","modified_gmt":"2026-01-12T09:15:55","slug":"conoce-a-los-viveros-de-empresas","status":"publish","type":"page","link":"https:\/\/test.madridemprende.anovagroup.es\/fr\/conoce-a-los-viveros-de-empresas\/","title":{"rendered":"Rencontrez les incubateurs d&#039;entreprises"},"content":{"rendered":"<div data-elementor-type=\"wp-page\" data-elementor-id=\"2729\" class=\"elementor elementor-2729\" data-elementor-post-type=\"page\">\n\t\t\t\t\t\t<section class=\"elementor-section elementor-top-section elementor-element elementor-element-ab0dfed elementor-section-boxed elementor-section-height-default elementor-section-height-default\" data-id=\"ab0dfed\" data-element_type=\"section\" data-e-type=\"section\">\n\t\t\t\t\t\t<div class=\"elementor-container elementor-column-gap-default\">\n\t\t\t\t\t<div class=\"elementor-column elementor-col-100 elementor-top-column elementor-element elementor-element-040e21b\" data-id=\"040e21b\" data-element_type=\"column\" data-e-type=\"column\">\n\t\t\t<div class=\"elementor-widget-wrap elementor-element-populated\">\n\t\t\t\t\t\t<div class=\"elementor-element elementor-element-54b63ff elementor-widget elementor-widget-heading\" data-id=\"54b63ff\" data-element_type=\"widget\" data-e-type=\"widget\" data-widget_type=\"heading.default\">\n\t\t\t\t<div class=\"elementor-widget-container\">\n\t\t\t\t\t<h1 class=\"elementor-heading-title elementor-size-default\">D\u00e9couvrez les incubateurs d'entreprises<\/h1>\t\t\t\t<\/div>\n\t\t\t\t<\/div>\n\t\t\t\t<div class=\"elementor-element elementor-element-031bdd9 elementor-widget-divider--view-line elementor-widget elementor-widget-divider\" data-id=\"031bdd9\" data-element_type=\"widget\" data-e-type=\"widget\" data-widget_type=\"divider.default\">\n\t\t\t\t<div class=\"elementor-widget-container\">\n\t\t\t\t\t\t\t<div class=\"elementor-divider\">\n\t\t\t<span class=\"elementor-divider-separator\">\n\t\t\t\t\t\t<\/span>\n\t\t<\/div>\n\t\t\t\t\t\t<\/div>\n\t\t\t\t<\/div>\n\t\t\t\t<div class=\"elementor-element elementor-element-77f3c44 elementor-grid-2 elementor-posts--align-left elementor-grid-tablet-2 elementor-grid-mobile-1 elementor-posts--thumbnail-top elementor-widget elementor-widget-posts\" data-id=\"77f3c44\" data-element_type=\"widget\" data-e-type=\"widget\" data-settings=\"{&quot;classic_columns&quot;:&quot;2&quot;,&quot;classic_columns_tablet&quot;:&quot;2&quot;,&quot;classic_columns_mobile&quot;:&quot;1&quot;,&quot;classic_row_gap&quot;:{&quot;unit&quot;:&quot;px&quot;,&quot;size&quot;:35,&quot;sizes&quot;:[]},&quot;classic_row_gap_tablet&quot;:{&quot;unit&quot;:&quot;px&quot;,&quot;size&quot;:&quot;&quot;,&quot;sizes&quot;:[]},&quot;classic_row_gap_mobile&quot;:{&quot;unit&quot;:&quot;px&quot;,&quot;size&quot;:&quot;&quot;,&quot;sizes&quot;:[]}}\" data-widget_type=\"posts.classic\">\n\t\t\t\t<div class=\"elementor-widget-container\">\n\t\t\t\t\t\t\t<div class=\"elementor-posts-container elementor-posts elementor-posts--skin-classic elementor-grid\" role=\"list\">\n\t\t\t\t<article class=\"elementor-post elementor-grid-item post-1159 viveros type-viveros status-publish has-post-thumbnail hentry category-vivero-carabanchel vivero_cat-vivero-carabanchel\" role=\"listitem\">\n\t\t\t\t<a class=\"elementor-post__thumbnail__link\" href=\"https:\/\/test.madridemprende.anovagroup.es\/fr\/viveros\/vivero-de-carabanchel\/\" tabindex=\"-1\" >\n\t\t\t<div class=\"elementor-post__thumbnail\"><img fetchpriority=\"high\" decoding=\"async\" width=\"768\" height=\"768\" src=\"https:\/\/test.madridemprende.anovagroup.es\/wp-content\/uploads\/2021\/10\/Carabanchel-4-768x768.jpg\" class=\"attachment-medium_large size-medium_large wp-image-3667\" alt=\"Viero Carabanchel\" srcset=\"https:\/\/test.madridemprende.anovagroup.es\/wp-content\/uploads\/2021\/10\/Carabanchel-4-768x768.jpg 768w, https:\/\/test.madridemprende.anovagroup.es\/wp-content\/uploads\/2021\/10\/Carabanchel-4-300x300.jpg 300w, https:\/\/test.madridemprende.anovagroup.es\/wp-content\/uploads\/2021\/10\/Carabanchel-4-1024x1024.jpg 1024w, https:\/\/test.madridemprende.anovagroup.es\/wp-content\/uploads\/2021\/10\/Carabanchel-4-150x150.jpg 150w, https:\/\/test.madridemprende.anovagroup.es\/wp-content\/uploads\/2021\/10\/Carabanchel-4-1536x1536.jpg 1536w, https:\/\/test.madridemprende.anovagroup.es\/wp-content\/uploads\/2021\/10\/Carabanchel-4-2048x2048.jpg 2048w\" sizes=\"(max-width: 768px) 100vw, 768px\" \/><\/div>\n\t\t<\/a>\n\t\t\t\t<div class=\"elementor-post__text\">\n\t\t\t\t<h3 class=\"elementor-post__title\">\n\t\t\t<a href=\"https:\/\/test.madridemprende.anovagroup.es\/fr\/viveros\/vivero-de-carabanchel\/\" >\n\t\t\t\tIncubateurs d'entreprises Carabanchel\t\t\t<\/a>\n\t\t<\/h3>\n\t\t\t\t<div class=\"elementor-post__excerpt\">\n\t\t\t<p>L&#039;incubateur d&#039;entreprises Carabanchel est le plus important du r\u00e9seau municipal d&#039;incubateurs. Il dispose de 31 bureaux pour entrepreneurs, d&#039;un espace de coworking gratuit avec pr\u00e9-incubation et espaces partag\u00e9s, de deux salles de r\u00e9union, d&#039;une salle de r\u00e9union, d&#039;une salle de repos avec distributeur automatique et de salles de formation.<\/p>\n\t\t<\/div>\n\t\t\n\t\t<a class=\"elementor-post__read-more\" href=\"https:\/\/test.madridemprende.anovagroup.es\/fr\/viveros\/vivero-de-carabanchel\/\" aria-label=\"En savoir plus sur Vivero de Carabanchel\" tabindex=\"-1\" >\n\t\t\t&quot; Lire plus\t\t<\/a>\n\n\t\t\t\t<\/div>\n\t\t\t\t<\/article>\n\t\t\t\t<article class=\"elementor-post elementor-grid-item post-1168 viveros type-viveros status-publish has-post-thumbnail hentry category-vivero-de-moratalaz\" role=\"listitem\">\n\t\t\t\t<a class=\"elementor-post__thumbnail__link\" href=\"https:\/\/test.madridemprende.anovagroup.es\/fr\/viveros\/vivero-de-moratalaz\/\" tabindex=\"-1\" >\n\t\t\t<div class=\"elementor-post__thumbnail\"><img decoding=\"async\" width=\"768\" height=\"513\" src=\"https:\/\/test.madridemprende.anovagroup.es\/wp-content\/uploads\/2021\/10\/171_MarcaMadrid_MadridLive-Emprendimiento_27_-768x513.jpg\" class=\"attachment-medium_large size-medium_large wp-image-3671\" alt=\"Vivero Moralataz\" srcset=\"https:\/\/test.madridemprende.anovagroup.es\/wp-content\/uploads\/2021\/10\/171_MarcaMadrid_MadridLive-Emprendimiento_27_-768x513.jpg 768w, https:\/\/test.madridemprende.anovagroup.es\/wp-content\/uploads\/2021\/10\/171_MarcaMadrid_MadridLive-Emprendimiento_27_-300x200.jpg 300w, https:\/\/test.madridemprende.anovagroup.es\/wp-content\/uploads\/2021\/10\/171_MarcaMadrid_MadridLive-Emprendimiento_27_-1024x684.jpg 1024w, https:\/\/test.madridemprende.anovagroup.es\/wp-content\/uploads\/2021\/10\/171_MarcaMadrid_MadridLive-Emprendimiento_27_-1536x1025.jpg 1536w, https:\/\/test.madridemprende.anovagroup.es\/wp-content\/uploads\/2021\/10\/171_MarcaMadrid_MadridLive-Emprendimiento_27_-2048x1367.jpg 2048w\" sizes=\"(max-width: 768px) 100vw, 768px\" \/><\/div>\n\t\t<\/a>\n\t\t\t\t<div class=\"elementor-post__text\">\n\t\t\t\t<h3 class=\"elementor-post__title\">\n\t\t\t<a href=\"https:\/\/test.madridemprende.anovagroup.es\/fr\/viveros\/vivero-de-moratalaz\/\" >\n\t\t\t\tIncubateurs d'entreprises de Moratalaz\t\t\t<\/a>\n\t\t<\/h3>\n\t\t\t\t<div class=\"elementor-post__excerpt\">\n\t\t\t<p>La p\u00e9pini\u00e8re d&#039;entreprises de Moratalaz dispose de 13 bureaux pour les entrepreneurs. Il couvre une superficie de 825,90 m2 r\u00e9partis sur trois \u00e9tages.<\/p>\n\t\t<\/div>\n\t\t\n\t\t<a class=\"elementor-post__read-more\" href=\"https:\/\/test.madridemprende.anovagroup.es\/fr\/viveros\/vivero-de-moratalaz\/\" aria-label=\"En savoir plus sur Vivero de Moratalaz\" tabindex=\"-1\" >\n\t\t\t&quot; Lire plus\t\t<\/a>\n\n\t\t\t\t<\/div>\n\t\t\t\t<\/article>\n\t\t\t\t<article class=\"elementor-post elementor-grid-item post-1176 viveros type-viveros status-publish has-post-thumbnail hentry category-vivero-pte-vallecas\" role=\"listitem\">\n\t\t\t\t<a class=\"elementor-post__thumbnail__link\" href=\"https:\/\/test.madridemprende.anovagroup.es\/fr\/viveros\/vivero-de-pte-vallecas\/\" tabindex=\"-1\" >\n\t\t\t<div class=\"elementor-post__thumbnail\"><img decoding=\"async\" width=\"768\" height=\"512\" src=\"https:\/\/test.madridemprende.anovagroup.es\/wp-content\/uploads\/2021\/10\/PuenteVallecas-2-768x512.jpg\" class=\"attachment-medium_large size-medium_large wp-image-3668\" alt=\"Vivero Pte. Vallecas\" srcset=\"https:\/\/test.madridemprende.anovagroup.es\/wp-content\/uploads\/2021\/10\/PuenteVallecas-2-768x512.jpg 768w, https:\/\/test.madridemprende.anovagroup.es\/wp-content\/uploads\/2021\/10\/PuenteVallecas-2-300x200.jpg 300w, https:\/\/test.madridemprende.anovagroup.es\/wp-content\/uploads\/2021\/10\/PuenteVallecas-2-1024x683.jpg 1024w, https:\/\/test.madridemprende.anovagroup.es\/wp-content\/uploads\/2021\/10\/PuenteVallecas-2-1536x1024.jpg 1536w, https:\/\/test.madridemprende.anovagroup.es\/wp-content\/uploads\/2021\/10\/PuenteVallecas-2-2048x1365.jpg 2048w\" sizes=\"(max-width: 768px) 100vw, 768px\" \/><\/div>\n\t\t<\/a>\n\t\t\t\t<div class=\"elementor-post__text\">\n\t\t\t\t<h3 class=\"elementor-post__title\">\n\t\t\t<a href=\"https:\/\/test.madridemprende.anovagroup.es\/fr\/viveros\/vivero-de-pte-vallecas\/\" >\n\t\t\t\tP\u00e9pini\u00e8re Puente de Vallecas\t\t\t<\/a>\n\t\t<\/h3>\n\t\t\t\t<div class=\"elementor-post__excerpt\">\n\t\t\t<p>La p\u00e9pini\u00e8re d&#039;entreprises de Puente de Vallecas dispose de 4 000 m2. Il y a 2 \u00e9tages avec 23 bureaux entre 24,92 m2 et 58,06 m2 et les parties communes. <\/p>\n\t\t<\/div>\n\t\t\n\t\t<a class=\"elementor-post__read-more\" href=\"https:\/\/test.madridemprende.anovagroup.es\/fr\/viveros\/vivero-de-pte-vallecas\/\" aria-label=\"En savoir plus sur Vivero de Puente de Vallecas\" tabindex=\"-1\" >\n\t\t\t&quot; Lire plus\t\t<\/a>\n\n\t\t\t\t<\/div>\n\t\t\t\t<\/article>\n\t\t\t\t<article class=\"elementor-post elementor-grid-item post-1177 viveros type-viveros status-publish has-post-thumbnail hentry category-vivero-san-blas\" role=\"listitem\">\n\t\t\t\t<a class=\"elementor-post__thumbnail__link\" href=\"https:\/\/test.madridemprende.anovagroup.es\/fr\/viveros\/vivero-de-san-blas\/\" tabindex=\"-1\" >\n\t\t\t<div class=\"elementor-post__thumbnail\"><img loading=\"lazy\" decoding=\"async\" width=\"768\" height=\"517\" src=\"https:\/\/test.madridemprende.anovagroup.es\/wp-content\/uploads\/2021\/10\/san-Blas2-768x517.png\" class=\"attachment-medium_large size-medium_large wp-image-3669\" alt=\"Vivero de San Blas\" srcset=\"https:\/\/test.madridemprende.anovagroup.es\/wp-content\/uploads\/2021\/10\/san-Blas2-768x517.png 768w, https:\/\/test.madridemprende.anovagroup.es\/wp-content\/uploads\/2021\/10\/san-Blas2-300x202.png 300w, https:\/\/test.madridemprende.anovagroup.es\/wp-content\/uploads\/2021\/10\/san-Blas2-1024x689.png 1024w, https:\/\/test.madridemprende.anovagroup.es\/wp-content\/uploads\/2021\/10\/san-Blas2.png 1100w\" sizes=\"(max-width: 768px) 100vw, 768px\" \/><\/div>\n\t\t<\/a>\n\t\t\t\t<div class=\"elementor-post__text\">\n\t\t\t\t<h3 class=\"elementor-post__title\">\n\t\t\t<a href=\"https:\/\/test.madridemprende.anovagroup.es\/fr\/viveros\/vivero-de-san-blas\/\" >\n\t\t\t\tIncubateurs d'entreprises San Blas\t\t\t<\/a>\n\t\t<\/h3>\n\t\t\t\t<div class=\"elementor-post__excerpt\">\n\t\t\t<p>La p\u00e9pini\u00e8re d&#039;entreprises San Blas est situ\u00e9e aux \u00e9tages 4 et 5 d&#039;un immeuble embl\u00e9matique du quartier, c&#039;est un espace de 716,80 m2 avec 12 bureaux de diff\u00e9rentes tailles entre 15 et 30 m2 et des espaces communs.<\/p>\n\t\t<\/div>\n\t\t\n\t\t<a class=\"elementor-post__read-more\" href=\"https:\/\/test.madridemprende.anovagroup.es\/fr\/viveros\/vivero-de-san-blas\/\" aria-label=\"En savoir plus sur Vivero de San Blas\" tabindex=\"-1\" >\n\t\t\t&quot; Lire plus\t\t<\/a>\n\n\t\t\t\t<\/div>\n\t\t\t\t<\/article>\n\t\t\t\t<article class=\"elementor-post elementor-grid-item post-1178 viveros type-viveros status-publish has-post-thumbnail hentry category-vivero-vicalvaro\" role=\"listitem\">\n\t\t\t\t<a class=\"elementor-post__thumbnail__link\" href=\"https:\/\/test.madridemprende.anovagroup.es\/fr\/viveros\/vivero-de-vicalvaro\/\" tabindex=\"-1\" >\n\t\t\t<div class=\"elementor-post__thumbnail\"><img loading=\"lazy\" decoding=\"async\" width=\"768\" height=\"576\" src=\"https:\/\/test.madridemprende.anovagroup.es\/wp-content\/uploads\/2021\/10\/Viclavaro-2-768x576.jpg\" class=\"attachment-medium_large size-medium_large wp-image-3670\" alt=\"Vivero Vic\u00e1lvaro\" srcset=\"https:\/\/test.madridemprende.anovagroup.es\/wp-content\/uploads\/2021\/10\/Viclavaro-2-768x576.jpg 768w, https:\/\/test.madridemprende.anovagroup.es\/wp-content\/uploads\/2021\/10\/Viclavaro-2-300x225.jpg 300w, https:\/\/test.madridemprende.anovagroup.es\/wp-content\/uploads\/2021\/10\/Viclavaro-2-1024x768.jpg 1024w, https:\/\/test.madridemprende.anovagroup.es\/wp-content\/uploads\/2021\/10\/Viclavaro-2-1536x1152.jpg 1536w, https:\/\/test.madridemprende.anovagroup.es\/wp-content\/uploads\/2021\/10\/Viclavaro-2.jpg 2048w\" sizes=\"(max-width: 768px) 100vw, 768px\" \/><\/div>\n\t\t<\/a>\n\t\t\t\t<div class=\"elementor-post__text\">\n\t\t\t\t<h3 class=\"elementor-post__title\">\n\t\t\t<a href=\"https:\/\/test.madridemprende.anovagroup.es\/fr\/viveros\/vivero-de-vicalvaro\/\" >\n\t\t\t\tIncubateurs d'entreprises Vic\u00e1lvaro\t\t\t<\/a>\n\t\t<\/h3>\n\t\t\t\t<div class=\"elementor-post__excerpt\">\n\t\t\t<p>Cette p\u00e9pini\u00e8re d&#039;entreprises a une superficie de 2 904,48 m2, se compose de 4 \u00e9tages dans lesquels sont r\u00e9partis les 28 bureaux de 17,30 m2 \u00e0 41,64 m2 et les espaces communs.<\/p>\n\t\t<\/div>\n\t\t\n\t\t<a class=\"elementor-post__read-more\" href=\"https:\/\/test.madridemprende.anovagroup.es\/fr\/viveros\/vivero-de-vicalvaro\/\" aria-label=\"En savoir plus sur Vivero de Vic\u00e1lvaro\" tabindex=\"-1\" >\n\t\t\t&quot; Lire plus\t\t<\/a>\n\n\t\t\t\t<\/div>\n\t\t\t\t<\/article>\n\t\t\t\t<article class=\"elementor-post elementor-grid-item post-1179 viveros type-viveros status-publish has-post-thumbnail hentry category-vivero-villaverde\" role=\"listitem\">\n\t\t\t\t<a class=\"elementor-post__thumbnail__link\" href=\"https:\/\/test.madridemprende.anovagroup.es\/fr\/viveros\/vivero-de-villaverde\/\" tabindex=\"-1\" >\n\t\t\t<div class=\"elementor-post__thumbnail\"><img loading=\"lazy\" decoding=\"async\" width=\"768\" height=\"512\" src=\"https:\/\/test.madridemprende.anovagroup.es\/wp-content\/uploads\/2021\/10\/Vivero-Villaverde-768x512.png\" class=\"attachment-medium_large size-medium_large wp-image-1175\" alt=\"\" srcset=\"https:\/\/test.madridemprende.anovagroup.es\/wp-content\/uploads\/2021\/10\/Vivero-Villaverde-768x512.png 768w, https:\/\/test.madridemprende.anovagroup.es\/wp-content\/uploads\/2021\/10\/Vivero-Villaverde-300x200.png 300w, https:\/\/test.madridemprende.anovagroup.es\/wp-content\/uploads\/2021\/10\/Vivero-Villaverde-1024x683.png 1024w, https:\/\/test.madridemprende.anovagroup.es\/wp-content\/uploads\/2021\/10\/Vivero-Villaverde.png 1032w\" sizes=\"(max-width: 768px) 100vw, 768px\" \/><\/div>\n\t\t<\/a>\n\t\t\t\t<div class=\"elementor-post__text\">\n\t\t\t\t<h3 class=\"elementor-post__title\">\n\t\t\t<a href=\"https:\/\/test.madridemprende.anovagroup.es\/fr\/viveros\/vivero-de-villaverde\/\" >\n\t\t\t\tIncubateurs d'entreprises Villaverde\t\t\t<\/a>\n\t\t<\/h3>\n\t\t\t\t<div class=\"elementor-post__excerpt\">\n\t\t\t<p>L&#039;incubateur d&#039;entreprises de Villaverde a une superficie de 624 m2 r\u00e9partis en 12 bureaux pour entrepreneurs d&#039;une surface moyenne de 21 m2, un espace de coworking gratuit qui dispose d&#039;espaces de pr\u00e9-incubation et d&#039;espaces partag\u00e9s, d&#039;un bureau de direction, d&#039;une salle d&#039;administration, salle de r\u00e9union, salle de formation et salle de repos.<\/p>\n\t\t<\/div>\n\t\t\n\t\t<a class=\"elementor-post__read-more\" href=\"https:\/\/test.madridemprende.anovagroup.es\/fr\/viveros\/vivero-de-villaverde\/\" aria-label=\"En savoir plus sur Vivero de Villaverde\" tabindex=\"-1\" >\n\t\t\t&quot; Lire plus\t\t<\/a>\n\n\t\t\t\t<\/div>\n\t\t\t\t<\/article>\n\t\t\t\t<article class=\"elementor-post elementor-grid-item post-1180 viveros type-viveros status-publish has-post-thumbnail hentry category-madrid-food-innovation-hub\" role=\"listitem\">\n\t\t\t\t<a class=\"elementor-post__thumbnail__link\" href=\"https:\/\/test.madridemprende.anovagroup.es\/fr\/viveros\/madrid-food-innovation-hub\/\" tabindex=\"-1\" >\n\t\t\t<div class=\"elementor-post__thumbnail\"><img loading=\"lazy\" decoding=\"async\" width=\"768\" height=\"570\" src=\"https:\/\/test.madridemprende.anovagroup.es\/wp-content\/uploads\/2021\/10\/MFIH.jpg\" class=\"attachment-medium_large size-medium_large wp-image-16016\" alt=\"Madrid Food Innovation Hub\" srcset=\"https:\/\/test.madridemprende.anovagroup.es\/wp-content\/uploads\/2021\/10\/MFIH.jpg 768w, https:\/\/test.madridemprende.anovagroup.es\/wp-content\/uploads\/2021\/10\/MFIH-300x223.jpg 300w, https:\/\/test.madridemprende.anovagroup.es\/wp-content\/uploads\/2021\/10\/MFIH-16x12.jpg 16w\" sizes=\"(max-width: 768px) 100vw, 768px\" \/><\/div>\n\t\t<\/a>\n\t\t\t\t<div class=\"elementor-post__text\">\n\t\t\t\t<h3 class=\"elementor-post__title\">\n\t\t\t<a href=\"https:\/\/test.madridemprende.anovagroup.es\/fr\/viveros\/madrid-food-innovation-hub\/\" >\n\t\t\t\tCentre d&#039;innovation alimentaire de Madrid\t\t\t<\/a>\n\t\t<\/h3>\n\t\t\t\t<div class=\"elementor-post__excerpt\">\n\t\t\t<p>Madrid Food Innovation Hub est le centre n\u00e9vralgique de tous les entrepreneurs FoodTech de la r\u00e9gion. Les startups qui participent aux programmes d&#039;incubation et d&#039;acc\u00e9l\u00e9ration du centre auront acc\u00e8s aux meilleurs mentors pour dynamiser leurs entreprises, en plus de pouvoir utiliser gratuitement les installations, qui comprennent 300 m2 d&#039;espace de coworking et une cuisine-laboratoire enti\u00e8rement \u00e9quip\u00e9e avec plus plus de 300 m2.<\/p>\n\t\t<\/div>\n\t\t\n\t\t<a class=\"elementor-post__read-more\" href=\"https:\/\/test.madridemprende.anovagroup.es\/fr\/viveros\/madrid-food-innovation-hub\/\" aria-label=\"En savoir plus sur Madrid Food Innovation Hub\" tabindex=\"-1\" >\n\t\t\t&quot; Lire plus\t\t<\/a>\n\n\t\t\t\t<\/div>\n\t\t\t\t<\/article>\n\t\t\t\t<\/div>\n\t\t\n\t\t\t\t\t\t<\/div>\n\t\t\t\t<\/div>\n\t\t\t\t\t<\/div>\n\t\t<\/div>\n\t\t\t\t\t<\/div>\n\t\t<\/section>\n\t\t\t\t<\/div>","protected":false},"excerpt":{"rendered":"<p>D\u00e9couvrez les incubateurs d'entreprises<\/p>","protected":false},"author":24,"featured_media":0,"parent":0,"menu_order":0,"comment_status":"closed","ping_status":"closed","template":"","meta":{"_acf_changed":false,"footnotes":""},"paginas_cat":[],"class_list":["post-2729","page","type-page","status-publish","hentry"],"acf":[],"_links":{"self":[{"href":"https:\/\/test.madridemprende.anovagroup.es\/fr\/wp-json\/wp\/v2\/pages\/2729","targetHints":{"allow":["GET"]}}],"collection":[{"href":"https:\/\/test.madridemprende.anovagroup.es\/fr\/wp-json\/wp\/v2\/pages"}],"about":[{"href":"https:\/\/test.madridemprende.anovagroup.es\/fr\/wp-json\/wp\/v2\/types\/page"}],"author":[{"embeddable":true,"href":"https:\/\/test.madridemprende.anovagroup.es\/fr\/wp-json\/wp\/v2\/users\/24"}],"replies":[{"embeddable":true,"href":"https:\/\/test.madridemprende.anovagroup.es\/fr\/wp-json\/wp\/v2\/comments?post=2729"}],"version-history":[{"count":3,"href":"https:\/\/test.madridemprende.anovagroup.es\/fr\/wp-json\/wp\/v2\/pages\/2729\/revisions"}],"predecessor-version":[{"id":16451,"href":"https:\/\/test.madridemprende.anovagroup.es\/fr\/wp-json\/wp\/v2\/pages\/2729\/revisions\/16451"}],"wp:attachment":[{"href":"https:\/\/test.madridemprende.anovagroup.es\/fr\/wp-json\/wp\/v2\/media?parent=2729"}],"wp:term":[{"taxonomy":"paginas_cat","embeddable":true,"href":"https:\/\/test.madridemprende.anovagroup.es\/fr\/wp-json\/wp\/v2\/paginas_cat?post=2729"}],"curies":[{"name":"wp","href":"https:\/\/api.w.org\/{rel}","templated":true}]}}