{"id":2731,"date":"2021-11-15T12:25:57","date_gmt":"2021-11-15T11:25:57","guid":{"rendered":"https:\/\/origen.madridemprende.anovagroup.es\/?page_id=2731"},"modified":"2023-04-17T13:50:24","modified_gmt":"2023-04-17T11:50:24","slug":"conoce-los-espacios-de-coworking","status":"publish","type":"page","link":"https:\/\/test.madridemprende.anovagroup.es\/fr\/conoce-los-espacios-de-coworking\/","title":{"rendered":"D\u00e9couvrez les espaces de coworking"},"content":{"rendered":"<div data-elementor-type=\"wp-page\" data-elementor-id=\"2731\" class=\"elementor elementor-2731\" data-elementor-post-type=\"page\">\n\t\t\t\t\t\t<section class=\"elementor-section elementor-top-section elementor-element elementor-element-7f8301f elementor-section-boxed elementor-section-height-default elementor-section-height-default\" data-id=\"7f8301f\" data-element_type=\"section\" data-e-type=\"section\">\n\t\t\t\t\t\t<div class=\"elementor-container elementor-column-gap-default\">\n\t\t\t\t\t<div class=\"elementor-column elementor-col-100 elementor-top-column elementor-element elementor-element-6a83b5f\" data-id=\"6a83b5f\" data-element_type=\"column\" data-e-type=\"column\">\n\t\t\t<div class=\"elementor-widget-wrap elementor-element-populated\">\n\t\t\t\t\t\t<div class=\"elementor-element elementor-element-8d15ea1 elementor-widget elementor-widget-heading\" data-id=\"8d15ea1\" data-element_type=\"widget\" data-e-type=\"widget\" data-widget_type=\"heading.default\">\n\t\t\t\t<div class=\"elementor-widget-container\">\n\t\t\t\t\t<h1 class=\"elementor-heading-title elementor-size-default\">D\u00e9couvrez les espaces de coworking<\/h1>\t\t\t\t<\/div>\n\t\t\t\t<\/div>\n\t\t\t\t<div class=\"elementor-element elementor-element-52c9d46 elementor-widget-divider--view-line elementor-widget elementor-widget-divider\" data-id=\"52c9d46\" data-element_type=\"widget\" data-e-type=\"widget\" data-widget_type=\"divider.default\">\n\t\t\t\t<div class=\"elementor-widget-container\">\n\t\t\t\t\t\t\t<div class=\"elementor-divider\">\n\t\t\t<span class=\"elementor-divider-separator\">\n\t\t\t\t\t\t<\/span>\n\t\t<\/div>\n\t\t\t\t\t\t<\/div>\n\t\t\t\t<\/div>\n\t\t\t\t<div class=\"elementor-element elementor-element-edaa37f elementor-grid-2 elementor-posts--align-left elementor-grid-tablet-2 elementor-grid-mobile-1 elementor-posts--thumbnail-top elementor-widget elementor-widget-posts\" data-id=\"edaa37f\" data-element_type=\"widget\" data-e-type=\"widget\" data-settings=\"{&quot;classic_columns&quot;:&quot;2&quot;,&quot;classic_columns_tablet&quot;:&quot;2&quot;,&quot;classic_columns_mobile&quot;:&quot;1&quot;,&quot;classic_row_gap&quot;:{&quot;unit&quot;:&quot;px&quot;,&quot;size&quot;:35,&quot;sizes&quot;:[]},&quot;classic_row_gap_tablet&quot;:{&quot;unit&quot;:&quot;px&quot;,&quot;size&quot;:&quot;&quot;,&quot;sizes&quot;:[]},&quot;classic_row_gap_mobile&quot;:{&quot;unit&quot;:&quot;px&quot;,&quot;size&quot;:&quot;&quot;,&quot;sizes&quot;:[]}}\" data-widget_type=\"posts.classic\">\n\t\t\t\t<div class=\"elementor-widget-container\">\n\t\t\t\t\t\t\t<div class=\"elementor-posts-container elementor-posts elementor-posts--skin-classic elementor-grid\" role=\"list\">\n\t\t\t\t<article class=\"elementor-post elementor-grid-item post-1242 espacios-coworking type-espacios-coworking status-publish has-post-thumbnail hentry category-espacios-de-coworking\" role=\"listitem\">\n\t\t\t\t<a class=\"elementor-post__thumbnail__link\" href=\"https:\/\/test.madridemprende.anovagroup.es\/fr\/espacios-coworking\/coworking-de-pte-vallecas\/\" tabindex=\"-1\" >\n\t\t\t<div class=\"elementor-post__thumbnail\"><img decoding=\"async\" width=\"300\" height=\"141\" src=\"https:\/\/test.madridemprende.anovagroup.es\/wp-content\/uploads\/2021\/10\/coworking-vallecas-300x141.png\" class=\"attachment-medium size-medium wp-image-1243\" alt=\"Imagen del centro de coworking de Vallecas\" srcset=\"https:\/\/test.madridemprende.anovagroup.es\/wp-content\/uploads\/2021\/10\/coworking-vallecas-300x141.png 300w, https:\/\/test.madridemprende.anovagroup.es\/wp-content\/uploads\/2021\/10\/coworking-vallecas-1024x480.png 1024w, https:\/\/test.madridemprende.anovagroup.es\/wp-content\/uploads\/2021\/10\/coworking-vallecas-768x360.png 768w, https:\/\/test.madridemprende.anovagroup.es\/wp-content\/uploads\/2021\/10\/coworking-vallecas.png 1196w\" sizes=\"(max-width: 300px) 100vw, 300px\" \/><\/div>\n\t\t<\/a>\n\t\t\t\t<div class=\"elementor-post__text\">\n\t\t\t\t<h3 class=\"elementor-post__title\">\n\t\t\t<a href=\"https:\/\/test.madridemprende.anovagroup.es\/fr\/espacios-coworking\/coworking-de-pte-vallecas\/\" >\n\t\t\t\tPont de Vallecas Coworking\t\t\t<\/a>\n\t\t<\/h3>\n\t\t\t\t<div class=\"elementor-post__excerpt\">\n\t\t\t<p>Espace dans le r\u00e9seau de p\u00e9pini\u00e8res d&#039;entreprises dont l&#039;utilisation est accord\u00e9e temporairement et gratuitement. Ils ont pour fonction d&#039;accompagner les personnes<\/p>\n\t\t<\/div>\n\t\t\n\t\t<a class=\"elementor-post__read-more\" href=\"https:\/\/test.madridemprende.anovagroup.es\/fr\/espacios-coworking\/coworking-de-pte-vallecas\/\" aria-label=\"En savoir plus sur Coworking de Puente de Vallecas\" tabindex=\"-1\" >\n\t\t\tLire plus &quot;\t\t<\/a>\n\n\t\t\t\t<\/div>\n\t\t\t\t<\/article>\n\t\t\t\t<article class=\"elementor-post elementor-grid-item post-1251 espacios-coworking type-espacios-coworking status-publish has-post-thumbnail hentry category-espacios-de-coworking\" role=\"listitem\">\n\t\t\t\t<a class=\"elementor-post__thumbnail__link\" href=\"https:\/\/test.madridemprende.anovagroup.es\/fr\/espacios-coworking\/coworking-de-carabanchel\/\" tabindex=\"-1\" >\n\t\t\t<div class=\"elementor-post__thumbnail\"><img decoding=\"async\" width=\"300\" height=\"141\" src=\"https:\/\/test.madridemprende.anovagroup.es\/wp-content\/uploads\/2021\/10\/coworking-carabanchel-300x141.png\" class=\"attachment-medium size-medium wp-image-1252\" alt=\"Imagen del centro de coworking de Carabanchel\" srcset=\"https:\/\/test.madridemprende.anovagroup.es\/wp-content\/uploads\/2021\/10\/coworking-carabanchel-300x141.png 300w, https:\/\/test.madridemprende.anovagroup.es\/wp-content\/uploads\/2021\/10\/coworking-carabanchel.png 419w\" sizes=\"(max-width: 300px) 100vw, 300px\" \/><\/div>\n\t\t<\/a>\n\t\t\t\t<div class=\"elementor-post__text\">\n\t\t\t\t<h3 class=\"elementor-post__title\">\n\t\t\t<a href=\"https:\/\/test.madridemprende.anovagroup.es\/fr\/espacios-coworking\/coworking-de-carabanchel\/\" >\n\t\t\t\tCoworking \u00e0 Carabanchel\t\t\t<\/a>\n\t\t<\/h3>\n\t\t\t\t<div class=\"elementor-post__excerpt\">\n\t\t\t<p>Espace dans le r\u00e9seau de p\u00e9pini\u00e8res d&#039;entreprises dont l&#039;utilisation est accord\u00e9e temporairement et gratuitement. Ils ont pour fonction d&#039;accompagner les personnes<\/p>\n\t\t<\/div>\n\t\t\n\t\t<a class=\"elementor-post__read-more\" href=\"https:\/\/test.madridemprende.anovagroup.es\/fr\/espacios-coworking\/coworking-de-carabanchel\/\" aria-label=\"En savoir plus sur Coworking de Carabanchel\" tabindex=\"-1\" >\n\t\t\tLire plus &quot;\t\t<\/a>\n\n\t\t\t\t<\/div>\n\t\t\t\t<\/article>\n\t\t\t\t<article class=\"elementor-post elementor-grid-item post-1254 espacios-coworking type-espacios-coworking status-publish has-post-thumbnail hentry category-espacios-de-coworking\" role=\"listitem\">\n\t\t\t\t<a class=\"elementor-post__thumbnail__link\" href=\"https:\/\/test.madridemprende.anovagroup.es\/fr\/espacios-coworking\/coworking-de-vicalvaro\/\" tabindex=\"-1\" >\n\t\t\t<div class=\"elementor-post__thumbnail\"><img decoding=\"async\" width=\"300\" height=\"141\" src=\"https:\/\/test.madridemprende.anovagroup.es\/wp-content\/uploads\/2021\/10\/Coworking_Vicalvaro-300x141.png\" class=\"attachment-medium size-medium wp-image-1255\" alt=\"Imagen del centro de coworking de Vic\u00e1lvaro\" srcset=\"https:\/\/test.madridemprende.anovagroup.es\/wp-content\/uploads\/2021\/10\/Coworking_Vicalvaro-300x141.png 300w, https:\/\/test.madridemprende.anovagroup.es\/wp-content\/uploads\/2021\/10\/Coworking_Vicalvaro-1024x483.png 1024w, https:\/\/test.madridemprende.anovagroup.es\/wp-content\/uploads\/2021\/10\/Coworking_Vicalvaro-768x362.png 768w, https:\/\/test.madridemprende.anovagroup.es\/wp-content\/uploads\/2021\/10\/Coworking_Vicalvaro.png 1194w\" sizes=\"(max-width: 300px) 100vw, 300px\" \/><\/div>\n\t\t<\/a>\n\t\t\t\t<div class=\"elementor-post__text\">\n\t\t\t\t<h3 class=\"elementor-post__title\">\n\t\t\t<a href=\"https:\/\/test.madridemprende.anovagroup.es\/fr\/espacios-coworking\/coworking-de-vicalvaro\/\" >\n\t\t\t\tVicalvaro Coworking\t\t\t<\/a>\n\t\t<\/h3>\n\t\t\t\t<div class=\"elementor-post__excerpt\">\n\t\t\t<p>Espace dans le r\u00e9seau de p\u00e9pini\u00e8res d&#039;entreprises dont l&#039;utilisation est accord\u00e9e temporairement et gratuitement. Ils ont pour fonction d&#039;accompagner les personnes<\/p>\n\t\t<\/div>\n\t\t\n\t\t<a class=\"elementor-post__read-more\" href=\"https:\/\/test.madridemprende.anovagroup.es\/fr\/espacios-coworking\/coworking-de-vicalvaro\/\" aria-label=\"En savoir plus sur Coworking de Vic\u00e1lvaro\" tabindex=\"-1\" >\n\t\t\tLire plus &quot;\t\t<\/a>\n\n\t\t\t\t<\/div>\n\t\t\t\t<\/article>\n\t\t\t\t<article class=\"elementor-post elementor-grid-item post-1258 espacios-coworking type-espacios-coworking status-publish has-post-thumbnail hentry category-espacios-de-coworking\" role=\"listitem\">\n\t\t\t\t<a class=\"elementor-post__thumbnail__link\" href=\"https:\/\/test.madridemprende.anovagroup.es\/fr\/espacios-coworking\/coworking-de-villaverde\/\" tabindex=\"-1\" >\n\t\t\t<div class=\"elementor-post__thumbnail\"><img loading=\"lazy\" decoding=\"async\" width=\"300\" height=\"143\" src=\"https:\/\/test.madridemprende.anovagroup.es\/wp-content\/uploads\/2021\/10\/coworking-villaverde-300x143.png\" class=\"attachment-medium size-medium wp-image-1260\" alt=\"Imagen del centro de coworking de Villaverde\" srcset=\"https:\/\/test.madridemprende.anovagroup.es\/wp-content\/uploads\/2021\/10\/coworking-villaverde-300x143.png 300w, https:\/\/test.madridemprende.anovagroup.es\/wp-content\/uploads\/2021\/10\/coworking-villaverde-1024x488.png 1024w, https:\/\/test.madridemprende.anovagroup.es\/wp-content\/uploads\/2021\/10\/coworking-villaverde-768x366.png 768w, https:\/\/test.madridemprende.anovagroup.es\/wp-content\/uploads\/2021\/10\/coworking-villaverde.png 1190w\" sizes=\"(max-width: 300px) 100vw, 300px\" \/><\/div>\n\t\t<\/a>\n\t\t\t\t<div class=\"elementor-post__text\">\n\t\t\t\t<h3 class=\"elementor-post__title\">\n\t\t\t<a href=\"https:\/\/test.madridemprende.anovagroup.es\/fr\/espacios-coworking\/coworking-de-villaverde\/\" >\n\t\t\t\tVillaverde Coworking\t\t\t<\/a>\n\t\t<\/h3>\n\t\t\t\t<div class=\"elementor-post__excerpt\">\n\t\t\t<p>Espace dans le r\u00e9seau de p\u00e9pini\u00e8res d&#039;entreprises dont l&#039;utilisation est accord\u00e9e temporairement et gratuitement. Ils ont pour fonction d&#039;accompagner les personnes<\/p>\n\t\t<\/div>\n\t\t\n\t\t<a class=\"elementor-post__read-more\" href=\"https:\/\/test.madridemprende.anovagroup.es\/fr\/espacios-coworking\/coworking-de-villaverde\/\" aria-label=\"En savoir plus sur Coworking de Villaverde\" tabindex=\"-1\" >\n\t\t\tLire plus &quot;\t\t<\/a>\n\n\t\t\t\t<\/div>\n\t\t\t\t<\/article>\n\t\t\t\t<\/div>\n\t\t\n\t\t\t\t\t\t<\/div>\n\t\t\t\t<\/div>\n\t\t\t\t\t<\/div>\n\t\t<\/div>\n\t\t\t\t\t<\/div>\n\t\t<\/section>\n\t\t\t\t<\/div>","protected":false},"excerpt":{"rendered":"<p>D\u00e9couvrez les espaces de coworking<\/p>","protected":false},"author":24,"featured_media":0,"parent":0,"menu_order":0,"comment_status":"closed","ping_status":"closed","template":"","meta":{"_acf_changed":false,"footnotes":""},"paginas_cat":[],"class_list":["post-2731","page","type-page","status-publish","hentry"],"acf":[],"_links":{"self":[{"href":"https:\/\/test.madridemprende.anovagroup.es\/fr\/wp-json\/wp\/v2\/pages\/2731","targetHints":{"allow":["GET"]}}],"collection":[{"href":"https:\/\/test.madridemprende.anovagroup.es\/fr\/wp-json\/wp\/v2\/pages"}],"about":[{"href":"https:\/\/test.madridemprende.anovagroup.es\/fr\/wp-json\/wp\/v2\/types\/page"}],"author":[{"embeddable":true,"href":"https:\/\/test.madridemprende.anovagroup.es\/fr\/wp-json\/wp\/v2\/users\/24"}],"replies":[{"embeddable":true,"href":"https:\/\/test.madridemprende.anovagroup.es\/fr\/wp-json\/wp\/v2\/comments?post=2731"}],"version-history":[{"count":0,"href":"https:\/\/test.madridemprende.anovagroup.es\/fr\/wp-json\/wp\/v2\/pages\/2731\/revisions"}],"wp:attachment":[{"href":"https:\/\/test.madridemprende.anovagroup.es\/fr\/wp-json\/wp\/v2\/media?parent=2731"}],"wp:term":[{"taxonomy":"paginas_cat","embeddable":true,"href":"https:\/\/test.madridemprende.anovagroup.es\/fr\/wp-json\/wp\/v2\/paginas_cat?post=2731"}],"curies":[{"name":"wp","href":"https:\/\/api.w.org\/{rel}","templated":true}]}}