{"id":2809,"date":"2021-11-15T13:52:26","date_gmt":"2021-11-15T12:52:26","guid":{"rendered":"https:\/\/origen.madridemprende.anovagroup.es\/?page_id=2809"},"modified":"2023-11-13T16:41:25","modified_gmt":"2023-11-13T15:41:25","slug":"formacion-virtual-tutorizada","status":"publish","type":"page","link":"https:\/\/test.madridemprende.anovagroup.es\/fr\/formacion-virtual-tutorizada\/","title":{"rendered":"Formation virtuelle tutor\u00e9e"},"content":{"rendered":"<div data-elementor-type=\"wp-page\" data-elementor-id=\"2809\" class=\"elementor elementor-2809\" data-elementor-post-type=\"page\">\n\t\t\t\t\t\t<section class=\"elementor-section elementor-top-section elementor-element elementor-element-2e530ad elementor-section-boxed elementor-section-height-default elementor-section-height-default\" data-id=\"2e530ad\" data-element_type=\"section\" data-e-type=\"section\">\n\t\t\t\t\t\t<div class=\"elementor-container elementor-column-gap-default\">\n\t\t\t\t\t<div class=\"elementor-column elementor-col-100 elementor-top-column elementor-element elementor-element-d64a92f\" data-id=\"d64a92f\" data-element_type=\"column\" data-e-type=\"column\">\n\t\t\t<div class=\"elementor-widget-wrap elementor-element-populated\">\n\t\t\t\t\t\t<div class=\"elementor-element elementor-element-8291c0f elementor-widget elementor-widget-image\" data-id=\"8291c0f\" data-element_type=\"widget\" data-e-type=\"widget\" data-widget_type=\"image.default\">\n\t\t\t\t<div class=\"elementor-widget-container\">\n\t\t\t\t\t\t\t\t\t\t\t\t\t\t\t<img fetchpriority=\"high\" decoding=\"async\" width=\"800\" height=\"200\" src=\"https:\/\/test.madridemprende.anovagroup.es\/wp-content\/uploads\/2023\/11\/FVT-web-1024x256.png\" class=\"attachment-large size-large wp-image-15740\" alt=\"\" srcset=\"https:\/\/test.madridemprende.anovagroup.es\/wp-content\/uploads\/2023\/11\/FVT-web-1024x256.png 1024w, https:\/\/test.madridemprende.anovagroup.es\/wp-content\/uploads\/2023\/11\/FVT-web-300x75.png 300w, https:\/\/test.madridemprende.anovagroup.es\/wp-content\/uploads\/2023\/11\/FVT-web-768x192.png 768w, https:\/\/test.madridemprende.anovagroup.es\/wp-content\/uploads\/2023\/11\/FVT-web-18x5.png 18w, https:\/\/test.madridemprende.anovagroup.es\/wp-content\/uploads\/2023\/11\/FVT-web.png 1200w\" sizes=\"(max-width: 800px) 100vw, 800px\" \/>\t\t\t\t\t\t\t\t\t\t\t\t\t\t\t<\/div>\n\t\t\t\t<\/div>\n\t\t\t\t<div class=\"elementor-element elementor-element-fe7e435 elementor-widget elementor-widget-text-editor\" data-id=\"fe7e435\" data-element_type=\"widget\" data-e-type=\"widget\" data-widget_type=\"text-editor.default\">\n\t\t\t\t<div class=\"elementor-widget-container\">\n\t\t\t\t\t\t\t\t\t<p>Le <strong>programme<\/strong> <strong>gratuit<\/strong> de \ud83c\udf93 <strong>formation tutor\u00e9e virtuelle<\/strong> Il vous permettra d&#039;acqu\u00e9rir des comp\u00e9tences et des aptitudes pour lancer votre id\u00e9e d&#039;entreprise, d\u00e9finir des strat\u00e9gies commerciales et assurer la gestion d&#039;entreprise, entre autres.<\/p><p>Ce sont des sujets pertinents, que vous souhaitiez entreprendre un projet d&#039;entreprise ou am\u00e9liorer une entreprise existante. L\u2019objectif est votre excellente formation d\u2019entrepreneur.<\/p><p>Si vous souhaitez participer \u00e0 une formation virtuelle tutor\u00e9e, il vous suffit de : avoir une mentalit\u00e9 entrepreneuriale, un int\u00e9r\u00eat pour la formation et que vous ayez une id\u00e9e d&#039;entreprise en phase initiale \ud83d\udcad ou une entreprise que vous avez r\u00e9cemment cr\u00e9\u00e9e<em>.<\/em><\/p><h5 style=\"text-align: center\"><strong>L<\/strong><span style=\"font-weight: bold\">Les activit\u00e9s d\u00e9buteront le \ud83d\udcc5 12 septembre<\/span><em><br \/><\/em><\/h5>\t\t\t\t\t\t\t\t<\/div>\n\t\t\t\t<\/div>\n\t\t\t\t<div class=\"elementor-element elementor-element-46a3107 elementor-widget elementor-widget-eael-adv-accordion\" data-id=\"46a3107\" data-element_type=\"widget\" data-e-type=\"widget\" data-widget_type=\"eael-adv-accordion.default\">\n\t\t\t\t<div class=\"elementor-widget-container\">\n\t\t\t\t\t            <div class=\"eael-adv-accordion\" id=\"eael-adv-accordion-46a3107\" data-scroll-on-click=\"no\" data-scroll-speed=\"300\" data-accordion-id=\"46a3107\" data-accordion-type=\"accordion\" data-toogle-speed=\"300\">\n            <div class=\"eael-accordion-list\">\n\t\t\t\t\t<div id=\"cmo-se-organizan-las-actividades\" class=\"elementor-tab-title eael-accordion-header\" tabindex=\"0\" data-tab=\"1\" aria-controls=\"elementor-tab-content-7401\"><span class=\"eael-advanced-accordion-icon-closed\"><i aria-hidden=\"true\" class=\"fa-accordion-icon fas fa-plus\"><\/i><\/span><span class=\"eael-advanced-accordion-icon-opened\"><\/span><span class=\"eael-accordion-tab-title\">Comment sont organis\u00e9es les activit\u00e9s ?<\/span><i aria-hidden=\"true\" class=\"fa-toggle fas fa-angle-right\"><\/i><\/div><div id=\"elementor-tab-content-7401\" class=\"eael-accordion-content clearfix\" data-tab=\"1\" aria-labelledby=\"cmo-se-organizan-las-actividades\"><p>Des formations virtuelles tutor\u00e9es sont propos\u00e9es deux fois par an, en mars et septembre. Chaque \u00e9dition comprend\u00a0<strong>six activit\u00e9s<\/strong>C&#039;est diff\u00e9rent.<\/p><p>Vous pouvez vous inscrire \u00e0 une ou plusieurs activit\u00e9s puisqu&#039;elles sont ind\u00e9pendantes les unes des autres, en gardant toujours \u00e0 l&#039;esprit qu&#039;il est n\u00e9cessaire de compl\u00e9ter tout le contenu virtuel \ud83d\udd04 qui compose chaque activit\u00e9.<\/p><\/div>\n\t\t\t\t\t<\/div><div class=\"eael-accordion-list\">\n\t\t\t\t\t<div id=\"dnde-se-realizan\" class=\"elementor-tab-title eael-accordion-header\" tabindex=\"0\" data-tab=\"2\" aria-controls=\"elementor-tab-content-7402\"><span class=\"eael-advanced-accordion-icon-closed\"><i aria-hidden=\"true\" class=\"fa-accordion-icon fas fa-plus\"><\/i><\/span><span class=\"eael-advanced-accordion-icon-opened\"><\/span><span class=\"eael-accordion-tab-title\">O\u00f9 sont-ils fabriqu\u00e9s ?<\/span><i aria-hidden=\"true\" class=\"fa-toggle fas fa-angle-right\"><\/i><\/div><div id=\"elementor-tab-content-7402\" class=\"eael-accordion-content clearfix\" data-tab=\"2\" aria-labelledby=\"dnde-se-realizan\"><p style=\"margin: 0cm;background: white\"><span style=\"font-family: 'Lato',sans-serif;color: #5d5d5d\">Les activit\u00e9s de formation seront enseign\u00e9es et d\u00e9velopp\u00e9es dans notre\u00a0<strong><span style=\"font-family: 'Lato',sans-serif\">plate-forme virtuelle <\/span><\/strong><a href=\"https:\/\/aula.madridemprende.es\/\" target=\"_blank\" rel=\"noopener\"><strong><span style=\"font-family: 'Lato',sans-serif;color: #cc3366;text-decoration: none\">Entreprises de classe<\/span><\/strong><\/a>. <\/span><\/p><p style=\"margin: 0cm;background: white\"><span style=\"font-family: 'Lato',sans-serif;color: #5d5d5d\">sera accessible\u00a0<strong><span style=\"font-family: 'Lato',sans-serif\">24 heures sur 24, 7 jours sur 7<\/span><\/strong>\u00a0et ont une dur\u00e9e de\u00a0<strong><span style=\"font-family: 'Lato',sans-serif\">4 semaines<\/span><\/strong>, ce qui \u00e9quivaut \u00e0 25 heures d&#039;enseignement.<\/span><\/p><p style=\"margin: 0cm;background: white\"><span style=\"font-family: 'Lato',sans-serif;color: #5d5d5d\">Durant ces semaines, un\u00a0<strong><span style=\"font-family: 'Lato',sans-serif\">tuteur<\/span><\/strong>\u00a0<strong><span style=\"font-family: 'Lato',sans-serif\">expert<\/span><\/strong>\u00a0r\u00e9soudra vos doutes et corrigera des cas pratiques.<\/span><\/p><p style=\"margin: 0cm;background: white\"><span style=\"font-family: 'Lato',sans-serif;color: #5d5d5d\">A la fin vous pourrez t\u00e9l\u00e9charger un document prouvant la bonne ex\u00e9cution, selon les conditions sp\u00e9cifiques de chaque activit\u00e9 de formation.<\/span><\/p><\/div>\n\t\t\t\t\t<\/div><div class=\"eael-accordion-list\">\n\t\t\t\t\t<div id=\"cmo-me-apunto\" class=\"elementor-tab-title eael-accordion-header\" tabindex=\"0\" data-tab=\"3\" aria-controls=\"elementor-tab-content-7403\"><span class=\"eael-advanced-accordion-icon-closed\"><i aria-hidden=\"true\" class=\"fa-accordion-icon fas fa-plus\"><\/i><\/span><span class=\"eael-advanced-accordion-icon-opened\"><\/span><span class=\"eael-accordion-tab-title\">Comment m&#039;inscrire ?<\/span><i aria-hidden=\"true\" class=\"fa-toggle fas fa-angle-right\"><\/i><\/div><div id=\"elementor-tab-content-7403\" class=\"eael-accordion-content clearfix\" data-tab=\"3\" aria-labelledby=\"cmo-me-apunto\"><p>Chacune des activit\u00e9s est publi\u00e9e dans notre\u00a0<a href=\"https:\/\/portal.madridemprende.es\/agenda\" target=\"_blank\" rel=\"noopener\">l &#039;agenda<\/a> d&#039;\u00e9v\u00e9nements pour que vous puissiez vous inscrire \u270d et est \u00e9galement inclus dans la newsletter hebdomadaire des activit\u00e9s Madrid Emprende. (<a href=\"https:\/\/eur06.safelinks.protection.outlook.com\/?url=https%3A%2F%2Fpre.madridemprende.anovagroup.es%2Fsuscripcion-boletin%2F&amp;data=05%7C01%7Cgrajalmm%40madrid.es%7Cf21fa2f1e02641de119108daaabb9c6e%7Cb4532aa618954964b9c022b14444271b%7C0%7C0%7C638010020000402089%7CUnknown%7CTWFpbGZsb3d8eyJWIjoiMC4wLjAwMDAiLCJQIjoiV2luMzIiLCJBTiI6Ik1haWwiLCJXVCI6Mn0%3D%7C3000%7C%7C%7C&amp;sdata=9wNDalx%2Bkn0sPkzkYucaPrDmvJ7jiQ198m17xdDLJdw%3D&amp;reserved=0\" target=\"_blank\" rel=\"noopener\">Abonnez-vous \u00e0 notre newsletter<\/a>).<\/p><p>N&#039;oubliez pas que la participation est gratuite et que les places sont limit\u00e9es, donc une inscription pr\u00e9alable est n\u00e9cessaire, qui sera en attente d&#039;admission.<\/p><\/div>\n\t\t\t\t\t<\/div><div class=\"eael-accordion-list\">\n\t\t\t\t\t<div id=\"contenido-de-las-actividades-formativas-virtuales\" class=\"elementor-tab-title eael-accordion-header\" tabindex=\"0\" data-tab=\"4\" aria-controls=\"elementor-tab-content-7404\"><span class=\"eael-advanced-accordion-icon-closed\"><i aria-hidden=\"true\" class=\"fa-accordion-icon fas fa-plus\"><\/i><\/span><span class=\"eael-advanced-accordion-icon-opened\"><\/span><span class=\"eael-accordion-tab-title\">Contenu des activit\u00e9s de formation virtuelle<\/span><i aria-hidden=\"true\" class=\"fa-toggle fas fa-angle-right\"><\/i><\/div><div id=\"elementor-tab-content-7404\" class=\"eael-accordion-content clearfix\" data-tab=\"4\" aria-labelledby=\"contenido-de-las-actividades-formativas-virtuales\"><h4 style=\"text-align: center\"><span style=\"color: #d5005b\">Les activit\u00e9s d\u00e9buteront le \ud83d\udcc5 12 septembre<\/span><\/h4><ul><li><a href=\"https:\/\/portal.madridemprende.es\/evento\/domina-el-marketing-digital-y-haz-crecer-tu-negocio-en-el-mundo-online-online\/\" target=\"_blank\" rel=\"noopener\"><em><strong>Commercialisation<\/strong><\/em><strong>\u00a0Fondamentaux de la conception num\u00e9rique et web<\/strong><\/a><\/li><\/ul><p><strong>Ma\u00eetrisez le marketing num\u00e9rique et d\u00e9veloppez votre entreprise dans le monde en ligne\u00a0!<\/strong> Ax\u00e9 sur la connaissance des \u00e9l\u00e9ments n\u00e9cessaires pour concevoir et g\u00e9rer le site Web d&#039;entreprise d&#039;un projet. De plus, des outils seront donn\u00e9s afin que les participants puissent avoir acc\u00e8s \u00e0 leur magasin dans un futur proche\u00a0<em>en ligne.<\/em><\/p><ul><li><a href=\"https:\/\/portal.madridemprende.es\/evento\/transformacion-digital-y-creacion-de-empresas-de-base-tecnologica-2\/\" target=\"_blank\" rel=\"noopener\"><strong>Transformation num\u00e9rique et cr\u00e9ation d&#039;entreprises technologiques<\/strong><\/a><\/li><\/ul><p><strong>Innovation et technologie : Le chemin vers la cr\u00e9ation d\u2019entreprises technologiques.<\/strong> Dirig\u00e9 \u00e0<strong>\u00a0<\/strong>promouvoir le processus de transformation dans l&#039;entreprise, en montrant les points fondamentaux pour am\u00e9liorer les processus de gestion, d&#039;administration et de production,\u00a0<em>commercialisation<\/em>\u00a0et les ventes, par la mise en place de processus digitaux permettant d&#039;atteindre ces objectifs.<\/p><ul><li><a href=\"https:\/\/portal.madridemprende.es\/evento\/conviertete-en-un-emprendedor-social-y-contribuye-al-cambio-construyendo-un-futuro-sostenible-online\/\" target=\"_blank\" rel=\"noopener\"><strong>Entrepreneuriat social, durabilit\u00e9 et RSE<\/strong><\/a><\/li><\/ul><p><strong>Devenez un entrepreneur social et contribuez au changement en construisant un avenir durable !<\/strong> Il fournira les concepts et les caract\u00e9ristiques fondamentales de l&#039;entrepreneuriat social, en soulignant l&#039;importance des diff\u00e9rences avec les entreprises sociales, en introduisant l&#039;application des concepts de d\u00e9veloppement durable dans les entreprises et l&#039;application de la responsabilit\u00e9 sociale des entreprises.<\/p><ul><li><a href=\"https:\/\/portal.madridemprende.es\/evento\/descubre-el-poder-del-big-data-transforma-tu-organizacion-e-impulsa-tu-negocio-con-datos-inteligentes-online\/\" target=\"_blank\" rel=\"noopener\"><strong>Fondamentaux\u00a0<\/strong><em><strong>Big Data<\/strong><\/em><\/a><\/li><\/ul><p><strong>D\u00e9couvrez la puissance du Big Data\u00a0: transformez votre organisation et dynamisez votre activit\u00e9 gr\u00e2ce \u00e0 des donn\u00e9es intelligentes.<\/strong> Son objectif est de conna\u00eetre et d&#039;appliquer les\u00a0<em>Big Data<\/em>\u00a0comme un outil de base int\u00e9gr\u00e9 \u00e0 l&#039;entreprise.<\/p><ul><li><a href=\"https:\/\/portal.madridemprende.es\/evento\/desata-tu-potencial-emprendedor-domina-los-fundamentos-del-lean-startup-online\/\" target=\"_blank\" rel=\"noopener\"><strong>Fondamentaux de\u00a0<\/strong><em><strong>d\u00e9marrage maigre<\/strong><\/em><\/a><\/li><\/ul><p><strong>Lib\u00e9rez votre potentiel entrepreneurial\u00a0: ma\u00eetrisez les fondamentaux du lean startup<\/strong>. Orient\u00e9 pour conna\u00eetre et mettre en pratique la m\u00e9thodologie\u00a0<em>d\u00e9marrage maigre<\/em>\u00a0pour trouver le march\u00e9 cible, \u00e9valuer avec des clients potentiels si l&#039;id\u00e9e est une bonne opportunit\u00e9 et promouvoir l&#039;innovation et la cr\u00e9ativit\u00e9 dans les affaires.<\/p><ul><li><a href=\"https:\/\/portal.madridemprende.es\/evento\/desarrolla-tu-plan-de-empresa-construye-tu-ruta-hacia-el-futuro-empresarial-online\/\" target=\"_blank\" rel=\"noopener\"><strong>Bases du plan d&#039;affaires. Plan \u00e9conomique et financier et financement<\/strong><\/a><\/li><\/ul><p><strong>D\u00e9veloppez votre plan d\u2019affaires\u00a0: construisez votre route vers l\u2019avenir de votre entreprise.<\/strong> Il donnera les cl\u00e9s \u00e0 ceux qui, porteurs d&#039;une id\u00e9e et\/ou d&#039;un business model, ont besoin d&#039;\u00e9laborer un business plan avec toutes ses composantes,\u00a0<em>commercialisation,<\/em>\u00a0communication et vente, op\u00e9rations, RH, juridique et \u00e9conomico-financier, r\u00e9alisation d&#039;une analyse pour \u00e9tablir des strat\u00e9gies, d\u00e9tecter les besoins et suivre l&#039;activit\u00e9.<\/p><\/div>\n\t\t\t\t\t<\/div><div class=\"eael-accordion-list\">\n\t\t\t\t\t<div id=\"calendario-de-la-formacin-virtual-tutorizada\" class=\"elementor-tab-title eael-accordion-header\" tabindex=\"0\" data-tab=\"5\" aria-controls=\"elementor-tab-content-7405\"><span class=\"eael-advanced-accordion-icon-closed\"><i aria-hidden=\"true\" class=\"fa-accordion-icon fas fa-plus\"><\/i><\/span><span class=\"eael-advanced-accordion-icon-opened\"><\/span><span class=\"eael-accordion-tab-title\">Calendrier des formations virtuelles tutor\u00e9es<\/span><i aria-hidden=\"true\" class=\"fa-toggle fas fa-angle-right\"><\/i><\/div><div id=\"elementor-tab-content-7405\" class=\"eael-accordion-content clearfix\" data-tab=\"5\" aria-labelledby=\"calendario-de-la-formacin-virtual-tutorizada\"><p><img decoding=\"async\" class=\"alignnone size-full wp-image-14665\" src=\"https:\/\/pre.madridemprende.anovagroup.es\/wp-content\/uploads\/2023\/08\/Calendario-FVT-.png\" alt=\"\" width=\"1195\" height=\"1102\" srcset=\"https:\/\/test.madridemprende.anovagroup.es\/wp-content\/uploads\/2023\/08\/Calendario-FVT-.png 1195w, https:\/\/test.madridemprende.anovagroup.es\/wp-content\/uploads\/2023\/08\/Calendario-FVT--300x277.png 300w, https:\/\/test.madridemprende.anovagroup.es\/wp-content\/uploads\/2023\/08\/Calendario-FVT--1024x944.png 1024w, https:\/\/test.madridemprende.anovagroup.es\/wp-content\/uploads\/2023\/08\/Calendario-FVT--768x708.png 768w, https:\/\/test.madridemprende.anovagroup.es\/wp-content\/uploads\/2023\/08\/Calendario-FVT--13x12.png 13w\" sizes=\"(max-width: 1195px) 100vw, 1195px\" \/><\/p><\/div>\n\t\t\t\t\t<\/div><\/div>\t\t\t\t<\/div>\n\t\t\t\t<\/div>\n\t\t\t\t<div class=\"elementor-element elementor-element-12e524d elementor-align-center elementor-widget elementor-widget-button\" data-id=\"12e524d\" data-element_type=\"widget\" data-e-type=\"widget\" data-widget_type=\"button.default\">\n\t\t\t\t<div class=\"elementor-widget-container\">\n\t\t\t\t\t\t\t\t\t<div class=\"elementor-button-wrapper\">\n\t\t\t\t\t<a class=\"elementor-button elementor-button-link elementor-size-lg\" href=\"https:\/\/aula.madridemprende.es\/\" target=\"_blank\" rel=\"nofollow\">\n\t\t\t\t\t\t<span class=\"elementor-button-content-wrapper\">\n\t\t\t\t\t\t\t\t\t<span class=\"elementor-button-text\">Acc\u00e8s \u00e0 Classroom Emprende<\/span>\n\t\t\t\t\t<\/span>\n\t\t\t\t\t<\/a>\n\t\t\t\t<\/div>\n\t\t\t\t\t\t\t\t<\/div>\n\t\t\t\t<\/div>\n\t\t\t\t\t<\/div>\n\t\t<\/div>\n\t\t\t\t\t<\/div>\n\t\t<\/section>\n\t\t\t\t<\/div>","protected":false},"excerpt":{"rendered":"<p>El programa gratuito de \ud83c\udf93 formaci\u00f3n virtual tutorizada te posibilitar\u00e1 la adquisici\u00f3n de habilidades y capacidades para la puesta en marcha de tu idea de negocio, \u00a0definir estrategias comerciales y desempe\u00f1ar la direcci\u00f3n empresarial, entre otras. Son tem\u00e1ticas relevantes, tanto si quieres emprender un proyecto empresarial como para \u00a0mejorar una empresa existente. El objetivo es [&hellip;]<\/p>\n","protected":false},"author":24,"featured_media":15740,"parent":0,"menu_order":0,"comment_status":"closed","ping_status":"closed","template":"","meta":{"_acf_changed":false,"footnotes":""},"paginas_cat":[],"class_list":["post-2809","page","type-page","status-publish","has-post-thumbnail","hentry"],"acf":[],"_links":{"self":[{"href":"https:\/\/test.madridemprende.anovagroup.es\/fr\/wp-json\/wp\/v2\/pages\/2809","targetHints":{"allow":["GET"]}}],"collection":[{"href":"https:\/\/test.madridemprende.anovagroup.es\/fr\/wp-json\/wp\/v2\/pages"}],"about":[{"href":"https:\/\/test.madridemprende.anovagroup.es\/fr\/wp-json\/wp\/v2\/types\/page"}],"author":[{"embeddable":true,"href":"https:\/\/test.madridemprende.anovagroup.es\/fr\/wp-json\/wp\/v2\/users\/24"}],"replies":[{"embeddable":true,"href":"https:\/\/test.madridemprende.anovagroup.es\/fr\/wp-json\/wp\/v2\/comments?post=2809"}],"version-history":[{"count":0,"href":"https:\/\/test.madridemprende.anovagroup.es\/fr\/wp-json\/wp\/v2\/pages\/2809\/revisions"}],"wp:featuredmedia":[{"embeddable":true,"href":"https:\/\/test.madridemprende.anovagroup.es\/fr\/wp-json\/wp\/v2\/media\/15740"}],"wp:attachment":[{"href":"https:\/\/test.madridemprende.anovagroup.es\/fr\/wp-json\/wp\/v2\/media?parent=2809"}],"wp:term":[{"taxonomy":"paginas_cat","embeddable":true,"href":"https:\/\/test.madridemprende.anovagroup.es\/fr\/wp-json\/wp\/v2\/paginas_cat?post=2809"}],"curies":[{"name":"wp","href":"https:\/\/api.w.org\/{rel}","templated":true}]}}