{"id":3049,"date":"2021-11-17T10:15:12","date_gmt":"2021-11-17T09:15:12","guid":{"rendered":"https:\/\/origen.madridemprende.anovagroup.es\/?page_id=3049"},"modified":"2023-08-24T10:19:56","modified_gmt":"2023-08-24T08:19:56","slug":"suscripcion-boletin","status":"publish","type":"page","link":"https:\/\/test.madridemprende.anovagroup.es\/fr\/suscripcion-boletin\/","title":{"rendered":"Inscription \u00e0 la Newsletter"},"content":{"rendered":"<div data-elementor-type=\"wp-page\" data-elementor-id=\"3049\" class=\"elementor elementor-3049\" data-elementor-post-type=\"page\">\n\t\t\t\t\t\t<section class=\"elementor-section elementor-top-section elementor-element elementor-element-60737fe elementor-section-boxed elementor-section-height-default elementor-section-height-default\" data-id=\"60737fe\" data-element_type=\"section\" data-e-type=\"section\">\n\t\t\t\t\t\t<div class=\"elementor-container elementor-column-gap-default\">\n\t\t\t\t\t<div class=\"elementor-column elementor-col-100 elementor-top-column elementor-element elementor-element-8a4d6b8\" data-id=\"8a4d6b8\" data-element_type=\"column\" data-e-type=\"column\">\n\t\t\t<div class=\"elementor-widget-wrap elementor-element-populated\">\n\t\t\t\t\t\t<div class=\"elementor-element elementor-element-9fc5b15 elementor-widget elementor-widget-heading\" data-id=\"9fc5b15\" data-element_type=\"widget\" data-e-type=\"widget\" data-widget_type=\"heading.default\">\n\t\t\t\t<div class=\"elementor-widget-container\">\n\t\t\t\t\t<h1 class=\"elementor-heading-title elementor-size-default\">Abonnez-vous \u00e0 notre newsletter<\/h1>\t\t\t\t<\/div>\n\t\t\t\t<\/div>\n\t\t\t\t<div class=\"elementor-element elementor-element-ae445bb elementor-widget elementor-widget-text-editor\" data-id=\"ae445bb\" data-element_type=\"widget\" data-e-type=\"widget\" data-widget_type=\"text-editor.default\">\n\t\t\t\t<div class=\"elementor-widget-container\">\n\t\t\t\t\t\t\t\t\t<p>Pour \u00eatre au courant de nos actualit\u00e9s Madrid Emprende, abonnez-vous \u00e0 notre newsletter.<\/p>\t\t\t\t\t\t\t\t<\/div>\n\t\t\t\t<\/div>\n\t\t\t\t<section class=\"elementor-section elementor-inner-section elementor-element elementor-element-dc2c690 elementor-section-boxed elementor-section-height-default elementor-section-height-default\" data-id=\"dc2c690\" data-element_type=\"section\" data-e-type=\"section\">\n\t\t\t\t\t\t<div class=\"elementor-container elementor-column-gap-default\">\n\t\t\t\t\t<div class=\"elementor-column elementor-col-100 elementor-inner-column elementor-element elementor-element-bd3b6fc\" data-id=\"bd3b6fc\" data-element_type=\"column\" data-e-type=\"column\">\n\t\t\t<div class=\"elementor-widget-wrap elementor-element-populated\">\n\t\t\t\t\t\t<div class=\"elementor-element elementor-element-bf0935f elementor-widget elementor-widget-html\" data-id=\"bf0935f\" data-element_type=\"widget\" data-e-type=\"widget\" data-widget_type=\"html.default\">\n\t\t\t\t<div class=\"elementor-widget-container\">\n\t\t\t\t\t<iframe data-w-type=\"embedded\" frameborder=\"0\" scrolling=\"no\" marginheight=\"0\" marginwidth=\"0\" src=\"https:\/\/03lx5.mjt.lu\/wgt\/03lx5\/s85\/form?c=56b6a00d\" width=\"100%\"><\/iframe>\r\n\r\n<script type=\"text\/javascript\" src=\"https:\/\/app.mailjet.com\/pas-nc-embedded-v1.js\"><\/script>\r\n\r\n\t\t\t\t<\/div>\n\t\t\t\t<\/div>\n\t\t\t\t\t<\/div>\n\t\t<\/div>\n\t\t\t\t\t<\/div>\n\t\t<\/section>\n\t\t<!-- dce invisible element c5a9474 -->\t\t<div class=\"elementor-element elementor-element-7a802cd elementor-widget elementor-widget-text-editor\" data-id=\"7a802cd\" data-element_type=\"widget\" data-e-type=\"widget\" data-widget_type=\"text-editor.default\">\n\t\t\t\t<div class=\"elementor-widget-container\">\n\t\t\t\t\t\t\t\t\t<p><strong>Protection des donn\u00e9es personnelles : INFORMATIONS DE BASE<\/strong><\/p>\n<p>Les donn\u00e9es collect\u00e9es seront incorpor\u00e9es et trait\u00e9es dans le cadre de l&#039;activit\u00e9 de \u00ab<strong>ACCOMPAGNEMENT GLOBAL DE L&#039;ENTREPRENEURIAT<\/strong>\u00bb, responsabilit\u00e9 de la Direction g\u00e9n\u00e9rale de l&#039;entrepreneuriat, situ\u00e9e Calle Pr\u00edncipe de Vergara, 140, dans le but de conseiller, promouvoir et soutenir la cr\u00e9ation et la consolidation de nouvelles entreprises, ainsi que de former des entrepreneurs et des hommes d&#039;affaires avec des conf\u00e9rences, des ateliers et autres r\u00e9seaux. activit\u00e9s pr\u00e9sentant un int\u00e9r\u00eat particulier pour l\u2019\u00e9cosyst\u00e8me entrepreneurial. Le traitement des donn\u00e9es est l\u00e9gitim\u00e9 par le consentement des int\u00e9ress\u00e9s. Les donn\u00e9es ne peuvent \u00eatre c\u00e9d\u00e9es \u00e0 des tiers sauf dans les cas pr\u00e9vus par la r\u00e9glementation en vigueur sur la protection des donn\u00e9es personnelles. D\u00e9l\u00e9gation de protection des donn\u00e9es :&nbsp;<a href=\"malito:oficprotecciondatos@madrid.es\">oficprotecciondatos@madrid.es<\/a><\/p>\t\t\t\t\t\t\t\t<\/div>\n\t\t\t\t<\/div>\n\t\t\t\t\t<\/div>\n\t\t<\/div>\n\t\t\t\t\t<\/div>\n\t\t<\/section>\n\t\t\t\t<\/div>","protected":false},"excerpt":{"rendered":"<p>Suscr\u00edbete a nuestro bolet\u00edn Para estar al tanto de nuestras novedades de Madrid Emprende, suscr\u00edbete a nuestro bolet\u00edn. \u00bfNo deseas recibir m\u00e1s nuestros boletines? Desuscr\u00edbete desde el siguiente enlace. Protecci\u00f3n de datos de car\u00e1cter personal: INFORMACI\u00d3N B\u00c1SICA Los datos recabados ser\u00e1n incorporados y tratados en la actividad de \u201cAPOYO INTEGRAL AL EMPRENDIMIENTO\u201d, responsabilidad de la [&hellip;]<\/p>\n","protected":false},"author":24,"featured_media":0,"parent":0,"menu_order":0,"comment_status":"closed","ping_status":"closed","template":"","meta":{"_acf_changed":false,"footnotes":""},"paginas_cat":[],"class_list":["post-3049","page","type-page","status-publish","hentry"],"acf":[],"_links":{"self":[{"href":"https:\/\/test.madridemprende.anovagroup.es\/fr\/wp-json\/wp\/v2\/pages\/3049","targetHints":{"allow":["GET"]}}],"collection":[{"href":"https:\/\/test.madridemprende.anovagroup.es\/fr\/wp-json\/wp\/v2\/pages"}],"about":[{"href":"https:\/\/test.madridemprende.anovagroup.es\/fr\/wp-json\/wp\/v2\/types\/page"}],"author":[{"embeddable":true,"href":"https:\/\/test.madridemprende.anovagroup.es\/fr\/wp-json\/wp\/v2\/users\/24"}],"replies":[{"embeddable":true,"href":"https:\/\/test.madridemprende.anovagroup.es\/fr\/wp-json\/wp\/v2\/comments?post=3049"}],"version-history":[{"count":0,"href":"https:\/\/test.madridemprende.anovagroup.es\/fr\/wp-json\/wp\/v2\/pages\/3049\/revisions"}],"wp:attachment":[{"href":"https:\/\/test.madridemprende.anovagroup.es\/fr\/wp-json\/wp\/v2\/media?parent=3049"}],"wp:term":[{"taxonomy":"paginas_cat","embeddable":true,"href":"https:\/\/test.madridemprende.anovagroup.es\/fr\/wp-json\/wp\/v2\/paginas_cat?post=3049"}],"curies":[{"name":"wp","href":"https:\/\/api.w.org\/{rel}","templated":true}]}}