{"id":3083,"date":"2021-11-17T11:48:21","date_gmt":"2021-11-17T10:48:21","guid":{"rendered":"https:\/\/origen.madridemprende.anovagroup.es\/?page_id=3083"},"modified":"2023-04-17T13:50:09","modified_gmt":"2023-04-17T11:50:09","slug":"cita-previa","status":"publish","type":"page","link":"https:\/\/test.madridemprende.anovagroup.es\/fr\/cita-previa\/","title":{"rendered":"Sur rendez-vous"},"content":{"rendered":"<h3 style=\"text-align: left;\">Pour\u00a0<strong>soins en face \u00e0 face<\/strong> Il est indispensable de demander un rendez-vous\u00a0<em>en ligne<\/em><\/h3>\n<p>Des soins en face \u00e0 face sont propos\u00e9s \u00e0 la fois dans le\u00a0<a href=\"https:\/\/pre.madridemprende.anovagroup.es\/asesoramiento\/#VUE\">Guichet Unique Entrepreneur<\/a> comme dans le <a href=\"https:\/\/pre.madridemprende.anovagroup.es\/conoce-a-los-viveros-de-empresas\/\">r\u00e9seau d&#039;incubateurs d&#039;entreprises<\/a>.<\/p>\n<p>Pour demander votre rendez-vous pr\u00e9alable en personne pour obtenir des conseils, proc\u00e9dez comme suit\u00a0:<\/p>\n<ul>\n<li>Dans <strong>&quot;Cat\u00e9gorie&quot;\u00a0<\/strong>s\u00e9lectionnez &quot;Entrepreneuriat&quot;<\/li>\n<li>Dans\u00a0<strong>\u00abProc\u00e9dure ou service\u00bb <\/strong>faites d\u00e9filer vers le bas et s\u00e9lectionnez votre pr\u00e9f\u00e9rence\u00a0:\n<ul>\n<li><strong>conseil aux entreprises en\u00a0<\/strong><strong>Guichet Unique Entrepreneur\u00a0<\/strong>(situ\u00e9 dans la rue\u00a0<a href=\"https:\/\/goo.gl\/maps\/y4EKPLD43Zz\">Prince de Vergara 140<\/a> entr\u00e9e par c\/ Cartagena, 178. 28002 \u2013 Madrid) ou<\/li>\n<li><strong>Conseils aux entreprises dans les p\u00e9pini\u00e8res d&#039;entreprises <\/strong>(Carabanchel, Moratalaz, San Blas, Puente de Vallecas, Vic\u00e1lvaro et Villaverde)<\/li>\n<\/ul>\n<\/li>\n<li><strong>prend fin<\/strong> choisir le jour, l&#039;heure et la modalit\u00e9 (en personne ou par t\u00e9l\u00e9phone) que vous pr\u00e9f\u00e9rez et vous assurer <strong>CONFIRMER<\/strong> la citation \u00e0 la fin. Une fois le rendez-vous confirm\u00e9, vous recevrez un email avec la confirmation et votre code de rendez-vous qui pourra vous \u00eatre demand\u00e9.<\/li>\n<\/ul>\n<p><a class=\"boton-entrada\" href=\"https:\/\/www.madrid.es\/portales\/munimadrid\/es\/Inicio\/Contacto\/Servicio-de-Cita-Previa\/?vgnextfmt=default&amp;vgnextchannel=a87c90aaaeb30810VgnVCM1000001d4a900aRCRD\" target=\"_blank\" rel=\"nofollow noopener\">Demande de rendez-vous en ligne<\/a><\/p>\n<p>Afin d&#039;offrir un meilleur service,\u00a0<strong>avant de demander un rendez-vous<\/strong>\u00a0V\u00e9rifiez si votre requ\u00eate fait r\u00e9f\u00e9rence \u00e0\u00a0:<\/p>\n<ul>\n<li>Comment demander le\u00a0<a href=\"http:\/\/www.rmc.es\/IntroDenominaciones.aspx\" target=\"_blank\" rel=\"noopener\">certification du nom de l&#039;entreprise<\/a><\/li>\n<li>Economie sociale : qu&#039;est-ce qu&#039;un\u00a0<a href=\"https:\/\/asalma.org\/sociedades-laborales\/\" target=\"_blank\" rel=\"noopener\">soci\u00e9t\u00e9 du travail<\/a>? Qui est une\u00a0<a href=\"http:\/\/www.cooperativasdemadrid.org\/\" target=\"_blank\" rel=\"noopener\">soci\u00e9t\u00e9 coop\u00e9rative<\/a>? Que signifie \u00eatre\u00a0<a href=\"http:\/\/www.ata.es\/\" target=\"_blank\" rel=\"noopener\">entrepreneur individuel<\/a>?<\/li>\n<li><a href=\"http:\/\/www.sepe.es\/contenidos\/autonomos\/prestaciones_ayudas\/capitaliza_tu_prestacion.html\" target=\"_blank\" rel=\"noopener\">capitalisation du ch\u00f4mage<\/a>: Service Public de l&#039;Emploi de l&#039;Etat (SEPE)<\/li>\n<li><a href=\"http:\/\/www.seg-social.es\/Internet_1\/Masinformacion\/TramitesyGestiones\/Altabajayvariaciond44113\/Altabajayvariaciond44128\/index.htm\" target=\"_blank\" rel=\"noopener\">Inscription, radiation et variations des travailleurs ind\u00e9pendants \u00e0 la S\u00e9curit\u00e9 Sociale<\/a><\/li>\n<li><a href=\"http:\/\/www.agenciatributaria.es\/AEAT.internet\/Emprendedores.shtml\" target=\"_blank\" rel=\"noopener\">Portail pour les entrepreneurs de l&#039;Agence fiscale<\/a><\/li>\n<li><a href=\"http:\/\/www.madrid.es\/portales\/munimadrid\/es\/Inicio\/Ayuntamiento\/Economia\/Actividades-Economicas?vgnextfmt=default&amp;vgnextchannel=256f92f01d5d6410VgnVCM1000000b205a0aRCRD\" target=\"_blank\" rel=\"noopener\">Traitement des permis d&#039;urbanisme<\/a><\/li>\n<li>Moteur de recherche officiel de bourses et subventions pour entrepreneurs et hommes d&#039;affaires.\n<ul>\n<li><a href=\"http:\/\/www.ipyme.org\/es-ES\/GuiasDinamicas\/Paginas\/Guiasdinamicas.aspx\" target=\"_blank\" rel=\"noopener\">Guide dynamique de la Direction G\u00e9n\u00e9rale de l&#039;Industrie et des PME<\/a><\/li>\n<\/ul>\n<\/li>\n<li>En savoir plus sur les questions li\u00e9es \u00e0 la propri\u00e9t\u00e9 industrielle et intellectuelle\u00a0:\u00a0<a href=\"http:\/\/www.oepm.es\/es\/index.html\" target=\"_blank\" rel=\"noopener\">Office des brevets et des marques<\/a><\/li>\n<li>Comment\u00a0<a href=\"http:\/\/www.eugo.es\/\" target=\"_blank\" rel=\"noopener\">fournir un service dans un \u00c9tat membre de l&#039;Union europ\u00e9enne<\/a><\/li>\n<li>Comment et o\u00f9 puis-je exporter\u00a0:\n<ul>\n<li><a href=\"http:\/\/www.icex.es\/icex\/es\/navegacion-principal\/todos-nuestros-servicios\/informacion-de-mercados\/paises\/mapa\/index.html\" target=\"_blank\" rel=\"noopener\">R\u00e9seau des bureaux \u00e9conomiques et commerciaux de l&#039;Espagne \u00e0 l&#039;\u00e9tranger<\/a><\/li>\n<li><a href=\"https:\/\/www.icex.es\/icex\/es\/index.html\" target=\"_blank\" rel=\"noopener\">ICEX<\/a><\/li>\n<\/ul>\n<\/li>\n<li>Si vous \u00eates un \u00e9tranger hors UE et que vous souhaitez cr\u00e9er une entreprise, pour entreprendre l&#039;activit\u00e9, vous devez avoir, en g\u00e9n\u00e9ral, un permis de s\u00e9jour et de travail ind\u00e9pendant\u00a0<a href=\"http:\/\/extranjeros.inclusion.gob.es\/es\/InformacionInteres\/InformacionProcedimientos\/\" target=\"_blank\" rel=\"noopener\">REQUETE<\/a>.<\/li>\n<li>En ce qui concerne l&#039;immigration, vous pourriez \u00eatre int\u00e9ress\u00e9\u00a0<a href=\"https:\/\/www.comunidad.madrid\/servicios\/asuntos-sociales\/inmigracion\" target=\"_blank\" rel=\"noopener\">ce lien<\/a>.<\/li>\n<\/ul>\n<h3><\/h3>\n<p>&nbsp;<\/p>\n<h3>Pour\u00a0<strong>attention t\u00e9l\u00e9matique<\/strong> compl\u00e9tez le\u00a0<a href=\"https:\/\/www.madrid.es\/portales\/munimadrid\/es\/FormularioElectronico\/Inicio\/Buscador\/Solicitud-de-asesoramiento-en-la-Ventanilla-Unica-del-Emprendedor\/?vgnextfmt=default&amp;vgnextoid=5f5e835eb04ce710VgnVCM1000001d4a900aRCRD&amp;vgnextchannel=7db8fc12aa936610VgnVCM1000008a4a900aRCRD\" target=\"_blank\" rel=\"noopener\">Formulaire de contact<\/a>\u00a0et nous vous r\u00e9pondrons dans les plus brefs d\u00e9lais<\/h3>\n<p><a class=\"boton-entrada\" href=\"https:\/\/www.madrid.es\/portales\/munimadrid\/es\/FormularioElectronico\/Inicio\/Buscador\/Solicitud-de-asesoramiento-en-la-Ventanilla-Unica-del-Emprendedor\/?vgnextfmt=default&amp;vgnextoid=5f5e835eb04ce710VgnVCM1000001d4a900aRCRD&amp;vgnextchannel=7db8fc12aa936610VgnVCM1000008a4a900aRCRD\" target=\"_blank\" rel=\"nofollow noopener\">Demande de rendez-vous \u00e9lectronique<\/a><\/p>","protected":false},"excerpt":{"rendered":"<p>Para\u00a0atenci\u00f3n\u00a0presencial es\u00a0imprescindible\u00a0solicitar cita previa\u00a0online La atenci\u00f3n presencial se ofrece tanto en la\u00a0Ventanilla \u00danica del Emprendedor como en la red de viveros de empresas. Para solicitar tu cita previa presencial para asesoramiento sigue estos pasos: En \u00abCategor\u00eda\u00bb\u00a0selecciona \u00abEmprendimiento\u00bb En\u00a0\u00abTr\u00e1mite o servicio\u00bb despliega y selecciona tu preferencia: Asesoramiento empresarial en\u00a0Ventanilla \u00danica del Emprendedor\u00a0(sita en\u00a0la calle\u00a0Pr\u00edncipe de Vergara [&hellip;]<\/p>\n","protected":false},"author":24,"featured_media":0,"parent":0,"menu_order":0,"comment_status":"closed","ping_status":"closed","template":"","meta":{"_acf_changed":false,"footnotes":""},"paginas_cat":[],"class_list":["post-3083","page","type-page","status-publish","hentry"],"acf":[],"_links":{"self":[{"href":"https:\/\/test.madridemprende.anovagroup.es\/fr\/wp-json\/wp\/v2\/pages\/3083","targetHints":{"allow":["GET"]}}],"collection":[{"href":"https:\/\/test.madridemprende.anovagroup.es\/fr\/wp-json\/wp\/v2\/pages"}],"about":[{"href":"https:\/\/test.madridemprende.anovagroup.es\/fr\/wp-json\/wp\/v2\/types\/page"}],"author":[{"embeddable":true,"href":"https:\/\/test.madridemprende.anovagroup.es\/fr\/wp-json\/wp\/v2\/users\/24"}],"replies":[{"embeddable":true,"href":"https:\/\/test.madridemprende.anovagroup.es\/fr\/wp-json\/wp\/v2\/comments?post=3083"}],"version-history":[{"count":0,"href":"https:\/\/test.madridemprende.anovagroup.es\/fr\/wp-json\/wp\/v2\/pages\/3083\/revisions"}],"wp:attachment":[{"href":"https:\/\/test.madridemprende.anovagroup.es\/fr\/wp-json\/wp\/v2\/media?parent=3083"}],"wp:term":[{"taxonomy":"paginas_cat","embeddable":true,"href":"https:\/\/test.madridemprende.anovagroup.es\/fr\/wp-json\/wp\/v2\/paginas_cat?post=3083"}],"curies":[{"name":"wp","href":"https:\/\/api.w.org\/{rel}","templated":true}]}}