{"id":34,"date":"2020-05-06T17:45:08","date_gmt":"2020-05-06T17:45:08","guid":{"rendered":"https:\/\/origen.madridemprende.anovagroup.es\/?page_id=34"},"modified":"2025-03-11T13:44:22","modified_gmt":"2025-03-11T12:44:22","slug":"nosotros","status":"publish","type":"page","link":"https:\/\/test.madridemprende.anovagroup.es\/fr\/nosotros\/","title":{"rendered":"Nous"},"content":{"rendered":"<div data-elementor-type=\"wp-page\" data-elementor-id=\"34\" class=\"elementor elementor-34\" data-elementor-post-type=\"page\">\n\t\t\t\t\t\t<section class=\"elementor-section elementor-top-section elementor-element elementor-element-a02b455 elementor-section-boxed elementor-section-height-default elementor-section-height-default\" data-id=\"a02b455\" data-element_type=\"section\" data-e-type=\"section\">\n\t\t\t\t\t\t<div class=\"elementor-container elementor-column-gap-default\">\n\t\t\t\t\t<div class=\"elementor-column elementor-col-100 elementor-top-column elementor-element elementor-element-c3666d0\" data-id=\"c3666d0\" data-element_type=\"column\" data-e-type=\"column\">\n\t\t\t<div class=\"elementor-widget-wrap elementor-element-populated\">\n\t\t\t\t\t\t<div class=\"elementor-element elementor-element-041fb4c elementor-widget elementor-widget-heading\" data-id=\"041fb4c\" data-element_type=\"widget\" data-e-type=\"widget\" data-widget_type=\"heading.default\">\n\t\t\t\t<div class=\"elementor-widget-container\">\n\t\t\t\t\t<h1 class=\"elementor-heading-title elementor-size-default\">Qui sommes nous?<\/h1>\t\t\t\t<\/div>\n\t\t\t\t<\/div>\n\t\t\t\t\t<\/div>\n\t\t<\/div>\n\t\t\t\t\t<\/div>\n\t\t<\/section>\n\t\t\t\t<section class=\"elementor-section elementor-top-section elementor-element elementor-element-a38f693 elementor-section-boxed elementor-section-height-default elementor-section-height-default\" data-id=\"a38f693\" data-element_type=\"section\" data-e-type=\"section\">\n\t\t\t\t\t\t<div class=\"elementor-container elementor-column-gap-default\">\n\t\t\t\t\t<div class=\"elementor-column elementor-col-50 elementor-top-column elementor-element elementor-element-01aa61d\" data-id=\"01aa61d\" data-element_type=\"column\" data-e-type=\"column\">\n\t\t\t<div class=\"elementor-widget-wrap elementor-element-populated\">\n\t\t\t\t\t\t<div class=\"elementor-element elementor-element-d2162a0 elementor-widget elementor-widget-text-editor\" data-id=\"d2162a0\" data-element_type=\"widget\" data-e-type=\"widget\" data-widget_type=\"text-editor.default\">\n\t\t\t\t<div class=\"elementor-widget-container\">\n\t\t\t\t\t\t\t\t\t<p style=\"text-align: left;\"><span style=\"font-weight: 400;\">Madrid Emprende est la Direction G\u00e9n\u00e9rale de l&#039;Entrepreneuriat, rattach\u00e9e au D\u00e9partement Gouvernemental d&#039;\u00c9conomie, d&#039;Innovation et de Finances de la Mairie de Madrid.<\/span><\/p>\n\n<h2><strong>Quel est notre objectif ?<\/strong><\/h2>\n<span style=\"font-weight: 400;\"> Nos t\u00e2ches principales sont la promotion, l&#039;encouragement et le soutien de l&#039;esprit d&#039;entreprise des citoyens madril\u00e8nes. Outre la cr\u00e9ation et la croissance des PME, favoriser la comp\u00e9titivit\u00e9 des entreprises nouvellement cr\u00e9\u00e9es.<\/span>\n<h2><strong>Quels espaces avons-nous ?<\/strong><\/h2>\n<span style=\"font-weight: 400;\">Depuis Madrid Emprende, nous g\u00e9rons le <\/span><a href=\"https:\/\/pre.madridemprende.anovagroup.es\/que-son-los-viveros-de-empresa\/\"><span style=\"font-weight: 400;\">r\u00e9seau d&#039;incubateurs d&#039;entreprises<\/span><\/a><span style=\"font-weight: 400;\"> form\u00e9e par <\/span><a href=\"https:\/\/pre.madridemprende.anovagroup.es\/conoce-a-los-viveros-de-empresas\/\"><span style=\"font-weight: 400;\">sept centres dans la municipalit\u00e9 de Madrid.<\/span><\/a>\u00a0 Dans 6 d&#039;entre eux, via un tarif public, l&#039;usage des bureaux est combin\u00e9<span style=\"font-weight: 400;\"> d\u00e9velopper des activit\u00e9s professionnelles dans le secteur des services avec le soutien et les conseils pour le d\u00e9veloppement de ces activit\u00e9s et qu&#039;elles soient men\u00e9es avec le plus grand succ\u00e8s possible. Dans ces centres, en plus des bureaux, nous disposons d&#039;espaces de coworking gratuits afin que vous puissiez travailler sur votre business plan ou d\u00e9velopper votre activit\u00e9 professionnelle.<\/span>\n<p style=\"text-align: left;\"><span style=\"font-weight: 400;\">De la m\u00eame mani\u00e8re, nous avons int\u00e9gr\u00e9 au r\u00e9seau des cr\u00e8ches <\/span><a href=\"https:\/\/madridfoodinnovationhub.com\/\" target=\"_blank\" rel=\"noopener\"><span style=\"font-weight: 400;\">Centre d&#039;innovation alimentaire de Madrid<\/span><\/a><span style=\"font-weight: 400;\">, le premier centre d&#039;entrepreneuriat alimentaire \u00e0 Madrid. Cette initiative pionni\u00e8re est avant tout centr\u00e9e sur la promotion de l&#039;innovation et de l&#039;entrepreneuriat sur l&#039;ensemble de la cha\u00eene de valeur agroalimentaire.<\/span><b style=\"color: var( --e-global-color-text );\"><\/b><\/p>\t\t\t\t\t\t\t\t<\/div>\n\t\t\t\t<\/div>\n\t\t\t\t\t<\/div>\n\t\t<\/div>\n\t\t\t\t<div class=\"elementor-column elementor-col-50 elementor-top-column elementor-element elementor-element-7dbcc46\" data-id=\"7dbcc46\" data-element_type=\"column\" data-e-type=\"column\">\n\t\t\t<div class=\"elementor-widget-wrap elementor-element-populated\">\n\t\t\t\t\t\t<div class=\"elementor-element elementor-element-8785098 elementor-widget elementor-widget-image\" data-id=\"8785098\" data-element_type=\"widget\" data-e-type=\"widget\" data-widget_type=\"image.default\">\n\t\t\t\t<div class=\"elementor-widget-container\">\n\t\t\t\t\t\t\t\t\t\t\t\t\t\t\t<img fetchpriority=\"high\" decoding=\"async\" width=\"800\" height=\"800\" src=\"https:\/\/test.madridemprende.anovagroup.es\/wp-content\/uploads\/2021\/11\/Carabanchel-1-1024x1024.jpg\" class=\"attachment-large size-large wp-image-3512\" alt=\"Interior vivero de Carabanchel\" srcset=\"https:\/\/test.madridemprende.anovagroup.es\/wp-content\/uploads\/2021\/11\/Carabanchel-1-1024x1024.jpg 1024w, https:\/\/test.madridemprende.anovagroup.es\/wp-content\/uploads\/2021\/11\/Carabanchel-1-300x300.jpg 300w, https:\/\/test.madridemprende.anovagroup.es\/wp-content\/uploads\/2021\/11\/Carabanchel-1-150x150.jpg 150w, https:\/\/test.madridemprende.anovagroup.es\/wp-content\/uploads\/2021\/11\/Carabanchel-1-768x768.jpg 768w, https:\/\/test.madridemprende.anovagroup.es\/wp-content\/uploads\/2021\/11\/Carabanchel-1-1536x1536.jpg 1536w, https:\/\/test.madridemprende.anovagroup.es\/wp-content\/uploads\/2021\/11\/Carabanchel-1-2048x2048.jpg 2048w\" sizes=\"(max-width: 800px) 100vw, 800px\" \/>\t\t\t\t\t\t\t\t\t\t\t\t\t\t\t<\/div>\n\t\t\t\t<\/div>\n\t\t\t\t\t<\/div>\n\t\t<\/div>\n\t\t\t\t\t<\/div>\n\t\t<\/section>\n\t\t\t\t<section class=\"elementor-section elementor-top-section elementor-element elementor-element-8e9dbd5 elementor-section-boxed elementor-section-height-default elementor-section-height-default\" data-id=\"8e9dbd5\" data-element_type=\"section\" data-e-type=\"section\">\n\t\t\t\t\t\t<div class=\"elementor-container elementor-column-gap-default\">\n\t\t\t\t\t<div class=\"elementor-column elementor-col-50 elementor-top-column elementor-element elementor-element-4c40299\" data-id=\"4c40299\" data-element_type=\"column\" data-e-type=\"column\">\n\t\t\t<div class=\"elementor-widget-wrap elementor-element-populated\">\n\t\t\t\t\t\t<div class=\"elementor-element elementor-element-4f9e3b6 elementor-widget elementor-widget-image\" data-id=\"4f9e3b6\" data-element_type=\"widget\" data-e-type=\"widget\" data-widget_type=\"image.default\">\n\t\t\t\t<div class=\"elementor-widget-container\">\n\t\t\t\t\t\t\t\t\t\t\t\t\t\t\t<img decoding=\"async\" width=\"800\" height=\"782\" src=\"https:\/\/test.madridemprende.anovagroup.es\/wp-content\/uploads\/2021\/11\/ME-Nosotros-2-1024x1001.png\" class=\"attachment-large size-large wp-image-3858\" alt=\"ME-Nosotros 2\" srcset=\"https:\/\/test.madridemprende.anovagroup.es\/wp-content\/uploads\/2021\/11\/ME-Nosotros-2-1024x1001.png 1024w, https:\/\/test.madridemprende.anovagroup.es\/wp-content\/uploads\/2021\/11\/ME-Nosotros-2-300x293.png 300w, https:\/\/test.madridemprende.anovagroup.es\/wp-content\/uploads\/2021\/11\/ME-Nosotros-2-768x751.png 768w, https:\/\/test.madridemprende.anovagroup.es\/wp-content\/uploads\/2021\/11\/ME-Nosotros-2.png 1508w\" sizes=\"(max-width: 800px) 100vw, 800px\" \/>\t\t\t\t\t\t\t\t\t\t\t\t\t\t\t<\/div>\n\t\t\t\t<\/div>\n\t\t\t\t\t<\/div>\n\t\t<\/div>\n\t\t\t\t<div class=\"elementor-column elementor-col-50 elementor-top-column elementor-element elementor-element-31a86fd\" data-id=\"31a86fd\" data-element_type=\"column\" data-e-type=\"column\">\n\t\t\t<div class=\"elementor-widget-wrap elementor-element-populated\">\n\t\t\t\t\t\t<div class=\"elementor-element elementor-element-b15f641 elementor-widget elementor-widget-text-editor\" data-id=\"b15f641\" data-element_type=\"widget\" data-e-type=\"widget\" data-widget_type=\"text-editor.default\">\n\t\t\t\t<div class=\"elementor-widget-container\">\n\t\t\t\t\t\t\t\t\t<h2><strong>Comment commencer \u00e0 entreprendre ?<\/strong><\/h2><p><span style=\"font-weight: 400;\">De m\u00eame, si vous envisagez de cr\u00e9er une entreprise et que vous ne savez pas comment nous mettons \u00e0 votre disposition les <\/span><a href=\"https:\/\/pre.madridemprende.anovagroup.es\/asesoramiento\/#VUE\"><span style=\"font-weight: 400;\">Guichet Unique des Entrepreneurs (VUE).<\/span><\/a><span style=\"font-weight: 400;\"> C&#039;est un service o\u00f9 vous pouvez centraliser tous vos doutes et besoins. Vous pouvez consulter des informations juridiques \u00e0 des conseils pour la pr\u00e9paration du plan d&#039;affaires. De m\u00eame, vous pouvez consulter des informations sur les aides et subventions, le financement, les conseils techniques sur l&#039;adaptation des locaux commerciaux et m\u00eame<\/span><span style=\"font-weight: 400;\">\u00a0aide \u00e0 l&#039;inscription en tant qu&#039;ind\u00e9pendant ou \u00e0 la cr\u00e9ation d&#039;entreprise en ligne.\u00a0<\/span><\/p><h2><strong>Ne manquez rien<\/strong><\/h2><p><span style=\"font-weight: 400;\">L&#039;un de nos objectifs fondamentaux est de rapprocher notre activit\u00e9 et nos services du public. Pour cela,\u00a0<\/span><span style=\"font-weight: 400;\">Vous pouvez nous suivre sur les principaux comptes de r\u00e9seaux sociaux (<\/span><a href=\"https:\/\/twitter.com\/MadridEmprende?ref_src=twsrc%5Egoogle%7Ctwcamp%5Eserp%7Ctwgr%5Eauthor\" target=\"_blank\" rel=\"noopener\"><span style=\"font-weight: 400;\">Twitter<\/span><\/a><span style=\"font-weight: 400;\">, <\/span><a href=\"https:\/\/es-es.facebook.com\/MadridEmprende\/\" target=\"_blank\" rel=\"noopener\"><span style=\"font-weight: 400;\">Facebook<\/span><\/a><span style=\"font-weight: 400;\">, <\/span><a href=\"https:\/\/es.linkedin.com\/company\/madrid-emprende\" target=\"_blank\" rel=\"noopener\"><span style=\"font-weight: 400;\">LinkedIn<\/span><\/a><span style=\"font-weight: 400;\">, <\/span><a href=\"http:\/\/www.instagram.com\/madrid_emprende\" target=\"_blank\" rel=\"noopener\"><span style=\"font-weight: 400;\">Instagram<\/span><\/a><span style=\"font-weight: 400;\">, <\/span><a href=\"https:\/\/www.youtube.com\/channel\/UCIzsg4s7yzE-k6uNobQ1SuQ?reload=9&amp;skip_registered_account_check=true\" target=\"_blank\" rel=\"noopener\"><span style=\"font-weight: 400;\">Youtube<\/span><\/a><span style=\"font-weight: 400;\">) et abonnez-vous \u00e0 notre<a href=\"https:\/\/pre.madridemprende.anovagroup.es\/suscripcion-boletin\/\"> newsletter hebdomadaire<\/a> d&#039;activit\u00e9s.<\/span><\/p>\t\t\t\t\t\t\t\t<\/div>\n\t\t\t\t<\/div>\n\t\t\t\t\t<\/div>\n\t\t<\/div>\n\t\t\t\t\t<\/div>\n\t\t<\/section>\n\t\t\t\t<section class=\"elementor-section elementor-top-section elementor-element elementor-element-f6a614b elementor-section-boxed elementor-section-height-default elementor-section-height-default\" data-id=\"f6a614b\" data-element_type=\"section\" data-e-type=\"section\">\n\t\t\t\t\t\t<div class=\"elementor-container elementor-column-gap-default\">\n\t\t\t\t\t<div class=\"elementor-column elementor-col-100 elementor-top-column elementor-element elementor-element-3ce2508\" data-id=\"3ce2508\" data-element_type=\"column\" data-e-type=\"column\">\n\t\t\t<div class=\"elementor-widget-wrap elementor-element-populated\">\n\t\t\t\t\t\t<div class=\"elementor-element elementor-element-5db9f83 elementor-widget elementor-widget-menu-anchor\" data-id=\"5db9f83\" data-element_type=\"widget\" data-e-type=\"widget\" data-widget_type=\"menu-anchor.default\">\n\t\t\t\t<div class=\"elementor-widget-container\">\n\t\t\t\t\t\t\t<div class=\"elementor-menu-anchor\" id=\"formulario-contacto\"><\/div>\n\t\t\t\t\t\t<\/div>\n\t\t\t\t<\/div>\n\t\t\t\t<div class=\"elementor-element elementor-element-33bc3a9 elementor-widget elementor-widget-heading\" data-id=\"33bc3a9\" data-element_type=\"widget\" data-e-type=\"widget\" data-widget_type=\"heading.default\">\n\t\t\t\t<div class=\"elementor-widget-container\">\n\t\t\t\t\t<h2 class=\"elementor-heading-title elementor-size-default\">Formulaire de contact<\/h2>\t\t\t\t<\/div>\n\t\t\t\t<\/div>\n\t\t\t\t<div class=\"elementor-element elementor-element-917ecfe elementor-widget elementor-widget-shortcode\" data-id=\"917ecfe\" data-element_type=\"widget\" data-e-type=\"widget\" data-widget_type=\"shortcode.default\">\n\t\t\t\t<div class=\"elementor-widget-container\">\n\t\t\t\t\t\t\t<div class=\"elementor-shortcode\">\n<div class=\"wpcf7 no-js\" id=\"wpcf7-f3235-o1\" lang=\"es-ES\" dir=\"ltr\" data-wpcf7-id=\"3235\">\n<div class=\"screen-reader-response\"><p role=\"status\" aria-live=\"polite\" aria-atomic=\"true\"><\/p> <ul><\/ul><\/div>\n<form action=\"\/fr\/wp-json\/wp\/v2\/pages\/34#wpcf7-f3235-o1\" method=\"post\" class=\"wpcf7-form init\" aria-label=\"Formulaire de contact\" novalidate=\"novalidate\" data-status=\"init\" data-trp-original-action=\"\/fr\/wp-json\/wp\/v2\/pages\/34#wpcf7-f3235-o1\">\n<fieldset class=\"hidden-fields-container\"><input type=\"hidden\" name=\"_wpcf7\" value=\"3235\" \/><input type=\"hidden\" name=\"_wpcf7_version\" value=\"6.1.5\" \/><input type=\"hidden\" name=\"_wpcf7_locale\" value=\"es_ES\" \/><input type=\"hidden\" name=\"_wpcf7_unit_tag\" value=\"wpcf7-f3235-o1\" \/><input type=\"hidden\" name=\"_wpcf7_container_post\" value=\"0\" \/><input type=\"hidden\" name=\"_wpcf7_posted_data_hash\" value=\"\" \/><input type=\"hidden\" name=\"_wpcf7cf_hidden_group_fields\" value=\"[]\" \/><input type=\"hidden\" name=\"_wpcf7cf_hidden_groups\" value=\"[]\" \/><input type=\"hidden\" name=\"_wpcf7cf_visible_groups\" value=\"[]\" \/><input type=\"hidden\" name=\"_wpcf7cf_repeaters\" value=\"[]\" \/><input type=\"hidden\" name=\"_wpcf7cf_steps\" value=\"{}\" \/><input type=\"hidden\" name=\"_wpcf7cf_options\" value=\"{&quot;form_id&quot;:3235,&quot;conditions&quot;:[],&quot;settings&quot;:{&quot;animation&quot;:&quot;yes&quot;,&quot;animation_intime&quot;:200,&quot;animation_outtime&quot;:200,&quot;conditions_ui&quot;:&quot;normal&quot;,&quot;notice_dismissed&quot;:false,&quot;notice_dismissed_rollback-cf7-5.7.5.1&quot;:true,&quot;notice_dismissed_update-cf7-5.8.1&quot;:true,&quot;notice_dismissed_rollback-cf7-5.8.1&quot;:true,&quot;notice_dismissed_rollback-cf7-5.8.2&quot;:true,&quot;notice_dismissed_rollback-cf7-5.8.3&quot;:true,&quot;notice_dismissed_rollback-cf7-6.0.1&quot;:true}}\" \/><input type=\"hidden\" name=\"_wpcf7_recaptcha_response\" value=\"\" \/>\n<\/fieldset>\n<p><label> nom<br \/>\n<span class=\"wpcf7-form-control-wrap\" data-name=\"nombre\"><input size=\"40\" maxlength=\"400\" class=\"wpcf7-form-control wpcf7-text wpcf7-validates-as-required\" aria-required=\"true\" aria-invalid=\"false\" placeholder=\"nom\" value=\"\" type=\"text\" name=\"nombre\" \/><\/span> <\/label><br \/>\n<label> Noms de famille<br \/>\n<span class=\"wpcf7-form-control-wrap\" data-name=\"apellidos\"><input size=\"40\" maxlength=\"400\" class=\"wpcf7-form-control wpcf7-text wpcf7-validates-as-required\" aria-required=\"true\" aria-invalid=\"false\" placeholder=\"Nom de famille\" value=\"\" type=\"text\" name=\"apellidos\" \/><\/span><\/label>\n<\/p>\n<p><label> Courrier \u00e9lectronique<br \/>\n<span class=\"wpcf7-form-control-wrap\" data-name=\"correo\"><input size=\"40\" maxlength=\"400\" class=\"wpcf7-form-control wpcf7-email wpcf7-validates-as-required wpcf7-text wpcf7-validates-as-email\" aria-required=\"true\" aria-invalid=\"false\" placeholder=\"ejemplo@mail.com\" value=\"\" type=\"email\" name=\"correo\" \/><\/span> <\/label>\n<\/p>\n<p><label> Mati\u00e8re<br \/>\n<span class=\"wpcf7-form-control-wrap\" data-name=\"asunto\"><input size=\"40\" maxlength=\"400\" class=\"wpcf7-form-control wpcf7-text wpcf7-validates-as-required\" aria-required=\"true\" aria-invalid=\"false\" placeholder=\"Mati\u00e8re\" value=\"\" type=\"text\" name=\"asunto\" \/><\/span> <\/label>\n<\/p>\n<p><label> Zone<br \/>\n<span class=\"wpcf7-form-control-wrap\" data-name=\"area\"><select class=\"wpcf7-form-control wpcf7-select wpcf7-validates-as-required\" aria-required=\"true\" aria-invalid=\"false\" name=\"area\"><option value=\"\">&#8212;Por favor, elige una opci\u00f3n&#8212;<\/option><option value=\"Ventanilla \u00danica del Emprendedor (asesoramiento empresarial)\">Guichet unique pour les entrepreneurs (conseil aux entreprises)<\/option><option value=\"Transmisi\u00f3n de empresas\">Cession d&#039;entreprises<\/option><option value=\"Punto de Atenci\u00f3n al Emprendedor (PAE)\">Point de service aux entrepreneurs (PAE)<\/option><option value=\"Viveros de empresas\">p\u00e9pini\u00e8res d&#039;entreprises<\/option><option value=\"Espacios de coworking\">espaces de coworking<\/option><option value=\"Formaci\u00f3n\">Entra\u00eenement<\/option><option value=\"Consultas generales\">Renseignements g\u00e9n\u00e9raux<\/option><option value=\"Pruebas\">Pruebas<\/option><\/select><\/span> <\/label>\n<\/p>\n<p><label> message<br \/>\n<span class=\"wpcf7-form-control-wrap\" data-name=\"mensaje\"><textarea cols=\"40\" rows=\"10\" maxlength=\"2000\" class=\"wpcf7-form-control wpcf7-textarea wpcf7-validates-as-required\" aria-required=\"true\" aria-invalid=\"false\" name=\"mensaje\"><\/textarea><\/span> <\/label>\n<\/p>\n<p><strong>Protection des donn\u00e9es personnelles : INFORMATIONS DE BASE<\/strong>\n<\/p>\n<p>Les donn\u00e9es collect\u00e9es seront incorpor\u00e9es et trait\u00e9es dans le cadre de l&#039;activit\u00e9 de \u00ab<strong>ACCOMPAGNEMENT GLOBAL DE L&#039;ENTREPRENEURIAT<\/strong>\u00bb, responsabilit\u00e9 de la Direction g\u00e9n\u00e9rale de l&#039;entrepreneuriat, situ\u00e9e Calle Pr\u00edncipe de Vergara, 140, dans le but de conseiller, promouvoir et soutenir la cr\u00e9ation et la consolidation de nouvelles entreprises, ainsi que de former des entrepreneurs et des hommes d&#039;affaires avec des conf\u00e9rences, des ateliers et autres r\u00e9seaux. activit\u00e9s pr\u00e9sentant un int\u00e9r\u00eat particulier pour l\u2019\u00e9cosyst\u00e8me entrepreneurial. Le traitement des donn\u00e9es est l\u00e9gitim\u00e9 par le consentement des int\u00e9ress\u00e9s. Les donn\u00e9es ne peuvent \u00eatre c\u00e9d\u00e9es \u00e0 des tiers sauf dans les cas pr\u00e9vus par la r\u00e9glementation en vigueur sur la protection des donn\u00e9es personnelles. D\u00e9l\u00e9gation de protection des donn\u00e9es : <a href=\"malito:oficprotecciondatos@madrid.es\">oficprotecciondatos@madrid.es<\/a>\n<\/p>\n<p><span class=\"wpcf7-form-control-wrap\" data-name=\"RGDP\"><span class=\"wpcf7-form-control wpcf7-acceptance\"><span class=\"wpcf7-list-item\"><input type=\"checkbox\" name=\"RGDP\" value=\"1\" aria-invalid=\"false\" \/><\/span><\/span><\/span> * J&#039;accepte que mes donn\u00e9es personnelles soient collect\u00e9es et trait\u00e9es. Information compl\u00e9mentaire: <a href=\"https:\/\/pre.madridemprende.anovagroup.es\/politica-de-privacidad\/\">Politique de confidentialit\u00e9<\/a>\n<\/p>\n<span class=\"wpcf7-form-control-wrap recaptcha\" data-name=\"recaptcha\"><span data-sitekey=\"6LcAn3ksAAAAAPINwwnnUCynfzbpxU0nZcoJdfeq\" class=\"wpcf7-form-control wpcf7-recaptcha g-recaptcha\"><\/span>\r\n<noscript>\r\n\t<div class=\"grecaptcha-noscript\">\r\n\t\t<iframe src=\"https:\/\/www.google.com\/recaptcha\/api\/fallback?k=6LcAn3ksAAAAAPINwwnnUCynfzbpxU0nZcoJdfeq\" frameborder=\"0\" scrolling=\"no\" width=\"310\" height=\"430\">\r\n\t\t<\/iframe>\r\n\t\t<textarea name=\"g-recaptcha-response\" rows=\"3\" cols=\"40\" placeholder=\"Aqu\u00ed la respuesta de reCAPTCHA\">\r\n\t\t<\/textarea>\r\n\t<\/div>\r\n<\/noscript>\r\n<\/span>\n<p><span id=\"wpcf7-69e738bfd3aff-wrapper\" class=\"wpcf7-form-control-wrap honeypot-203-wrap\" ><input type=\"hidden\" name=\"honeypot-203-time-start\" value=\"1776761023\"><input type=\"hidden\" name=\"honeypot-203-time-check\" value=\"1\"><label for=\"wpcf7-69e738bfd3aff-field\" class=\"hp-message\">Por favor, deja este campo vac\u00edo.<\/label><input id=\"wpcf7-69e738bfd3aff-field\"  class=\"wpcf7-form-control wpcf7-text\" type=\"text\" name=\"honeypot-203\" value=\"\" size=\"40\" tabindex=\"-1\" autocomplete=\"new-password\" \/><\/span>\n<\/p>\n<p><input class=\"wpcf7-form-control wpcf7-submit has-spinner\" type=\"submit\" value=\"Envoyer\" \/>\n<\/p><div class=\"wpcf7-response-output\" aria-hidden=\"true\"><\/div>\n<input type=\"hidden\" name=\"trp-form-language\" value=\"fr\"\/><\/form>\n<\/div>\n<\/div>\n\t\t\t\t\t\t<\/div>\n\t\t\t\t<\/div>\n\t\t\t\t\t<\/div>\n\t\t<\/div>\n\t\t\t\t\t<\/div>\n\t\t<\/section>\n\t\t<!-- dce invisible element 4a5a86a -->\t\t<\/div>","protected":false},"excerpt":{"rendered":"<p>\u00bfQui\u00e9nes somos? Madrid Emprende es la Direcci\u00f3n General de Emprendimiento, adscrita al \u00c1rea de Gobierno de Econom\u00eda, Innovaci\u00f3n y Hacienda del Ayuntamiento de Madrid. \u00bfCu\u00e1l es nuestro objetivo? Nuestros cometidos principales son la promoci\u00f3n, el fomento y el apoyo del esp\u00edritu emprendedor de la ciudadan\u00eda madrile\u00f1a. Adem\u00e1s de la creaci\u00f3n y crecimiento de las pymes, [&hellip;]<\/p>\n","protected":false},"author":24,"featured_media":0,"parent":0,"menu_order":0,"comment_status":"closed","ping_status":"closed","template":"","meta":{"_acf_changed":false,"footnotes":""},"paginas_cat":[],"class_list":["post-34","page","type-page","status-publish","hentry"],"acf":[],"_links":{"self":[{"href":"https:\/\/test.madridemprende.anovagroup.es\/fr\/wp-json\/wp\/v2\/pages\/34","targetHints":{"allow":["GET"]}}],"collection":[{"href":"https:\/\/test.madridemprende.anovagroup.es\/fr\/wp-json\/wp\/v2\/pages"}],"about":[{"href":"https:\/\/test.madridemprende.anovagroup.es\/fr\/wp-json\/wp\/v2\/types\/page"}],"author":[{"embeddable":true,"href":"https:\/\/test.madridemprende.anovagroup.es\/fr\/wp-json\/wp\/v2\/users\/24"}],"replies":[{"embeddable":true,"href":"https:\/\/test.madridemprende.anovagroup.es\/fr\/wp-json\/wp\/v2\/comments?post=34"}],"version-history":[{"count":10,"href":"https:\/\/test.madridemprende.anovagroup.es\/fr\/wp-json\/wp\/v2\/pages\/34\/revisions"}],"predecessor-version":[{"id":16930,"href":"https:\/\/test.madridemprende.anovagroup.es\/fr\/wp-json\/wp\/v2\/pages\/34\/revisions\/16930"}],"wp:attachment":[{"href":"https:\/\/test.madridemprende.anovagroup.es\/fr\/wp-json\/wp\/v2\/media?parent=34"}],"wp:term":[{"taxonomy":"paginas_cat","embeddable":true,"href":"https:\/\/test.madridemprende.anovagroup.es\/fr\/wp-json\/wp\/v2\/paginas_cat?post=34"}],"curies":[{"name":"wp","href":"https:\/\/api.w.org\/{rel}","templated":true}]}}