{"id":4096,"date":"2021-11-25T08:56:50","date_gmt":"2021-11-25T07:56:50","guid":{"rendered":"https:\/\/origen.madridemprende.anovagroup.es\/?page_id=4096"},"modified":"2023-09-12T19:01:15","modified_gmt":"2023-09-12T17:01:15","slug":"coffee-break","status":"publish","type":"page","link":"https:\/\/test.madridemprende.anovagroup.es\/fr\/coffee-break\/","title":{"rendered":"Coffee Break"},"content":{"rendered":"<p>Nous vous invitons \u00e0 un caf\u00e9 ! \u2615<\/p>\n<p>Si vous souhaitez vous retrouver autour d&#039;un caf\u00e9 et rencontrer des personnes pertinentes et int\u00e9ressantes pour l&#039;entrepreneuriat et d&#039;autres disciplines, venez au #CoffeeBreak !<\/p>\n<p>Leadership, gestion d&#039;\u00e9quipe, engagement, am\u00e9lioration continue, motivation... Tous sont des facteurs cl\u00e9s lorsqu&#039;il s&#039;agit de r\u00e9ussir professionnellement, que ce soit dans des environnements entrepreneuriaux ou dans d&#039;autres, comme l&#039;\u00e9ducation, les arts, les institutions publiques, les sciences ou le sport.<\/p>\n<p>L&#039;invit\u00e9, de mani\u00e8re conviviale et toujours en petit groupe, nous fera part de son exp\u00e9rience et r\u00e9pondra avec plaisir \u00e0 toutes nos questions ou pr\u00e9occupations.<\/p>\n<p>Ces s\u00e9ances de pause-caf\u00e9 ont toujours lieu dans l&#039;un des\u00a0<a href=\"https:\/\/pre.madridemprende.anovagroup.es\/conoce-a-los-viveros-de-empresas\/\">p\u00e9pini\u00e8res d&#039;entreprises<\/a>g\u00e9n\u00e9ralement de 10h \u00e0 12h.<\/p>\n<p>Pss, pss\u2026 <strong>N&#039;oubliez pas d&#039;apporter votre carte de visite et d&#039;expliquer votre exp\u00e9rience sur les r\u00e9seaux sociaux \ud83d\udcf2 <\/strong><strong>avec lui <em>hashtag <\/em><a href=\"https:\/\/twitter.com\/hashtag\/CBreakMAD?src=hash\">#CPauseMAD<\/a><\/strong>.<\/p>","protected":false},"excerpt":{"rendered":"<p>\u00a1Te invitamos a un caf\u00e9!\u00a0 \u2615 Si te apetece quedar para tomar un caf\u00e9 y conocer a personas relevantes e interesantes para el emprendimiento y otras disciplinas, \u00a1ven a los #CoffeeBreak! Liderazgo, gesti\u00f3n de equipos, compromiso, mejora continua, motivaci\u00f3n\u2026 Todos son factores claves a la hora lograr el \u00e9xito profesional, ya sea en entornos emprendedores [&hellip;]<\/p>\n","protected":false},"author":24,"featured_media":4099,"parent":0,"menu_order":0,"comment_status":"closed","ping_status":"closed","template":"","meta":{"_acf_changed":false,"footnotes":""},"paginas_cat":[],"class_list":["post-4096","page","type-page","status-publish","has-post-thumbnail","hentry"],"acf":[],"_links":{"self":[{"href":"https:\/\/test.madridemprende.anovagroup.es\/fr\/wp-json\/wp\/v2\/pages\/4096","targetHints":{"allow":["GET"]}}],"collection":[{"href":"https:\/\/test.madridemprende.anovagroup.es\/fr\/wp-json\/wp\/v2\/pages"}],"about":[{"href":"https:\/\/test.madridemprende.anovagroup.es\/fr\/wp-json\/wp\/v2\/types\/page"}],"author":[{"embeddable":true,"href":"https:\/\/test.madridemprende.anovagroup.es\/fr\/wp-json\/wp\/v2\/users\/24"}],"replies":[{"embeddable":true,"href":"https:\/\/test.madridemprende.anovagroup.es\/fr\/wp-json\/wp\/v2\/comments?post=4096"}],"version-history":[{"count":0,"href":"https:\/\/test.madridemprende.anovagroup.es\/fr\/wp-json\/wp\/v2\/pages\/4096\/revisions"}],"wp:featuredmedia":[{"embeddable":true,"href":"https:\/\/test.madridemprende.anovagroup.es\/fr\/wp-json\/wp\/v2\/media\/4099"}],"wp:attachment":[{"href":"https:\/\/test.madridemprende.anovagroup.es\/fr\/wp-json\/wp\/v2\/media?parent=4096"}],"wp:term":[{"taxonomy":"paginas_cat","embeddable":true,"href":"https:\/\/test.madridemprende.anovagroup.es\/fr\/wp-json\/wp\/v2\/paginas_cat?post=4096"}],"curies":[{"name":"wp","href":"https:\/\/api.w.org\/{rel}","templated":true}]}}