{"id":4680,"date":"2021-12-21T10:51:41","date_gmt":"2021-12-21T09:51:41","guid":{"rendered":"https:\/\/origen.madridemprende.anovagroup.es\/?page_id=4680"},"modified":"2023-09-12T19:36:32","modified_gmt":"2023-09-12T17:36:32","slug":"fomento-del-emprendimiento-juvenil","status":"publish","type":"page","link":"https:\/\/test.madridemprende.anovagroup.es\/fr\/fomento-del-emprendimiento-juvenil\/","title":{"rendered":"Promotion de l&#039;entrepreneuriat des jeunes"},"content":{"rendered":"<div data-elementor-type=\"wp-page\" data-elementor-id=\"4680\" class=\"elementor elementor-4680\" data-elementor-post-type=\"page\">\n\t\t\t\t\t\t<section class=\"elementor-section elementor-top-section elementor-element elementor-element-590430e1 elementor-section-boxed elementor-section-height-default elementor-section-height-default\" data-id=\"590430e1\" data-element_type=\"section\" data-e-type=\"section\">\n\t\t\t\t\t\t<div class=\"elementor-container elementor-column-gap-default\">\n\t\t\t\t\t<div class=\"elementor-column elementor-col-100 elementor-top-column elementor-element elementor-element-5141120d\" data-id=\"5141120d\" data-element_type=\"column\" data-e-type=\"column\">\n\t\t\t<div class=\"elementor-widget-wrap elementor-element-populated\">\n\t\t\t\t\t\t<div class=\"elementor-element elementor-element-edc6ae5 elementor-widget elementor-widget-heading\" data-id=\"edc6ae5\" data-element_type=\"widget\" data-e-type=\"widget\" data-widget_type=\"heading.default\">\n\t\t\t\t<div class=\"elementor-widget-container\">\n\t\t\t\t\t<h1 class=\"elementor-heading-title elementor-size-default\">Promotion de l&#039;entrepreneuriat des jeunes<\/h1>\t\t\t\t<\/div>\n\t\t\t\t<\/div>\n\t\t\t\t<div class=\"elementor-element elementor-element-28e0125 elementor-widget elementor-widget-image\" data-id=\"28e0125\" data-element_type=\"widget\" data-e-type=\"widget\" data-widget_type=\"image.default\">\n\t\t\t\t<div class=\"elementor-widget-container\">\n\t\t\t\t\t\t\t\t\t\t\t\t\t\t\t<img fetchpriority=\"high\" decoding=\"async\" width=\"768\" height=\"384\" src=\"https:\/\/test.madridemprende.anovagroup.es\/wp-content\/uploads\/2021\/10\/879d8efca07ee9bbdfde642862ea678d-768x384.png\" class=\"attachment-medium_large size-medium_large wp-image-2364\" alt=\"C\u00f3mo emprender en la ciudad de Madrid banner\" srcset=\"https:\/\/test.madridemprende.anovagroup.es\/wp-content\/uploads\/2021\/10\/879d8efca07ee9bbdfde642862ea678d-768x384.png 768w, https:\/\/test.madridemprende.anovagroup.es\/wp-content\/uploads\/2021\/10\/879d8efca07ee9bbdfde642862ea678d-300x150.png 300w, https:\/\/test.madridemprende.anovagroup.es\/wp-content\/uploads\/2021\/10\/879d8efca07ee9bbdfde642862ea678d.png 858w\" sizes=\"(max-width: 768px) 100vw, 768px\" \/>\t\t\t\t\t\t\t\t\t\t\t\t\t\t\t<\/div>\n\t\t\t\t<\/div>\n\t\t\t\t<div class=\"elementor-element elementor-element-7d741398 elementor-widget elementor-widget-text-editor\" data-id=\"7d741398\" data-element_type=\"widget\" data-e-type=\"widget\" data-widget_type=\"text-editor.default\">\n\t\t\t\t<div class=\"elementor-widget-container\">\n\t\t\t\t\t\t\t\t\t<p>\u00c9tudiants et enseignants\u2026 nous vous aidons \u00e0 promouvoir l\u2019entrepreneuriat des jeunes !<\/p><p>Les s\u00e9ances s&#039;adressent \u00e0 des groupes d&#039;\u00e9tudiants \ud83c\udf92 de formation professionnelle, de lyc\u00e9e ou d&#039;enseignement sup\u00e9rieur qui \u00e9tudient dans un centre acad\u00e9mique de \ud83d\udccd capitale madril\u00e8ne.<\/p><p><strong>Vous \u00eates enseignant et souhaitez offrir un atelier sur l&#039;entrepreneuriat \u00e0 vos \u00e9l\u00e8ves ?<\/strong>\u00a0Nous nous adaptons \u00e0 vos besoins et vous proposons ce service gratuit, afin\u00a0<strong>face \u00e0 face<\/strong>\u00a0Oui <strong>virtuel<\/strong>.\u00a0<\/p>\t\t\t\t\t\t\t\t<\/div>\n\t\t\t\t<\/div>\n\t\t\t\t<div class=\"elementor-element elementor-element-02af18d elementor-widget elementor-widget-eael-adv-accordion\" data-id=\"02af18d\" data-element_type=\"widget\" data-e-type=\"widget\" data-widget_type=\"eael-adv-accordion.default\">\n\t\t\t\t<div class=\"elementor-widget-container\">\n\t\t\t\t\t            <div class=\"eael-adv-accordion\" id=\"eael-adv-accordion-02af18d\" data-scroll-on-click=\"no\" data-scroll-speed=\"300\" data-accordion-id=\"02af18d\" data-accordion-type=\"accordion\" data-toogle-speed=\"300\">\n            <div class=\"eael-accordion-list\">\n\t\t\t\t\t<div id=\"en-qu-consiste\" class=\"elementor-tab-title eael-accordion-header\" tabindex=\"0\" data-tab=\"1\" aria-controls=\"elementor-tab-content-2811\"><span class=\"eael-advanced-accordion-icon-closed\"><i aria-hidden=\"true\" class=\"fa-accordion-icon fas fa-plus\"><\/i><\/span><span class=\"eael-advanced-accordion-icon-opened\"><\/span><span class=\"eael-accordion-tab-title\">En quoi consiste?<\/span><i aria-hidden=\"true\" class=\"fa-toggle fas fa-angle-right\"><\/i><\/div><div id=\"elementor-tab-content-2811\" class=\"eael-accordion-content clearfix\" data-tab=\"1\" aria-labelledby=\"en-qu-consiste\"><p>Il s&#039;agit de sessions informatives, sous forme de conf\u00e9rences\/conf\u00e9rences, qui abordent des aspects permettant de comprendre ce qu&#039;est l&#039;entrepreneuriat, comment faire les premiers pas dans le monde de l&#039;entrepreneuriat et les ressources que les entit\u00e9s publiques et priv\u00e9es mettent \u00e0 la disposition des entrepreneurs.<\/p><\/div>\n\t\t\t\t\t<\/div><div class=\"eael-accordion-list\">\n\t\t\t\t\t<div id=\"para-quin\" class=\"elementor-tab-title eael-accordion-header\" tabindex=\"0\" data-tab=\"2\" aria-controls=\"elementor-tab-content-2812\"><span class=\"eael-advanced-accordion-icon-closed\"><i aria-hidden=\"true\" class=\"fa-accordion-icon fas fa-plus\"><\/i><\/span><span class=\"eael-advanced-accordion-icon-opened\"><\/span><span class=\"eael-accordion-tab-title\">Pour lequel?<\/span><i aria-hidden=\"true\" class=\"fa-toggle fas fa-angle-right\"><\/i><\/div><div id=\"elementor-tab-content-2812\" class=\"eael-accordion-content clearfix\" data-tab=\"2\" aria-labelledby=\"para-quin\"><p>Les sessions s&#039;adressent \u00e0 des groupes d&#039;\u00e9tudiants de l&#039;enseignement sup\u00e9rieur, bacheliers ou \u00e9tudiants en formation professionnelle qui \u00e9tudient dans un centre universitaire de la capitale madril\u00e8ne.<\/p><\/div>\n\t\t\t\t\t<\/div><div class=\"eael-accordion-list\">\n\t\t\t\t\t<div id=\"cunto-duran\" class=\"elementor-tab-title eael-accordion-header\" tabindex=\"0\" data-tab=\"3\" aria-controls=\"elementor-tab-content-2813\"><span class=\"eael-advanced-accordion-icon-closed\"><i aria-hidden=\"true\" class=\"fa-accordion-icon fas fa-plus\"><\/i><\/span><span class=\"eael-advanced-accordion-icon-opened\"><\/span><span class=\"eael-accordion-tab-title\">Combien de temps durent-ils?<\/span><i aria-hidden=\"true\" class=\"fa-toggle fas fa-angle-right\"><\/i><\/div><div id=\"elementor-tab-content-2813\" class=\"eael-accordion-content clearfix\" data-tab=\"3\" aria-labelledby=\"cunto-duran\"><p>Les s\u00e9ances dureront 2 heures. Les centres \u00e9ducatifs peuvent demander plus d&#039;une s\u00e9ance en fonction du nombre de participants, des caract\u00e9ristiques ou du niveau du groupe.<\/p><\/div>\n\t\t\t\t\t<\/div><div class=\"eael-accordion-list\">\n\t\t\t\t\t<div id=\"contenido\" class=\"elementor-tab-title eael-accordion-header\" tabindex=\"0\" data-tab=\"4\" aria-controls=\"elementor-tab-content-2814\"><span class=\"eael-advanced-accordion-icon-closed\"><i aria-hidden=\"true\" class=\"fa-accordion-icon fas fa-plus\"><\/i><\/span><span class=\"eael-advanced-accordion-icon-opened\"><\/span><span class=\"eael-accordion-tab-title\">Contenu<\/span><i aria-hidden=\"true\" class=\"fa-toggle fas fa-angle-right\"><\/i><\/div><div id=\"elementor-tab-content-2814\" class=\"eael-accordion-content clearfix\" data-tab=\"4\" aria-labelledby=\"contenido\"><ul><li>Qu&#039;est-ce que les entrepreneurs ont en commun?<\/li><li>D&#039;o\u00f9 viennent les id\u00e9es ?<\/li><li>Comment transformer une id\u00e9e en r\u00e9alit\u00e9 ? Approche des m\u00e9thodologies pour le d\u00e9veloppement de projets entrepreneuriaux.<\/li><li>Agents de l&#039;\u00e9cosyst\u00e8me entrepreneurial actuel et analyse d&#039;exemples.<\/li><li>Qu&#039;est-ce qui compte vraiment lors de la cr\u00e9ation d&#039;une entreprise?<\/li><li>Aide de la Mairie de Madrid.<\/li><\/ul><p>*Si vous \u00eates int\u00e9ress\u00e9 par un contenu sp\u00e9cifique pour vos \u00e9tudiants, contactez-nous et nous essaierons d&#039;adapter notre programme.<\/p><\/div>\n\t\t\t\t\t<\/div><div class=\"eael-accordion-list\">\n\t\t\t\t\t<div id=\"cundo-se-realizan\" class=\"elementor-tab-title eael-accordion-header\" tabindex=\"0\" data-tab=\"5\" aria-controls=\"elementor-tab-content-2815\"><span class=\"eael-advanced-accordion-icon-closed\"><i aria-hidden=\"true\" class=\"fa-accordion-icon fas fa-plus\"><\/i><\/span><span class=\"eael-advanced-accordion-icon-opened\"><\/span><span class=\"eael-accordion-tab-title\">Quand sont-ils termin\u00e9s\u00a0?<\/span><i aria-hidden=\"true\" class=\"fa-toggle fas fa-angle-right\"><\/i><\/div><div id=\"elementor-tab-content-2815\" class=\"eael-accordion-content clearfix\" data-tab=\"5\" aria-labelledby=\"cundo-se-realizan\"><p>Les s\u00e9ances peuvent avoir lieu du lundi au jeudi, de 9h \u00e0 18h, et le vendredi de 9h \u00e0 15h. Le format peut \u00eatre en personne ou\u00a0<em>en ligne,<\/em>\u00a0selon les besoins et\/ou disponibilit\u00e9s de chaque centre \u00e9ducatif demandeur.<\/p><\/div>\n\t\t\t\t\t<\/div><div class=\"eael-accordion-list\">\n\t\t\t\t\t<div id=\"cmo-lo-solicito\" class=\"elementor-tab-title eael-accordion-header\" tabindex=\"0\" data-tab=\"6\" aria-controls=\"elementor-tab-content-2816\"><span class=\"eael-advanced-accordion-icon-closed\"><i aria-hidden=\"true\" class=\"fa-accordion-icon fas fa-plus\"><\/i><\/span><span class=\"eael-advanced-accordion-icon-opened\"><\/span><span class=\"eael-accordion-tab-title\">Comment j&#039;ai demand\u00e9?<\/span><i aria-hidden=\"true\" class=\"fa-toggle fas fa-angle-right\"><\/i><\/div><div id=\"elementor-tab-content-2816\" class=\"eael-accordion-content clearfix\" data-tab=\"6\" aria-labelledby=\"cmo-lo-solicito\"><p>Le personnel dirigeant ou enseignant de l&#039;IES, de l&#039;\u00e9cole, du centre acad\u00e9mique, de l&#039;\u00e9cole universitaire, etc. doit<strong>\u00a0remplir le formulaire de candidature <\/strong>Prochain. D\u00e8s r\u00e9ception, nous vous contacterons pour organiser la s\u00e9ance, en fonction des disponibilit\u00e9s, dans un d\u00e9lai maximum de 3 jours ouvr\u00e9s.<\/p><\/div>\n\t\t\t\t\t<\/div><\/div>\t\t\t\t<\/div>\n\t\t\t\t<\/div>\n\t\t\t\t<div class=\"elementor-element elementor-element-37f9ef5 elementor-align-center elementor-widget elementor-widget-button\" data-id=\"37f9ef5\" data-element_type=\"widget\" data-e-type=\"widget\" data-widget_type=\"button.default\">\n\t\t\t\t<div class=\"elementor-widget-container\">\n\t\t\t\t\t\t\t\t\t<div class=\"elementor-button-wrapper\">\n\t\t\t\t\t<a class=\"elementor-button elementor-button-link elementor-size-md\" href=\"https:\/\/sede.madrid.es\/portal\/site\/tramites\/menuitem.45ce80dafa6b924e804280420514a5a0\/?vgnextoid=a8f692c9dcc0a610VgnVCM2000001f4a900aRCRD&#038;vgnextfmt=default\" target=\"_blank\" rel=\"nofollow\">\n\t\t\t\t\t\t<span class=\"elementor-button-content-wrapper\">\n\t\t\t\t\t\t\t\t\t<span class=\"elementor-button-text\">Formulaire de candidature<\/span>\n\t\t\t\t\t<\/span>\n\t\t\t\t\t<\/a>\n\t\t\t\t<\/div>\n\t\t\t\t\t\t\t\t<\/div>\n\t\t\t\t<\/div>\n\t\t\t\t\t<\/div>\n\t\t<\/div>\n\t\t\t\t\t<\/div>\n\t\t<\/section>\n\t\t\t\t<\/div>","protected":false},"excerpt":{"rendered":"<p>Estudiantes y profes\u2026 \u00a1os ayudamos a fomentar el emprendimiento juvenil! Las sesiones van dirigidas a grupos de estudiantes \ud83c\udf92 de formaci\u00f3n profesional, bachillerato o de ense\u00f1anza superior que est\u00e9n cursando estudios en alg\u00fan centro acad\u00e9mico de \ud83d\udccd Madrid capital. \u00bfEres docente y quieres ofrecer un taller sobre emprendimiento a tus alumnos?\u00a0Nos adaptamos vuestras necesidades y [&hellip;]<\/p>\n","protected":false},"author":24,"featured_media":2364,"parent":0,"menu_order":0,"comment_status":"closed","ping_status":"closed","template":"","meta":{"_acf_changed":false,"footnotes":""},"paginas_cat":[],"class_list":["post-4680","page","type-page","status-publish","has-post-thumbnail","hentry"],"acf":[],"_links":{"self":[{"href":"https:\/\/test.madridemprende.anovagroup.es\/fr\/wp-json\/wp\/v2\/pages\/4680","targetHints":{"allow":["GET"]}}],"collection":[{"href":"https:\/\/test.madridemprende.anovagroup.es\/fr\/wp-json\/wp\/v2\/pages"}],"about":[{"href":"https:\/\/test.madridemprende.anovagroup.es\/fr\/wp-json\/wp\/v2\/types\/page"}],"author":[{"embeddable":true,"href":"https:\/\/test.madridemprende.anovagroup.es\/fr\/wp-json\/wp\/v2\/users\/24"}],"replies":[{"embeddable":true,"href":"https:\/\/test.madridemprende.anovagroup.es\/fr\/wp-json\/wp\/v2\/comments?post=4680"}],"version-history":[{"count":0,"href":"https:\/\/test.madridemprende.anovagroup.es\/fr\/wp-json\/wp\/v2\/pages\/4680\/revisions"}],"wp:featuredmedia":[{"embeddable":true,"href":"https:\/\/test.madridemprende.anovagroup.es\/fr\/wp-json\/wp\/v2\/media\/2364"}],"wp:attachment":[{"href":"https:\/\/test.madridemprende.anovagroup.es\/fr\/wp-json\/wp\/v2\/media?parent=4680"}],"wp:term":[{"taxonomy":"paginas_cat","embeddable":true,"href":"https:\/\/test.madridemprende.anovagroup.es\/fr\/wp-json\/wp\/v2\/paginas_cat?post=4680"}],"curies":[{"name":"wp","href":"https:\/\/api.w.org\/{rel}","templated":true}]}}