{"id":5354,"date":"2022-01-31T17:17:10","date_gmt":"2022-01-31T16:17:10","guid":{"rendered":"https:\/\/origen.madridemprende.anovagroup.es\/?page_id=5354"},"modified":"2023-08-24T09:20:04","modified_gmt":"2023-08-24T07:20:04","slug":"politica-de-privacidad-en-la-suscripcion-al-boletin","status":"publish","type":"page","link":"https:\/\/test.madridemprende.anovagroup.es\/fr\/politica-de-privacidad-en-la-suscripcion-al-boletin\/","title":{"rendered":"Politique de confidentialit\u00e9 dans l&#039;inscription \u00e0 la newsletter"},"content":{"rendered":"<p>Les donn\u00e9es collect\u00e9es seront incorpor\u00e9es et trait\u00e9es dans le cadre du traitement \u00ab\u00a0Soutien int\u00e9gral \u00e0 l&#039;entrepreneuriat\u00a0\u00bb, responsabilit\u00e9 de la Direction g\u00e9n\u00e9rale de l&#039;entrepreneuriat, dont le si\u00e8ge est C\/ Pr\u00edncipe de Vergara 140, 28002 Madrid, \u00e0 des fins de conseil, de promotion et d&#039;accompagnement. \u00e0 la cr\u00e9ation et \u00e0 la consolidation de nouvelles entreprises, ainsi qu&#039;\u00e0 la formation des entrepreneurs et des hommes d&#039;affaires, et devant lesquels les personnes concern\u00e9es peuvent exercer leurs droits de la mani\u00e8re indiqu\u00e9e dans les informations compl\u00e9mentaires.<\/p>\n<p>Le traitement des donn\u00e9es collect\u00e9es est l\u00e9gitim\u00e9 par l&#039;int\u00e9r\u00eat l\u00e9gitime du responsable et par le consentement des personnes concern\u00e9es. Les donn\u00e9es ne peuvent \u00eatre c\u00e9d\u00e9es \u00e0 des tiers sauf dans les cas pr\u00e9vus par la r\u00e9glementation en vigueur sur la protection des donn\u00e9es personnelles.<\/p>\n<p>INFORMATION COMPL\u00c9MENTAIRE:<\/p>\n<p>Traitement\u00a0<strong>Accompagnement complet de l&#039;entrepreneuriat<\/strong><\/p>\n<p>Les donn\u00e9es sont collect\u00e9es dans le but : d&#039;un accompagnement global de l&#039;entrepreneuriat en conseillant, promouvant et accompagnant la cr\u00e9ation et la consolidation de nouvelles entreprises. Former et soutenir les entrepreneurs et la communaut\u00e9 d&#039;affaires avec des conf\u00e9rences, des ateliers et d&#039;autres activit\u00e9s de r\u00e9seautage d&#039;int\u00e9r\u00eat particulier pour l&#039;\u00e9cosyst\u00e8me entrepreneurial.<\/p>\n<p>Les donn\u00e9es fournies seront conserv\u00e9es pendant une dur\u00e9e ind\u00e9termin\u00e9e et la suppression n&#039;est pas demand\u00e9e par l&#039;int\u00e9ress\u00e9. Ils ne seront pas utilis\u00e9s pour prendre des d\u00e9cisions automatis\u00e9es.<\/p>\n<p>Le traitement des donn\u00e9es est bas\u00e9 sur l&#039;int\u00e9r\u00eat l\u00e9gitime du responsable dans l&#039;ex\u00e9cution des pouvoirs attribu\u00e9s \u00e0 la Direction g\u00e9n\u00e9rale de l&#039;entrepreneuriat en mati\u00e8re de p\u00e9pini\u00e8res d&#039;entreprises et de promotion de l&#039;entrepreneuriat dans la ville de Madrid et sur le consentement de l&#039;int\u00e9ress\u00e9. .<\/p>\n<p>Toute personne a le droit d&#039;obtenir la confirmation que des donn\u00e9es \u00e0 caract\u00e8re personnel la concernant font ou non l&#039;objet d&#039;un traitement. Les personnes int\u00e9ress\u00e9es ont le droit d&#039;acc\u00e9der \u00e0 leurs donn\u00e9es personnelles, ainsi que de demander la rectification de donn\u00e9es inexactes ou, le cas \u00e9ch\u00e9ant, de demander leur suppression lorsque, entre autres raisons, les donn\u00e9es ne sont plus n\u00e9cessaires aux fins pour lesquelles elles ont \u00e9t\u00e9 collect\u00e9es.<\/p>\n<p>Pour ce faire, les candidatures peuvent \u00eatre adress\u00e9es \u00e0 la Direction G\u00e9n\u00e9rale de l&#039;Entreprenariat, C\/ Pr\u00edncipe de Vergara 140, 28002 Madrid,\u00a0<a href=\"mailto:emprendedores@madrid.es\" target=\"_blank\" rel=\"noopener\">emprendedores@madrid.es<\/a>\u00a0ou via https:\/\/sede.madrid.es\u00a0<a href=\"https:\/\/sede.madrid.es\/sites\/v\/index.jsp?vgnextoid=31c179667c57e010VgnVCM1000000b205a0aRCRD&amp;vgnextchannel=f47ea38813180210VgnVCM100000c90da8c0RCRD\" target=\"_blank\" rel=\"noopener\">(Donn\u00e9es personnelles\u2026)<\/a>.<\/p>\n<p>Dans certaines circonstances, les parties int\u00e9ress\u00e9es peuvent demander la limitation du traitement de leurs donn\u00e9es, auquel cas elles ne seront conserv\u00e9es que pour l&#039;exercice ou la d\u00e9fense de r\u00e9clamations. \u00c9galement pour des raisons li\u00e9es \u00e0 leur situation particuli\u00e8re, les int\u00e9ress\u00e9s peuvent s&#039;opposer au traitement de leurs donn\u00e9es. Le responsable du traitement cessera de traiter les donn\u00e9es, sauf pour des raisons l\u00e9gitimes imp\u00e9rieuses, ou l&#039;exercice ou la d\u00e9fense d&#039;\u00e9ventuelles r\u00e9clamations.<\/p>\n<p>De m\u00eame, les parties int\u00e9ress\u00e9es ont le droit de retirer le consentement accord\u00e9, auquel cas il sera effectif \u00e0 partir du moment o\u00f9 elles le demandent, sans avoir d&#039;effets r\u00e9troactifs, et le droit de r\u00e9clamer devant l&#039;Agence espagnole de protection des donn\u00e9es.<\/p>","protected":false},"excerpt":{"rendered":"<p>Los datos recabados ser\u00e1n incorporados y tratados en la actividad de tratamiento \u201cApoyo integral al emprendimiento\u201d, responsabilidad de la Direcci\u00f3n General de Emprendimiento, con sede en la C\/ Pr\u00edncipe de Vergara 140, 28002 Madrid,\u00a0\u00a0con la finalidad de asesoramiento, fomento y apoyo a la creaci\u00f3n y consolidaci\u00f3n de nuevas empresas, as\u00ed como formaci\u00f3n para emprendedores y [&hellip;]<\/p>\n","protected":false},"author":24,"featured_media":0,"parent":0,"menu_order":0,"comment_status":"closed","ping_status":"closed","template":"","meta":{"_acf_changed":false,"footnotes":""},"paginas_cat":[112],"class_list":["post-5354","page","type-page","status-publish","hentry","paginas_cat-politica-legal"],"acf":[],"_links":{"self":[{"href":"https:\/\/test.madridemprende.anovagroup.es\/fr\/wp-json\/wp\/v2\/pages\/5354","targetHints":{"allow":["GET"]}}],"collection":[{"href":"https:\/\/test.madridemprende.anovagroup.es\/fr\/wp-json\/wp\/v2\/pages"}],"about":[{"href":"https:\/\/test.madridemprende.anovagroup.es\/fr\/wp-json\/wp\/v2\/types\/page"}],"author":[{"embeddable":true,"href":"https:\/\/test.madridemprende.anovagroup.es\/fr\/wp-json\/wp\/v2\/users\/24"}],"replies":[{"embeddable":true,"href":"https:\/\/test.madridemprende.anovagroup.es\/fr\/wp-json\/wp\/v2\/comments?post=5354"}],"version-history":[{"count":0,"href":"https:\/\/test.madridemprende.anovagroup.es\/fr\/wp-json\/wp\/v2\/pages\/5354\/revisions"}],"wp:attachment":[{"href":"https:\/\/test.madridemprende.anovagroup.es\/fr\/wp-json\/wp\/v2\/media?parent=5354"}],"wp:term":[{"taxonomy":"paginas_cat","embeddable":true,"href":"https:\/\/test.madridemprende.anovagroup.es\/fr\/wp-json\/wp\/v2\/paginas_cat?post=5354"}],"curies":[{"name":"wp","href":"https:\/\/api.w.org\/{rel}","templated":true}]}}