{"id":5357,"date":"2022-01-31T17:22:56","date_gmt":"2022-01-31T16:22:56","guid":{"rendered":"https:\/\/origen.madridemprende.anovagroup.es\/?page_id=5357"},"modified":"2023-08-24T09:20:33","modified_gmt":"2023-08-24T07:20:33","slug":"politica-de-privacidad-en-la-inscripcion-de-eventos","status":"publish","type":"page","link":"https:\/\/test.madridemprende.anovagroup.es\/fr\/politica-de-privacidad-en-la-inscripcion-de-eventos\/","title":{"rendered":"Politique de confidentialit\u00e9 lors de l&#039;inscription \u00e0 un \u00e9v\u00e9nement"},"content":{"rendered":"<p>Les donn\u00e9es collect\u00e9es seront int\u00e9gr\u00e9es et trait\u00e9es dans le cadre des traitements indiqu\u00e9s \u00e0 la fin de ce texte :<\/p>\n<p>Le responsable des traitements susmentionn\u00e9s est la Direction g\u00e9n\u00e9rale de l&#039;entrepreneuriat, dont le si\u00e8ge est C\/ Pr\u00edncipe de Vergara 140, 28002 Madrid.<\/p>\n<p>Le traitement des donn\u00e9es collect\u00e9es est l\u00e9gitim\u00e9 par l&#039;int\u00e9r\u00eat l\u00e9gitime du responsable et par le consentement des personnes concern\u00e9es. Les donn\u00e9es ne peuvent \u00eatre c\u00e9d\u00e9es \u00e0 des tiers sauf dans les cas pr\u00e9vus par la r\u00e9glementation en vigueur sur la protection des donn\u00e9es personnelles. Les droits l\u00e9galement reconnus peuvent \u00eatre exerc\u00e9s de la mani\u00e8re indiqu\u00e9e dans les informations compl\u00e9mentaires.<\/p>\n<ul>\n<li>Traitement:\u00a0<strong>Accompagnement complet de l&#039;entrepreneuriat<\/strong>. Objectif : conseil, promotion et accompagnement \u00e0 la cr\u00e9ation et \u00e0 la consolidation de nouvelles entreprises. Formation pour entrepreneurs et gens d&#039;affaires.<\/li>\n<li>Traitement:\u00a0<strong>La promotion du commerce<\/strong>. Objectif : promotion et redynamisation de l&#039;activit\u00e9 commerciale \u00e0 Madrid.<\/li>\n<\/ul>\n<h3>Information compl\u00e9mentaire:<\/h3>\n<h4>Traitement\u00a0<strong>Accompagnement complet de l&#039;entrepreneuriat<\/strong><\/h4>\n<p>Les donn\u00e9es sont collect\u00e9es dans le but : d&#039;un accompagnement global de l&#039;entrepreneuriat en conseillant, promouvant et accompagnant la cr\u00e9ation et la consolidation de nouvelles entreprises. Former et soutenir les entrepreneurs et la communaut\u00e9 d&#039;affaires avec des conf\u00e9rences, des ateliers et d&#039;autres activit\u00e9s de r\u00e9seautage d&#039;int\u00e9r\u00eat particulier pour l&#039;\u00e9cosyst\u00e8me entrepreneurial.<\/p>\n<p>Les donn\u00e9es fournies seront conserv\u00e9es pendant une dur\u00e9e ind\u00e9termin\u00e9e et la suppression n&#039;est pas demand\u00e9e par l&#039;int\u00e9ress\u00e9. Ils ne seront pas utilis\u00e9s pour prendre des d\u00e9cisions automatis\u00e9es.<\/p>\n<p>Le traitement des donn\u00e9es est bas\u00e9 sur l&#039;int\u00e9r\u00eat l\u00e9gitime du responsable dans l&#039;ex\u00e9cution des pouvoirs attribu\u00e9s \u00e0 la Direction g\u00e9n\u00e9rale de l&#039;entrepreneuriat en mati\u00e8re de p\u00e9pini\u00e8res d&#039;entreprises et de promotion de l&#039;entrepreneuriat dans la ville de Madrid et sur le consentement de l&#039;int\u00e9ress\u00e9. .<\/p>\n<p>Toute personne a le droit d&#039;obtenir la confirmation que des donn\u00e9es \u00e0 caract\u00e8re personnel la concernant font ou non l&#039;objet d&#039;un traitement. Les personnes int\u00e9ress\u00e9es ont le droit d&#039;acc\u00e9der \u00e0 leurs donn\u00e9es personnelles, ainsi que de demander la rectification de donn\u00e9es inexactes ou, le cas \u00e9ch\u00e9ant, de demander leur suppression lorsque, entre autres raisons, les donn\u00e9es ne sont plus n\u00e9cessaires aux fins pour lesquelles elles ont \u00e9t\u00e9 collect\u00e9es.<\/p>\n<p>Pour ce faire, les candidatures peuvent \u00eatre adress\u00e9es \u00e0 la Direction G\u00e9n\u00e9rale de l&#039;Entreprenariat, C\/ Pr\u00edncipe de Vergara 140, 28002 Madrid,\u00a0<a href=\"mailto:emprendedores@madrid.es\" target=\"_blank\" rel=\"noopener\">emprendedores@madrid.es<\/a>\u00a0ou par l&#039;interm\u00e9diaire du\u00a0<a href=\"https:\/\/sede.madrid.es\/\" target=\"_blank\" rel=\"noopener\">https:\/\/sede.madrid.es<\/a>\u00a0<a href=\"https:\/\/sede.madrid.es\/portal\/site\/tramites\/menuitem.1044e048d6fe41a7ede6ede684f1a5a0\/?vgnextoid=3375db16cd868410VgnVCM100000171f5a0aRCRD&amp;vgnextchannel=3375db16cd868410VgnVCM100000171f5a0aRCRD&amp;vgnextfmt=default&amp;idContent=31c179667c57e010VgnVCM1000000b205a0\" target=\"_blank\" rel=\"noopener\">(Droits relatifs \u00e0 la protection des donn\u00e9es)<\/a>.<\/p>\n<p>Dans certaines circonstances, les parties int\u00e9ress\u00e9es peuvent demander la limitation du traitement de leurs donn\u00e9es, auquel cas elles ne seront conserv\u00e9es que pour l&#039;exercice ou la d\u00e9fense de r\u00e9clamations. \u00c9galement pour des raisons li\u00e9es \u00e0 leur situation particuli\u00e8re, les int\u00e9ress\u00e9s peuvent s&#039;opposer au traitement de leurs donn\u00e9es. Le responsable du traitement cessera de traiter les donn\u00e9es, sauf pour des raisons l\u00e9gitimes imp\u00e9rieuses, ou l&#039;exercice ou la d\u00e9fense d&#039;\u00e9ventuelles r\u00e9clamations.<\/p>\n<p>De m\u00eame, les parties int\u00e9ress\u00e9es ont le droit de retirer le consentement accord\u00e9, auquel cas il sera effectif \u00e0 partir du moment o\u00f9 elles le demandent, sans avoir d&#039;effets r\u00e9troactifs, et le droit de r\u00e9clamer devant l&#039;Agence espagnole de protection des donn\u00e9es.<\/p>\n<h4>Traitement\u00a0<strong>La promotion du commerce<\/strong><\/h4>\n<p>Les donn\u00e9es sont collect\u00e9es aux fins de\u00a0: d\u00e9veloppement d&#039;activit\u00e9s pour la promotion et la revitalisation de l&#039;activit\u00e9 commerciale dans la municipalit\u00e9 de Madrid\u00a0: campagnes, actions promotionnelles, concours, activit\u00e9s r\u00e9cr\u00e9atives et \u00e9ducatives, activit\u00e9s d&#039;information et de formation, octroi d&#039;aides et de subventions.<\/p>\n<p>Les donn\u00e9es fournies seront conserv\u00e9es ind\u00e9finiment et leur suppression ne sera pas demand\u00e9e par l&#039;int\u00e9ress\u00e9. Ils ne seront pas utilis\u00e9s pour prendre des d\u00e9cisions automatis\u00e9es. Le traitement des donn\u00e9es est bas\u00e9 sur l&#039;int\u00e9r\u00eat l\u00e9gitime du responsable dans l&#039;ex\u00e9cution des pouvoirs attribu\u00e9s \u00e0 la Direction g\u00e9n\u00e9rale de l&#039;entrepreneuriat en mati\u00e8re de p\u00e9pini\u00e8res d&#039;entreprises et de promotion de l&#039;entrepreneuriat dans la ville de Madrid et sur le consentement de l&#039;int\u00e9ress\u00e9. .<\/p>\n<p>Toute personne a le droit d&#039;obtenir la confirmation que des donn\u00e9es \u00e0 caract\u00e8re personnel la concernant font ou non l&#039;objet d&#039;un traitement. Les personnes int\u00e9ress\u00e9es ont le droit d&#039;acc\u00e9der \u00e0 leurs donn\u00e9es personnelles, ainsi que de demander la rectification de donn\u00e9es inexactes ou, le cas \u00e9ch\u00e9ant, de demander leur suppression lorsque, entre autres raisons, les donn\u00e9es ne sont plus n\u00e9cessaires aux fins pour lesquelles elles ont \u00e9t\u00e9 collect\u00e9es.<\/p>\n<p>Pour ce faire, les candidatures peuvent \u00eatre adress\u00e9es \u00e0 la Direction G\u00e9n\u00e9rale de l&#039;Entreprenariat, C\/ Pr\u00edncipe de Vergara, 140, 28002 Madrid,\u00a0<a href=\"mailto:infocomercioe@madrid.es\">infocomercioe@madrid.es<\/a>\u00a0ou par l&#039;interm\u00e9diaire du\u00a0<a href=\"https:\/\/sede.madrid.es\/\" target=\"_blank\" rel=\"noopener\">https:\/\/sede.madrid.es<\/a>\u00a0<a href=\"https:\/\/sede.madrid.es\/portal\/site\/tramites\/menuitem.1044e048d6fe41a7ede6ede684f1a5a0\/?vgnextoid=3375db16cd868410VgnVCM100000171f5a0aRCRD&amp;vgnextchannel=3375db16cd868410VgnVCM100000171f5a0aRCRD&amp;vgnextfmt=default&amp;idContent=31c179667c57e010VgnVCM1000000b205a0\" target=\"_blank\" rel=\"noopener\">(Droits relatifs \u00e0 la protection des donn\u00e9es)<\/a>.<\/p>\n<p>Dans certaines circonstances, les parties int\u00e9ress\u00e9es peuvent demander la limitation du traitement de leurs donn\u00e9es, auquel cas elles ne seront conserv\u00e9es que pour l&#039;exercice ou la d\u00e9fense de r\u00e9clamations. \u00c9galement pour des raisons li\u00e9es \u00e0 leur situation particuli\u00e8re, les int\u00e9ress\u00e9s peuvent s&#039;opposer au traitement de leurs donn\u00e9es. Le responsable du traitement cessera de traiter les donn\u00e9es, sauf pour des raisons l\u00e9gitimes imp\u00e9rieuses, ou l&#039;exercice ou la d\u00e9fense d&#039;\u00e9ventuelles r\u00e9clamations.<\/p>\n<p>De m\u00eame, les parties int\u00e9ress\u00e9es ont le droit de retirer le consentement accord\u00e9, auquel cas il sera effectif \u00e0 partir du moment o\u00f9 elles le demandent, sans avoir d&#039;effets r\u00e9troactifs, et le droit de r\u00e9clamer devant l&#039;Agence espagnole de protection des donn\u00e9es.<\/p>","protected":false},"excerpt":{"rendered":"<p>Los datos recabados ser\u00e1n incorporados y tratados en las actividades de tratamiento que se indican al final de este texto: El responsable de los citados tratamientos es la Direcci\u00f3n General de Emprendimiento, con sede en la C\/ Pr\u00edncipe de Vergara 140, 28002 Madrid. El tratamiento de datos recabados queda legitimado por el inter\u00e9s leg\u00edtimo del [&hellip;]<\/p>\n","protected":false},"author":24,"featured_media":0,"parent":0,"menu_order":0,"comment_status":"closed","ping_status":"closed","template":"","meta":{"_acf_changed":false,"footnotes":""},"paginas_cat":[112],"class_list":["post-5357","page","type-page","status-publish","hentry","paginas_cat-politica-legal"],"acf":[],"_links":{"self":[{"href":"https:\/\/test.madridemprende.anovagroup.es\/fr\/wp-json\/wp\/v2\/pages\/5357","targetHints":{"allow":["GET"]}}],"collection":[{"href":"https:\/\/test.madridemprende.anovagroup.es\/fr\/wp-json\/wp\/v2\/pages"}],"about":[{"href":"https:\/\/test.madridemprende.anovagroup.es\/fr\/wp-json\/wp\/v2\/types\/page"}],"author":[{"embeddable":true,"href":"https:\/\/test.madridemprende.anovagroup.es\/fr\/wp-json\/wp\/v2\/users\/24"}],"replies":[{"embeddable":true,"href":"https:\/\/test.madridemprende.anovagroup.es\/fr\/wp-json\/wp\/v2\/comments?post=5357"}],"version-history":[{"count":0,"href":"https:\/\/test.madridemprende.anovagroup.es\/fr\/wp-json\/wp\/v2\/pages\/5357\/revisions"}],"wp:attachment":[{"href":"https:\/\/test.madridemprende.anovagroup.es\/fr\/wp-json\/wp\/v2\/media?parent=5357"}],"wp:term":[{"taxonomy":"paginas_cat","embeddable":true,"href":"https:\/\/test.madridemprende.anovagroup.es\/fr\/wp-json\/wp\/v2\/paginas_cat?post=5357"}],"curies":[{"name":"wp","href":"https:\/\/api.w.org\/{rel}","templated":true}]}}