{"id":5359,"date":"2022-01-31T17:24:16","date_gmt":"2022-01-31T16:24:16","guid":{"rendered":"https:\/\/origen.madridemprende.anovagroup.es\/?page_id=5359"},"modified":"2023-08-24T09:14:36","modified_gmt":"2023-08-24T07:14:36","slug":"condiciones-generales-de-uso","status":"publish","type":"page","link":"https:\/\/test.madridemprende.anovagroup.es\/fr\/condiciones-generales-de-uso\/","title":{"rendered":"Conditions g\u00e9n\u00e9rales d&#039;utilisation"},"content":{"rendered":"<h2>Direction g\u00e9n\u00e9rale de l&#039;entrepreneuriat<\/h2>\n<p>La Direction G\u00e9n\u00e9rale de l&#039;Entreprenariat de la Mairie de Madrid met le site www.madridemprende.es \u00e0 la disposition de tous les citoyens, visiteurs et entreprises de la municipalit\u00e9 de Madrid, dans les termes \u00e9nonc\u00e9s dans les conditions suivantes :<\/p>\n<h3>Premi\u00e8re<\/h3>\n<p>D\u00e9finition de l&#039;utilisateur. L&#039;acc\u00e8s et\/ou l&#039;utilisation du site Web accorde \u00e0 la personne qui le fait la condition d&#039;utilisateur de celui-ci, acceptant \u00e0 partir de ce moment et sans aucune r\u00e9serve les pr\u00e9sentes Conditions G\u00e9n\u00e9rales, sans pr\u00e9judice des Conditions Particuli\u00e8res que la Direction G\u00e9n\u00e9rale pourrait \u00e9tablir pour le r\u00e8glement de certains services et\/ou contenus. Dans le cas o\u00f9 l&#039;utilisateur est mineur, il doit pr\u00e9alablement obtenir l&#039;autorisation de ses parents, tuteurs ou repr\u00e9sentants l\u00e9gaux, qui seront consid\u00e9r\u00e9s comme responsables \u00e0 tous \u00e9gards de tous les actes accomplis par les mineurs \u00e0 leur charge.<\/p>\n<h3>Seconde<\/h3>\n<p>Obligation de l&#039;utilisateur. L&#039;utilisateur s&#039;engage \u00e0 utiliser le site conform\u00e9ment \u00e0 la l\u00e9gislation en vigueur, \u00e0 la bonne foi, \u00e0 l&#039;ordre public et aux us et coutumes g\u00e9n\u00e9ralement accept\u00e9s. De m\u00eame, l&#039;utilisateur s&#039;engage \u00e0 ne pas utiliser ce site Web \u00e0 des fins illicites ou pr\u00e9judiciables aux droits et\/ou int\u00e9r\u00eats de la Mairie de Madrid et\/ou de tiers, et \u00e0 ne pas causer de dommages ou entraver le fonctionnement normal du site Web.<\/p>\n<h3>Troisi\u00e8me<\/h3>\n<p>Responsabilit\u00e9 de l&#039;utilisateur. L&#039;utilisation faite par l&#039;utilisateur de ce site Web rel\u00e8vera de la seule et exclusive responsabilit\u00e9 de l&#039;utilisateur, en exon\u00e9rant en tout \u00e9tat de cause la Mairie de Madrid de tout dommage et\/ou pr\u00e9judice r\u00e9sultant, directement ou indirectement, du non-respect des pr\u00e9sentes Conditions G\u00e9n\u00e9rales. par l&#039;utilisateur.pourraient causer \u00e0 l&#039;utilisateur lui-m\u00eame ou \u00e0 des tiers. En ce sens, la Direction G\u00e9n\u00e9rale de l&#039;Entreprenariat se r\u00e9serve le droit de refuser l&#039;acc\u00e8s et\/ou l&#039;utilisation du site Internet ou de l&#039;un de ses contenus et\/ou services, \u00e0 tout utilisateur qui aurait viol\u00e9 les pr\u00e9sentes Conditions G\u00e9n\u00e9rales.<\/p>\n<h3>Trimestre<\/h3>\n<p>Responsabilit\u00e9 de la Mairie de Madrid. La Mairie n&#039;est pas responsable des dommages et\/ou pertes de toute nature que l&#039;utilisateur ou un tiers pourrait subir suite \u00e0 :<\/p>\n<ul>\n<li>le manque de disponibilit\u00e9, de maintenance ou de fonctionnement efficace du site Web, de ses services ou de son contenu<\/li>\n<li>du manque d&#039;utilit\u00e9, de v\u00e9racit\u00e9, d&#039;ad\u00e9quation ou de validit\u00e9 du web, de ses services ou de son contenu pour satisfaire les besoins ou les attentes de l&#039;utilisateur<\/li>\n<li>qu&#039;un tiers, violant les mesures de s\u00e9curit\u00e9 \u00e9tablies par la Mairie de Madrid, utilise le site Web, ses contenus ou ses services pour la transmission de virus, ou accepte d&#039;effectuer un traitement non autoris\u00e9 des donn\u00e9es stock\u00e9es par la Direction g\u00e9n\u00e9rale de l&#039;entrepreneuriat.<\/li>\n<li>ni, en g\u00e9n\u00e9ral, de toute utilisation du site Web, de ses services et\/ou contenus que l&#039;utilisateur ou un tiers pourrait faire, \u00e0 l&#039;encontre des conditions d&#039;acc\u00e8s et d&#039;utilisation \u00e9tablies par la Direction g\u00e9n\u00e9rale de l&#039;entrepreneuriat.<\/li>\n<\/ul>\n<h3>cinqui\u00e8me<\/h3>\n<p>Autorisation d&#039;utiliser le contenu. Les contenus que la Direction G\u00e9n\u00e9rale de l&#039;Entreprenariat met \u00e0 la disposition de l&#039;utilisateur sont prot\u00e9g\u00e9s par les droits de propri\u00e9t\u00e9 intellectuelle n\u00e9cessaires et ont \u00e9t\u00e9 l\u00e9galement c\u00e9d\u00e9s aux fins appropri\u00e9es par les propri\u00e9taires correspondants. L&#039;utilisation du contenu Web est autoris\u00e9e\u00a0<a>www.madridemprende.es<\/a>\u00a0\u00a0aux fins express\u00e9ment pr\u00e9vues dans celles-ci ou dans les pr\u00e9sentes Conditions G\u00e9n\u00e9rales, \u00e9tant interdit tout type de reproduction, distribution, modification ou communication publique de celles-ci, totale ou partielle, sauf autorisation expresse et\/ou dans les cas autoris\u00e9s par la loi. .<\/p>\n<h3>Sixi\u00e8me<\/h3>\n<p>Autorisation d&#039;utilisation des marques et logos. La Mairie de Madrid est titulaire de tous les droits de propri\u00e9t\u00e9 industrielle sur les marques et logos qui apparaissent sur le site, et leur utilisation ou reproduction au-del\u00e0 de celles express\u00e9ment pr\u00e9vues dans les pr\u00e9sentes Conditions est express\u00e9ment interdite.<\/p>\n<h3>Septi\u00e8me<\/h3>\n<p>Liens. Les dispositifs de liaison mis \u00e0 disposition de l&#039;utilisateur ont pour seul but de faciliter l&#039;acc\u00e8s \u00e0 d&#039;autres contenus et\/ou services susceptibles de l&#039;int\u00e9resser, et ceux-ci ne sont ni g\u00e9r\u00e9s ni contr\u00f4l\u00e9s par la Direction G\u00e9n\u00e9rale. La Direction G\u00e9n\u00e9rale de l&#039;Entrepreneuriat n&#039;assume aucun type de responsabilit\u00e9 directe ou indirecte en ce qui concerne la l\u00e9galit\u00e9, la v\u00e9racit\u00e9, l&#039;utilit\u00e9, la qualit\u00e9 ou la fiabilit\u00e9 des contenus et\/ou services qui ne sont pas directement g\u00e9r\u00e9s ou contr\u00f4l\u00e9s par elle, m\u00eame s&#039;ils peuvent \u00eatre accessible via ce site Internet.<\/p>\n<h3>Huiti\u00e8me<\/h3>\n<p>Traitement des donn\u00e9es personnelles. La Direction g\u00e9n\u00e9rale de l&#039;entrepreneuriat a \u00e9tabli une politique de confidentialit\u00e9 qui r\u00e9glemente la collecte, le stockage, le traitement et l&#039;utilisation des donn\u00e9es personnelles fournies par l&#039;utilisateur. En ce sens, le respect de votre part de ladite politique est garanti, qui peut \u00eatre consult\u00e9 par l&#039;utilisateur en acc\u00e9dant au lien Politique de Confidentialit\u00e9 qui appara\u00eet dans le pied de page du site.<\/p>\n<h3>Neuvi\u00e8me<\/h3>\n<p>Modification et annulation des pr\u00e9sentes Conditions. La Direction G\u00e9n\u00e9rale de l&#039;Entreprenariat se r\u00e9serve le droit de modifier tout ou partie du site internet\u00a0<a>www.madridemprende.es<\/a>\u00a0, sa conception, son contenu et\/ou ses services, ainsi que les pr\u00e9sentes Conditions lorsqu&#039;il le juge opportun. De m\u00eame, il se r\u00e9serve le droit d&#039;interrompre, de suspendre temporairement ou d&#039;annuler d\u00e9finitivement le site Web ou l&#039;un des contenus et\/ou services qui le composent, \u00e0 sa seule et enti\u00e8re discr\u00e9tion.<\/p>\n<h3>Dixi\u00e8me<\/h3>\n<p>L\u00e9gislation applicable et r\u00e9solution des conflits. Les parties, renon\u00e7ant express\u00e9ment \u00e0 leur propre juridiction, acceptent la loi espagnole comme loi r\u00e9gissant les pr\u00e9sentes Conditions, et pour la r\u00e9solution de toute controverse ou litige pouvant en d\u00e9couler, elles acceptent de se soumettre \u00e0 la juridiction des Cours et Tribunaux de la capitale de Madrid. .<\/p>","protected":false},"excerpt":{"rendered":"<p>Direcci\u00f3n General de Emprendimiento La Direcci\u00f3n General de Emprendimiento, del\u00a0Ayuntamiento de Madrid, ponen a disposici\u00f3n de todos los ciudadanos, visitantes y empresas del municipio de Madrid la p\u00e1gina web www.madridemprende.es, en los t\u00e9rminos recogidos en las siguientes condiciones: Primera Definici\u00f3n de usuario. El acceso y\/o el uso de la web, otorga a quien lo realiza [&hellip;]<\/p>\n","protected":false},"author":24,"featured_media":0,"parent":0,"menu_order":0,"comment_status":"closed","ping_status":"closed","template":"","meta":{"_acf_changed":false,"footnotes":""},"paginas_cat":[112],"class_list":["post-5359","page","type-page","status-publish","hentry","paginas_cat-politica-legal"],"acf":[],"_links":{"self":[{"href":"https:\/\/test.madridemprende.anovagroup.es\/fr\/wp-json\/wp\/v2\/pages\/5359","targetHints":{"allow":["GET"]}}],"collection":[{"href":"https:\/\/test.madridemprende.anovagroup.es\/fr\/wp-json\/wp\/v2\/pages"}],"about":[{"href":"https:\/\/test.madridemprende.anovagroup.es\/fr\/wp-json\/wp\/v2\/types\/page"}],"author":[{"embeddable":true,"href":"https:\/\/test.madridemprende.anovagroup.es\/fr\/wp-json\/wp\/v2\/users\/24"}],"replies":[{"embeddable":true,"href":"https:\/\/test.madridemprende.anovagroup.es\/fr\/wp-json\/wp\/v2\/comments?post=5359"}],"version-history":[{"count":0,"href":"https:\/\/test.madridemprende.anovagroup.es\/fr\/wp-json\/wp\/v2\/pages\/5359\/revisions"}],"wp:attachment":[{"href":"https:\/\/test.madridemprende.anovagroup.es\/fr\/wp-json\/wp\/v2\/media?parent=5359"}],"wp:term":[{"taxonomy":"paginas_cat","embeddable":true,"href":"https:\/\/test.madridemprende.anovagroup.es\/fr\/wp-json\/wp\/v2\/paginas_cat?post=5359"}],"curies":[{"name":"wp","href":"https:\/\/api.w.org\/{rel}","templated":true}]}}