{"id":5363,"date":"2022-01-31T17:48:18","date_gmt":"2022-01-31T16:48:18","guid":{"rendered":"https:\/\/origen.madridemprende.anovagroup.es\/?page_id=5363"},"modified":"2023-04-17T13:50:24","modified_gmt":"2023-04-17T11:50:24","slug":"cookies","status":"publish","type":"page","link":"https:\/\/test.madridemprende.anovagroup.es\/fr\/cookies\/","title":{"rendered":"biscuits"},"content":{"rendered":"<p>Nous utilisons des cookies pour faciliter l&#039;utilisation de notre site Web. Les cookies sont de petits fichiers d&#039;informations qui nous permettent de comparer et de comprendre comment nos utilisateurs naviguent sur notre site Web, et ainsi d&#039;am\u00e9liorer en cons\u00e9quence le processus de navigation. Les cookies que nous utilisons ne stockent aucune donn\u00e9e personnelle, ni aucun type d&#039;information permettant de vous identifier.<\/p>\n<div class=\"page-content\">\n<div class=\"elementor elementor-1712\" data-elementor-type=\"wp-page\" data-elementor-id=\"1712\" data-elementor-settings=\"[]\">\n<div class=\"elementor-inner\">\n<div class=\"elementor-section-wrap\">\n<section class=\"elementor-section elementor-top-section elementor-element elementor-element-d21f818 elementor-section-boxed elementor-section-height-default elementor-section-height-default\" data-id=\"d21f818\" data-element_type=\"section\">\n<div class=\"elementor-container elementor-column-gap-default\">\n<div class=\"elementor-row\">\n<div class=\"elementor-column elementor-col-100 elementor-top-column elementor-element elementor-element-06e86bb\" data-id=\"06e86bb\" data-element_type=\"column\">\n<div class=\"elementor-column-wrap elementor-element-populated\">\n<div class=\"elementor-widget-wrap\">\n<div class=\"elementor-element elementor-element-94cb970 elementor-widget elementor-widget-text-editor\" data-id=\"94cb970\" data-element_type=\"widget\" data-widget_type=\"text-editor.default\">\n<div class=\"elementor-widget-container\">\n<div class=\"elementor-text-editor elementor-clearfix\">\n<p>Si vous ne souhaitez pas recevoir de cookies, veuillez configurer votre navigateur Internet afin qu&#039;il les supprime du disque dur de votre ordinateur, les bloque ou vous avertisse s&#039;ils sont install\u00e9s. Pour continuer sans modifier vos param\u00e8tres de cookies, continuez simplement sur le site Web.<\/p>\n<p>Vous pouvez obtenir plus d&#039;informations sur les cookies et leur utilisation sur\u00a0<a href=\"http:\/\/www.aboutcookies.org\/\" target=\"_blank\" rel=\"noopener\">www.aboutcookies.org.<\/a><\/p>\n<\/div>\n<\/div>\n<\/div>\n<div class=\"elementor-element elementor-element-dd6030e elementor-widget elementor-widget-heading\" data-id=\"dd6030e\" data-element_type=\"widget\" data-widget_type=\"heading.default\">\n<div class=\"elementor-widget-container\">\n<h3 class=\"elementor-heading-title elementor-size-default\">Les types de cookies que nous utilisons<\/h3>\n<\/div>\n<\/div>\n<div class=\"elementor-element elementor-element-6136ad3 elementor-widget elementor-widget-text-editor\" data-id=\"6136ad3\" data-element_type=\"widget\" data-widget_type=\"text-editor.default\">\n<div class=\"elementor-widget-container\">\n<div class=\"elementor-text-editor elementor-clearfix\">\n<h4>Cookies strictement n\u00e9cessaires :<\/h4>\n<p>Ces cookies sont n\u00e9cessaires \u00e0 l&#039;utilisation correcte du site Web, permettant l&#039;acc\u00e8s aux sections dot\u00e9es de filtres de s\u00e9curit\u00e9. Sans ces cookies, de nombreux services disponibles ne seraient pas op\u00e9rationnels.<\/p>\n<h4>Cookies de navigation\u00a0:<\/h4>\n<p>Ces cookies collectent des informations sur l&#039;utilisation que les visiteurs font du site, par exemple les pages vues, les erreurs de chargement...<br \/>\nIl s&#039;agit d&#039;informations g\u00e9n\u00e9riques et anonymes, o\u00f9 les donn\u00e9es personnelles ne sont pas incluses, ni les informations qui identifient les visiteurs collect\u00e9es\u00a0; le but ultime \u00e9tant d&#039;am\u00e9liorer le fonctionnement du site. En visitant notre site internet, vous acceptez l&#039;installation de ces cookies sur votre terminal.<\/p>\n<h4>Cookies fonctionnels\u00a0:<\/h4>\n<p>Ces cookies nous permettent de m\u00e9moriser des informations (telles que votre nom d&#039;utilisateur, votre langue ou la r\u00e9gion dans laquelle vous vous trouvez) et des caract\u00e9ristiques plus personnelles. Par exemple, la possibilit\u00e9 de proposer un contenu personnalis\u00e9 en fonction des informations et crit\u00e8res que vous avez volontairement fournis. Ces cookies peuvent \u00e9galement \u00eatre utilis\u00e9s pour m\u00e9moriser les modifications apport\u00e9es \u00e0 la taille du texte, aux polices et \u00e0 d&#039;autres parties personnalisables de la page Web. Ils sont \u00e9galement utilis\u00e9s pour offrir certains services demand\u00e9s, comme regarder une vid\u00e9o ou commenter un blog. Les informations collect\u00e9es par ces cookies peuvent \u00eatre anonymes et votre activit\u00e9 sur d&#039;autres pages Web ne peut pas \u00eatre suivie.<\/p>\n<p>En visitant notre site internet, vous acceptez l&#039;installation de ces cookies sur votre appareil.<\/p>\n<h4>Comment g\u00e9rer les cookies sur les ordinateurs<\/h4>\n<p>Si vous souhaitez autoriser l&#039;utilisation des cookies de notre site, veuillez suivre les instructions ci-dessous.<\/p>\n<h5>Google Chrome<\/h5>\n<ol>\n<li>Lorsque vous ouvrez le navigateur, cliquez sur &quot;outils&quot; en haut et s\u00e9lectionnez l&#039;onglet &quot;options&quot;.<\/li>\n<li>Dans les options, cliquez sur &quot;Confidentialit\u00e9&quot;.<\/li>\n<li>Cochez \u00ab autoriser la gestion des cookies \u00bb.<\/li>\n<\/ol>\n<h5>Microsoft Internet Explorer 6.0, 7.0, 8.0, 9.0<\/h5>\n<ol>\n<li>Lorsque vous ouvrez le navigateur, cliquez sur &quot;outils&quot; en haut et s\u00e9lectionnez l&#039;onglet &quot;options&quot;.<\/li>\n<li>V\u00e9rifiez l&#039;onglet &quot;Confidentialit\u00e9&quot; en vous assurant qu&#039;il est d\u00e9fini sur un niveau de s\u00e9curit\u00e9 moyen ou inf\u00e9rieur.<\/li>\n<li>Si la configuration Internet n&#039;est pas moyenne, les cookies seront bloqu\u00e9s.<\/li>\n<\/ol>\n<h5>MozillaFirefox<\/h5>\n<ol>\n<li>Lorsque vous ouvrez le navigateur, cliquez sur &quot;outils&quot; en haut et s\u00e9lectionnez l&#039;onglet &quot;options&quot;.2. S\u00e9lectionnez l&#039;ic\u00f4ne Confidentialit\u00e93. Cliquez sur les cookies, et cochez : \u00ab autoriser l&#039;installation des cookies \u00bb.<\/li>\n<\/ol>\n<h5>Safari<\/h5>\n<ol>\n<li>Lorsque vous ouvrez le navigateur, cliquez sur &quot;outils&quot; en haut et s\u00e9lectionnez l&#039;onglet &quot;options&quot;.<\/li>\n<li>Cliquez sur l&#039;onglet &quot;S\u00e9curit\u00e9&quot; et v\u00e9rifiez si l&#039;option &quot;Bloquer l&#039;acc\u00e8s aux cookies tiers&quot; est coch\u00e9e ou non.3. Cliquez sur &quot;enregistrer&quot;.<\/li>\n<\/ol>\n<h5>L&#039;installation de cookies sur Mac<\/h5>\n<p>Si vous avez un Mac et souhaitez autoriser l&#039;acc\u00e8s \u00e0 nos cookies sur votre ordinateur, veuillez suivre les instructions ci-dessous :Microsoft Internet Explorer 5.0 sur OSX<\/p>\n<ol>\n<li>Allez dans &quot;Explorer&quot; et s\u00e9lectionnez &quot;Pr\u00e9f\u00e9rences&quot; dans la barre de navigation.<\/li>\n<li>Faites d\u00e9filer vers le bas jusqu&#039;\u00e0 ce que vous voyiez &quot;Cookies&quot; juste en dessous des fichiers re\u00e7us.<\/li>\n<li>Cochez \u00ab Ne plus demander \u00bb.<\/li>\n<\/ol>\n<h5>Safari sur OS X<\/h5>\n<ol>\n<li>Allez dans Safari et s\u00e9lectionnez &quot;Pr\u00e9f\u00e9rences&quot; dans la barre de navigation.<\/li>\n<li>Cliquez sur l&#039;onglet &quot;S\u00e9curit\u00e9&quot; et cochez l&#039;option &quot;accepter les cookies&quot;<\/li>\n<li>S\u00e9lectionnez l&#039;option\u00a0: &quot;Seulement \u00e0 partir du site actuel que je navigue&quot;<\/li>\n<\/ol>\n<h5>Mozilla et Netscape sur OSX<\/h5>\n<ol>\n<li>Entrez &quot;Mozilla&quot; ou &quot;Netscape&quot; et en haut de votre navigateur, cochez l&#039;option &quot;Pr\u00e9f\u00e9rences&quot;.<\/li>\n<li>Faites d\u00e9filer vers le bas jusqu&#039;\u00e0 ce que vous voyiez &quot;Cookies&quot; juste en dessous de &quot;Confidentialit\u00e9 et s\u00e9curit\u00e9&quot;.3. Cochez l&#039;option &quot;Autoriser l&#039;acc\u00e8s aux cookies uniquement \u00e0 partir du site actuel&quot;<\/li>\n<\/ol>\n<h5>Op\u00e9ra<\/h5>\n<ol>\n<li>Entrez &quot;Opera&quot; et s\u00e9lectionnez &quot;Menu&quot; et &quot;Param\u00e8tres&quot; dans la barre de navigation.<\/li>\n<li>S\u00e9lectionnez &quot;Pr\u00e9f\u00e9rences&quot; et cliquez sur l&#039;onglet &quot;Avanc\u00e9&quot;.<\/li>\n<li>Cochez l&#039;option &quot;Accepter les cookies&quot;.<\/li>\n<\/ol>\n<\/div>\n<\/div>\n<\/div>\n<\/div>\n<\/div>\n<\/div>\n<\/div>\n<\/div>\n<\/section>\n<\/div>\n<\/div>\n<\/div>\n<\/div>\n<footer class=\"elementor elementor-431 elementor-location-footer\" data-elementor-type=\"footer\" data-elementor-id=\"431\" data-elementor-settings=\"[]\">\n<div class=\"elementor-section-wrap\">\n<section class=\"elementor-section elementor-top-section elementor-element elementor-element-228530d elementor-section-boxed elementor-section-height-default elementor-section-height-default\" data-id=\"228530d\" data-element_type=\"section\" data-settings=\"{&quot;background_background&quot;:&quot;classic&quot;}\">\n<div class=\"elementor-container elementor-column-gap-default\">\n<div class=\"elementor-row\">\n<div class=\"elementor-column elementor-col-50 elementor-top-column elementor-element elementor-element-8d3cef4\" data-id=\"8d3cef4\" data-element_type=\"column\">\n<div class=\"elementor-column-wrap elementor-element-populated\">\n<div class=\"elementor-widget-wrap\">\n<div class=\"elementor-element elementor-element-83b714a elementor-button-align-stretch elementor-widget elementor-widget-form\" data-id=\"83b714a\" data-element_type=\"widget\" data-settings=\"{&quot;button_width&quot;:&quot;33&quot;,&quot;button_width_tablet&quot;:&quot;40&quot;,&quot;step_next_label&quot;:&quot;Next&quot;,&quot;step_previous_label&quot;:&quot;Previous&quot;,&quot;step_type&quot;:&quot;number_text&quot;,&quot;step_icon_shape&quot;:&quot;circle&quot;}\" data-widget_type=\"form.default\">\n<div class=\"elementor-widget-container\">\n<form class=\"elementor-form\" method=\"post\" name=\"New Form\" action=\"\"><input type=\"hidden\" name=\"trp-form-language\" value=\"fr\"\/><\/form>\n<\/div>\n<\/div>\n<\/div>\n<\/div>\n<\/div>\n<\/div>\n<\/div>\n<\/section>\n<\/div>\n<\/footer>","protected":false},"excerpt":{"rendered":"<p>Utilizamos cookies para facilitar el uso de nuestra p\u00e1gina web. Las cookies son peque\u00f1os ficheros de informaci\u00f3n que nos permiten comparar y entender c\u00f3mo nuestros usuarios navegan a trav\u00e9s de nuestra p\u00e1gina web, y de esta manera poder mejorar consecuentemente el proceso de navegaci\u00f3n. Las cookies que utilizamos no almacenan dato personal alguno, ni ning\u00fan [&hellip;]<\/p>\n","protected":false},"author":24,"featured_media":0,"parent":0,"menu_order":0,"comment_status":"closed","ping_status":"closed","template":"","meta":{"_acf_changed":false,"footnotes":""},"paginas_cat":[112],"class_list":["post-5363","page","type-page","status-publish","hentry","paginas_cat-politica-legal"],"acf":[],"_links":{"self":[{"href":"https:\/\/test.madridemprende.anovagroup.es\/fr\/wp-json\/wp\/v2\/pages\/5363","targetHints":{"allow":["GET"]}}],"collection":[{"href":"https:\/\/test.madridemprende.anovagroup.es\/fr\/wp-json\/wp\/v2\/pages"}],"about":[{"href":"https:\/\/test.madridemprende.anovagroup.es\/fr\/wp-json\/wp\/v2\/types\/page"}],"author":[{"embeddable":true,"href":"https:\/\/test.madridemprende.anovagroup.es\/fr\/wp-json\/wp\/v2\/users\/24"}],"replies":[{"embeddable":true,"href":"https:\/\/test.madridemprende.anovagroup.es\/fr\/wp-json\/wp\/v2\/comments?post=5363"}],"version-history":[{"count":0,"href":"https:\/\/test.madridemprende.anovagroup.es\/fr\/wp-json\/wp\/v2\/pages\/5363\/revisions"}],"wp:attachment":[{"href":"https:\/\/test.madridemprende.anovagroup.es\/fr\/wp-json\/wp\/v2\/media?parent=5363"}],"wp:term":[{"taxonomy":"paginas_cat","embeddable":true,"href":"https:\/\/test.madridemprende.anovagroup.es\/fr\/wp-json\/wp\/v2\/paginas_cat?post=5363"}],"curies":[{"name":"wp","href":"https:\/\/api.w.org\/{rel}","templated":true}]}}