{"id":5365,"date":"2022-01-31T17:48:53","date_gmt":"2022-01-31T16:48:53","guid":{"rendered":"https:\/\/origen.madridemprende.anovagroup.es\/?page_id=5365"},"modified":"2023-08-24T09:46:50","modified_gmt":"2023-08-24T07:46:50","slug":"politica-de-privacidad","status":"publish","type":"page","link":"https:\/\/test.madridemprende.anovagroup.es\/fr\/politica-de-privacidad\/","title":{"rendered":"Politique de confidentialit\u00e9"},"content":{"rendered":"<p>La personne responsable du traitement SOUTIEN INT\u00c9GRAL \u00c0 L&#039;ENTREPRENEURIAT est la Direction G\u00e9n\u00e9rale de l&#039;Entreprenariat, dont l&#039;adresse est C\/ Pr\u00edncipe de Vergara, 140, <a href=\"mailto:dgie@madrid.es\">dgie@madrid.es<\/a>. Les donn\u00e9es sont collect\u00e9es dans le but de conseiller, promouvoir et soutenir la cr\u00e9ation et la consolidation de nouvelles entreprises, ainsi que de former et de soutenir les entrepreneurs et le monde des affaires avec des conf\u00e9rences, des ateliers et d&#039;autres activit\u00e9s de r\u00e9seautage d&#039;int\u00e9r\u00eat particulier pour l&#039;\u00e9cosyst\u00e8me entrepreneurial. Les donn\u00e9es fournies seront conserv\u00e9es tant que la relation est maintenue, sa suppression n&#039;est pas demand\u00e9e par l&#039;int\u00e9ress\u00e9 et pendant une p\u00e9riode de 10 ans \u00e0 compter de la derni\u00e8re action. Ils ne seront pas utilis\u00e9s pour prendre des d\u00e9cisions automatis\u00e9es.<\/p>\n<p>Le traitement des donn\u00e9es est l\u00e9gitim\u00e9 en ex\u00e9cution des pouvoirs attribu\u00e9s \u00e0 la Mairie de Madrid par la loi 7\/1985 du 2 avril, r\u00e9glementant les bases du r\u00e9gime local ; Loi 22\/2006, du 4 juillet, sur la Capitale et le R\u00e9gime Sp\u00e9cial de Madrid et ceux attribu\u00e9s en mati\u00e8re d&#039;entrepreneuriat et d&#039;incubateurs d&#039;entreprises par Accord du Conseil de Direction, du 27 juin 2019, sur l&#039;Organisation et les Comp\u00e9tences du Domaine de Gouvernement de \u00c9conomie, Innovation et Finance, et par le consentement demand\u00e9, sans pr\u00e9judice de son \u00e9ventuel retrait, sans effets r\u00e9troactifs.<\/p>\n<p>Les donn\u00e9es ne seront pas c\u00e9d\u00e9es \u00e0 des tiers sauf dans les cas pr\u00e9vus par la r\u00e9glementation en vigueur.<\/p>\n<p>Toute personne a le droit d&#039;obtenir la confirmation si la Direction g\u00e9n\u00e9rale de l&#039;entrepreneuriat traite ou non des donn\u00e9es personnelles la concernant. Les personnes int\u00e9ress\u00e9es ont le droit d&#039;acc\u00e9der \u00e0 leurs donn\u00e9es personnelles, ainsi que de demander la rectification de donn\u00e9es inexactes ou, le cas \u00e9ch\u00e9ant, de demander leur suppression lorsque, entre autres raisons, les donn\u00e9es ne sont plus n\u00e9cessaires aux fins pour lesquelles elles ont \u00e9t\u00e9 collect\u00e9es.<\/p>\n<p>Dans certaines circonstances, les personnes int\u00e9ress\u00e9es peuvent demander la limitation du traitement de leurs donn\u00e9es, auquel cas elles ne seront conserv\u00e9es que pour l&#039;exercice ou la d\u00e9fense de r\u00e9clamations.<\/p>\n<p>\u00c9galement pour des raisons li\u00e9es \u00e0 leur situation particuli\u00e8re, les personnes int\u00e9ress\u00e9es peuvent s&#039;opposer au traitement de leurs donn\u00e9es. Le responsable du traitement cessera de traiter les donn\u00e9es, sauf pour des raisons l\u00e9gitimes imp\u00e9rieuses, ou l&#039;exercice ou la d\u00e9fense d&#039;\u00e9ventuelles r\u00e9clamations. De m\u00eame, vous avez le droit de retirer le consentement accord\u00e9, auquel cas il sera effectif \u00e0 partir du moment o\u00f9 vous le demanderez, sans effets r\u00e9troactifs, et le droit de r\u00e9clamer devant l&#039;Agence espagnole de protection des donn\u00e9es.<\/p>\n<p>Pour exercer les droits, les demandes doivent \u00eatre adress\u00e9es \u00e0 la Direction G\u00e9n\u00e9rale de l&#039;Entrepreneuriat, avec adresse \u00e0 C\/ Pr\u00edncipe de Vergara, 140, et email <a href=\"mailto:dgie@madrid.es\">dgie@madrid.es<\/a> ou via la section Protection des donn\u00e9es personnelles du Bureau \u00e9lectronique de la Mairie de Madrid.<\/p>\n<p>Les cat\u00e9gories de donn\u00e9es trait\u00e9es sont les suivantes\u00a0: identification, informations personnelles, acad\u00e9miques et professionnelles, informations commerciales, \u00e9conomiques et financi\u00e8res.<\/p>","protected":false},"excerpt":{"rendered":"<p>El responsable del tratamiento APOYO INTEGRAL AL EMPRENDIMIENTO es la Direcci\u00f3n General de Emprendimiento, con domicilio en la C\/ Pr\u00edncipe de Vergara, 140, dgie@madrid.es. Los datos se recaban con la finalidad de asesorar, fomentar y apoyar la creaci\u00f3n y consolidaci\u00f3n de nuevas empresas, as\u00ed como formar y apoyar a las personas emprendedoras y al empresariado [&hellip;]<\/p>\n","protected":false},"author":24,"featured_media":0,"parent":0,"menu_order":0,"comment_status":"closed","ping_status":"closed","template":"","meta":{"_acf_changed":false,"footnotes":""},"paginas_cat":[112],"class_list":["post-5365","page","type-page","status-publish","hentry","paginas_cat-politica-legal"],"acf":[],"_links":{"self":[{"href":"https:\/\/test.madridemprende.anovagroup.es\/fr\/wp-json\/wp\/v2\/pages\/5365","targetHints":{"allow":["GET"]}}],"collection":[{"href":"https:\/\/test.madridemprende.anovagroup.es\/fr\/wp-json\/wp\/v2\/pages"}],"about":[{"href":"https:\/\/test.madridemprende.anovagroup.es\/fr\/wp-json\/wp\/v2\/types\/page"}],"author":[{"embeddable":true,"href":"https:\/\/test.madridemprende.anovagroup.es\/fr\/wp-json\/wp\/v2\/users\/24"}],"replies":[{"embeddable":true,"href":"https:\/\/test.madridemprende.anovagroup.es\/fr\/wp-json\/wp\/v2\/comments?post=5365"}],"version-history":[{"count":0,"href":"https:\/\/test.madridemprende.anovagroup.es\/fr\/wp-json\/wp\/v2\/pages\/5365\/revisions"}],"wp:attachment":[{"href":"https:\/\/test.madridemprende.anovagroup.es\/fr\/wp-json\/wp\/v2\/media?parent=5365"}],"wp:term":[{"taxonomy":"paginas_cat","embeddable":true,"href":"https:\/\/test.madridemprende.anovagroup.es\/fr\/wp-json\/wp\/v2\/paginas_cat?post=5365"}],"curies":[{"name":"wp","href":"https:\/\/api.w.org\/{rel}","templated":true}]}}