{"id":5367,"date":"2022-01-31T17:49:24","date_gmt":"2022-01-31T16:49:24","guid":{"rendered":"https:\/\/origen.madridemprende.anovagroup.es\/?page_id=5367"},"modified":"2023-08-24T09:13:30","modified_gmt":"2023-08-24T07:13:30","slug":"aviso-legal","status":"publish","type":"page","link":"https:\/\/test.madridemprende.anovagroup.es\/fr\/aviso-legal\/","title":{"rendered":"Avis juridique"},"content":{"rendered":"<h2><strong>1.- Donn\u00e9es d&#039;identification<\/strong><\/h2>\n<p>Conform\u00e9ment \u00e0 la loi 34\/2002 du 11 juillet sur les services de la soci\u00e9t\u00e9 de l&#039;information et du commerce \u00e9lectronique, les donn\u00e9es d&#039;identification du portail web\u00a0<a href=\"https:\/\/pre.madridemprende.anovagroup.es\/\">www.madridemprende.es<\/a>\u00a0ils sont:<\/p>\n<p>DIRECTION G\u00c9N\u00c9RALE DE L&#039;ENTREPRENEURIAT<\/p>\n<p>C\/ Pr\u00edncipe de Vergara 140. 28002 Madrid.<\/p>\n<p>CIF : P-2807900-B<\/p>\n<p>Pour toute question ou demande, vous pouvez nous contacter via le\u00a0<a href=\"mailto:infocomercioe@madrid.es\">emprendedores@madrid.es<\/a><\/p>\n<p>L&#039;acc\u00e8s \u00e0 ce site, \u00e0 son contenu et \u00e0 ses fonctionnalit\u00e9s, implique l&#039;acceptation expresse de l&#039;utilisateur des pr\u00e9sentes conditions g\u00e9n\u00e9rales d&#039;utilisation, qui peuvent \u00eatre modifi\u00e9es ou remplac\u00e9es par son propri\u00e9taire \u00e0 tout moment et sans pr\u00e9avis.<\/p>\n<h2><strong>2.- Conditions g\u00e9n\u00e9rales d&#039;utilisation<\/strong><\/h2>\n<p>Ces conditions g\u00e9n\u00e9rales r\u00e9glementent l&#039;utilisation et l&#039;acc\u00e8s au portail web\u00a0<a href=\"https:\/\/pre.madridemprende.anovagroup.es\/\">www.madridemprende.es<\/a>, dont le but est d&#039;informer publiquement et gratuitement les utilisateurs et les visiteurs des activit\u00e9s men\u00e9es par la Direction g\u00e9n\u00e9rale de l&#039;entrepreneuriat de la Mairie de Madrid.<\/p>\n<p>La Direction G\u00e9n\u00e9rale de l&#039;Entreprenariat adoptera toutes les mesures \u00e0 sa disposition pour emp\u00eacher tout type de comportement des utilisateurs et des visiteurs du Web contraire aux lois espagnoles et coop\u00e9rera avec les autorit\u00e9s comp\u00e9tentes dans l&#039;identification des sujets responsables des actions pouvant impliquer des violations de les lois applicables \u00e0 ce site Web.<\/p>\n<h2><strong>3.- Propri\u00e9t\u00e9 intellectuelle<\/strong><\/h2>\n<p>Le contenu, la documentation, les images, les graphiques et la conception qui composent ce site Web sont la propri\u00e9t\u00e9 de la Mairie de Madrid et sont d\u00fbment prot\u00e9g\u00e9s conform\u00e9ment aux r\u00e9glementations espagnoles et internationales sur la propri\u00e9t\u00e9 intellectuelle et industrielle.<\/p>\n<p>Les logos, noms et dessins des entit\u00e9s locales, des municipalit\u00e9s et des administrations publiques, ainsi que, le cas \u00e9ch\u00e9ant, les noms commerciaux et les marques de soci\u00e9t\u00e9s tierces, qui apparaissent sur le Web\u00a0<a href=\"https:\/\/pre.madridemprende.anovagroup.es\/\">www.madridemprende.es<\/a>, appartiennent \u00e0 leurs propri\u00e9taires l\u00e9gitimes et sont prot\u00e9g\u00e9s par les r\u00e9glementations nationales et internationales en vigueur en mati\u00e8re de propri\u00e9t\u00e9 industrielle.<\/p>\n<p>L&#039;utilisateur n&#039;est pas autoris\u00e9 \u00e0 proc\u00e9der \u00e0 la diffusion, \u00e0 la modification, au transfert ou \u00e0 la communication publique des informations contenues dans ce site sous quelque forme et quelle que soit sa finalit\u00e9, sauf autorisation pr\u00e9alable, expresse et \u00e9crite de la Direction G\u00e9n\u00e9rale de l&#039;Entreprenariat.<\/p>\n<p>En ce sens, la Direction G\u00e9n\u00e9rale de l&#039;Entrepreneuriat se r\u00e9serve le droit d&#039;exercer les actions juridiques appropri\u00e9es en d\u00e9fense des droits de propri\u00e9t\u00e9 intellectuelle et industrielle.<\/p>\n<h2><strong>4.-Liens<\/strong><\/h2>\n<p>Les connexions et liens vers des sites Internet ou des pages Internet de tiers ext\u00e9rieurs \u00e0 la Direction G\u00e9n\u00e9rale de l&#039;Entreprenariat ont \u00e9t\u00e9 \u00e9tablis uniquement \u00e0 titre d&#039;utilit\u00e9 pour l&#039;utilisateur. La Direction G\u00e9n\u00e9rale de l&#039;Entrepreneuriat n&#039;est en aucun cas responsable des pages Web li\u00e9es ou de leur contenu.<\/p>\n<p>Pour faire un lien vers le site\u00a0<a href=\"https:\/\/pre.madridemprende.anovagroup.es\/\">www.madridemprende.es<\/a>\u00a0L\u2019autorisation \u00e9crite expresse de la Direction G\u00e9n\u00e9rale de l\u2019Entrepreneuriat sera requise.<\/p>\n<h2><strong>5.- Responsabilit\u00e9<\/strong><\/h2>\n<p>La Direction G\u00e9n\u00e9rale de l&#039;Entreprenariat n&#039;est pas responsable des dommages caus\u00e9s aux syst\u00e8mes et \u00e9quipements informatiques des utilisateurs pour des raisons ind\u00e9pendantes de leur volont\u00e9, ni de ceux provoqu\u00e9s par l&#039;existence de virus informatiques sur Internet.<\/p>\n<p>La Direction G\u00e9n\u00e9rale de l&#039;Entrepreneuriat n&#039;est pas responsable des contenus envoy\u00e9s par des tiers lorsqu&#039;ils violent ou enfreignent les dispositions l\u00e9gales en vigueur sur la propri\u00e9t\u00e9 intellectuelle.<\/p>\n<h2><strong>6.- Juridiction<\/strong><\/h2>\n<p>En cas de controverse ou de conflit pouvant d\u00e9couler de l&#039;interpr\u00e9tation ou du respect de la pr\u00e9sente notice l\u00e9gale, ils seront r\u00e9solus devant les cours et tribunaux de la capitale madril\u00e8ne.<\/p>","protected":false},"excerpt":{"rendered":"<p>1.- Datos Identificativos En cumplimiento de la Ley 34\/2002, de 11 de julio, de Servicios de la Sociedad de la Informaci\u00f3n y del Comercio Electr\u00f3nico, los datos identificativos del portal web\u00a0www.madridemprende.es\u00a0son: DIRECCI\u00d3N GENERAL DE EMPRENDIMIENTO C\/ Pr\u00edncipe de Vergara 140. 28002 Madrid. CIF: P-2807900-B Para cualquier duda o consulta, puede ponerse en contacto con nosotros [&hellip;]<\/p>\n","protected":false},"author":24,"featured_media":0,"parent":0,"menu_order":0,"comment_status":"closed","ping_status":"closed","template":"","meta":{"_acf_changed":false,"footnotes":""},"paginas_cat":[112],"class_list":["post-5367","page","type-page","status-publish","hentry","paginas_cat-politica-legal"],"acf":[],"_links":{"self":[{"href":"https:\/\/test.madridemprende.anovagroup.es\/fr\/wp-json\/wp\/v2\/pages\/5367","targetHints":{"allow":["GET"]}}],"collection":[{"href":"https:\/\/test.madridemprende.anovagroup.es\/fr\/wp-json\/wp\/v2\/pages"}],"about":[{"href":"https:\/\/test.madridemprende.anovagroup.es\/fr\/wp-json\/wp\/v2\/types\/page"}],"author":[{"embeddable":true,"href":"https:\/\/test.madridemprende.anovagroup.es\/fr\/wp-json\/wp\/v2\/users\/24"}],"replies":[{"embeddable":true,"href":"https:\/\/test.madridemprende.anovagroup.es\/fr\/wp-json\/wp\/v2\/comments?post=5367"}],"version-history":[{"count":0,"href":"https:\/\/test.madridemprende.anovagroup.es\/fr\/wp-json\/wp\/v2\/pages\/5367\/revisions"}],"wp:attachment":[{"href":"https:\/\/test.madridemprende.anovagroup.es\/fr\/wp-json\/wp\/v2\/media?parent=5367"}],"wp:term":[{"taxonomy":"paginas_cat","embeddable":true,"href":"https:\/\/test.madridemprende.anovagroup.es\/fr\/wp-json\/wp\/v2\/paginas_cat?post=5367"}],"curies":[{"name":"wp","href":"https:\/\/api.w.org\/{rel}","templated":true}]}}